{"id":5986,"date":"2023-03-21T16:02:34","date_gmt":"2023-03-21T15:02:34","guid":{"rendered":"https:\/\/balliuexport.com\/producto\/venus-2\/"},"modified":"2026-02-18T12:30:15","modified_gmt":"2026-02-18T11:30:15","slug":"cadira-de-resina-venus","status":"publish","type":"product","link":"https:\/\/www.balliuexport.com\/ca\/producte\/cadira-de-resina-venus\/","title":{"rendered":"Cadira Venus"},"content":{"rendered":"<p>Cadira apilable fabricada amb resina de polipropil\u00e8, injectada amb gas i refor\u00e7ada amb fibra de vidre. Formulaci\u00f3 especial amb tractament anti raigs UV. Disseny estilitzat i elegant que proporciona un descans confortable i segur.<\/p>\n","protected":false},"excerpt":{"rendered":"<p><strong><span style=\"color: #006eb7;\">Preu sense IVA incl\u00f2s<\/span><\/strong><\/p>\n","protected":false},"featured_media":9072,"template":"","meta":{"_acf_changed":false},"product_brand":[],"product_cat":[492,2822],"product_tag":[],"class_list":{"0":"post-5986","1":"product","2":"type-product","3":"status-publish","4":"has-post-thumbnail","6":"product_cat-cadires","7":"product_cat-cadires-de-resina","9":"first","10":"instock","11":"taxable","12":"shipping-taxable","13":"purchasable","14":"product-type-simple"},"bundled_by":[],"bundle_stock_status":"instock","bundle_stock_quantity":38,"bundle_virtual":false,"bundle_layout":"","bundle_add_to_cart_form_location":"","bundle_editable_in_cart":false,"bundle_sold_individually_context":"","bundle_item_grouping":"","bundle_min_size":"","bundle_max_size":"","bundle_price":[],"bundled_items":[],"bundle_sell_ids":[],"acf":[],"_links":{"self":[{"href":"https:\/\/www.balliuexport.com\/ca\/wp-json\/wp\/v2\/product\/5986","targetHints":{"allow":["GET"]}}],"collection":[{"href":"https:\/\/www.balliuexport.com\/ca\/wp-json\/wp\/v2\/product"}],"about":[{"href":"https:\/\/www.balliuexport.com\/ca\/wp-json\/wp\/v2\/types\/product"}],"wp:featuredmedia":[{"embeddable":true,"href":"https:\/\/www.balliuexport.com\/ca\/wp-json\/wp\/v2\/media\/9072"}],"wp:attachment":[{"href":"https:\/\/www.balliuexport.com\/ca\/wp-json\/wp\/v2\/media?parent=5986"}],"wp:term":[{"taxonomy":"product_brand","embeddable":true,"href":"https:\/\/www.balliuexport.com\/ca\/wp-json\/wp\/v2\/product_brand?post=5986"},{"taxonomy":"product_cat","embeddable":true,"href":"https:\/\/www.balliuexport.com\/ca\/wp-json\/wp\/v2\/product_cat?post=5986"},{"taxonomy":"product_tag","embeddable":true,"href":"https:\/\/www.balliuexport.com\/ca\/wp-json\/wp\/v2\/product_tag?post=5986"}],"curies":[{"name":"wp","href":"https:\/\/api.w.org\/{rel}","templated":true}]}}