{"id":61420,"date":"2025-07-28T16:03:52","date_gmt":"2025-07-28T14:03:52","guid":{"rendered":"https:\/\/www.balliuexport.com\/?post_type=product&#038;p=61420"},"modified":"2026-02-06T13:30:09","modified_gmt":"2026-02-06T12:30:09","slug":"recanvi-de-guies-per-a-gandula-noa-2","status":"publish","type":"product","link":"https:\/\/www.balliuexport.com\/ca\/producte\/recanvi-de-guies-per-a-gandula-noa-2\/","title":{"rendered":"Recanvi teixit gandula Noa"},"content":{"rendered":"<p><strong><span style=\"color: #006eb7;\">Nom\u00e9s compatible amb els models originals Balliu.<\/span><\/strong><\/p>\n<p><span style=\"color: #7a7a7a;\">Renova la teva <span style=\"color: #006eb7;\"><a href=\"https:\/\/www.balliuexport.com\/ca\/producte\/gandula-de-resina-noa\/\">gandula Noa<\/a><\/span> amb aquest magn\u00edfic recanvi de teixit original Balliu. Retorna-li el confort i estil com el primer dia!<\/span><\/p>\n<p><span style=\"color: #7a7a7a;\">Teixit transpirable constru\u00eft amb doble trama i doble ordit, de gran densitat i propietats t\u00e8cniques. Ideal per a \u00fas professional exterior, no cont\u00e9 materials t\u00f2xics ni metalls pesants.<\/span><\/p>\n<p><span style=\"color: #006eb7;\">El recanvi nom\u00e9s inclou el teixit, les <a href=\"https:\/\/www.balliuexport.com\/ca\/producte\/recanvi-de-guies-per-a-gandula-noa\/\"><strong>guies<\/strong><\/a> es venen per separat<\/span><\/p>\n<ul>\n<li><span style=\"color: #7a7a7a;\">Els teixits de les <span style=\"color: #006eb7;\">gandules Balliu<\/span> estan especialment dissenyats per resistir-ne un \u00fas prolongat i presentar una alta resist\u00e8ncia al desgast. Per mantenir un aspecte net i polit de les gandules, es recomana eliminar peri\u00f2dicament la brut\u00edcia, l&#8217;oli bronzejador i qualsevol producte s\u00f2lid que hagi quedat adherit al teixit. Tingueu en compte els factors seg\u00fcents:<\/span><\/li>\n<li><span style=\"color: #7a7a7a;\">La neteja regular de la gandula s&#8217;ha de fer amb un sistema d&#8217;aigua a pressi\u00f3.<\/span><\/li>\n<li><span style=\"color: #7a7a7a;\">En cas que presenti algun tipus de brut\u00edcia, s&#8217;ha d&#8217;eliminar com m\u00e9s aviat millor amb un raspall suau, ruixant per sobre de la tela una soluci\u00f3 composta per detergent suau dissolt en aigua. Aclariu b\u00e9 despr\u00e9s de la neteja.<\/span><br \/>\n<span style=\"color: #7a7a7a;\">No utilitzeu lleixiu ni cap tipus de dissolvent.<\/span><\/li>\n<\/ul>\n","protected":false},"excerpt":{"rendered":"<p>Nom\u00e9s compatible amb els models originals Balliu. Renova la teva gandula Noa amb aquest magn\u00edfic recanvi de teixit original Balliu. Retorna-li el confort i estil com el primer dia! Teixit transpirable constru\u00eft amb doble trama i doble ordit, de gran densitat i propietats t\u00e8cniques. Ideal per a \u00fas professional exterior, no cont\u00e9 materials t\u00f2xics ni metalls pesants. El recanvi nom\u00e9s\u2026<\/p>\n","protected":false},"featured_media":61397,"template":"","meta":{"_acf_changed":false},"product_brand":[],"product_cat":[828,3557],"product_tag":[],"class_list":{"0":"post-61420","1":"product","2":"type-product","3":"status-publish","4":"has-post-thumbnail","6":"product_cat-recanvis","7":"product_cat-recanvis-teixit-gandula","9":"first","10":"instock","11":"taxable","12":"shipping-taxable","13":"purchasable","14":"product-type-variable"},"bundled_by":[],"bundle_stock_status":"instock","bundle_stock_quantity":null,"bundle_virtual":false,"bundle_layout":"","bundle_add_to_cart_form_location":"","bundle_editable_in_cart":false,"bundle_sold_individually_context":"","bundle_item_grouping":"","bundle_min_size":"","bundle_max_size":"","bundle_price":[],"bundled_items":[],"bundle_sell_ids":[],"acf":[],"_links":{"self":[{"href":"https:\/\/www.balliuexport.com\/ca\/wp-json\/wp\/v2\/product\/61420","targetHints":{"allow":["GET"]}}],"collection":[{"href":"https:\/\/www.balliuexport.com\/ca\/wp-json\/wp\/v2\/product"}],"about":[{"href":"https:\/\/www.balliuexport.com\/ca\/wp-json\/wp\/v2\/types\/product"}],"wp:featuredmedia":[{"embeddable":true,"href":"https:\/\/www.balliuexport.com\/ca\/wp-json\/wp\/v2\/media\/61397"}],"wp:attachment":[{"href":"https:\/\/www.balliuexport.com\/ca\/wp-json\/wp\/v2\/media?parent=61420"}],"wp:term":[{"taxonomy":"product_brand","embeddable":true,"href":"https:\/\/www.balliuexport.com\/ca\/wp-json\/wp\/v2\/product_brand?post=61420"},{"taxonomy":"product_cat","embeddable":true,"href":"https:\/\/www.balliuexport.com\/ca\/wp-json\/wp\/v2\/product_cat?post=61420"},{"taxonomy":"product_tag","embeddable":true,"href":"https:\/\/www.balliuexport.com\/ca\/wp-json\/wp\/v2\/product_tag?post=61420"}],"curies":[{"name":"wp","href":"https:\/\/api.w.org\/{rel}","templated":true}]}}