{"id":61484,"date":"2025-07-28T16:59:31","date_gmt":"2025-07-28T14:59:31","guid":{"rendered":"https:\/\/www.balliuexport.com\/?post_type=product&#038;p=61484"},"modified":"2026-01-06T13:48:46","modified_gmt":"2026-01-06T12:48:46","slug":"recanvi-de-guies-per-a-gandula-noa","status":"publish","type":"product","link":"https:\/\/www.balliuexport.com\/ca\/producte\/recanvi-de-guies-per-a-gandula-noa\/","title":{"rendered":"Recanvi de guies per a gandula Noa"},"content":{"rendered":"<p data-pm-slice=\"1 1 []\">Renova la teva <span style=\"color: #006eb7;\"><span style=\"color: #006eb7;\">gandula<\/span> Noa<\/span> amb el recanvi de les guies per poder renovar el teixit de la teva gandula. <span style=\"color: #006eb7;\">El recanvi nom\u00e9s inclou les guies, el <strong><a style=\"color: #006eb7;\" href=\"https:\/\/www.balliuexport.com\/ca\/producte\/recanvi-de-guies-per-a-gandula-noa-2\/\">recanvi de teixit<\/a><\/strong> es ven per separat.<\/span><\/p>\n<p data-pm-slice=\"1 1 []\">Les guies integrades de la gandula Noa estan espec\u00edficament dissenyades per facilitar una col\u00b7locaci\u00f3 r\u00e0pida, segura i precisa del teixit. Fabricades amb materials resistents i duradors, aquestes guies asseguren que la tela romangui perfectament tensada, evitant despla\u00e7aments indesitjats i proporcionant una superf\u00edcie uniforme i confortable. El disseny intel\u00b7ligent permet un muntatge senzill i un manteniment m\u00ednim, garantint la m\u00e0xima funcionalitat i un acabat est\u00e8tic impecable, ideals per a espais amb alta rotaci\u00f3 d&#8217;\u00fas com hotels i piscines, aquestes guies optimitzen la comoditat de l&#8217;usuari, prolonguen la vida \u00fatil del teixit i reforcen l&#8217;eleg\u00e0ncia distintiva de la <a href=\"https:\/\/www.balliuexport.com\/ca\/producte\/gandula-de-resina-noa\/\"><span style=\"color: #006eb7;\">gandula Noa<\/span><\/a>.<\/p>\n<p data-pm-slice=\"1 1 []\"><span style=\"color: #006eb7;\">El recanvi inclou un joc de 4 guies<\/span><\/p>\n","protected":false},"excerpt":{"rendered":"<p>Renova la teva gandula Noa amb el recanvi de les guies per poder renovar el teixit de la teva gandula. El recanvi nom\u00e9s inclou les guies, el recanvi de teixit es ven per separat. Les guies integrades de la gandula Noa estan espec\u00edficament dissenyades per facilitar una col\u00b7locaci\u00f3 r\u00e0pida, segura i precisa del teixit. Fabricades amb materials resistents i duradors,\u2026<\/p>\n","protected":false},"featured_media":61477,"template":"","meta":{"_acf_changed":false},"product_brand":[],"product_cat":[828],"product_tag":[],"class_list":{"0":"post-61484","1":"product","2":"type-product","3":"status-publish","4":"has-post-thumbnail","6":"product_cat-recanvis","8":"first","9":"instock","10":"taxable","11":"shipping-taxable","12":"purchasable","13":"product-type-simple"},"bundled_by":[],"bundle_stock_status":"instock","bundle_stock_quantity":null,"bundle_virtual":false,"bundle_layout":"","bundle_add_to_cart_form_location":"","bundle_editable_in_cart":false,"bundle_sold_individually_context":"","bundle_item_grouping":"","bundle_min_size":"","bundle_max_size":"","bundle_price":[],"bundled_items":[],"bundle_sell_ids":[],"acf":[],"_links":{"self":[{"href":"https:\/\/www.balliuexport.com\/ca\/wp-json\/wp\/v2\/product\/61484","targetHints":{"allow":["GET"]}}],"collection":[{"href":"https:\/\/www.balliuexport.com\/ca\/wp-json\/wp\/v2\/product"}],"about":[{"href":"https:\/\/www.balliuexport.com\/ca\/wp-json\/wp\/v2\/types\/product"}],"wp:featuredmedia":[{"embeddable":true,"href":"https:\/\/www.balliuexport.com\/ca\/wp-json\/wp\/v2\/media\/61477"}],"wp:attachment":[{"href":"https:\/\/www.balliuexport.com\/ca\/wp-json\/wp\/v2\/media?parent=61484"}],"wp:term":[{"taxonomy":"product_brand","embeddable":true,"href":"https:\/\/www.balliuexport.com\/ca\/wp-json\/wp\/v2\/product_brand?post=61484"},{"taxonomy":"product_cat","embeddable":true,"href":"https:\/\/www.balliuexport.com\/ca\/wp-json\/wp\/v2\/product_cat?post=61484"},{"taxonomy":"product_tag","embeddable":true,"href":"https:\/\/www.balliuexport.com\/ca\/wp-json\/wp\/v2\/product_tag?post=61484"}],"curies":[{"name":"wp","href":"https:\/\/api.w.org\/{rel}","templated":true}]}}