{"id":6249,"date":"2023-07-17T10:54:12","date_gmt":"2023-07-17T08:54:12","guid":{"rendered":"https:\/\/balliuexport.com\/producto\/etna-6\/"},"modified":"2025-12-10T14:34:43","modified_gmt":"2025-12-10T13:34:43","slug":"sofa-etna","status":"publish","type":"product","link":"https:\/\/www.balliuexport.com\/ca\/producte\/sofa-etna\/","title":{"rendered":"Sof\u00e0 Etna"},"content":{"rendered":"<p><iframe style=\"width: 1100px; height: 480px; overflow: hidden; border-radius: 8px;\" src=\"https:\/\/viewer.ienhance.co\/v\/app\/dfde577c-1d21-46ce-afaf-9dae1815a516\" frameborder=\"0\" allowfullscreen=\"allowfullscreen\"><span data-mce-type=\"bookmark\" style=\"display: inline-block; width: 0px; overflow: hidden; line-height: 0;\" class=\"mce_SELRES_start\"><\/span><span data-mce-type=\"bookmark\" style=\"display: inline-block; width: 0px; overflow: hidden; line-height: 0;\" class=\"mce_SELRES_start\"><\/span> <\/iframe><\/p>\n<p style=\"text-align: left;\" data-start=\"245\" data-end=\"630\"><span style=\"color: #7a7a7a;\">La col\u00b7lecci\u00f3 <span style=\"color: #006eb7;\">Etna<\/span> , disponible en versions <span style=\"color: #006eb7;\">individual, doble<\/span> i <span style=\"color: #006eb7;\">triple<\/span> , ha estat concebuda per elevar l&#8217;est\u00e8tica i la funcionalitat de terrasses i jardins. La seva estructura d&#8217; <span style=\"color: #006eb7;\">alumini endurit<\/span> ofereix una mbinaci\u00f3 perfecta de lleugeresa, estabilitat i resist\u00e8ncia, garantint un rendiment impecable fins i tot davant de les condicions m\u00e9s exigents de l&#8217;entorn exterior.<\/span><\/p>\n<p style=\"text-align: left;\" data-start=\"632\" data-end=\"865\"><span style=\"color: #7a7a7a;\">El <span style=\"color: #006eb7;\">teixit acr\u00edlic tintat en massa<\/span> aporta una aparen\u00e7a moderna i elegant, alhora que assegura una resist\u00e8ncia superior a la decoloraci\u00f3 i a la humitat, mantenint el color i la textura intactes amb el pas del temps. Cada model integra un <span style=\"color: #006eb7;\">interior d&#8217;assecat r\u00e0pid<\/span> , dissenyat per evacuar la humitat amb efic\u00e0cia despr\u00e9s de la pluja o la neteja. Aquesta innovaci\u00f3 evita l&#8217;acumulaci\u00f3 d&#8217;aigua, millora el confort i perllonga la vida \u00fatil del producte, convertint els sof\u00e0s Etna en una opci\u00f3 ideal per a zones de piscina, terrasses o espais amb alta exposici\u00f3 al clima.<\/span><\/p>\n<p style=\"text-align: left;\" data-start=\"1225\" data-end=\"1442\"><span style=\"color: #7a7a7a;\">De manteniment m\u00ednim i f\u00e0cil neteja, els sof\u00e0s Etna ofereixen una experi\u00e8ncia sense complicacions, unint la sofisticaci\u00f3, durabilitat i benestar en un mateix disseny pensat per gaudir any rere any.<\/span><\/p>\n<p>&nbsp;<\/p>\n","protected":false},"excerpt":{"rendered":"<p><span style=\"color: #006eb7;\"><strong>Preu sense IVA incl\u00f2s<\/strong><\/span>. Amb la seva construcci\u00f3 d&#8217;alta qualitat i disseny pensat per a la comoditat i la durabilitat, aquest sof\u00e0 \u00e9s l&#8217;opci\u00f3 ideal per als que busquen real\u00e7ar les seves terrasses i jardins amb un mobiliari elegant i pr\u00e0ctic.<\/p>\n","protected":false},"featured_media":67472,"template":"","meta":{"_acf_changed":false},"product_brand":[],"product_cat":[1051,2705,2249,2270,2260],"product_tag":[],"class_list":{"0":"post-6249","1":"product","2":"type-product","3":"status-publish","4":"has-post-thumbnail","6":"product_cat-sofas-dexterior","7":"product_cat-mobiliari-de-exterior-per-creuers","8":"product_cat-mobiliari-de-piscina","9":"product_cat-mobles-exterior-hotels","10":"product_cat-mobles-de-pati-moderns","12":"first","13":"instock","14":"taxable","15":"shipping-taxable","16":"purchasable","17":"product-type-variable"},"bundled_by":["42218","42270","42270","42218"],"bundle_stock_status":"instock","bundle_stock_quantity":null,"bundle_virtual":false,"bundle_layout":"","bundle_add_to_cart_form_location":"","bundle_editable_in_cart":false,"bundle_sold_individually_context":"","bundle_item_grouping":"","bundle_min_size":"","bundle_max_size":"","bundle_price":[],"bundled_items":[],"bundle_sell_ids":[],"acf":[],"_links":{"self":[{"href":"https:\/\/www.balliuexport.com\/ca\/wp-json\/wp\/v2\/product\/6249","targetHints":{"allow":["GET"]}}],"collection":[{"href":"https:\/\/www.balliuexport.com\/ca\/wp-json\/wp\/v2\/product"}],"about":[{"href":"https:\/\/www.balliuexport.com\/ca\/wp-json\/wp\/v2\/types\/product"}],"wp:featuredmedia":[{"embeddable":true,"href":"https:\/\/www.balliuexport.com\/ca\/wp-json\/wp\/v2\/media\/67472"}],"wp:attachment":[{"href":"https:\/\/www.balliuexport.com\/ca\/wp-json\/wp\/v2\/media?parent=6249"}],"wp:term":[{"taxonomy":"product_brand","embeddable":true,"href":"https:\/\/www.balliuexport.com\/ca\/wp-json\/wp\/v2\/product_brand?post=6249"},{"taxonomy":"product_cat","embeddable":true,"href":"https:\/\/www.balliuexport.com\/ca\/wp-json\/wp\/v2\/product_cat?post=6249"},{"taxonomy":"product_tag","embeddable":true,"href":"https:\/\/www.balliuexport.com\/ca\/wp-json\/wp\/v2\/product_tag?post=6249"}],"curies":[{"name":"wp","href":"https:\/\/api.w.org\/{rel}","templated":true}]}}