{"id":63269,"date":"2025-09-04T10:40:14","date_gmt":"2025-09-04T08:40:14","guid":{"rendered":"https:\/\/www.balliuexport.com\/producto\/base-parasol-40\/"},"modified":"2025-09-04T11:43:03","modified_gmt":"2025-09-04T09:43:03","slug":"base-parasol-40","status":"publish","type":"product","link":"https:\/\/www.balliuexport.com\/ca\/producte\/base-parasol-40\/","title":{"rendered":"Base formig\u00f3 40 kg"},"content":{"rendered":"<p><span style=\"color: #7a7a7a;\">Pensada per als qui busquen estil i resist\u00e8ncia, aquesta base rodona de 40 kg ofereix l\u2019estabilitat perfecta per al teu para-sol. Fabricada en formig\u00f3 recobert de polietil\u00e8, combina solidesa i eleg\u00e0ncia amb un acabat que resisteix el pas del temps. El seu m\u00e0stil d\u2019acer inoxidable de 58 mm, amb adaptadors per a diferents mides, garanteix una subjecci\u00f3 ferma i vers\u00e0til. El sistema de bloqueig aporta m\u00e0xima seguretat, mentre que el desgu\u00e0s integrat evita acumulacions d\u2019aigua. A m\u00e9s, gr\u00e0cies a les seves rodes discretes, la podr\u00e0s moure c\u00f2modament. Una pe\u00e7a robusta i pr\u00e0ctica que uneix <strong data-start=\"945\" data-end=\"992\"><span style=\"color: #006eb7;\">disseny net<\/span>, <span style=\"color: #006eb7;\">durabilitat <\/span>i <span style=\"color: #006eb7;\">confort d\u2019\u00fas<\/span><\/strong>.     <\/span><\/p>\n","protected":false},"excerpt":{"rendered":"<p>Pensada per als qui busquen estil i resist\u00e8ncia, aquesta base rodona de 40 kg ofereix l\u2019estabilitat perfecta per al teu para-sol. Fabricada en formig\u00f3 recobert de polietil\u00e8, combina solidesa i eleg\u00e0ncia amb un acabat que resisteix el pas del temps. El seu m\u00e0stil d\u2019acer inoxidable de 58 mm, amb adaptadors per a diferents mides, garanteix una subjecci\u00f3 ferma i vers\u00e0til.\u2026<\/p>\n","protected":false},"featured_media":63231,"template":"","meta":{"_acf_changed":false},"product_brand":[],"product_cat":[3506],"product_tag":[],"class_list":{"0":"post-63269","1":"product","2":"type-product","3":"status-publish","4":"has-post-thumbnail","6":"product_cat-bases-parasol-ca","8":"first","9":"instock","10":"taxable","11":"shipping-taxable","12":"purchasable","13":"product-type-variable"},"bundled_by":[],"bundle_stock_status":"instock","bundle_stock_quantity":null,"bundle_virtual":false,"bundle_layout":"","bundle_add_to_cart_form_location":"","bundle_editable_in_cart":false,"bundle_sold_individually_context":"","bundle_item_grouping":"","bundle_min_size":"","bundle_max_size":"","bundle_price":[],"bundled_items":[],"bundle_sell_ids":[],"acf":[],"_links":{"self":[{"href":"https:\/\/www.balliuexport.com\/ca\/wp-json\/wp\/v2\/product\/63269","targetHints":{"allow":["GET"]}}],"collection":[{"href":"https:\/\/www.balliuexport.com\/ca\/wp-json\/wp\/v2\/product"}],"about":[{"href":"https:\/\/www.balliuexport.com\/ca\/wp-json\/wp\/v2\/types\/product"}],"wp:featuredmedia":[{"embeddable":true,"href":"https:\/\/www.balliuexport.com\/ca\/wp-json\/wp\/v2\/media\/63231"}],"wp:attachment":[{"href":"https:\/\/www.balliuexport.com\/ca\/wp-json\/wp\/v2\/media?parent=63269"}],"wp:term":[{"taxonomy":"product_brand","embeddable":true,"href":"https:\/\/www.balliuexport.com\/ca\/wp-json\/wp\/v2\/product_brand?post=63269"},{"taxonomy":"product_cat","embeddable":true,"href":"https:\/\/www.balliuexport.com\/ca\/wp-json\/wp\/v2\/product_cat?post=63269"},{"taxonomy":"product_tag","embeddable":true,"href":"https:\/\/www.balliuexport.com\/ca\/wp-json\/wp\/v2\/product_tag?post=63269"}],"curies":[{"name":"wp","href":"https:\/\/api.w.org\/{rel}","templated":true}]}}