{"id":6465,"date":"2021-07-09T16:29:32","date_gmt":"2021-07-09T14:29:32","guid":{"rendered":"https:\/\/balliuexport.com\/producto\/base-de-formigo-per-a-para-sol\/"},"modified":"2025-12-02T17:13:23","modified_gmt":"2025-12-02T16:13:23","slug":"base-de-formigo-per-parasol","status":"publish","type":"product","link":"https:\/\/www.balliuexport.com\/ca\/producte\/base-de-formigo-per-parasol\/","title":{"rendered":"Base de formig\u00f3 per a para-sol"},"content":{"rendered":"<p><iframe style=\"width: 1000px; height: 440px; overflow: hidden; border-radius: 8px;\" src=\"https:\/\/viewer.ienhance.co\/v\/app\/fd137585-4475-4a1e-a694-943dde4cc1d4\" frameborder=\"0\"> <\/iframe><\/p>\n<p>Base de formig\u00f3 per a para-sol de 40 kg d&#8217;alta resist\u00e8ncia Fabricada amb formig\u00f3. Suport per a pal en acer i pintat al forn. Admet diferents di\u00e0metres de pal de para-sol: 25 i 45 mm.<\/p>\n","protected":false},"excerpt":{"rendered":"<p>Base de para-sol fabricada en formig\u00f3.<\/p>\n","protected":false},"featured_media":9171,"template":"","meta":{"_acf_changed":false},"product_brand":[],"product_cat":[3506],"product_tag":[],"class_list":{"0":"post-6465","1":"product","2":"type-product","3":"status-publish","4":"has-post-thumbnail","6":"product_cat-bases-parasol-ca","8":"first","9":"instock","10":"taxable","11":"shipping-taxable","12":"purchasable","13":"product-type-simple"},"bundled_by":[],"bundle_stock_status":"instock","bundle_stock_quantity":null,"bundle_virtual":false,"bundle_layout":"","bundle_add_to_cart_form_location":"","bundle_editable_in_cart":false,"bundle_sold_individually_context":"","bundle_item_grouping":"","bundle_min_size":"","bundle_max_size":"","bundle_price":[],"bundled_items":[],"bundle_sell_ids":[],"acf":[],"_links":{"self":[{"href":"https:\/\/www.balliuexport.com\/ca\/wp-json\/wp\/v2\/product\/6465","targetHints":{"allow":["GET"]}}],"collection":[{"href":"https:\/\/www.balliuexport.com\/ca\/wp-json\/wp\/v2\/product"}],"about":[{"href":"https:\/\/www.balliuexport.com\/ca\/wp-json\/wp\/v2\/types\/product"}],"wp:featuredmedia":[{"embeddable":true,"href":"https:\/\/www.balliuexport.com\/ca\/wp-json\/wp\/v2\/media\/9171"}],"wp:attachment":[{"href":"https:\/\/www.balliuexport.com\/ca\/wp-json\/wp\/v2\/media?parent=6465"}],"wp:term":[{"taxonomy":"product_brand","embeddable":true,"href":"https:\/\/www.balliuexport.com\/ca\/wp-json\/wp\/v2\/product_brand?post=6465"},{"taxonomy":"product_cat","embeddable":true,"href":"https:\/\/www.balliuexport.com\/ca\/wp-json\/wp\/v2\/product_cat?post=6465"},{"taxonomy":"product_tag","embeddable":true,"href":"https:\/\/www.balliuexport.com\/ca\/wp-json\/wp\/v2\/product_tag?post=6465"}],"curies":[{"name":"wp","href":"https:\/\/api.w.org\/{rel}","templated":true}]}}