{"id":70214,"date":"2026-02-09T15:29:17","date_gmt":"2026-02-09T14:29:17","guid":{"rendered":"https:\/\/www.balliuexport.com\/producto\/conjunt-noa\/"},"modified":"2026-02-09T15:29:17","modified_gmt":"2026-02-09T14:29:17","slug":"conjunt-noa","status":"publish","type":"product","link":"https:\/\/www.balliuexport.com\/ca\/producte\/conjunt-noa\/","title":{"rendered":"Conjunt Noa"},"content":{"rendered":"<p data-start=\"614\" data-end=\"872\"><span style=\"color: #7a7a7a;\">Aquest conjunt ha estat dissenyat per definir espais de relaxaci\u00f3 a l&#8217;aire lliure amb una est\u00e8tica refinada i una l\u00f2gica d&#8217;\u00fas clara. Una proposta dissenyada per a entorns on el disseny, la resist\u00e8ncia i la coher\u00e8ncia formal s\u00f3n una part essencial de l&#8217;experi\u00e8ncia. La combinaci\u00f3 de les <span style=\"color: #006eb7;\"><a href=\"https:\/\/www.balliuexport.com\/ca\/producte\/gandula-de-resina-noa\/\">gandules Noa<\/a><\/span> amb la <span style=\"color: #006eb7;\"><a style=\"color: #006eb7;\" href=\"https:\/\/www.balliuexport.com\/ca\/producte\/taula-auxiliar-de-resina-noa\/\">taula auxiliar Noa<\/a><\/span> de la mateixa col\u00b7lecci\u00f3 crea una composici\u00f3 equilibrada i visualment ordenada. La continu\u00eftat en les l\u00ednies, les proporcions i els materials refor\u00e7a una sensaci\u00f3 de solidesa i homogene\u00eftat, dissenyada per integrar-se de manera natural en zones de piscina, terrasses i espais de relaxaci\u00f3. La taula auxiliar actua com a element de suport funcional, proporcionant estabilitat visual i completant l&#8217;espai sense interferir en la seva neteja formal.    <\/span><\/p>\n<p data-start=\"1371\" data-end=\"1540\"><span style=\"color: #7a7a7a;\">Una composici\u00f3 dissenyada per crear espais de relaxaci\u00f3 ordenats, duradors i visualment coherents, on cada element hi contribueix i el conjunt t\u00e9 sentit per si mateix.<\/span><\/p>\n","protected":false},"excerpt":{"rendered":"<p>Aquest conjunt ha estat dissenyat per definir espais de relaxaci\u00f3 a l&#8217;aire lliure amb una est\u00e8tica refinada i una l\u00f2gica d&#8217;\u00fas clara. Una proposta dissenyada per a entorns on el disseny, la resist\u00e8ncia i la coher\u00e8ncia formal s\u00f3n una part essencial de l&#8217;experi\u00e8ncia. La combinaci\u00f3 de les gandules Noa amb la taula auxiliar Noa de la mateixa col\u00b7lecci\u00f3 crea una\u2026<\/p>\n","protected":false},"featured_media":70211,"template":"","meta":{"_acf_changed":false},"product_brand":[],"product_cat":[475],"product_tag":[],"class_list":{"0":"post-70214","1":"product","2":"type-product","3":"status-publish","4":"has-post-thumbnail","6":"product_cat-conjunts-mobles-per-a-exterior","8":"first","9":"instock","10":"sale","11":"virtual","12":"taxable","13":"purchasable","14":"product-type-bundle"},"bundled_by":[],"bundle_stock_status":"instock","bundle_stock_quantity":"","bundle_virtual":false,"bundle_layout":"default","bundle_add_to_cart_form_location":"default","bundle_editable_in_cart":false,"bundle_sold_individually_context":"product","bundle_item_grouping":"parent","bundle_min_size":"","bundle_max_size":"","bundle_price":{"price":{"min":{"incl_tax":"885.02","excl_tax":"731.43"},"max":{"incl_tax":"926.84","excl_tax":"765.98"}},"regular_price":{"min":{"incl_tax":"931.6","excl_tax":"769.92"},"max":{"incl_tax":"975.61","excl_tax":"806.29"}}},"bundled_items":[{"bundled_item_id":222,"product_id":56090,"menu_order":0,"quantity_min":1,"quantity_max":1,"quantity_default":1,"priced_individually":true,"shipped_individually":false,"override_title":false,"title":null,"override_description":false,"description":null,"optional":false,"hide_thumbnail":false,"discount":"5","override_variations":false,"allowed_variations":[""],"override_default_variation_attributes":false,"default_variation_attributes":[],"single_product_visibility":"visible","cart_visibility":"visible","order_visibility":"visible","single_product_price_visibility":"visible","cart_price_visibility":"visible","order_price_visibility":"visible","stock_status":"in_stock"},{"bundled_item_id":223,"product_id":23293,"menu_order":1,"quantity_min":2,"quantity_max":2,"quantity_default":2,"priced_individually":true,"shipped_individually":false,"override_title":false,"title":null,"override_description":false,"description":null,"optional":false,"hide_thumbnail":false,"discount":"5","override_variations":false,"allowed_variations":[""],"override_default_variation_attributes":false,"default_variation_attributes":[],"single_product_visibility":"visible","cart_visibility":"visible","order_visibility":"visible","single_product_price_visibility":"visible","cart_price_visibility":"visible","order_price_visibility":"visible","stock_status":"in_stock"}],"bundle_sell_ids":[],"acf":[],"_links":{"self":[{"href":"https:\/\/www.balliuexport.com\/ca\/wp-json\/wp\/v2\/product\/70214","targetHints":{"allow":["GET"]}}],"collection":[{"href":"https:\/\/www.balliuexport.com\/ca\/wp-json\/wp\/v2\/product"}],"about":[{"href":"https:\/\/www.balliuexport.com\/ca\/wp-json\/wp\/v2\/types\/product"}],"wp:featuredmedia":[{"embeddable":true,"href":"https:\/\/www.balliuexport.com\/ca\/wp-json\/wp\/v2\/media\/70211"}],"wp:attachment":[{"href":"https:\/\/www.balliuexport.com\/ca\/wp-json\/wp\/v2\/media?parent=70214"}],"wp:term":[{"taxonomy":"product_brand","embeddable":true,"href":"https:\/\/www.balliuexport.com\/ca\/wp-json\/wp\/v2\/product_brand?post=70214"},{"taxonomy":"product_cat","embeddable":true,"href":"https:\/\/www.balliuexport.com\/ca\/wp-json\/wp\/v2\/product_cat?post=70214"},{"taxonomy":"product_tag","embeddable":true,"href":"https:\/\/www.balliuexport.com\/ca\/wp-json\/wp\/v2\/product_tag?post=70214"}],"curies":[{"name":"wp","href":"https:\/\/api.w.org\/{rel}","templated":true}]}}