{"id":70259,"date":"2026-02-10T10:19:13","date_gmt":"2026-02-10T09:19:13","guid":{"rendered":"https:\/\/www.balliuexport.com\/producto\/conjunt-gandules-olimpia\/"},"modified":"2026-02-10T10:19:13","modified_gmt":"2026-02-10T09:19:13","slug":"conjunt-gandules-olimpia","status":"publish","type":"product","link":"https:\/\/www.balliuexport.com\/ca\/producte\/conjunt-gandules-olimpia\/","title":{"rendered":"Conjunt Olimpia"},"content":{"rendered":"<p data-start=\"993\" data-end=\"1200\"><span style=\"color: #7a7a7a;\">Dissenyat per a l&#8217;\u00fas exterior diari, aquest conjunt combina dues <span style=\"color: #006eb7;\"><a style=\"color: #006eb7;\" href=\"https:\/\/www.balliuexport.com\/ca\/producte\/gandula-amb-rodes-olimpia\/\">gandules Olimpia<\/a><\/span> i una <span style=\"color: #006eb7;\"><a style=\"color: #006eb7;\" href=\"https:\/\/www.balliuexport.com\/ca\/producte\/taula-auxiliar-olimpia\/\">taula auxiliar Olimpia<\/a><\/span> en una combinaci\u00f3 flexible i c\u00f2moda que \u00e9s f\u00e0cil d&#8217;adaptar a diferents usos. La relaci\u00f3 entre les gandules i la taula auxiliar permet una relaxaci\u00f3 c\u00f2moda i natural, sense imposar una disposici\u00f3 fixa. La taula hi \u00e9s quan es necessita i es pot retirar quan no s&#8217;utilitza, oferint funcionalitat sense restringir l&#8217;\u00fas ni la disposici\u00f3. Aquesta llibertat, combinada amb un disseny f\u00e0cil de moure, apilar i reordenar, fa que el conjunt sigui una opci\u00f3 especialment pr\u00e0ctica per a espais exteriors animats i canviants.   <\/span><\/p>\n<p data-start=\"1641\" data-end=\"1778\"><span style=\"color: #7a7a7a;\">Una combinaci\u00f3 dissenyada per gaudir de l&#8217;aire lliure amb comoditat, llibertat d&#8217;\u00fas i la tranquil\u00b7litat que aporta un producte fet per durar.<\/span><\/p>\n","protected":false},"excerpt":{"rendered":"<p>Dissenyat per a l&#8217;\u00fas exterior diari, aquest conjunt combina dues gandules Olimpia i una taula auxiliar Olimpia en una combinaci\u00f3 flexible i c\u00f2moda que \u00e9s f\u00e0cil d&#8217;adaptar a diferents usos. La relaci\u00f3 entre les gandules i la taula auxiliar permet una relaxaci\u00f3 c\u00f2moda i natural, sense imposar una disposici\u00f3 fixa. La taula hi \u00e9s quan es necessita i es pot\u2026<\/p>\n","protected":false},"featured_media":70256,"template":"","meta":{"_acf_changed":false},"product_brand":[],"product_cat":[475],"product_tag":[],"class_list":{"0":"post-70259","1":"product","2":"type-product","3":"status-publish","4":"has-post-thumbnail","6":"product_cat-conjunts-mobles-per-a-exterior","8":"first","9":"instock","10":"sale","11":"virtual","12":"taxable","13":"purchasable","14":"product-type-bundle"},"bundled_by":[],"bundle_stock_status":"instock","bundle_stock_quantity":"","bundle_virtual":false,"bundle_layout":"default","bundle_add_to_cart_form_location":"default","bundle_editable_in_cart":false,"bundle_sold_individually_context":"product","bundle_item_grouping":"parent","bundle_min_size":"","bundle_max_size":"","bundle_price":{"price":{"min":{"incl_tax":"1159.23","excl_tax":"958.04"},"max":{"incl_tax":"1258.24","excl_tax":"1039.87"}},"regular_price":{"min":{"incl_tax":"1220.24","excl_tax":"1008.46"},"max":{"incl_tax":"1324.47","excl_tax":"1094.6"}}},"bundled_items":[{"bundled_item_id":252,"product_id":5915,"menu_order":0,"quantity_min":2,"quantity_max":2,"quantity_default":2,"priced_individually":true,"shipped_individually":false,"override_title":false,"title":null,"override_description":false,"description":null,"optional":false,"hide_thumbnail":false,"discount":"5","override_variations":false,"allowed_variations":[""],"override_default_variation_attributes":false,"default_variation_attributes":[],"single_product_visibility":"visible","cart_visibility":"visible","order_visibility":"visible","single_product_price_visibility":"visible","cart_price_visibility":"visible","order_price_visibility":"visible","stock_status":"in_stock"},{"bundled_item_id":253,"product_id":5937,"menu_order":1,"quantity_min":1,"quantity_max":1,"quantity_default":1,"priced_individually":true,"shipped_individually":false,"override_title":false,"title":null,"override_description":false,"description":null,"optional":false,"hide_thumbnail":false,"discount":"5","override_variations":false,"allowed_variations":[""],"override_default_variation_attributes":false,"default_variation_attributes":[],"single_product_visibility":"visible","cart_visibility":"visible","order_visibility":"visible","single_product_price_visibility":"visible","cart_price_visibility":"visible","order_price_visibility":"visible","stock_status":"in_stock"}],"bundle_sell_ids":[],"acf":[],"_links":{"self":[{"href":"https:\/\/www.balliuexport.com\/ca\/wp-json\/wp\/v2\/product\/70259","targetHints":{"allow":["GET"]}}],"collection":[{"href":"https:\/\/www.balliuexport.com\/ca\/wp-json\/wp\/v2\/product"}],"about":[{"href":"https:\/\/www.balliuexport.com\/ca\/wp-json\/wp\/v2\/types\/product"}],"wp:featuredmedia":[{"embeddable":true,"href":"https:\/\/www.balliuexport.com\/ca\/wp-json\/wp\/v2\/media\/70256"}],"wp:attachment":[{"href":"https:\/\/www.balliuexport.com\/ca\/wp-json\/wp\/v2\/media?parent=70259"}],"wp:term":[{"taxonomy":"product_brand","embeddable":true,"href":"https:\/\/www.balliuexport.com\/ca\/wp-json\/wp\/v2\/product_brand?post=70259"},{"taxonomy":"product_cat","embeddable":true,"href":"https:\/\/www.balliuexport.com\/ca\/wp-json\/wp\/v2\/product_cat?post=70259"},{"taxonomy":"product_tag","embeddable":true,"href":"https:\/\/www.balliuexport.com\/ca\/wp-json\/wp\/v2\/product_tag?post=70259"}],"curies":[{"name":"wp","href":"https:\/\/api.w.org\/{rel}","templated":true}]}}