{"id":70285,"date":"2026-02-10T10:54:40","date_gmt":"2026-02-10T09:54:40","guid":{"rendered":"https:\/\/www.balliuexport.com\/producto\/conjunt-eva-pro\/"},"modified":"2026-02-10T10:54:40","modified_gmt":"2026-02-10T09:54:40","slug":"conjunt-eva-pro","status":"publish","type":"product","link":"https:\/\/www.balliuexport.com\/ca\/producte\/conjunt-eva-pro\/","title":{"rendered":"Conjunt Eva Pro"},"content":{"rendered":"<p data-start=\"307\" data-end=\"504\"><span style=\"color: #7a7a7a;\">Dues <a style=\"color: #006eb7;\" href=\"https:\/\/www.balliuexport.com\/ca\/producte\/gandula-de-resina-eva-pro\/\">gandules Eva Pro<\/a>, acompanyades de la <span style=\"color: #006eb7;\"><a style=\"color: #006eb7;\" href=\"https:\/\/www.balliuexport.com\/ca\/producte\/taula-mini-eva-pro\/\">taula auxiliar Eva Pro Mini<\/a><\/span>, formen una combinaci\u00f3 dissenyada per a aquells que busquen un producte fiable, durador i ben dissenyat per a l&#8217;\u00fas exterior diari. La taula auxiliar Eva Pro Mini acompanya les gandules com a extensi\u00f3 natural del conjunt, oferint funcionalitat sense interferir en l&#8217;experi\u00e8ncia de l&#8217;usuari. La relaci\u00f3 entre els dos elements es resol mitjan\u00e7ant la coher\u00e8ncia t\u00e8cnica i formal, garantint un muntatge ordenat, estable i c\u00f2mode fins i tot amb un \u00fas continuat.   <\/span><\/p>\n<p data-start=\"307\" data-end=\"504\"><span style=\"color: #7a7a7a;\">Tot el complex segueix la mateixa l\u00f2gica de disseny i construcci\u00f3, pensat per oferir durabilitat, facilitat de manteniment i una pres\u00e8ncia s\u00f2lida al llarg del temps. Un complex que reflecteix un veritable equilibri entre funcionalitat, confort i disseny. <\/span><\/p>\n","protected":false},"excerpt":{"rendered":"<p>Dues gandules Eva Pro, acompanyades de la taula auxiliar Eva Pro Mini, formen una combinaci\u00f3 dissenyada per a aquells que busquen un producte fiable, durador i ben dissenyat per a l&#8217;\u00fas exterior diari. La taula auxiliar Eva Pro Mini acompanya les gandules com a extensi\u00f3 natural del conjunt, oferint funcionalitat sense interferir en l&#8217;experi\u00e8ncia de l&#8217;usuari. La relaci\u00f3 entre els\u2026<\/p>\n","protected":false},"featured_media":70282,"template":"","meta":{"_acf_changed":false},"product_brand":[],"product_cat":[475],"product_tag":[],"class_list":{"0":"post-70285","1":"product","2":"type-product","3":"status-publish","4":"has-post-thumbnail","6":"product_cat-conjunts-mobles-per-a-exterior","8":"first","9":"instock","10":"sale","11":"virtual","12":"taxable","13":"purchasable","14":"product-type-bundle"},"bundled_by":[],"bundle_stock_status":"instock","bundle_stock_quantity":"","bundle_virtual":false,"bundle_layout":"default","bundle_add_to_cart_form_location":"default","bundle_editable_in_cart":false,"bundle_sold_individually_context":"product","bundle_item_grouping":"parent","bundle_min_size":"","bundle_max_size":"","bundle_price":{"price":{"min":{"incl_tax":"465.79","excl_tax":"384.95"},"max":{"incl_tax":"492.74","excl_tax":"407.23"}},"regular_price":{"min":{"incl_tax":"490.3","excl_tax":"405.21"},"max":{"incl_tax":"518.68","excl_tax":"428.66"}}},"bundled_items":[{"bundled_item_id":266,"product_id":5813,"menu_order":0,"quantity_min":2,"quantity_max":2,"quantity_default":2,"priced_individually":true,"shipped_individually":false,"override_title":false,"title":null,"override_description":false,"description":null,"optional":false,"hide_thumbnail":false,"discount":"5","override_variations":false,"allowed_variations":[""],"override_default_variation_attributes":false,"default_variation_attributes":[],"single_product_visibility":"visible","cart_visibility":"visible","order_visibility":"visible","single_product_price_visibility":"visible","cart_price_visibility":"visible","order_price_visibility":"visible","stock_status":"in_stock"},{"bundled_item_id":267,"product_id":5953,"menu_order":1,"quantity_min":1,"quantity_max":1,"quantity_default":1,"priced_individually":true,"shipped_individually":false,"override_title":false,"title":null,"override_description":false,"description":null,"optional":false,"hide_thumbnail":false,"discount":"5","override_variations":false,"allowed_variations":[""],"override_default_variation_attributes":false,"default_variation_attributes":[],"single_product_visibility":"visible","cart_visibility":"visible","order_visibility":"visible","single_product_price_visibility":"visible","cart_price_visibility":"visible","order_price_visibility":"visible","stock_status":"in_stock"}],"bundle_sell_ids":[],"acf":[],"_links":{"self":[{"href":"https:\/\/www.balliuexport.com\/ca\/wp-json\/wp\/v2\/product\/70285","targetHints":{"allow":["GET"]}}],"collection":[{"href":"https:\/\/www.balliuexport.com\/ca\/wp-json\/wp\/v2\/product"}],"about":[{"href":"https:\/\/www.balliuexport.com\/ca\/wp-json\/wp\/v2\/types\/product"}],"wp:featuredmedia":[{"embeddable":true,"href":"https:\/\/www.balliuexport.com\/ca\/wp-json\/wp\/v2\/media\/70282"}],"wp:attachment":[{"href":"https:\/\/www.balliuexport.com\/ca\/wp-json\/wp\/v2\/media?parent=70285"}],"wp:term":[{"taxonomy":"product_brand","embeddable":true,"href":"https:\/\/www.balliuexport.com\/ca\/wp-json\/wp\/v2\/product_brand?post=70285"},{"taxonomy":"product_cat","embeddable":true,"href":"https:\/\/www.balliuexport.com\/ca\/wp-json\/wp\/v2\/product_cat?post=70285"},{"taxonomy":"product_tag","embeddable":true,"href":"https:\/\/www.balliuexport.com\/ca\/wp-json\/wp\/v2\/product_tag?post=70285"}],"curies":[{"name":"wp","href":"https:\/\/api.w.org\/{rel}","templated":true}]}}