{"id":57407,"date":"2025-04-22T11:11:58","date_gmt":"2025-04-22T09:11:58","guid":{"rendered":"https:\/\/www.balliuexport.com\/producto\/vera-resin-chair\/"},"modified":"2026-01-26T10:57:13","modified_gmt":"2026-01-26T09:57:13","slug":"vera-resin-chair-with-armrests","status":"publish","type":"product","link":"https:\/\/www.balliuexport.com\/en\/product\/vera-resin-chair-with-armrests\/","title":{"rendered":"Vera chair with armrests"},"content":{"rendered":"<p><iframe style=\"width: 1000px; height: 440px; overflow: hidden; border-radius: 8px;\" src=\"https:\/\/viewer.ienhance.co\/v\/app\/0ca5245f-c66c-4f56-8c70-0efa3b4e2cfc\" frameborder=\"0\" allowfullscreen=\"allowfullscreen\"><span data-mce-type=\"bookmark\" style=\"display: inline-block; width: 0px; overflow: hidden; line-height: 0;\" class=\"mce_SELRES_start\"><\/span> <\/iframe><\/p>\n<h2 data-start=\"199\" data-end=\"242\"><span style=\"color: #006eb7;\"><strong data-start=\"199\" data-end=\"242\">Vera: solid structure with a light soul<\/strong><\/span><\/h2>\n<p class=\"\" data-start=\"244\" data-end=\"514\"><span style=\"color: #7a7a7a;\">The Vera chair with armrests stands out for its balance between <span style=\"color: #006eb7;\"><strong>robustness<\/strong><\/span> y <span style=\"color: #006eb7;\"><strong>contemporary style<\/strong><\/span>. Made of polypropylene resin reinforced with mineral filler, it offers high structural strength, stability and optimum performance outdoors, even in demanding conditions. Su respaldo, definido por un entramado rectil\u00edneo, no solo aligera visualmente la pieza, sino que refuerza su car\u00e1cter din\u00e1mico y actual. El dise\u00f1o apilable permite una gesti\u00f3n eficiente del espacio, mientras que su silueta geom\u00e9trica aporta personalidad sin estridencias. <strong data-start=\"790\" data-end=\"932\"><span style=\"color: #006eb7;\">Vers\u00e1til, funcional y con una est\u00e9tica limpia<\/span>, <\/strong>Vera responde con eficacia a las necesidades del canal profesional sin renunciar al dise\u00f1o.<\/span><\/p>\n","protected":false},"excerpt":{"rendered":"<p>Vera: solid structure with a light soul The Vera chair with armrests stands out for its balance between robustness y contemporary style. Made of polypropylene resin reinforced with mineral filler, it offers high structural strength, stability and optimum performance outdoors, even in demanding conditions. Su respaldo, definido por un entramado rectil\u00edneo, no solo aligera visualmente la pieza, sino que refuerza\u2026<\/p>\n","protected":false},"featured_media":70813,"template":"","meta":{"_acf_changed":false},"product_brand":[],"product_cat":[2271,681,2574,2823,2710],"product_tag":[],"class_list":{"0":"post-57407","1":"product","2":"type-product","3":"status-publish","4":"has-post-thumbnail","6":"product_cat-hotel-outdoor-furniture","7":"product_cat-chairs","8":"product_cat-our-highlights","9":"product_cat-resin-chairs","10":"product_cat-water-park-furniture","12":"first","13":"instock","14":"taxable","15":"shipping-taxable","16":"purchasable","17":"product-type-variable"},"bundled_by":[],"bundle_stock_status":"instock","bundle_stock_quantity":null,"bundle_virtual":false,"bundle_layout":"","bundle_add_to_cart_form_location":"","bundle_editable_in_cart":false,"bundle_sold_individually_context":"","bundle_item_grouping":"","bundle_min_size":"","bundle_max_size":"","bundle_price":[],"bundled_items":[],"bundle_sell_ids":[],"acf":[],"_links":{"self":[{"href":"https:\/\/www.balliuexport.com\/en\/wp-json\/wp\/v2\/product\/57407","targetHints":{"allow":["GET"]}}],"collection":[{"href":"https:\/\/www.balliuexport.com\/en\/wp-json\/wp\/v2\/product"}],"about":[{"href":"https:\/\/www.balliuexport.com\/en\/wp-json\/wp\/v2\/types\/product"}],"wp:featuredmedia":[{"embeddable":true,"href":"https:\/\/www.balliuexport.com\/en\/wp-json\/wp\/v2\/media\/70813"}],"wp:attachment":[{"href":"https:\/\/www.balliuexport.com\/en\/wp-json\/wp\/v2\/media?parent=57407"}],"wp:term":[{"taxonomy":"product_brand","embeddable":true,"href":"https:\/\/www.balliuexport.com\/en\/wp-json\/wp\/v2\/product_brand?post=57407"},{"taxonomy":"product_cat","embeddable":true,"href":"https:\/\/www.balliuexport.com\/en\/wp-json\/wp\/v2\/product_cat?post=57407"},{"taxonomy":"product_tag","embeddable":true,"href":"https:\/\/www.balliuexport.com\/en\/wp-json\/wp\/v2\/product_tag?post=57407"}],"curies":[{"name":"wp","href":"https:\/\/api.w.org\/{rel}","templated":true}]}}