{"id":14509,"date":"2023-12-06T17:30:26","date_gmt":"2023-12-06T16:30:26","guid":{"rendered":"https:\/\/balliuexport.com\/politique-de-cookies\/"},"modified":"2026-04-01T10:37:36","modified_gmt":"2026-04-01T08:37:36","slug":"politique-en-matiere-de-cookies","status":"publish","type":"page","link":"https:\/\/www.balliuexport.com\/fr\/politique-en-matiere-de-cookies\/","title":{"rendered":"Politique de cookies"},"content":{"rendered":"\t\t<div data-elementor-type=\"wp-page\" data-elementor-id=\"14509\" class=\"elementor elementor-14509 elementor-5162\" data-elementor-post-type=\"page\">\n\t\t\t\t<div class=\"elementor-element elementor-element-a4e4996 e-flex e-con-boxed kitify-col-width-auto-no ignore-docs-style-no kitify-disable-relative-no e-root-container elementor-top-section e-con e-parent\" data-id=\"a4e4996\" data-element_type=\"container\">\n\t\t\t\t\t<div class=\"e-con-inner\">\n\t\t\t\t<div class=\"elementor-element elementor-element-61a3c4b elementor-widget elementor-widget-heading\" data-id=\"61a3c4b\" data-element_type=\"widget\" data-widget_type=\"heading.default\">\n\t\t\t\t<div class=\"elementor-widget-container\">\n\t\t\t<h2 class=\"elementor-heading-title elementor-size-default\">Politique de cookies\n<\/h2>\t\t<\/div>\n\t\t\t\t<\/div>\n\t\t\t\t<div class=\"elementor-element elementor-element-5835304 elementor-widget elementor-widget-heading\" data-id=\"5835304\" data-element_type=\"widget\" data-widget_type=\"heading.default\">\n\t\t\t\t<div class=\"elementor-widget-container\">\n\t\t\t<h3 class=\"elementor-heading-title elementor-size-default\">Que sont les cookies ?<\/h3>\t\t<\/div>\n\t\t\t\t<\/div>\n\t\t\t\t<div class=\"elementor-element elementor-element-d9488fb elementor-widget-mobile__width-initial elementor-widget elementor-widget-text-editor\" data-id=\"d9488fb\" data-element_type=\"widget\" data-widget_type=\"text-editor.default\">\n\t\t\t\t<div class=\"elementor-widget-container\">\n\t\t\t\t\t\t\t<p>Les cookies sont de petits fichiers qui sont enregistr\u00e9s sur l&rsquo;appareil de l&rsquo;utilisateur lorsqu&rsquo;il acc\u00e8de \u00e0 un site web. Leur finalit\u00e9 peut \u00eatre tr\u00e8s vari\u00e9e : permettre le bon fonctionnement technique du site, m\u00e9moriser certaines pr\u00e9f\u00e9rences ou collecter des informations sur la navigation afin d&rsquo;am\u00e9liorer l&rsquo;exp\u00e9rience utilisateur et d&rsquo;analyser les performances du site. <\/p>\t\t\t\t\t\t<\/div>\n\t\t\t\t<\/div>\n\t\t\t\t<div class=\"elementor-element elementor-element-2b7a781 elementor-widget elementor-widget-heading\" data-id=\"2b7a781\" data-element_type=\"widget\" data-widget_type=\"heading.default\">\n\t\t\t\t<div class=\"elementor-widget-container\">\n\t\t\t<h3 class=\"elementor-heading-title elementor-size-default\">Quels sont les types de cookies ?<\/h3>\t\t<\/div>\n\t\t\t\t<\/div>\n\t\t\t\t<div class=\"elementor-element elementor-element-db39451 elementor-widget elementor-widget-text-editor\" data-id=\"db39451\" data-element_type=\"widget\" data-widget_type=\"text-editor.default\">\n\t\t\t\t<div class=\"elementor-widget-container\">\n\t\t\t\t\t\t\t<p data-start=\"609\" data-end=\"667\">Les cookies peuvent \u00eatre class\u00e9s selon diff\u00e9rents crit\u00e8res :<\/p><h5 data-start=\"669\" data-end=\"712\">En fonction de la dur\u00e9e pendant laquelle elles restent actives<\/h5><ul data-start=\"713\" data-end=\"989\"><li data-section-id=\"iqsytl\" data-start=\"713\" data-end=\"843\"><strong data-start=\"715\" data-end=\"737\">Cookies de session :<\/strong> ils sont stock\u00e9s uniquement pendant que l&rsquo;utilisateur navigue sur le site web et sont supprim\u00e9s lorsque le navigateur est ferm\u00e9.<\/li><li data-section-id=\"vztx8s\" data-start=\"844\" data-end=\"989\"><strong data-start=\"846\" data-end=\"871\">Cookies persistants:<\/strong> ils restent stock\u00e9s sur l&rsquo;appareil pendant un certain temps, qui peut varier en fonction de leur finalit\u00e9.<\/li><\/ul><h5 data-start=\"991\" data-end=\"1016\">Selon leur propri\u00e9t\u00e9<\/h5><ul data-start=\"1017\" data-end=\"1180\"><li data-section-id=\"7njjs\" data-start=\"1017\" data-end=\"1092\"><strong data-start=\"1019\" data-end=\"1039\">Cookies propres :<\/strong> ils sont g\u00e9r\u00e9s directement par BALLIU EXPORT, S.A.<\/li><li data-section-id=\"utcib1\" data-start=\"1093\" data-end=\"1180\"><strong data-start=\"1095\" data-end=\"1119\">Cookies de tiers :<\/strong> ils sont g\u00e9r\u00e9s par des entit\u00e9s ext\u00e9rieures \u00e0 BALLIU EXPORT, S.A.<\/li><\/ul><h5 data-start=\"1182\" data-end=\"1205\">En fonction de leur objectif<\/h5><ul data-start=\"1206\" data-end=\"1736\"><li data-section-id=\"18qmbmu\" data-start=\"1206\" data-end=\"1378\"><strong data-start=\"1208\" data-end=\"1245\">Cookies strictement n\u00e9cessaires :<\/strong> ils permettent le fonctionnement de base et correct du site web et la fourniture des services express\u00e9ment demand\u00e9s par l&rsquo;utilisateur.<\/li><li data-section-id=\"ijjbxv\" data-start=\"1379\" data-end=\"1493\"><strong data-start=\"1381\" data-end=\"1408\">Cookies de performance:<\/strong> ils nous permettent d&rsquo;analyser l&rsquo;utilisation du site web afin d&rsquo;en am\u00e9liorer le fonctionnement et la performance.<\/li><li data-section-id=\"1jjxzt2\" data-start=\"1494\" data-end=\"1642\"><strong data-start=\"1496\" data-end=\"1540\">Cookies de pr\u00e9f\u00e9rence ou de fonctionnalit\u00e9:<\/strong> ils permettent de m\u00e9moriser certains choix de l&rsquo;utilisateur afin de lui offrir une exp\u00e9rience plus personnalis\u00e9e.<\/li><li data-section-id=\"ymrv1o\" data-start=\"1643\" data-end=\"1736\"><strong data-start=\"1645\" data-end=\"1673\">Cookies non classifi\u00e9s:<\/strong> il s&rsquo;agit de cookies qui sont en cours d&rsquo;examen et de classification.<\/li><\/ul>\t\t\t\t\t\t<\/div>\n\t\t\t\t<\/div>\n\t\t\t\t<div class=\"elementor-element elementor-element-e4b0ab7 elementor-widget elementor-widget-heading\" data-id=\"e4b0ab7\" data-element_type=\"widget\" data-widget_type=\"heading.default\">\n\t\t\t\t<div class=\"elementor-widget-container\">\n\t\t\t<h3 class=\"elementor-heading-title elementor-size-default\">Quels sont les cookies utilis\u00e9s par ce site web ?<\/h3>\t\t<\/div>\n\t\t\t\t<\/div>\n\t\t\t\t<div class=\"elementor-element elementor-element-0523ede elementor-widget elementor-widget-text-editor\" data-id=\"0523ede\" data-element_type=\"widget\" data-widget_type=\"text-editor.default\">\n\t\t\t\t<div class=\"elementor-widget-container\">\n\t\t\t\t\t\t\t<p data-start=\"1780\" data-end=\"2077\">BALLIU EXPORT, S.A. utilise ses propres cookies et ceux de tiers pour garantir le bon fonctionnement du site web, faciliter la navigation de l&rsquo;utilisateur, m\u00e9moriser certaines pr\u00e9f\u00e9rences et, le cas \u00e9ch\u00e9ant, analyser l&rsquo;utilisation du site web afin d&rsquo;en am\u00e9liorer les performances et l&rsquo;exp\u00e9rience de navigation. Des informations d\u00e9taill\u00e9es et actualis\u00e9es sur les cookies utilis\u00e9s \u00e0 tout moment, y compris leur fournisseur, leur finalit\u00e9, leur dur\u00e9e et leur cat\u00e9gorie, peuvent \u00eatre consult\u00e9es dans le panneau de configuration des cookies disponible sur le site web lui-m\u00eame. <\/p>\t\t\t\t\t\t<\/div>\n\t\t\t\t<\/div>\n\t\t\t\t<div class=\"elementor-element elementor-element-9445e0d elementor-widget elementor-widget-heading\" data-id=\"9445e0d\" data-element_type=\"widget\" data-widget_type=\"heading.default\">\n\t\t\t\t<div class=\"elementor-widget-container\">\n\t\t\t<h3 class=\"elementor-heading-title elementor-size-default\">Quels sont les cookies qui restent toujours actifs ?<\/h3>\t\t<\/div>\n\t\t\t\t<\/div>\n\t\t\t\t<div class=\"elementor-element elementor-element-df30ad9 elementor-widget elementor-widget-text-editor\" data-id=\"df30ad9\" data-element_type=\"widget\" data-widget_type=\"text-editor.default\">\n\t\t\t\t<div class=\"elementor-widget-container\">\n\t\t\t\t\t\t\t<p data-start=\"2357\" data-end=\"2541\">Les <strong data-start=\"2361\" data-end=\"2397\">cookies strictement n\u00e9cessaires<\/strong> sont toujours actifs, car ils sont indispensables au bon fonctionnement du site et \u00e0 l&rsquo;utilisation de ses fonctions de base. Ces cookies ne requi\u00e8rent pas le consentement de l&rsquo;utilisateur, car ils sont li\u00e9s au fonctionnement technique du site et \u00e0 la fourniture des services express\u00e9ment demand\u00e9s. <\/p>\t\t\t\t\t\t<\/div>\n\t\t\t\t<\/div>\n\t\t\t\t<div class=\"elementor-element elementor-element-d1fd7b0 elementor-widget elementor-widget-heading\" data-id=\"d1fd7b0\" data-element_type=\"widget\" data-widget_type=\"heading.default\">\n\t\t\t\t<div class=\"elementor-widget-container\">\n\t\t\t<h3 class=\"elementor-heading-title elementor-size-default\">Quels sont les cookies qui n\u00e9cessitent un consentement ?<\/h3>\t\t<\/div>\n\t\t\t\t<\/div>\n\t\t\t\t<div class=\"elementor-element elementor-element-ebb8fdc elementor-widget elementor-widget-text-editor\" data-id=\"ebb8fdc\" data-element_type=\"widget\" data-widget_type=\"text-editor.default\">\n\t\t\t\t<div class=\"elementor-widget-container\">\n\t\t\t\t\t\t\t<p data-start=\"2759\" data-end=\"3044\">Les cookies qui ne sont pas strictement n\u00e9cessaires, tels que les <strong data-start=\"2818\" data-end=\"2844\">cookies de performance<\/strong>, de <strong data-start=\"2846\" data-end=\"2878\">pr\u00e9f\u00e9rence ou de fonctionnalit\u00e9<\/strong> et tout autre cookie non essentiel, ne seront activ\u00e9s que si l&rsquo;utilisateur y consent express\u00e9ment par le biais du panneau de configuration des cookies. Si l&rsquo;utilisateur <strong>rejette<\/strong> ces cookies ou <strong>n&rsquo;entreprend aucune action pour les accepter<\/strong>, les cookies non n\u00e9cessaires ne seront pas install\u00e9s et le traitement associ\u00e9 \u00e0 ces fins ne sera pas activ\u00e9. <\/p>\t\t\t\t\t\t<\/div>\n\t\t\t\t<\/div>\n\t\t\t\t<div class=\"elementor-element elementor-element-e993ec2 elementor-widget elementor-widget-heading\" data-id=\"e993ec2\" data-element_type=\"widget\" data-widget_type=\"heading.default\">\n\t\t\t\t<div class=\"elementor-widget-container\">\n\t\t\t<h3 class=\"elementor-heading-title elementor-size-default\">Comment g\u00e9rons-nous le consentement chez BALLIU EXPORT, S.A. ?<\/h3>\t\t<\/div>\n\t\t\t\t<\/div>\n\t\t\t\t<div class=\"elementor-element elementor-element-932472c elementor-widget elementor-widget-text-editor\" data-id=\"932472c\" data-element_type=\"widget\" data-widget_type=\"text-editor.default\">\n\t\t\t\t<div class=\"elementor-widget-container\">\n\t\t\t\t\t\t\t<p data-start=\"3291\" data-end=\"3446\">Ce site utilise une plate-forme de gestion du consentement qui permet \u00e0 l&rsquo;utilisateur d&rsquo;accepter, de refuser ou de configurer l&rsquo;utilisation de cookies par cat\u00e9gorie. De cette mani\u00e8re, l&rsquo;utilisateur peut d\u00e9cider librement et en connaissance de cause quels types de cookies il souhaite autoriser, \u00e0 l&rsquo;exception de ceux qui sont strictement n\u00e9cessaires au fonctionnement du site. De m\u00eame, le consentement accord\u00e9 peut \u00eatre modifi\u00e9 ou r\u00e9voqu\u00e9 \u00e0 tout moment par le biais du panneau de configuration des cookies disponible sur le site.  <\/p>\t\t\t\t\t\t<\/div>\n\t\t\t\t<\/div>\n\t\t\t\t<div class=\"elementor-element elementor-element-fafcaee elementor-widget elementor-widget-heading\" data-id=\"fafcaee\" data-element_type=\"widget\" data-widget_type=\"heading.default\">\n\t\t\t\t<div class=\"elementor-widget-container\">\n\t\t\t<h3 class=\"elementor-heading-title elementor-size-default\">Comment l'utilisateur peut-il modifier ou retirer son consentement ?<\/h3>\t\t<\/div>\n\t\t\t\t<\/div>\n\t\t\t\t<div class=\"elementor-element elementor-element-a876236 elementor-widget elementor-widget-text-editor\" data-id=\"a876236\" data-element_type=\"widget\" data-widget_type=\"text-editor.default\">\n\t\t\t\t<div class=\"elementor-widget-container\">\n\t\t\t\t\t\t\t<p data-start=\"3881\" data-end=\"4047\">Les utilisateurs peuvent \u00e0 tout moment revoir, mettre \u00e0 jour ou r\u00e9voquer leurs pr\u00e9f\u00e9rences en mati\u00e8re de cookies en utilisant le panneau de configuration des cookies disponible sur le site web. Vous pouvez \u00e9galement configurer votre navigateur pour bloquer ou supprimer les cookies d\u00e9j\u00e0 install\u00e9s sur votre appareil. Toutefois, la d\u00e9sactivation de certains cookies strictement n\u00e9cessaires peut affecter le bon fonctionnement de certaines fonctionnalit\u00e9s du site web.  <\/p>\t\t\t\t\t\t<\/div>\n\t\t\t\t<\/div>\n\t\t\t\t<div class=\"elementor-element elementor-element-e800149 elementor-widget elementor-widget-heading\" data-id=\"e800149\" data-element_type=\"widget\" data-widget_type=\"heading.default\">\n\t\t\t\t<div class=\"elementor-widget-container\">\n\t\t\t<h3 class=\"elementor-heading-title elementor-size-default\">Param\u00e8tres des cookies dans le navigateur<\/h3>\t\t<\/div>\n\t\t\t\t<\/div>\n\t\t\t\t<div class=\"elementor-element elementor-element-69bcff6 elementor-widget elementor-widget-text-editor\" data-id=\"69bcff6\" data-element_type=\"widget\" data-widget_type=\"text-editor.default\">\n\t\t\t\t<div class=\"elementor-widget-container\">\n\t\t\t\t\t\t\t<p>La plupart des navigateurs permettent de g\u00e9rer, de bloquer ou de supprimer les cookies depuis leurs param\u00e8tres. Pour ce faire, l&rsquo;utilisateur peut consulter les informations et la documentation d&rsquo;aide fournies par le navigateur qu&rsquo;il utilise. <\/p>\t\t\t\t\t\t<\/div>\n\t\t\t\t<\/div>\n\t\t\t\t<div class=\"elementor-element elementor-element-aedaa75 elementor-widget elementor-widget-heading\" data-id=\"aedaa75\" data-element_type=\"widget\" data-widget_type=\"heading.default\">\n\t\t\t\t<div class=\"elementor-widget-container\">\n\t\t\t<h3 class=\"elementor-heading-title elementor-size-default\">Informations compl\u00e9mentaires<\/h3>\t\t<\/div>\n\t\t\t\t<\/div>\n\t\t\t\t<div class=\"elementor-element elementor-element-9079dd2 elementor-widget elementor-widget-text-editor\" data-id=\"9079dd2\" data-element_type=\"widget\" data-widget_type=\"text-editor.default\">\n\t\t\t\t<div class=\"elementor-widget-container\">\n\t\t\t\t\t\t\t<p>Para obtener informaci\u00f3n m\u00e1s detallada y permanentemente actualizada sobre las cookies utilizadas en este sitio web, el usuario puede consultar en cualquier momento el panel de configuraci\u00f3n de cookies disponible en la propia web, donde se muestran las categor\u00edas activas, su finalidad, duraci\u00f3n y proveedor correspondiente.<\/p>\t\t\t\t\t\t<\/div>\n\t\t\t\t<\/div>\n\t\t\t\t\t<\/div>\n\t\t\t\t<\/div>\n\t\t\t\t<\/div>\n\t\t","protected":false},"excerpt":{"rendered":"<p>Politique de cookies Que sont les cookies ? Les cookies sont de petits fichiers qui sont enregistr\u00e9s sur l&rsquo;appareil de l&rsquo;utilisateur lorsqu&rsquo;il acc\u00e8de \u00e0 un site web. Leur finalit\u00e9 peut \u00eatre tr\u00e8s vari\u00e9e : permettre le bon fonctionnement technique du site, m\u00e9moriser certaines pr\u00e9f\u00e9rences ou collecter des informations sur la navigation afin d&rsquo;am\u00e9liorer l&rsquo;exp\u00e9rience utilisateur et d&rsquo;analyser les performances du\u2026<\/p>\n","protected":false},"author":1,"featured_media":0,"parent":0,"menu_order":0,"comment_status":"closed","ping_status":"closed","template":"elementor_header_footer","meta":{"_acf_changed":false,"footnotes":""},"class_list":["post-14509","page","type-page","status-publish","hentry"],"acf":[],"_links":{"self":[{"href":"https:\/\/www.balliuexport.com\/fr\/wp-json\/wp\/v2\/pages\/14509","targetHints":{"allow":["GET"]}}],"collection":[{"href":"https:\/\/www.balliuexport.com\/fr\/wp-json\/wp\/v2\/pages"}],"about":[{"href":"https:\/\/www.balliuexport.com\/fr\/wp-json\/wp\/v2\/types\/page"}],"author":[{"embeddable":true,"href":"https:\/\/www.balliuexport.com\/fr\/wp-json\/wp\/v2\/users\/1"}],"replies":[{"embeddable":true,"href":"https:\/\/www.balliuexport.com\/fr\/wp-json\/wp\/v2\/comments?post=14509"}],"version-history":[{"count":6,"href":"https:\/\/www.balliuexport.com\/fr\/wp-json\/wp\/v2\/pages\/14509\/revisions"}],"predecessor-version":[{"id":72094,"href":"https:\/\/www.balliuexport.com\/fr\/wp-json\/wp\/v2\/pages\/14509\/revisions\/72094"}],"wp:attachment":[{"href":"https:\/\/www.balliuexport.com\/fr\/wp-json\/wp\/v2\/media?parent=14509"}],"curies":[{"name":"wp","href":"https:\/\/api.w.org\/{rel}","templated":true}]}}