{"id":15654,"date":"2023-12-03T20:04:00","date_gmt":"2023-12-03T19:04:00","guid":{"rendered":"https:\/\/balliuexport.com\/durabilite\/"},"modified":"2026-02-18T12:47:10","modified_gmt":"2026-02-18T11:47:10","slug":"durabilite","status":"publish","type":"page","link":"https:\/\/www.balliuexport.com\/fr\/durabilite\/","title":{"rendered":"Durabilit\u00e9"},"content":{"rendered":"\t\t<div data-elementor-type=\"wp-page\" data-elementor-id=\"15654\" class=\"elementor elementor-15654 elementor-4601\" data-elementor-post-type=\"page\">\n\t\t\t\t<div class=\"elementor-element elementor-element-7fbcc638 e-flex e-con-boxed kitify-col-width-auto-no ignore-docs-style-no kitify-disable-relative-no e-root-container elementor-top-section e-con e-parent\" data-id=\"7fbcc638\" data-element_type=\"container\" data-settings=\"{&quot;background_background&quot;:&quot;classic&quot;}\">\n\t\t\t\t\t<div class=\"e-con-inner\">\n\t\t\t\t<div class=\"elementor-element elementor-element-68a247d6 elementor-widget__width-auto elementor-view-default elementor-position-top elementor-mobile-position-top elementor-invisible kitify-has-entrance-animation elementor-widget elementor-widget-icon-box\" data-id=\"68a247d6\" data-element_type=\"widget\" data-settings=\"{&quot;_animation&quot;:&quot;rotateIn&quot;,&quot;_animation_delay&quot;:1200}\" data-widget_type=\"icon-box.default\">\n\t\t\t\t<div class=\"elementor-widget-container\">\n\t\t\t\t\t<div class=\"elementor-icon-box-wrapper\">\n\n\t\t\t\t\t\t<div class=\"elementor-icon-box-icon\">\n\t\t\t\t<span  class=\"elementor-icon elementor-animation-\">\n\t\t\t\t<svg xmlns=\"http:\/\/www.w3.org\/2000\/svg\" xmlns:xlink=\"http:\/\/www.w3.org\/1999\/xlink\" width=\"96px\" height=\"102px\" viewBox=\"0 0 96 102\"><title>icona-sostenibilidad-blanc<\/title><g id=\"Nou-Ordre\" stroke=\"none\" stroke-width=\"1\" fill=\"none\" fill-rule=\"evenodd\"><g id=\"icona-sostenibilidad-blanc\" fill=\"#FFFFFF\" fill-rule=\"nonzero\"><path d=\"M81.2679124,22.9785189 L70.2921489,33.9703556 L88.0144246,33.9703556 L88.0144246,33.9703556 L96,33.9703556 L96,33.9703556 L96,33.9703556 L96,33.9697527 C89.002424,14.1801657 70.1590911,0 47.9998495,0 C25.8409089,0 6.997275,14.1801657 0,33.9703556 L7.98557537,33.9703556 C14.6020401,18.3889651 30.0259079,7.46224553 47.9998495,7.46224553 C61.350785,7.46224553 73.2949805,13.4910092 81.2679124,22.9785189 Z\" id=\"Fill-1\"><\/path><path d=\"M7.98545496,68.0296444 L7.98542485,68.0296444 L0.000150517873,68.0296444 C6.99742552,87.8198343 25.8407584,102 48.0001505,102 C70.1590911,102 89.002725,87.8198343 96,68.0296444 L88.0144246,68.0296444 C81.3979599,83.6110349 65.9740921,94.5377545 48.0001505,94.5377545 C34.6489139,94.5377545 22.7047485,88.5089306 14.7320274,79.0215715 L25.7080919,68.0296444 L7.98545496,68.0296444 Z\" id=\"Fill-2\"><\/path><\/g><\/g><\/svg>\t\t\t\t<\/span>\n\t\t\t<\/div>\n\t\t\t\n\t\t\t\n\t\t<\/div>\n\t\t\t\t<\/div>\n\t\t\t\t<\/div>\n\t\t\t\t<div class=\"elementor-element elementor-element-10cc982e elementor-invisible kitify-has-entrance-animation elementor-widget elementor-widget-heading\" data-id=\"10cc982e\" data-element_type=\"widget\" data-settings=\"{&quot;_animation&quot;:&quot;kitifyShortFadeInUp&quot;}\" data-widget_type=\"heading.default\">\n\t\t\t\t<div class=\"elementor-widget-container\">\n\t\t\t<h1 class=\"elementor-heading-title elementor-size-default\">Durabilit\u00e9<\/h1>\t\t<\/div>\n\t\t\t\t<\/div>\n\t\t\t\t<div class=\"elementor-element elementor-element-741bc951 elementor-widget__width-initial elementor-invisible kitify-has-entrance-animation elementor-widget elementor-widget-text-editor\" data-id=\"741bc951\" data-element_type=\"widget\" data-settings=\"{&quot;_animation&quot;:&quot;kitifyShortFadeInUp&quot;}\" data-widget_type=\"text-editor.default\">\n\t\t\t\t<div class=\"elementor-widget-container\">\n\t\t\t\t\t\t\t<h4><span style=\"color: #ffffff;\">Le polypropyl\u00e8ne est un mat\u00e9riau r\u00e9utilisable et 100 % recyclable.<\/span><\/h4>\t\t\t\t\t\t<\/div>\n\t\t\t\t<\/div>\n\t\t\t\t\t<\/div>\n\t\t\t\t<\/div>\n\t\t<div class=\"elementor-element elementor-element-16e47854 e-flex e-con-boxed kitify-col-width-auto-no ignore-docs-style-no kitify-disable-relative-no elementor-invisible e-root-container elementor-top-section kitify-has-entrance-animation e-con e-parent\" data-id=\"16e47854\" data-element_type=\"container\" data-settings=\"{&quot;animation&quot;:&quot;kitifyShortFadeInUp&quot;}\">\n\t\t\t\t\t<div class=\"e-con-inner\">\n\t\t<div class=\"elementor-element elementor-element-392b8896 e-con-full e-flex kitify-col-width-auto-no ignore-docs-style-no kitify-disable-relative-no e-con e-child\" data-id=\"392b8896\" data-element_type=\"container\">\n\t\t\t\t<div class=\"elementor-element elementor-element-acc2394 elementor-widget elementor-widget-heading\" data-id=\"acc2394\" data-element_type=\"widget\" data-widget_type=\"heading.default\">\n\t\t\t\t<div class=\"elementor-widget-container\">\n\t\t\t<h2 class=\"elementor-heading-title elementor-size-default\">Nous misons sur des solutions responsables et durables<\/h2>\t\t<\/div>\n\t\t\t\t<\/div>\n\t\t\t\t<\/div>\n\t\t\t\t\t<\/div>\n\t\t\t\t<\/div>\n\t\t<div class=\"elementor-element elementor-element-253f9ece e-flex e-con-boxed kitify-col-width-auto-no ignore-docs-style-no kitify-disable-relative-no e-root-container elementor-top-section e-con e-parent\" data-id=\"253f9ece\" data-element_type=\"container\">\n\t\t\t\t\t<div class=\"e-con-inner\">\n\t\t<div class=\"elementor-element elementor-element-661ce588 e-con-full e-flex kitify-col-width-auto-no ignore-docs-style-no kitify-disable-relative-no elementor-invisible kitify-has-entrance-animation e-con e-child\" data-id=\"661ce588\" data-element_type=\"container\" data-settings=\"{&quot;animation&quot;:&quot;kitifyShortFadeInLeft&quot;}\">\n\t\t\t\t<div class=\"elementor-element elementor-element-3a12e69c elementor-widget elementor-widget-image\" data-id=\"3a12e69c\" data-element_type=\"widget\" data-widget_type=\"image.default\">\n\t\t\t\t<div class=\"elementor-widget-container\">\n\t\t\t\t\t\t\t\t\t\t\t\t\t<img loading=\"lazy\" decoding=\"async\" width=\"675\" height=\"478\" src=\"https:\/\/www.balliuexport.com\/wp-content\/uploads\/2023\/12\/plan-renove.jpg\" class=\"attachment-nova-image-square size-nova-image-square wp-image-15655\" alt=\"\" srcset=\"https:\/\/www.balliuexport.com\/wp-content\/uploads\/2023\/12\/plan-renove.jpg 675w, https:\/\/www.balliuexport.com\/wp-content\/uploads\/2023\/12\/plan-renove-400x283.jpg 400w, https:\/\/www.balliuexport.com\/wp-content\/uploads\/2023\/12\/plan-renove-600x425.jpg 600w, https:\/\/www.balliuexport.com\/wp-content\/uploads\/2023\/12\/plan-renove-80x57.jpg 80w\" sizes=\"auto, (max-width: 675px) 100vw, 675px\" \/>\t\t\t\t\t\t\t\t\t\t\t\t\t<\/div>\n\t\t\t\t<\/div>\n\t\t\t\t<\/div>\n\t\t<div class=\"elementor-element elementor-element-1eed3347 e-con-full e-flex kitify-col-width-auto-no ignore-docs-style-no kitify-disable-relative-no e-con e-child\" data-id=\"1eed3347\" data-element_type=\"container\">\n\t\t\t\t<div class=\"elementor-element elementor-element-60859fbb elementor-invisible kitify-has-entrance-animation elementor-widget elementor-widget-heading\" data-id=\"60859fbb\" data-element_type=\"widget\" data-settings=\"{&quot;_animation&quot;:&quot;kitifyShortFadeInUp&quot;,&quot;_animation_delay&quot;:400}\" data-widget_type=\"heading.default\">\n\t\t\t\t<div class=\"elementor-widget-container\">\n\t\t\t<h2 class=\"elementor-heading-title elementor-size-default\">Plan de renouvellement<\/h2>\t\t<\/div>\n\t\t\t\t<\/div>\n\t\t\t\t<div class=\"elementor-element elementor-element-2660515 elementor-widget elementor-widget-text-editor\" data-id=\"2660515\" data-element_type=\"widget\" data-widget_type=\"text-editor.default\">\n\t\t\t\t<div class=\"elementor-widget-container\">\n\t\t\t\t\t\t\t<p>Nous donnons une nouvelle vie aux transats inutilis\u00e9s de la c\u00f4te m\u00e9diterran\u00e9enne en les transformant en mati\u00e8re premi\u00e8re pour de futurs projets. Parce qu&rsquo;un tourisme durable commence par une gestion responsable des ressources, ce programme symbolise notre engagement en faveur de l&rsquo;\u00e9conomie circulaire et d&rsquo;un avenir plus respectueux de la mer et de l&rsquo;environnement.<\/p>\t\t\t\t\t\t<\/div>\n\t\t\t\t<\/div>\n\t\t\t\t<\/div>\n\t\t\t\t\t<\/div>\n\t\t\t\t<\/div>\n\t\t<div class=\"elementor-element elementor-element-66d40215 e-con-full e-flex kitify-col-width-auto-no ignore-docs-style-no kitify-disable-relative-no elementor-invisible e-root-container elementor-top-section kitify-has-entrance-animation e-con e-parent\" data-id=\"66d40215\" data-element_type=\"container\" data-settings=\"{&quot;animation&quot;:&quot;kitifyShortFadeInUp&quot;}\">\n\t\t\t\t<div class=\"elementor-element elementor-element-6223a86 elementor-widget elementor-widget-heading\" data-id=\"6223a86\" data-element_type=\"widget\" data-widget_type=\"heading.default\">\n\t\t\t\t<div class=\"elementor-widget-container\">\n\t\t\t<h2 class=\"elementor-heading-title elementor-size-default\">Comment fonctionne le plan de renouvellement ?<\/h2>\t\t<\/div>\n\t\t\t\t<\/div>\n\t\t\t\t<div class=\"elementor-element elementor-element-51ac46d elementor-widget elementor-widget-eael-image-accordion\" data-id=\"51ac46d\" data-element_type=\"widget\" data-widget_type=\"eael-image-accordion.default\">\n\t\t\t\t<div class=\"elementor-widget-container\">\n\t\t\t    <div class=\"eael-img-accordion accordion-direction-horizontal eael-img-accordion-horizontal-align-center eael-img-accordion-vertical-align-center\" id=\"eael-img-accordion-51ac46d\" data-img-accordion-id=\"51ac46d\" data-img-accordion-type=\"on-hover\">\n                    \n            <div class=\"eael-image-accordion-hover eael-image-accordion-item\" style=\"background-image: url(https:\/\/www.balliuexport.com\/wp-content\/uploads\/2025\/11\/unnamed-1-5.jpg);\"  tabindex=\"0\">\n                <div class=\"overlay\">\n                    <div class=\"overlay-inner \">\n                                                    <p><p>Nous r\u00e9cup\u00e9rons les chaises longues en r\u00e9sine hors d&rsquo;usage directement dans les locaux du client, nous nous chargeons du transport et garantissons une gestion responsable du mat\u00e9riel.<\/p><\/p>\n                                            <\/div>\n                <\/div>\n            <\/div>\n                    \n            <div class=\"eael-image-accordion-hover eael-image-accordion-item\" style=\"background-image: url(https:\/\/www.balliuexport.com\/wp-content\/uploads\/2025\/11\/close-up-of-male-hand-holding-plastic-polymer-granules.jpg);\"  tabindex=\"0\">\n                <div class=\"overlay\">\n                    <div class=\"overlay-inner \">\n                                                    <p><p>Nous trions et pr\u00e9parons la r\u00e9sine apte au recyclage, en veillant \u00e0 ce qu&rsquo;elle r\u00e9ponde aux normes de qualit\u00e9 et de durabilit\u00e9 qui caract\u00e9risent Balliu.<\/p><\/p>\n                                            <\/div>\n                <\/div>\n            <\/div>\n                    \n            <div class=\"eael-image-accordion-hover eael-image-accordion-item\" style=\"background-image: url(https:\/\/www.balliuexport.com\/wp-content\/uploads\/2025\/11\/IMG_8572-1-1.jpg);\"  tabindex=\"0\">\n                <div class=\"overlay\">\n                    <div class=\"overlay-inner \">\n                                                    <p><p>Nous transformons le mat\u00e9riau en granul\u00e9s recycl\u00e9s, que nous r\u00e9introduisons dans la fabrication de nouveaux mod\u00e8les, r\u00e9duisant ainsi l&rsquo;utilisation de mati\u00e8res premi\u00e8res vierges.<\/p><\/p>\n                                            <\/div>\n                <\/div>\n            <\/div>\n                    \n            <div class=\"eael-image-accordion-hover eael-image-accordion-item\" style=\"background-image: url(https:\/\/www.balliuexport.com\/wp-content\/uploads\/2025\/11\/balliu-eva-pro-arena-outdoor-furniture-mobiliario-terraza-jardin-01-scaled-1.jpg);\"  tabindex=\"0\">\n                <div class=\"overlay\">\n                    <div class=\"overlay-inner \">\n                                                    <p><p>Nous avons remplac\u00e9 les transats obsol\u00e8tes par de nouveaux mod\u00e8les plus durables, dans leur version blanche, garantissant le m\u00eame niveau de qualit\u00e9 qui caract\u00e9rise Balliu et renfor\u00e7ant notre engagement en faveur de l&rsquo;\u00e9conomie circulaire.<\/p><\/p>\n                                            <\/div>\n                <\/div>\n            <\/div>\n                <\/div>\n        <style typr=\"text\/css\">\n                    #eael-img-accordion-51ac46d .eael-image-accordion-hover:hover {\n                        flex: 3 1 0% !important;\n                    }\n                    #eael-img-accordion-51ac46d .eael-image-accordion-hover:hover:hover .overlay-inner * {\n                        opacity: 1;\n                        visibility: visible;\n                        transform: none;\n                        transition: all .3s .3s;\n                    }\n                <\/style>\t\t<\/div>\n\t\t\t\t<\/div>\n\t\t\t\t<\/div>\n\t\t<div class=\"elementor-element elementor-element-45f83cc e-flex e-con-boxed kitify-col-width-auto-no ignore-docs-style-no kitify-disable-relative-no e-root-container elementor-top-section e-con e-parent\" data-id=\"45f83cc\" data-element_type=\"container\" data-settings=\"{&quot;background_background&quot;:&quot;classic&quot;}\">\n\t\t\t\t\t<div class=\"e-con-inner\">\n\t\t<div class=\"elementor-element elementor-element-bde68ae e-con-full e-flex kitify-col-width-auto-no ignore-docs-style-no kitify-disable-relative-no elementor-invisible kitify-has-entrance-animation e-con e-child\" data-id=\"bde68ae\" data-element_type=\"container\" data-settings=\"{&quot;animation&quot;:&quot;kitifyShortFadeInLeft&quot;}\">\n\t\t\t\t<div class=\"elementor-element elementor-element-54466b5 elementor-widget elementor-widget-image\" data-id=\"54466b5\" data-element_type=\"widget\" data-widget_type=\"image.default\">\n\t\t\t\t<div class=\"elementor-widget-container\">\n\t\t\t\t\t\t\t\t\t\t\t\t\t<img loading=\"lazy\" decoding=\"async\" width=\"675\" height=\"478\" src=\"https:\/\/www.balliuexport.com\/wp-content\/uploads\/2023\/12\/mobiliario-sostenible.jpg\" class=\"attachment-nova-image-square size-nova-image-square wp-image-15658\" alt=\"\" srcset=\"https:\/\/www.balliuexport.com\/wp-content\/uploads\/2023\/12\/mobiliario-sostenible.jpg 675w, https:\/\/www.balliuexport.com\/wp-content\/uploads\/2023\/12\/mobiliario-sostenible-400x283.jpg 400w, https:\/\/www.balliuexport.com\/wp-content\/uploads\/2023\/12\/mobiliario-sostenible-600x425.jpg 600w, https:\/\/www.balliuexport.com\/wp-content\/uploads\/2023\/12\/mobiliario-sostenible-80x57.jpg 80w\" sizes=\"auto, (max-width: 675px) 100vw, 675px\" \/>\t\t\t\t\t\t\t\t\t\t\t\t\t<\/div>\n\t\t\t\t<\/div>\n\t\t\t\t<\/div>\n\t\t<div class=\"elementor-element elementor-element-4b1af14 e-con-full e-flex kitify-col-width-auto-no ignore-docs-style-no kitify-disable-relative-no e-con e-child\" data-id=\"4b1af14\" data-element_type=\"container\">\n\t\t\t\t<div class=\"elementor-element elementor-element-4367e6b elementor-invisible kitify-has-entrance-animation elementor-widget elementor-widget-heading\" data-id=\"4367e6b\" data-element_type=\"widget\" data-settings=\"{&quot;_animation&quot;:&quot;kitifyShortFadeInUp&quot;,&quot;_animation_delay&quot;:400}\" data-widget_type=\"heading.default\">\n\t\t\t\t<div class=\"elementor-widget-container\">\n\t\t\t<h2 class=\"elementor-heading-title elementor-size-default\">Mobilier durable<\/h2>\t\t<\/div>\n\t\t\t\t<\/div>\n\t\t\t\t<div class=\"elementor-element elementor-element-4452839 elementor-widget elementor-widget-text-editor\" data-id=\"4452839\" data-element_type=\"widget\" data-widget_type=\"text-editor.default\">\n\t\t\t\t<div class=\"elementor-widget-container\">\n\t\t\t\t\t\t\t<p>Chez Balliu, nous concevons des meubles qui r\u00e9sistent au temps. Nous misons sur des solutions de r\u00e9paration qui prolongent la dur\u00e9e de vie de chaque pi\u00e8ce et r\u00e9duisent l&rsquo;impact environnemental. Nos chaises longues en polypropyl\u00e8ne int\u00e8grent des mat\u00e9riaux recycl\u00e9s dans le mod\u00e8le blanc, refl\u00e9tant un engagement r\u00e9el en faveur de la durabilit\u00e9 et de l&rsquo;\u00e9conomie circulaire.<\/p>\t\t\t\t\t\t<\/div>\n\t\t\t\t<\/div>\n\t\t\t\t<\/div>\n\t\t\t\t\t<\/div>\n\t\t\t\t<\/div>\n\t\t<div class=\"elementor-element elementor-element-48c6b82 e-flex e-con-boxed kitify-col-width-auto-no ignore-docs-style-no kitify-disable-relative-no e-root-container elementor-top-section e-con e-parent\" data-id=\"48c6b82\" data-element_type=\"container\">\n\t\t\t\t\t<div class=\"e-con-inner\">\n\t\t\t\t<div class=\"elementor-element elementor-element-56b294f elementor-widget elementor-widget-heading\" data-id=\"56b294f\" data-element_type=\"widget\" data-widget_type=\"heading.default\">\n\t\t\t\t<div class=\"elementor-widget-container\">\n\t\t\t<h2 class=\"elementor-heading-title elementor-size-default\">Rapport d'impact environnemental<\/h2>\t\t<\/div>\n\t\t\t\t<\/div>\n\t\t\t\t<div class=\"elementor-element elementor-element-a6f24b7 elementor-align-center elementor-widget elementor-widget-button\" data-id=\"a6f24b7\" data-element_type=\"widget\" data-widget_type=\"button.default\">\n\t\t\t\t<div class=\"elementor-widget-container\">\n\t\t\t\t\t\t\t<div class=\"elementor-button-wrapper\">\n\t\t\t\t\t<a class=\"elementor-button elementor-button-link elementor-size-sm\" href=\"https:\/\/www.balliuexport.com\/wp-content\/uploads\/2025\/05\/Presentacio-Sostenibilitat-FR.pdf\">\n\t\t\t\t\t\t<span class=\"elementor-button-content-wrapper\">\n\t\t\t\t\t\t<span class=\"elementor-button-icon\">\n\t\t\t\t<i aria-hidden=\"true\" class=\"icofont icofont-download\"><\/i>\t\t\t<\/span>\n\t\t\t\t\t\t\t\t\t<span class=\"elementor-button-text\">T\u00e9l\u00e9charger<\/span>\n\t\t\t\t\t<\/span>\n\t\t\t\t\t<\/a>\n\t\t\t\t<\/div>\n\t\t\t\t\t\t<\/div>\n\t\t\t\t<\/div>\n\t\t\t\t\t<\/div>\n\t\t\t\t<\/div>\n\t\t<div class=\"elementor-element elementor-element-10dbf91 e-flex e-con-boxed kitify-col-width-auto-no ignore-docs-style-no kitify-disable-relative-no e-root-container elementor-top-section e-con e-parent\" data-id=\"10dbf91\" data-element_type=\"container\">\n\t\t\t\t\t<div class=\"e-con-inner\">\n\t\t<div class=\"elementor-element elementor-element-ea2b995 e-flex e-con-boxed kitify-col-width-auto-no ignore-docs-style-no kitify-disable-relative-no e-con e-child\" data-id=\"ea2b995\" data-element_type=\"container\">\n\t\t\t\t\t<div class=\"e-con-inner\">\n\t\t\t\t<div class=\"elementor-element elementor-element-aea6c86 elementor-widget__width-auto elementor-invisible kitify-has-entrance-animation elementor-widget elementor-widget-heading\" data-id=\"aea6c86\" data-element_type=\"widget\" data-settings=\"{&quot;_animation&quot;:&quot;kitifyShortFadeInUp&quot;,&quot;_animation_delay&quot;:400}\" data-widget_type=\"heading.default\">\n\t\t\t\t<div class=\"elementor-widget-container\">\n\t\t\t<h1 class=\"elementor-heading-title elementor-size-default\">Eva pro<\/h1>\t\t<\/div>\n\t\t\t\t<\/div>\n\t\t\t\t\t<\/div>\n\t\t\t\t<\/div>\n\t\t\t\t<div class=\"elementor-element elementor-element-4208813 elementor-position-top elementor-widget elementor-widget-image-box\" data-id=\"4208813\" data-element_type=\"widget\" data-widget_type=\"image-box.default\">\n\t\t\t\t<div class=\"elementor-widget-container\">\n\t\t\t<div class=\"elementor-image-box-wrapper\"><figure class=\"elementor-image-box-img\"><img loading=\"lazy\" decoding=\"async\" width=\"800\" height=\"614\" src=\"https:\/\/www.balliuexport.com\/wp-content\/uploads\/2025\/11\/eva-pro-blanco-01-00-800x614-1.jpg\" class=\"attachment-full size-full wp-image-66571\" alt=\"\" srcset=\"https:\/\/www.balliuexport.com\/wp-content\/uploads\/2025\/11\/eva-pro-blanco-01-00-800x614-1.jpg 800w, https:\/\/www.balliuexport.com\/wp-content\/uploads\/2025\/11\/eva-pro-blanco-01-00-800x614-1-400x307.jpg 400w, https:\/\/www.balliuexport.com\/wp-content\/uploads\/2025\/11\/eva-pro-blanco-01-00-800x614-1-600x461.jpg 600w, https:\/\/www.balliuexport.com\/wp-content\/uploads\/2025\/11\/eva-pro-blanco-01-00-800x614-1-768x589.jpg 768w, https:\/\/www.balliuexport.com\/wp-content\/uploads\/2025\/11\/eva-pro-blanco-01-00-800x614-1-80x61.jpg 80w\" sizes=\"auto, (max-width: 800px) 100vw, 800px\" \/><\/figure><div class=\"elementor-image-box-content\"><h3 class=\"elementor-image-box-title\">100 % recyclable et durable, avec une garantie de 5 ans sur le ch\u00e2ssis.<\/h3><p class=\"elementor-image-box-description\">Certifi\u00e9e conforme \u00e0 la r\u00e9glementation: ASTM F1988-99 820214) I EN 581<\/p><\/div><\/div>\t\t<\/div>\n\t\t\t\t<\/div>\n\t\t\t\t<div class=\"elementor-element elementor-element-820a10d elementor-align-center elementor-widget elementor-widget-button\" data-id=\"820a10d\" data-element_type=\"widget\" data-widget_type=\"button.default\">\n\t\t\t\t<div class=\"elementor-widget-container\">\n\t\t\t\t\t\t\t<div class=\"elementor-button-wrapper\">\n\t\t\t\t\t<a class=\"elementor-button elementor-button-link elementor-size-sm\" href=\"https:\/\/www.balliuexport.com\/fr\/produit\/baindesoleil-en-resine-evapro\/\">\n\t\t\t\t\t\t<span class=\"elementor-button-content-wrapper\">\n\t\t\t\t\t\t<span class=\"elementor-button-icon\">\n\t\t\t\t<i aria-hidden=\"true\" class=\"dlicon shopping_cart\"><\/i>\t\t\t<\/span>\n\t\t\t\t\t\t\t\t\t<span class=\"elementor-button-text\">Voir produit<\/span>\n\t\t\t\t\t<\/span>\n\t\t\t\t\t<\/a>\n\t\t\t\t<\/div>\n\t\t\t\t\t\t<\/div>\n\t\t\t\t<\/div>\n\t\t\t\t\t<\/div>\n\t\t\t\t<\/div>\n\t\t\t\t<\/div>\n\t\t","protected":false},"excerpt":{"rendered":"<p>icona-sostenibilidad-blanc Durabilit\u00e9 Le polypropyl\u00e8ne est un mat\u00e9riau r\u00e9utilisable et 100 % recyclable. Nous misons sur des solutions responsables et durables Plan de renouvellement Nous donnons une nouvelle vie aux transats inutilis\u00e9s de la c\u00f4te m\u00e9diterran\u00e9enne en les transformant en mati\u00e8re premi\u00e8re pour de futurs projets. Parce qu&rsquo;un tourisme durable commence par une gestion responsable des ressources, ce programme symbolise notre\u2026<\/p>\n","protected":false},"author":1,"featured_media":0,"parent":0,"menu_order":0,"comment_status":"closed","ping_status":"closed","template":"elementor_header_footer","meta":{"_acf_changed":false,"footnotes":""},"class_list":["post-15654","page","type-page","status-publish","hentry"],"acf":[],"_links":{"self":[{"href":"https:\/\/www.balliuexport.com\/fr\/wp-json\/wp\/v2\/pages\/15654","targetHints":{"allow":["GET"]}}],"collection":[{"href":"https:\/\/www.balliuexport.com\/fr\/wp-json\/wp\/v2\/pages"}],"about":[{"href":"https:\/\/www.balliuexport.com\/fr\/wp-json\/wp\/v2\/types\/page"}],"author":[{"embeddable":true,"href":"https:\/\/www.balliuexport.com\/fr\/wp-json\/wp\/v2\/users\/1"}],"replies":[{"embeddable":true,"href":"https:\/\/www.balliuexport.com\/fr\/wp-json\/wp\/v2\/comments?post=15654"}],"version-history":[{"count":46,"href":"https:\/\/www.balliuexport.com\/fr\/wp-json\/wp\/v2\/pages\/15654\/revisions"}],"predecessor-version":[{"id":71078,"href":"https:\/\/www.balliuexport.com\/fr\/wp-json\/wp\/v2\/pages\/15654\/revisions\/71078"}],"wp:attachment":[{"href":"https:\/\/www.balliuexport.com\/fr\/wp-json\/wp\/v2\/media?parent=15654"}],"curies":[{"name":"wp","href":"https:\/\/api.w.org\/{rel}","templated":true}]}}