{"id":72155,"date":"2026-04-01T14:11:15","date_gmt":"2026-04-01T12:11:15","guid":{"rendered":"https:\/\/www.balliuexport.com\/politique-de-qualite-et-environnement\/"},"modified":"2026-04-01T15:40:17","modified_gmt":"2026-04-01T13:40:17","slug":"politique-de-qualite-et-environnement","status":"publish","type":"page","link":"https:\/\/www.balliuexport.com\/fr\/politique-de-qualite-et-environnement\/","title":{"rendered":"Politique en mati\u00e8re de qualit\u00e9 et d&rsquo;environnement"},"content":{"rendered":"\t\t<div data-elementor-type=\"wp-page\" data-elementor-id=\"72155\" class=\"elementor elementor-72155 elementor-68763\" data-elementor-post-type=\"page\">\n\t\t\t\t<div class=\"elementor-element elementor-element-cbbf6ec e-flex e-con-boxed kitify-col-width-auto-no ignore-docs-style-no kitify-disable-relative-no e-root-container elementor-top-section e-con e-parent\" data-id=\"cbbf6ec\" data-element_type=\"container\">\n\t\t\t\t\t<div class=\"e-con-inner\">\n\t\t\t\t<div class=\"elementor-element elementor-element-4fdda43 elementor-widget elementor-widget-heading\" data-id=\"4fdda43\" data-element_type=\"widget\" data-widget_type=\"heading.default\">\n\t\t\t\t<div class=\"elementor-widget-container\">\n\t\t\t<h2 class=\"elementor-heading-title elementor-size-default\">Politique en mati\u00e8re de qualit\u00e9 et d'environnement<\/h2>\t\t<\/div>\n\t\t\t\t<\/div>\n\t\t\t\t\t<\/div>\n\t\t\t\t<\/div>\n\t\t<div class=\"elementor-element elementor-element-042c598 e-flex e-con-boxed kitify-col-width-auto-no ignore-docs-style-no kitify-disable-relative-no e-root-container elementor-top-section e-con e-parent\" data-id=\"042c598\" data-element_type=\"container\">\n\t\t\t\t\t<div class=\"e-con-inner\">\n\t\t\t\t<div class=\"elementor-element elementor-element-13d21af elementor-widget elementor-widget-text-editor\" data-id=\"13d21af\" data-element_type=\"widget\" data-widget_type=\"text-editor.default\">\n\t\t\t\t<div class=\"elementor-widget-container\">\n\t\t\t\t\t\t\t<p data-start=\"3194\" data-end=\"3481\"><span style=\"color: #7a7a7a;\">La direction de BALLIU EXPORT, S.A., entreprise sp\u00e9cialis\u00e9e dans la conception, la fabrication et la distribution de mobilier d&rsquo;ext\u00e9rieur, d\u00e9clare que <strong data-start=\"3329\" data-end=\"3340\">la qualit\u00e9 et la<\/strong> <strong data-start=\"3345\" data-end=\"3378\">protection de l&rsquo;environnement<\/strong>, ainsi que l&rsquo;am\u00e9lioration continue, sont des principes permanents dans le d\u00e9veloppement de toutes ses activit\u00e9s. Avec cet engagement, l&rsquo;organisation \u00e9tablit et maintient un <strong data-start=\"3544\" data-end=\"3594\">syst\u00e8me de gestion de la qualit\u00e9 et de l&rsquo;environnement<\/strong> bas\u00e9 sur des processus, sur l&rsquo;\u00e9valuation des risques et des opportunit\u00e9s, et sur l&rsquo;am\u00e9lioration continue de ses performances, en tant qu&rsquo;\u00e9l\u00e9ments essentiels pour le d\u00e9veloppement durable et la solidit\u00e9 de l&rsquo;entreprise. Cette politique se fonde sur l&rsquo;objectif et le contexte de l&rsquo;organisation, analys\u00e9s p\u00e9riodiquement en tenant compte des questions internes et externes, des exigences et des attentes des parties int\u00e9ress\u00e9es, ainsi que de la nature, de l&rsquo;ampleur et de l&rsquo;impact sur l&rsquo;environnement de nos activit\u00e9s, de nos produits et de nos services. Sur cette base, BALLIU EXPORT, S.A. concentre ses actions sur :   <\/span><\/p><ul><li data-section-id=\"h1djak\" data-start=\"4194\" data-end=\"4256\"><span style=\"color: #7a7a7a;\">Atteindre un haut niveau de satisfaction chez nos clients.<\/span><\/li><li data-section-id=\"1oik4ee\" data-start=\"4258\" data-end=\"4480\"><span style=\"color: #7a7a7a;\">Veiller au respect des exigences applicables, notamment des dispositions l\u00e9gales, r\u00e8glementaires et normatives, ainsi que des autres engagements pris par l&rsquo;organisation en mati\u00e8re de qualit\u00e9 et d&rsquo;environnement.<\/span><\/li><li data-section-id=\"dgpisy\" data-start=\"4482\" data-end=\"4553\"><span style=\"color: #7a7a7a;\">Favoriser une communication fluide et efficace avec les parties prenantes.<\/span><\/li><li data-section-id=\"91rzc5\" data-start=\"4555\" data-end=\"4814\"><span style=\"color: #7a7a7a;\">Proposer des produits et des services de qualit\u00e9, en encourageant l&rsquo;utilisation de technologies efficaces, le d\u00e9veloppement des comp\u00e9tences et la sensibilisation du personnel, ainsi que la mise en place de processus visant \u00e0 pr\u00e9venir, r\u00e9duire ou minimiser les impacts environnementaux n\u00e9gatifs.<\/span><\/li><li data-section-id=\"u9uxn9\" data-start=\"4816\" data-end=\"4962\"><span style=\"color: #7a7a7a;\">Identifier, \u00e9valuer et maitriser les aspects environnementaux de nos activit\u00e9s, produits et services dans une perspective de cycle de vie.<\/span><\/li><li data-section-id=\"rv3dvc\" data-start=\"4964\" data-end=\"5161\"><span style=\"color: #7a7a7a;\">Promouvoir l&rsquo;am\u00e9lioration continue du syst\u00e8me de gestion de la qualit\u00e9 et de l&rsquo;environnement par la d\u00e9finition et la r\u00e9vision p\u00e9riodique d&rsquo;objectifs mesurables permettant d&rsquo;\u00e9valuer son efficacit\u00e9 et son \u00e9volution.<\/span><\/li><\/ul><p><span style=\"color: #7a7a7a;\">Cet engagement se refl\u00e8te \u00e9galement dans des initiatives et des actions sp\u00e9cifiques d\u00e9velopp\u00e9es par l&rsquo;organisation, notamment l&rsquo;utilisation de mat\u00e9riaux recyclables, la promotion du plan de r\u00e9novation dans le cadre d&rsquo;une strat\u00e9gie visant l&rsquo;\u00e9conomie circulaire et la r\u00e9incorporation de mat\u00e9riaux r\u00e9cup\u00e9r\u00e9s dans le processus de production, l&rsquo;installation de panneaux solaires dans nos installations centrales et la certification <strong data-start=\"5649\" data-end=\"5662\">ISO 14001<\/strong>, qui soutient notre engagement \u00e0 am\u00e9liorer les performances environnementales et le respect des exigences applicables. La direction de BALLIU EXPORT, S.A. assume pleinement cette politique et s&rsquo;engage \u00e0 fournir les moyens n\u00e9cessaires \u00e0 sa mise en \u0153uvre, son maintien, sa communication et sa compr\u00e9hension par l&rsquo;ensemble du personnel, ainsi qu&rsquo;\u00e0 la tenir \u00e0 la disposition des parties int\u00e9ress\u00e9es. <\/span><\/p><p><span style=\"color: #7a7a7a;\">Pour plus d&rsquo;informations, les parties int\u00e9ress\u00e9es peuvent consulter <strong><a style=\"color: #7a7a7a;\" href=\"https:\/\/www.balliuexport.com\/fr\/durabilite\/\">notre section du durabilit\u00e9<\/a><\/strong>, o\u00f9 ces initiatives sont pr\u00e9sent\u00e9es plus en d\u00e9tail et o\u00f9 le rapport d&rsquo;<a style=\"color: #7a7a7a;\" href=\"https:\/\/www.balliuexport.com\/wp-content\/uploads\/2025\/05\/Presentacio-Sostenibilitat-ESP.pdf\">impact environnemental est disponible.<\/a><\/span><\/p>\t\t\t\t\t\t<\/div>\n\t\t\t\t<\/div>\n\t\t\t\t\t<\/div>\n\t\t\t\t<\/div>\n\t\t\t\t<\/div>\n\t\t","protected":false},"excerpt":{"rendered":"<p>Politique en mati\u00e8re de qualit\u00e9 et d&rsquo;environnement La direction de BALLIU EXPORT, S.A., entreprise sp\u00e9cialis\u00e9e dans la conception, la fabrication et la distribution de mobilier d&rsquo;ext\u00e9rieur, d\u00e9clare que la qualit\u00e9 et la protection de l&rsquo;environnement, ainsi que l&rsquo;am\u00e9lioration continue, sont des principes permanents dans le d\u00e9veloppement de toutes ses activit\u00e9s. Avec cet engagement, l&rsquo;organisation \u00e9tablit et maintient un syst\u00e8me de\u2026<\/p>\n","protected":false},"author":1259,"featured_media":0,"parent":0,"menu_order":0,"comment_status":"closed","ping_status":"closed","template":"","meta":{"_acf_changed":false,"footnotes":""},"class_list":["post-72155","page","type-page","status-publish","hentry"],"acf":[],"_links":{"self":[{"href":"https:\/\/www.balliuexport.com\/fr\/wp-json\/wp\/v2\/pages\/72155","targetHints":{"allow":["GET"]}}],"collection":[{"href":"https:\/\/www.balliuexport.com\/fr\/wp-json\/wp\/v2\/pages"}],"about":[{"href":"https:\/\/www.balliuexport.com\/fr\/wp-json\/wp\/v2\/types\/page"}],"author":[{"embeddable":true,"href":"https:\/\/www.balliuexport.com\/fr\/wp-json\/wp\/v2\/users\/1259"}],"replies":[{"embeddable":true,"href":"https:\/\/www.balliuexport.com\/fr\/wp-json\/wp\/v2\/comments?post=72155"}],"version-history":[{"count":1,"href":"https:\/\/www.balliuexport.com\/fr\/wp-json\/wp\/v2\/pages\/72155\/revisions"}],"predecessor-version":[{"id":72156,"href":"https:\/\/www.balliuexport.com\/fr\/wp-json\/wp\/v2\/pages\/72155\/revisions\/72156"}],"wp:attachment":[{"href":"https:\/\/www.balliuexport.com\/fr\/wp-json\/wp\/v2\/media?parent=72155"}],"curies":[{"name":"wp","href":"https:\/\/api.w.org\/{rel}","templated":true}]}}