{"id":72167,"date":"2026-04-01T15:45:42","date_gmt":"2026-04-01T13:45:42","guid":{"rendered":"https:\/\/www.balliuexport.com\/evaluation-des-fournisseurs\/"},"modified":"2026-04-01T15:58:25","modified_gmt":"2026-04-01T13:58:25","slug":"evaluation-des-fournisseurs","status":"publish","type":"page","link":"https:\/\/www.balliuexport.com\/fr\/evaluation-des-fournisseurs\/","title":{"rendered":"\u00c9valuation de fournisseur"},"content":{"rendered":"\t\t<div data-elementor-type=\"wp-page\" data-elementor-id=\"72167\" class=\"elementor elementor-72167 elementor-72158\" data-elementor-post-type=\"page\">\n\t\t\t\t<div class=\"elementor-element elementor-element-612a6e6 e-flex e-con-boxed kitify-col-width-auto-no ignore-docs-style-no kitify-disable-relative-no e-root-container elementor-top-section e-con e-parent\" data-id=\"612a6e6\" data-element_type=\"container\">\n\t\t\t\t\t<div class=\"e-con-inner\">\n\t\t\t\t<div class=\"elementor-element elementor-element-ab0fafe elementor-widget elementor-widget-heading\" data-id=\"ab0fafe\" data-element_type=\"widget\" data-widget_type=\"heading.default\">\n\t\t\t\t<div class=\"elementor-widget-container\">\n\t\t\t<h2 class=\"elementor-heading-title elementor-size-default\">\u00c9valuation de fournisseur<\/h2>\t\t<\/div>\n\t\t\t\t<\/div>\n\t\t\t\t<div class=\"elementor-element elementor-element-1001319 elementor-widget elementor-widget-text-editor\" data-id=\"1001319\" data-element_type=\"widget\" data-widget_type=\"text-editor.default\">\n\t\t\t\t<div class=\"elementor-widget-container\">\n\t\t\t\t\t\t\t<p data-start=\"604\" data-end=\"841\"><strong data-start=\"632\" data-end=\"671\">Tous les fournisseurs seront \u00e9valu\u00e9s<\/strong> chaque ann\u00e9e afin de v\u00e9rifier leur capacit\u00e9 \u00e0 r\u00e9pondre aux exigences \u00e9tablies par BALLIU EXPORT, S.A. et \u00e0 garantir un niveau ad\u00e9quat de qualit\u00e9, de service et de comp\u00e9titivit\u00e9. Les crit\u00e8res d&rsquo;\u00e9valuation sont d\u00e9taill\u00e9s ci-dessous : <\/p><p data-start=\"901\" data-end=\"914\"><strong>Service<\/strong><br>Ce crit\u00e8re \u00e9value le niveau de service offert par le fournisseur avant, pendant et apr\u00e8s la fourniture ou la prestation. Il analyse, entre autres, sa capacit\u00e9 d&rsquo;attention et de r\u00e9action, sa volont\u00e9 de traiter les incidents, l&rsquo;assistance technique offerte, la gestion des \u00e9v\u00e9nements impr\u00e9vus et l&rsquo;efficacit\u00e9 de la r\u00e9solution des r\u00e9clamations, des rejets et des retours. <\/p><p data-start=\"901\" data-end=\"914\"><strong>Prix<\/strong><br>Ce crit\u00e8re \u00e9value la comp\u00e9titivit\u00e9 de l&rsquo;offre \u00e9conomique du fournisseur, en tenant compte des conditions commerciales appliqu\u00e9es, de ses performances lors d&rsquo;attributions pr\u00e9c\u00e9dentes et, le cas \u00e9ch\u00e9ant, des remises ou autres am\u00e9liorations \u00e9conomiques propos\u00e9es.<\/p><p data-start=\"901\" data-end=\"914\"><strong>Qualit\u00e9 du produit et\/ou du service<\/strong><br>Ce crit\u00e8re \u00e9value le degr\u00e9 de conformit\u00e9 des produits ou des services fournis avec les exigences et les sp\u00e9cifications \u00e9tablies par BALLIU EXPORT, S.A. Il \u00e9value si la fourniture ou le service est conforme aux conditions convenues, ainsi que l&rsquo;existence d&rsquo;incidents, de retours, de rejets ou de toute autre d\u00e9viation d\u00e9tect\u00e9e.<\/p>\t\t\t\t\t\t<\/div>\n\t\t\t\t<\/div>\n\t\t\t\t\t<\/div>\n\t\t\t\t<\/div>\n\t\t\t\t<\/div>\n\t\t","protected":false},"excerpt":{"rendered":"<p>\u00c9valuation de fournisseur Tous les fournisseurs seront \u00e9valu\u00e9s chaque ann\u00e9e afin de v\u00e9rifier leur capacit\u00e9 \u00e0 r\u00e9pondre aux exigences \u00e9tablies par BALLIU EXPORT, S.A. et \u00e0 garantir un niveau ad\u00e9quat de qualit\u00e9, de service et de comp\u00e9titivit\u00e9. Les crit\u00e8res d&rsquo;\u00e9valuation sont d\u00e9taill\u00e9s ci-dessous : ServiceCe crit\u00e8re \u00e9value le niveau de service offert par le fournisseur avant, pendant et apr\u00e8s la\u2026<\/p>\n","protected":false},"author":1259,"featured_media":0,"parent":0,"menu_order":0,"comment_status":"closed","ping_status":"closed","template":"","meta":{"_acf_changed":false,"footnotes":""},"class_list":["post-72167","page","type-page","status-publish","hentry"],"acf":[],"_links":{"self":[{"href":"https:\/\/www.balliuexport.com\/fr\/wp-json\/wp\/v2\/pages\/72167","targetHints":{"allow":["GET"]}}],"collection":[{"href":"https:\/\/www.balliuexport.com\/fr\/wp-json\/wp\/v2\/pages"}],"about":[{"href":"https:\/\/www.balliuexport.com\/fr\/wp-json\/wp\/v2\/types\/page"}],"author":[{"embeddable":true,"href":"https:\/\/www.balliuexport.com\/fr\/wp-json\/wp\/v2\/users\/1259"}],"replies":[{"embeddable":true,"href":"https:\/\/www.balliuexport.com\/fr\/wp-json\/wp\/v2\/comments?post=72167"}],"version-history":[{"count":1,"href":"https:\/\/www.balliuexport.com\/fr\/wp-json\/wp\/v2\/pages\/72167\/revisions"}],"predecessor-version":[{"id":72168,"href":"https:\/\/www.balliuexport.com\/fr\/wp-json\/wp\/v2\/pages\/72167\/revisions\/72168"}],"wp:attachment":[{"href":"https:\/\/www.balliuexport.com\/fr\/wp-json\/wp\/v2\/media?parent=72167"}],"curies":[{"name":"wp","href":"https:\/\/api.w.org\/{rel}","templated":true}]}}