{"id":72220,"date":"2026-04-01T16:39:19","date_gmt":"2026-04-01T14:39:19","guid":{"rendered":"https:\/\/www.balliuexport.com\/politique-de-garantie\/"},"modified":"2026-04-07T10:37:28","modified_gmt":"2026-04-07T08:37:28","slug":"politique-de-garantie","status":"publish","type":"page","link":"https:\/\/www.balliuexport.com\/fr\/politique-de-garantie\/","title":{"rendered":"Politique de garantie"},"content":{"rendered":"\t\t<div data-elementor-type=\"wp-page\" data-elementor-id=\"72220\" class=\"elementor elementor-72220 elementor-72170\" data-elementor-post-type=\"page\">\n\t\t\t\t<div class=\"elementor-element elementor-element-e804490 e-flex e-con-boxed kitify-col-width-auto-no ignore-docs-style-no kitify-disable-relative-no e-root-container elementor-top-section e-con e-parent\" data-id=\"e804490\" data-element_type=\"container\">\n\t\t\t\t\t<div class=\"e-con-inner\">\n\t\t\t\t<div class=\"elementor-element elementor-element-dbfa9c6 elementor-widget elementor-widget-heading\" data-id=\"dbfa9c6\" data-element_type=\"widget\" data-widget_type=\"heading.default\">\n\t\t\t\t<div class=\"elementor-widget-container\">\n\t\t\t<h2 class=\"elementor-heading-title elementor-size-default\">Garantie des produits<\/h2>\t\t<\/div>\n\t\t\t\t<\/div>\n\t\t\t\t<div class=\"elementor-element elementor-element-c083e87 elementor-widget elementor-widget-text-editor\" data-id=\"c083e87\" data-element_type=\"widget\" data-widget_type=\"text-editor.default\">\n\t\t\t\t<div class=\"elementor-widget-container\">\n\t\t\t\t\t\t\t<p>Balliu Export S.A., dont le si\u00e8ge social est situ\u00e9 Ctra. C-35, Km. 93,5, 17455 &#8211; Caldes de Malavella, garantit ses produits comme suit : <\/p><p>&#8211; Garantie sur le ch\u00e2ssis et la structure de vos produits : 3 ans \u00e0 compter de la date de facturation.<br>&#8211; Garantie exclusive sur le ch\u00e2ssis et la structure des mod\u00e8les de transats Eva Pro et Eva Pro T : 5 ans \u00e0 compter de la date de facturation.<\/p><p>La garantie s&rsquo;applique \u00e0 tous les pays dans lesquels les produits sont fournis par des distributeurs agr\u00e9\u00e9s de Balliu Export S.A. Cette garantie ne couvre pas les d\u00e9fauts r\u00e9sultant de l&rsquo;usure naturelle ou de l&rsquo;utilisation (par exemple, d\u00e9coloration ou \u00e9caillage de la peinture, rayures, fissures, etc.). La garantie ne s&rsquo;applique pas non plus en cas de mauvaise utilisation, d&rsquo;utilisation inappropri\u00e9e du produit, de manipulation incorrecte de celui-ci, de d\u00e9t\u00e9rioration du produit due \u00e0 des agents externes obstructifs ou corrosifs, ou bien due \u00e0 un entretien inad\u00e9quat, \u00e0 un manque de nettoyage ou \u00e0 l&rsquo;utilisation de pi\u00e8ces de rechange non d&rsquo;origine de la marque, etc.<br> <\/p><p>Cette garantie ne couvre pas non plus les d\u00e9fauts r\u00e9sultant d&rsquo;intemp\u00e9ries, de catastrophes naturelles ou de guerres, ni aucun autre cas de nature similaire. La main-d&rsquo;\u0153uvre n\u00e9cessaire au montage des pi\u00e8ces cass\u00e9es ou endommag\u00e9es n&rsquo;est pas incluse. La garantie de Balliu Export S.A. se limitera \u00e0 la fourniture des pi\u00e8ces que celle-ci consid\u00e8re et reconna\u00eet comme pr\u00e9sentant un d\u00e9faut de fabrication ou s&rsquo;\u00e9tant cass\u00e9es lors de leur utilisation dans les conditions d\u00e9crites ci-dessus, sans frais de transport pour le client.<br>  <\/p><p>De plus, Balliu Export S.A. garantit tous les tissus de ses produits contre la d\u00e9chirure, les changements de couleur ou la d\u00e9coloration dus aux rayons ultraviolets, \u00e0 condition que l&rsquo;utilisation et l&rsquo;entretien recommand\u00e9s par Balliu Export S.A. aient \u00e9t\u00e9 respect\u00e9s, et ce pendant une p\u00e9riode de trois ans. Pendant cette p\u00e9riode, dans le cas improbable o\u00f9 le tissu se d\u00e9chirerait, changerait de couleur ou se d\u00e9colorerait dans le cadre de l&rsquo;utilisation recommand\u00e9e, Balliu Export S.A. fournira le tissu sans frais de transport au client. La main-d&rsquo;\u0153uvre n\u00e9cessaire \u00e0 la pose du tissu n&rsquo;est pas incluse.<br>  <\/p><p>Cette garantie suppl\u00e9mentaire sur le tissu ne s&rsquo;appliquera pas en cas de mauvaise utilisation, d&rsquo;utilisation inappropri\u00e9e du produit, de manipulation incorrecte de celui-ci, de d\u00e9t\u00e9rioration du produit due \u00e0 des agents externes obstructifs ou corrosifs, ou encore due \u00e0 un entretien inad\u00e9quat, \u00e0 un manque de nettoyage ou \u00e0 l&rsquo;utilisation de pi\u00e8ces de rechange non d&rsquo;origine de la marque, etc. Cette garantie ne couvre pas non plus les d\u00e9fauts r\u00e9sultant d&rsquo;intemp\u00e9ries, de catastrophes naturelles ou de guerres, ni aucun autre cas pr\u00e9sentant des caract\u00e9ristiques similaires.<br> <\/p><p>Si un changement de tissu s&rsquo;av\u00e8re n\u00e9cessaire sur le mobilier, Balliu Export S.A. d\u00e9cline toute responsabilit\u00e9 quant aux l\u00e9g\u00e8res diff\u00e9rences de couleur du tissu. Si le mod\u00e8le exact du produit n&rsquo;est pas disponible parce qu&rsquo;il n&rsquo;est plus commercialis\u00e9, Balliu Export S.A. le remplacera par un produit similaire. <\/p><p>Dispositions communes aux deux garanties : Les pr\u00e9sentes garanties ne s&rsquo;appliquent pas aux produits qui se cassent par n\u00e9gligence ou qui, apr\u00e8s avoir quitt\u00e9 les locaux de Balliu Export S.A., sont endommag\u00e9s, modifi\u00e9s, maltrait\u00e9s, utilis\u00e9s de mani\u00e8re inappropri\u00e9e ou stock\u00e9s de mani\u00e8re inad\u00e9quate.<\/p><p>Une fois les pi\u00e8ces et\/ou le tissu fournis, la garantie ne sera pas prolong\u00e9e ; le produit restera couvert par la garantie pendant la dur\u00e9e initialement pr\u00e9vue. L&rsquo;\u00e9tiquette indiquant le num\u00e9ro de lot, appos\u00e9e sur le meuble et\/ou le tissu, doit \u00eatre conserv\u00e9e pour que la garantie soit valable. <\/p><p>Le client devra signaler \u00e0 Balliu Export S.A. toute r\u00e9clamation au titre de la garantie dans un d\u00e9lai de deux semaines \u00e0 compter de la survenance du probl\u00e8me, en fournissant \u00e9galement les documents suivants :<br>&#8211; Copie de la facture originale.<br>&#8211; Photographies montrant clairement les d\u00e9fauts.<br>&#8211; Les articles faisant l&rsquo;objet de la r\u00e9clamation.<br>&#8211; Date de fabrication (\u00e9tiquettes, horloge, etc.).<br>&#8211; \u00c9tiquette appos\u00e9e sur le meuble et\/ou le tissu.<br>&#8211; Pi\u00e8ce(s) d\u00e9fectueuse(s).<br><br><\/p><p>Une fois ces documents re\u00e7us, Balliu Export S.A., si elle les juge valides, enverra imm\u00e9diatement toutes les pi\u00e8ces de rechange n\u00e9cessaires pour r\u00e9gler cette r\u00e9clamation. Les pi\u00e8ces de rechange ou les produits r\u00e9sultant de demandes de services de r\u00e9paration non couverts par la garantie seront factur\u00e9s par Balliu Export S.A. au client. <\/p><p>Sont express\u00e9ment exclus de la garantie les pannes ou d\u00e9faillances r\u00e9sultant directement ou indirectement de l&rsquo;ajout de pi\u00e8ces ou d&rsquo;\u00e9l\u00e9ments \u00e9trangers au produit fabriqu\u00e9, ou du remplacement de pi\u00e8ces d&rsquo;origine Balliu Export S.A. par d&rsquo;autres ne provenant pas de Balliu Export S.A. Le fabricant d\u00e9cline toute responsabilit\u00e9 pour les pertes, co\u00fbts ou dommages directs ou indirects de quelque nature que ce soit r\u00e9sultant de d\u00e9fauts des produits. La pr\u00e9sente garantie n&rsquo;affecte pas les droits dont dispose le titulaire conform\u00e9ment aux dispositions du d\u00e9cret royal l\u00e9gislatif 1\/2007 du 16 novembre, qui approuve le texte refondu de la loi g\u00e9n\u00e9rale pour la d\u00e9fense des consommateurs et des utilisateurs.<br> <\/p>\t\t\t\t\t\t<\/div>\n\t\t\t\t<\/div>\n\t\t\t\t\t<\/div>\n\t\t\t\t<\/div>\n\t\t\t\t<\/div>\n\t\t","protected":false},"excerpt":{"rendered":"<p>Garantie des produits Balliu Export S.A., dont le si\u00e8ge social est situ\u00e9 Ctra. C-35, Km. 93,5, 17455 &#8211; Caldes de Malavella, garantit ses produits comme suit : &#8211; Garantie sur le ch\u00e2ssis et la structure de vos produits : 3 ans \u00e0 compter de la date de facturation.&#8211; Garantie exclusive sur le ch\u00e2ssis et la structure des mod\u00e8les de transats\u2026<\/p>\n","protected":false},"author":1259,"featured_media":0,"parent":0,"menu_order":0,"comment_status":"closed","ping_status":"closed","template":"","meta":{"_acf_changed":false,"footnotes":""},"class_list":["post-72220","page","type-page","status-publish","hentry"],"acf":[],"_links":{"self":[{"href":"https:\/\/www.balliuexport.com\/fr\/wp-json\/wp\/v2\/pages\/72220","targetHints":{"allow":["GET"]}}],"collection":[{"href":"https:\/\/www.balliuexport.com\/fr\/wp-json\/wp\/v2\/pages"}],"about":[{"href":"https:\/\/www.balliuexport.com\/fr\/wp-json\/wp\/v2\/types\/page"}],"author":[{"embeddable":true,"href":"https:\/\/www.balliuexport.com\/fr\/wp-json\/wp\/v2\/users\/1259"}],"replies":[{"embeddable":true,"href":"https:\/\/www.balliuexport.com\/fr\/wp-json\/wp\/v2\/comments?post=72220"}],"version-history":[{"count":1,"href":"https:\/\/www.balliuexport.com\/fr\/wp-json\/wp\/v2\/pages\/72220\/revisions"}],"predecessor-version":[{"id":72221,"href":"https:\/\/www.balliuexport.com\/fr\/wp-json\/wp\/v2\/pages\/72220\/revisions\/72221"}],"wp:attachment":[{"href":"https:\/\/www.balliuexport.com\/fr\/wp-json\/wp\/v2\/media?parent=72220"}],"curies":[{"name":"wp","href":"https:\/\/api.w.org\/{rel}","templated":true}]}}