{"id":72288,"date":"2026-04-07T12:59:05","date_gmt":"2026-04-07T10:59:05","guid":{"rendered":"https:\/\/www.balliuexport.com\/conditions-achat\/"},"modified":"2026-04-07T15:21:09","modified_gmt":"2026-04-07T13:21:09","slug":"conditions-achat","status":"publish","type":"page","link":"https:\/\/www.balliuexport.com\/fr\/conditions-achat\/","title":{"rendered":"Conditions d&rsquo;achat"},"content":{"rendered":"\t\t<div data-elementor-type=\"wp-page\" data-elementor-id=\"72288\" class=\"elementor elementor-72288 elementor-72222\" data-elementor-post-type=\"page\">\n\t\t\t\t<div class=\"elementor-element elementor-element-10dd0dd e-flex e-con-boxed kitify-col-width-auto-no ignore-docs-style-no kitify-disable-relative-no e-root-container elementor-top-section e-con e-parent\" data-id=\"10dd0dd\" data-element_type=\"container\">\n\t\t\t\t\t<div class=\"e-con-inner\">\n\t\t\t\t<div class=\"elementor-element elementor-element-7642e7f elementor-widget elementor-widget-heading\" data-id=\"7642e7f\" data-element_type=\"widget\" data-widget_type=\"heading.default\">\n\t\t\t\t<div class=\"elementor-widget-container\">\n\t\t\t<h2 class=\"elementor-heading-title elementor-size-default\">Conditions g\u00e9n\u00e9rales d'achat<\/h2>\t\t<\/div>\n\t\t\t\t<\/div>\n\t\t\t\t<div class=\"elementor-element elementor-element-4e3aec3 elementor-widget elementor-widget-text-editor\" data-id=\"4e3aec3\" data-element_type=\"widget\" data-widget_type=\"text-editor.default\">\n\t\t\t\t<div class=\"elementor-widget-container\">\n\t\t\t\t\t\t\t<p>Cette page r\u00e9git les conditions d&rsquo;utilisation du site web <strong>www.balliuexport.com<\/strong> et d&rsquo;achat de produits \u00e0 travers celui-ci. Dans ces conditions g\u00e9n\u00e9rales, BALLIU fait r\u00e9f\u00e9rence \u00e0 BALLIU EXPORT, S.A., et le \u00ab\u00a0CLIENT\u00a0\u00bb \u00e0 l&rsquo;utilisateur du site web et \u00e0 l&rsquo;\u00e9ventuel acheteur en ligne. Le client accepte les pr\u00e9sentes conditions g\u00e9n\u00e9rales d&rsquo;achat, ainsi que la politique de confidentialit\u00e9 de BALLIU EXPORT, S.A. <strong><span style=\"color: #7a7a7a;\"><a style=\"color: #7a7a7a;\" href=\"https:\/\/balliuexport.com\/fr\/politique-de-confidentialit\u00e9\/\">Politique de confidentialit\u00e9<\/a><\/span><\/strong> et la <strong><span style=\"color: #7a7a7a;\"><a style=\"color: #7a7a7a;\" href=\"https:\/\/balliuexport.com\/fr\/politique-en-matiere-de-cookies\/\">Politique en mati\u00e8re de cookies<\/a><\/span><\/strong>. En utilisant ce site web ou en achetant des produits et\/ou des services par son interm\u00e9diaire, le client accepte d&rsquo;\u00eatre li\u00e9 par ces conditions g\u00e9n\u00e9rales. Si vous n&rsquo;\u00eates pas d&rsquo;accord avec l&rsquo;ensemble de ces conditions, vous ne devez pas utiliser ce site web. Ces conditions peuvent \u00eatre modifi\u00e9es par BALLIU, de m\u00eame que la politique de confidentialit\u00e9 et la politique en mati\u00e8re de cookies. Le Client est tenu de les consulter \u00e0 chaque fois qu&rsquo;il acc\u00e8de, navigue et\/ou utilise le site web, \u00e9tant donn\u00e9 que les conditions en vigueur au moment de l&rsquo;achat s&rsquo;appliqueront. La commande peut \u00eatre pass\u00e9e au choix du client dans l&rsquo;une des langues disponibles sur le site : espagnol, catalan, anglais et fran\u00e7ais. En cas de divergence d&rsquo;interpr\u00e9tation, la clause<br>en espagnol pr\u00e9vaudra.        <\/p>\t\t\t\t\t\t<\/div>\n\t\t\t\t<\/div>\n\t\t\t\t<div class=\"elementor-element elementor-element-7ca4d41 elementor-widget elementor-widget-heading\" data-id=\"7ca4d41\" data-element_type=\"widget\" data-widget_type=\"heading.default\">\n\t\t\t\t<div class=\"elementor-widget-container\">\n\t\t\t<h3 class=\"elementor-heading-title elementor-size-default\">Nos donn\u00e9es<\/h3>\t\t<\/div>\n\t\t\t\t<\/div>\n\t\t\t\t<div class=\"elementor-element elementor-element-fb2821b elementor-widget elementor-widget-text-editor\" data-id=\"fb2821b\" data-element_type=\"widget\" data-widget_type=\"text-editor.default\">\n\t\t\t\t<div class=\"elementor-widget-container\">\n\t\t\t\t\t\t\t<p>Ce site web est g\u00e9r\u00e9 par :<br>\u2022 Nom : Balliu Export S.A.<br>\u2022 Adresse : Route C-35 Km 93.65, 17455 Caldes de Malavella, G\u00e9rone, Espagne<br>\u2022 Num\u00e9ro d&rsquo;identification fiscale : A-17545385<br>\u2022 E-mail : info@balliuexport.com<br>\u2022 T\u00e9l\u00e9phone : +34 972 397 100<br>\u2022 Registre du commerce : Inscrit au Registre du commerce de G\u00e9rone, tome 1182, folio 133, section 8, page GI 20948, inscription A20.<\/p>\t\t\t\t\t\t<\/div>\n\t\t\t\t<\/div>\n\t\t\t\t<div class=\"elementor-element elementor-element-1792867 elementor-widget elementor-widget-heading\" data-id=\"1792867\" data-element_type=\"widget\" data-widget_type=\"heading.default\">\n\t\t\t\t<div class=\"elementor-widget-container\">\n\t\t\t<h3 class=\"elementor-heading-title elementor-size-default\">Le client<\/h3>\t\t<\/div>\n\t\t\t\t<\/div>\n\t\t\t\t<div class=\"elementor-element elementor-element-174f786 elementor-widget elementor-widget-text-editor\" data-id=\"174f786\" data-element_type=\"widget\" data-widget_type=\"text-editor.default\">\n\t\t\t\t<div class=\"elementor-widget-container\">\n\t\t\t\t\t\t\t<p>Avant de passer commande et pendant le processus d&rsquo;achat, le Client peut consulter, enregistrer et imprimer les pr\u00e9sentes conditions g\u00e9n\u00e9rales. Toutes les donn\u00e9es personnelles fournies par le Client seront trait\u00e9es conform\u00e9ment \u00e0 la <span style=\"color: #7a7a7a;\"><a style=\"color: #7a7a7a;\" href=\"https:\/\/balliuexport.com\/fr\/politique-de-confidentialit\u00e9\/\">Politique de confidentialit\u00e9<\/a><\/span> de BALLIU. Le Client d\u00e9clare que les informations fournies sont v\u00e9ridiques. Si toutes les informations n\u00e9cessaires ne sont pas fournies, la commande ne pourra pas \u00eatre trait\u00e9e. Le Client s&rsquo;engage \u00e0 ne pas passer de commandes fausses ou frauduleuses ; BALLIU peut les annuler et engager les poursuites judiciaires qui s&rsquo;imposent. Le Client doit \u00eatre \u00e2g\u00e9 de plus de 18 ans et avoir la capacit\u00e9 juridique de conclure des contrats. Dans le cas de personnes morales, les personnes agissant en leur nom doivent garantir qu&rsquo;elles disposent d&rsquo;une repr\u00e9sentation ad\u00e9quate et que les informations fournies sont v\u00e9ridiques. BALLIU ne sera pas responsable des dommages, pertes ou pr\u00e9judices li\u00e9s \u00e0 ces d\u00e9clarations.       <\/p>\t\t\t\t\t\t<\/div>\n\t\t\t\t<\/div>\n\t\t\t\t<div class=\"elementor-element elementor-element-247784d elementor-widget elementor-widget-heading\" data-id=\"247784d\" data-element_type=\"widget\" data-widget_type=\"heading.default\">\n\t\t\t\t<div class=\"elementor-widget-container\">\n\t\t\t<h3 class=\"elementor-heading-title elementor-size-default\">Commandes<\/h3>\t\t<\/div>\n\t\t\t\t<\/div>\n\t\t\t\t<div class=\"elementor-element elementor-element-5c6b575 elementor-widget elementor-widget-text-editor\" data-id=\"5c6b575\" data-element_type=\"widget\" data-widget_type=\"text-editor.default\">\n\t\t\t\t<div class=\"elementor-widget-container\">\n\t\t\t\t\t\t\t<p>Pour passer une commande, le Client doit s\u00e9lectionner les produits sur le site web de BALLIU en cr\u00e9ant une liste d&rsquo;achats virtuelle. Avant de passer commande, le Client doit :<br>1. Lire et comprendre la description des produits sur le site web. En cas de doute, il doit contacter BALLIU par e-mail ou par t\u00e9l\u00e9phone.<br>2. Lire et comprendre les caract\u00e9ristiques techniques des produits disponibles dans les informations sur les produits sur le site web.<br>3. V\u00e9rifier le prix des produits et les promotions \u00e9ventuelles, en prenant connaissance du prix final, TVA comprise, et des frais de transport.  <\/p>\t\t\t\t\t\t<\/div>\n\t\t\t\t<\/div>\n\t\t\t\t<div class=\"elementor-element elementor-element-5f13493 elementor-widget elementor-widget-heading\" data-id=\"5f13493\" data-element_type=\"widget\" data-widget_type=\"heading.default\">\n\t\t\t\t<div class=\"elementor-widget-container\">\n\t\t\t<h3 class=\"elementor-heading-title elementor-size-default\">Disponibilit\u00e9<\/h3>\t\t<\/div>\n\t\t\t\t<\/div>\n\t\t\t\t<div class=\"elementor-element elementor-element-613ced5 elementor-widget elementor-widget-text-editor\" data-id=\"613ced5\" data-element_type=\"widget\" data-widget_type=\"text-editor.default\">\n\t\t\t\t<div class=\"elementor-widget-container\">\n\t\t\t\t\t\t\t<p>Le d\u00e9lai de livraison des produits est de 7 \u00e0 10 jours ouvrables de septembre \u00e0 f\u00e9vrier, et peut aller de 14 \u00e0 20 jours de mars \u00e0 ao\u00fbt. Si un produit vient \u00e0 manquer pendant le processus de commande, BALLIU en informera le client et livrera le produit dans un d\u00e9lai plus long, sans frais suppl\u00e9mentaires. <\/p>\t\t\t\t\t\t<\/div>\n\t\t\t\t<\/div>\n\t\t\t\t<div class=\"elementor-element elementor-element-3ed74a8 elementor-widget elementor-widget-heading\" data-id=\"3ed74a8\" data-element_type=\"widget\" data-widget_type=\"heading.default\">\n\t\t\t\t<div class=\"elementor-widget-container\">\n\t\t\t<h3 class=\"elementor-heading-title elementor-size-default\">Prix et paiement<\/h3>\t\t<\/div>\n\t\t\t\t<\/div>\n\t\t\t\t<div class=\"elementor-element elementor-element-8655a13 elementor-widget elementor-widget-text-editor\" data-id=\"8655a13\" data-element_type=\"widget\" data-widget_type=\"text-editor.default\">\n\t\t\t\t<div class=\"elementor-widget-container\">\n\t\t\t\t\t\t\t<p>Les prix s&rsquo;entendent TVA comprise et correspondent aux tarifs en vigueur \u00e0 tout moment, promotions applicables comprises. Les frais de livraison ne sont pas inclus et seront ajout\u00e9s avant le paiement. Les prix sont susceptibles de changer, mais ces modifications n&rsquo;affecteront pas les commandes d\u00e9j\u00e0 confirm\u00e9es. Les moyens de paiement accept\u00e9s sont les cartes de cr\u00e9dit\/d\u00e9bit et le virement bancaire. Les cartes de cr\u00e9dit feront l&rsquo;objet de v\u00e9rifications et d&rsquo;autorisations de la part de la banque \u00e9mettrice. Si le paiement n&rsquo;est pas autoris\u00e9, BALLIU ne sera pas responsable des retards ou de l&rsquo;absence de livraison, et ne pourra pas conclure le contrat avec le Client. Pour les paiements par virement bancaire, la commande est r\u00e9serv\u00e9e pendant 2 jours calendaires afin que le virement soit trait\u00e9. Si celui-ci n&rsquo;est pas re\u00e7u, la commande sera annul\u00e9e. Tous les frais de paiement sont \u00e0 la charge du Client et s&rsquo;ajouteront au montant total. Le Client doit s&rsquo;assurer d&rsquo;avoir correctement saisi le montant exact de la commande, le num\u00e9ro de compte et la r\u00e9f\u00e9rence du virement. En cas d&rsquo;erreur, la commande sera annul\u00e9e. BALLIU n&rsquo;est pas responsable de l&rsquo;inexactitude des donn\u00e9es fournies par le Client ni des dommages caus\u00e9s \u00e0 des tiers par l&rsquo;utilisation ill\u00e9gitime de moyens de paiement ; il n&rsquo;est pas possible de r\u00e9gler l&rsquo;achat des produits ou le service d&rsquo;une mani\u00e8re autre que celle pr\u00e9vue.           <\/p>\t\t\t\t\t\t<\/div>\n\t\t\t\t<\/div>\n\t\t\t\t<div class=\"elementor-element elementor-element-3c85dc3 elementor-widget elementor-widget-heading\" data-id=\"3c85dc3\" data-element_type=\"widget\" data-widget_type=\"heading.default\">\n\t\t\t\t<div class=\"elementor-widget-container\">\n\t\t\t<h3 class=\"elementor-heading-title elementor-size-default\">Facturation<\/h3>\t\t<\/div>\n\t\t\t\t<\/div>\n\t\t\t\t<div class=\"elementor-element elementor-element-6fba2de elementor-widget elementor-widget-text-editor\" data-id=\"6fba2de\" data-element_type=\"widget\" data-widget_type=\"text-editor.default\">\n\t\t\t\t<div class=\"elementor-widget-container\">\n\t\t\t\t\t\t\t<p>Une fois le processus d&rsquo;achat termin\u00e9, les coordonn\u00e9es de facturation ne peuvent plus \u00eatre modifi\u00e9es. Le client recevra la facture au format papier ou num\u00e9rique en m\u00eame temps que la marchandise. <\/p>\t\t\t\t\t\t<\/div>\n\t\t\t\t<\/div>\n\t\t\t\t<div class=\"elementor-element elementor-element-5a0a9cd elementor-widget elementor-widget-heading\" data-id=\"5a0a9cd\" data-element_type=\"widget\" data-widget_type=\"heading.default\">\n\t\t\t\t<div class=\"elementor-widget-container\">\n\t\t\t<h3 class=\"elementor-heading-title elementor-size-default\">Livraison<\/h3>\t\t<\/div>\n\t\t\t\t<\/div>\n\t\t\t\t<div class=\"elementor-element elementor-element-d7ea415 elementor-widget elementor-widget-text-editor\" data-id=\"d7ea415\" data-element_type=\"widget\" data-widget_type=\"text-editor.default\">\n\t\t\t\t<div class=\"elementor-widget-container\">\n\t\t\t\t\t\t\t<p>Tous les frais d&rsquo;exp\u00e9dition, taxes et droits de douane sont \u00e0 la charge du Client. Une fois l&rsquo;exp\u00e9dition lanc\u00e9e, le Client recevra un code de suivi pour les petits envois. Pour les commandes volumineuses, il doit contacter BALLIU par e-mail ou par t\u00e9l\u00e9phone. Le Client doit r\u00e9gler le prix des services au moment de la commande et \u00eatre pr\u00e9sent ou d\u00e9signer une personne \u00e0 son domicile pour la livraison. La livraison s&rsquo;effectuera selon la clause Incoterm FCA. Cela signifie que BALLIU assumera le risque de perte, de dommage, de casse ou de destruction du produit jusqu&rsquo;\u00e0 ce que la marchandise soit disponible au point convenu avec le Client. La responsabilit\u00e9 est transf\u00e9r\u00e9e au Client d\u00e8s que BALLIU met la marchandise \u00e0 sa disposition au point convenu.      <\/p>\t\t\t\t\t\t<\/div>\n\t\t\t\t<\/div>\n\t\t\t\t<div class=\"elementor-element elementor-element-5fe9e62 elementor-widget elementor-widget-text-editor\" data-id=\"5fe9e62\" data-element_type=\"widget\" data-widget_type=\"text-editor.default\">\n\t\t\t\t<div class=\"elementor-widget-container\">\n\t\t\t\t\t\t\t<p><strong>D\u00e9lai de livraison : <\/strong>BALLIU exp\u00e9diera la commande dans le d\u00e9lai convenu avec le client et dans un d\u00e9lai maximal de 30 jours. La livraison sera consid\u00e9r\u00e9e comme effectu\u00e9e lorsque le Client, ou un tiers d\u00e9sign\u00e9, aura physiquement r\u00e9ceptionn\u00e9 les produits et sign\u00e9 le bon de livraison fourni par BALLIU ou le transporteur. S&rsquo;il n&rsquo;est pas possible de livrer \u00e0 la date convenue, BALLIU contactera le Client pour convenir d&rsquo;une nouvelle date. Si le Client modifie l&rsquo;adresse de livraison, des frais suppl\u00e9mentaires peuvent s&rsquo;appliquer.   <\/p>\t\t\t\t\t\t<\/div>\n\t\t\t\t<\/div>\n\t\t\t\t<div class=\"elementor-element elementor-element-1c29d14 elementor-widget elementor-widget-text-editor\" data-id=\"1c29d14\" data-element_type=\"widget\" data-widget_type=\"text-editor.default\">\n\t\t\t\t<div class=\"elementor-widget-container\">\n\t\t\t\t\t\t\t<p><strong>Reprogrammation de la livraison :<\/strong> Si BALLIU n&rsquo;est pas en mesure d&rsquo;effectuer la livraison \u00e0 la date et \u00e0 l&rsquo;heure convenues, la commande sera renvoy\u00e9e \u00e0 l&rsquo;entrep\u00f4t et BALLIU contactera le client afin de convenir d&rsquo;une nouvelle date de livraison. Si le client est absent \u00e0 la date convenue, il devra s&rsquo;acquitter \u00e0 nouveau des frais de transport, sauf si la faute incombe \u00e0 BALLIU, auquel cas BALLIU prendra en charge les frais de la prochaine exp\u00e9dition. <\/p>\t\t\t\t\t\t<\/div>\n\t\t\t\t<\/div>\n\t\t\t\t<div class=\"elementor-element elementor-element-f98803c elementor-widget elementor-widget-text-editor\" data-id=\"f98803c\" data-element_type=\"widget\" data-widget_type=\"text-editor.default\">\n\t\t\t\t<div class=\"elementor-widget-container\">\n\t\t\t\t\t\t\t<p>Si le Client modifie le lieu de livraison ou n&rsquo;est pas pr\u00e9sent \u00e0 la date et \u00e0 l&rsquo;heure convenues, des frais suppl\u00e9mentaires peuvent s&rsquo;appliquer. Balliu en informera le Client avant de proc\u00e9der, afin que celui-ci donne son accord. Les documents suivants font partie int\u00e9grante des pr\u00e9sentes conditions g\u00e9n\u00e9rales d&rsquo;achat :<br>\u2022 Ticket d&rsquo;achat.<br>\u2022 Document\/bon de commande indiquant les services souscrits, les prix et la date de prestation.<br>\u2022 Tout autre document annexe sign\u00e9 par les parties.<br>En acceptant les pr\u00e9sentes conditions, le Client autorise la prestation du service par des tiers d\u00e9sign\u00e9s par BALLIU.  <\/p>\t\t\t\t\t\t<\/div>\n\t\t\t\t<\/div>\n\t\t\t\t<div class=\"elementor-element elementor-element-8106e4c elementor-widget elementor-widget-heading\" data-id=\"8106e4c\" data-element_type=\"widget\" data-widget_type=\"heading.default\">\n\t\t\t\t<div class=\"elementor-widget-container\">\n\t\t\t<h3 class=\"elementor-heading-title elementor-size-default\">Obligations du client<\/h3>\t\t<\/div>\n\t\t\t\t<\/div>\n\t\t\t\t<div class=\"elementor-element elementor-element-e265a97 elementor-widget elementor-widget-text-editor\" data-id=\"e265a97\" data-element_type=\"widget\" data-widget_type=\"text-editor.default\">\n\t\t\t\t<div class=\"elementor-widget-container\">\n\t\t\t\t\t\t\t<p><strong>Paiement : <\/strong>r\u00e9gler le montant des services au moment de la souscription, conform\u00e9ment aux tarifs indiqu\u00e9s dans la commande.<br><strong>Pr\u00e9sence :<\/strong> \u00catre pr\u00e9sent au domicile pour la livraison ou d\u00e9signer une personne qui le sera.<br><strong>Donn\u00e9es exactes :<\/strong> veiller \u00e0 l&rsquo;exactitude des informations fournies. Indiquer un num\u00e9ro de t\u00e9l\u00e9phone. <br><strong>Restrictions de livraison :<\/strong> les livraisons \u00e0 des bo\u00eetes postales ou dans des lieux publics ne sont pas autoris\u00e9es. Si une deuxi\u00e8me livraison s&rsquo;av\u00e8re n\u00e9cessaire en raison d&rsquo;une erreur dans les informations fournies, le client devra prendre en charge les frais suppl\u00e9mentaires. <br><strong>Signature du bon de livraison :<\/strong> Veuillez signer le bon de livraison \u00e0 la fin de la prestation et indiquer tout incident dans la rubrique pr\u00e9vue \u00e0 cet effet.<\/p>\t\t\t\t\t\t<\/div>\n\t\t\t\t<\/div>\n\t\t\t\t<div class=\"elementor-element elementor-element-1f778ea elementor-widget elementor-widget-text-editor\" data-id=\"1f778ea\" data-element_type=\"widget\" data-widget_type=\"text-editor.default\">\n\t\t\t\t<div class=\"elementor-widget-container\">\n\t\t\t\t\t\t\t<p><strong>V\u00e9rification de la marchandise :<\/strong> v\u00e9rifier la quantit\u00e9 et l&rsquo;\u00e9tat des colis re\u00e7us et signaler tout dommage sur le bon de livraison.<br><strong>R\u00e9clamations pour dommages non visibles : <\/strong>veuillez signaler les dommages non visibles dans les 2 jours suivant la livraison. Envoyez une r\u00e9clamation \u00e9crite et, si possible, des photos du dommage par e-mail \u00e0 info@balliuexport.com. <br><strong>Conditions du lieu de livraison :<\/strong> Veuillez vous assurer que le lieu de livraison r\u00e9pond aux conditions requises et signaler tout obstacle susceptible d&rsquo;entraver la livraison. Si vous ne le signalez pas et qu&rsquo;un deuxi\u00e8me transport s&rsquo;av\u00e8re n\u00e9cessaire, le Client devra en assumer les frais sans remboursement du premier, et pourrait devoir supporter des frais de stockage. <br><strong>Utilisation responsable :<\/strong> Le client est tenu d&rsquo;utiliser les produits conform\u00e9ment aux sp\u00e9cifications techniques et aux instructions, et de s&rsquo;assurer que l&#8217;emplacement du produit dans le b\u00e2timent est conforme \u00e0 toutes les r\u00e9glementations et exigences en vigueur.<\/p>\t\t\t\t\t\t<\/div>\n\t\t\t\t<\/div>\n\t\t\t\t<div class=\"elementor-element elementor-element-d623b67 elementor-widget elementor-widget-heading\" data-id=\"d623b67\" data-element_type=\"widget\" data-widget_type=\"heading.default\">\n\t\t\t\t<div class=\"elementor-widget-container\">\n\t\t\t<h3 class=\"elementor-heading-title elementor-size-default\">Retrait<\/h3>\t\t<\/div>\n\t\t\t\t<\/div>\n\t\t\t\t<div class=\"elementor-element elementor-element-9813ab9 elementor-widget elementor-widget-text-editor\" data-id=\"9813ab9\" data-element_type=\"widget\" data-widget_type=\"text-editor.default\">\n\t\t\t\t<div class=\"elementor-widget-container\">\n\t\t\t\t\t\t\t<p>Le Client dispose d&rsquo;un d\u00e9lai de 14 jours calendaires \u00e0 compter de la r\u00e9ception du dernier des produits achet\u00e9s dans la m\u00eame commande pour exercer son droit de r\u00e9tractation totale ou partielle. Pour le retour, vous devez contacter BALLIU par e-mail. Le remboursement sera effectu\u00e9 via le m\u00eame moyen de paiement que celui utilis\u00e9 lors de l&rsquo;achat. D\u00e8s r\u00e9ception du produit retourn\u00e9 et apr\u00e8s v\u00e9rification de son \u00e9tat, nous proc\u00e9derons au remboursement du montant pay\u00e9 pour le produit, dans un d\u00e9lai maximum de 14 jours. Le produit doit \u00eatre retourn\u00e9 en parfait \u00e9tat, sans trace d&rsquo;utilisation et dans son emballage d&rsquo;origine.   Le client est responsable de toute diminution de la valeur des produits due \u00e0 une manipulation autre que n\u00e9cessaire, ce qui signifie que l&rsquo;exercice du droit de r\u00e9tractation n&rsquo;est pas autoris\u00e9 dans ces cas. Pour exercer ces droits et garanties, le client doit pr\u00e9senter une preuve d&rsquo;achat des produits. Le Client devra prendre en charge les frais directs li\u00e9s au retour des produits, sauf en cas d&rsquo;erreur d&rsquo;exp\u00e9dition ou de produit d\u00e9fectueux de la part de BALLIU. De m\u00eame, le Client sera charg\u00e9 d&rsquo;organiser le retour par le moyen de son choix, en conservant toujours le justificatif d&rsquo;exp\u00e9dition. BALLIU n&rsquo;acceptera pas les retours envoy\u00e9s en port d\u00fb et ne se chargera pas de l&rsquo;enl\u00e8vement, sauf accord pr\u00e9alable par \u00e9crit. Les retours de produits personnalis\u00e9s (hors catalogue) ou fabriqu\u00e9s sur mesure ne seront pas accept\u00e9s.   <\/p>\t\t\t\t\t\t<\/div>\n\t\t\t\t<\/div>\n\t\t\t\t<div class=\"elementor-element elementor-element-52e4a8e elementor-widget elementor-widget-heading\" data-id=\"52e4a8e\" data-element_type=\"widget\" data-widget_type=\"heading.default\">\n\t\t\t\t<div class=\"elementor-widget-container\">\n\t\t\t<h3 class=\"elementor-heading-title elementor-size-default\">Garantie<\/h3>\t\t<\/div>\n\t\t\t\t<\/div>\n\t\t\t\t<div class=\"elementor-element elementor-element-365d2cf elementor-widget elementor-widget-text-editor\" data-id=\"365d2cf\" data-element_type=\"widget\" data-widget_type=\"text-editor.default\">\n\t\t\t\t<div class=\"elementor-widget-container\">\n\t\t\t\t\t\t\t<p>Les produits achet\u00e9s sur ce site web b\u00e9n\u00e9ficient de la garantie d\u00e9crite dans la <span style=\"color: #7a7a7a;\"><strong><a style=\"color: #7a7a7a;\" href=\"https:\/\/www.balliuexport.com\/fr\/politique-de-garantie\/\">Politique de garantie<\/a><\/strong><\/span>.<\/p>\t\t\t\t\t\t<\/div>\n\t\t\t\t<\/div>\n\t\t\t\t<div class=\"elementor-element elementor-element-56789e1 elementor-widget elementor-widget-heading\" data-id=\"56789e1\" data-element_type=\"widget\" data-widget_type=\"heading.default\">\n\t\t\t\t<div class=\"elementor-widget-container\">\n\t\t\t<h3 class=\"elementor-heading-title elementor-size-default\">L\u00e9gislation applicable et juridiction comp\u00e9tente<\/h3>\t\t<\/div>\n\t\t\t\t<\/div>\n\t\t\t\t<div class=\"elementor-element elementor-element-64e56ae elementor-widget elementor-widget-text-editor\" data-id=\"64e56ae\" data-element_type=\"widget\" data-widget_type=\"text-editor.default\">\n\t\t\t\t<div class=\"elementor-widget-container\">\n\t\t\t\t\t\t\t<p>Le pr\u00e9sent contrat est r\u00e9gi par le droit espagnol. Tout litige sera port\u00e9 devant les tribunaux de G\u00e9rone, en Espagne. <\/p>\t\t\t\t\t\t<\/div>\n\t\t\t\t<\/div>\n\t\t\t\t<div class=\"elementor-element elementor-element-c6361dc elementor-widget elementor-widget-text-editor\" data-id=\"c6361dc\" data-element_type=\"widget\" data-widget_type=\"text-editor.default\">\n\t\t\t\t<div class=\"elementor-widget-container\">\n\t\t\t\t\t\t\t<p style=\"text-align: center;\">Pour r\u00e9silier le contrat, vous devez remplir le formulaire de r\u00e9tractation ci-dessous et contacter info@balliuexport.com<\/p>\t\t\t\t\t\t<\/div>\n\t\t\t\t<\/div>\n\t\t\t\t\t<\/div>\n\t\t\t\t<\/div>\n\t\t<div class=\"elementor-element elementor-element-979b1fa e-flex e-con-boxed kitify-col-width-auto-no ignore-docs-style-no kitify-disable-relative-no e-root-container elementor-top-section e-con e-parent\" data-id=\"979b1fa\" data-element_type=\"container\">\n\t\t\t\t\t<div class=\"e-con-inner\">\n\t\t\t\t<div class=\"elementor-element elementor-element-35f7586 elementor-align-center elementor-widget elementor-widget-button\" data-id=\"35f7586\" data-element_type=\"widget\" data-widget_type=\"button.default\">\n\t\t\t\t<div class=\"elementor-widget-container\">\n\t\t\t\t\t\t\t<div class=\"elementor-button-wrapper\">\n\t\t\t\t\t<a class=\"elementor-button elementor-button-link elementor-size-sm\" href=\"https:\/\/www.balliuexport.com\/wp-content\/uploads\/2026\/04\/Formulaire-de-retractation.pdf\">\n\t\t\t\t\t\t<span class=\"elementor-button-content-wrapper\">\n\t\t\t\t\t\t\t\t\t<span class=\"elementor-button-text\">Formulaire de r\u00e9tractation<\/span>\n\t\t\t\t\t<\/span>\n\t\t\t\t\t<\/a>\n\t\t\t\t<\/div>\n\t\t\t\t\t\t<\/div>\n\t\t\t\t<\/div>\n\t\t\t\t\t<\/div>\n\t\t\t\t<\/div>\n\t\t\t\t<\/div>\n\t\t","protected":false},"excerpt":{"rendered":"<p>Conditions g\u00e9n\u00e9rales d&rsquo;achat Cette page r\u00e9git les conditions d&rsquo;utilisation du site web www.balliuexport.com et d&rsquo;achat de produits \u00e0 travers celui-ci. Dans ces conditions g\u00e9n\u00e9rales, BALLIU fait r\u00e9f\u00e9rence \u00e0 BALLIU EXPORT, S.A., et le \u00ab\u00a0CLIENT\u00a0\u00bb \u00e0 l&rsquo;utilisateur du site web et \u00e0 l&rsquo;\u00e9ventuel acheteur en ligne. Le client accepte les pr\u00e9sentes conditions g\u00e9n\u00e9rales d&rsquo;achat, ainsi que la politique de confidentialit\u00e9 de\u2026<\/p>\n","protected":false},"author":1259,"featured_media":0,"parent":0,"menu_order":0,"comment_status":"closed","ping_status":"closed","template":"","meta":{"_acf_changed":false,"footnotes":""},"class_list":["post-72288","page","type-page","status-publish","hentry"],"acf":[],"_links":{"self":[{"href":"https:\/\/www.balliuexport.com\/fr\/wp-json\/wp\/v2\/pages\/72288","targetHints":{"allow":["GET"]}}],"collection":[{"href":"https:\/\/www.balliuexport.com\/fr\/wp-json\/wp\/v2\/pages"}],"about":[{"href":"https:\/\/www.balliuexport.com\/fr\/wp-json\/wp\/v2\/types\/page"}],"author":[{"embeddable":true,"href":"https:\/\/www.balliuexport.com\/fr\/wp-json\/wp\/v2\/users\/1259"}],"replies":[{"embeddable":true,"href":"https:\/\/www.balliuexport.com\/fr\/wp-json\/wp\/v2\/comments?post=72288"}],"version-history":[{"count":7,"href":"https:\/\/www.balliuexport.com\/fr\/wp-json\/wp\/v2\/pages\/72288\/revisions"}],"predecessor-version":[{"id":72295,"href":"https:\/\/www.balliuexport.com\/fr\/wp-json\/wp\/v2\/pages\/72288\/revisions\/72295"}],"wp:attachment":[{"href":"https:\/\/www.balliuexport.com\/fr\/wp-json\/wp\/v2\/media?parent=72288"}],"curies":[{"name":"wp","href":"https:\/\/api.w.org\/{rel}","templated":true}]}}