{"id":7487,"date":"2023-11-22T00:58:35","date_gmt":"2023-11-21T23:58:35","guid":{"rendered":"https:\/\/balliuexport.com\/produits\/"},"modified":"2026-02-06T13:14:10","modified_gmt":"2026-02-06T12:14:10","slug":"produits","status":"publish","type":"page","link":"https:\/\/www.balliuexport.com\/fr\/produits\/","title":{"rendered":"Produits"},"content":{"rendered":"\t\t<div data-elementor-type=\"wp-page\" data-elementor-id=\"7487\" class=\"elementor elementor-7487 elementor-3337\" data-elementor-post-type=\"page\">\n\t\t\t\t<div class=\"elementor-element elementor-element-7b0d598 e-con-full e-flex kitify-col-width-auto-no ignore-docs-style-no kitify-disable-relative-no e-root-container elementor-top-section e-con e-parent\" data-id=\"7b0d598\" data-element_type=\"container\" data-settings=\"{&quot;background_background&quot;:&quot;classic&quot;}\">\n\t\t\t\t<div class=\"elementor-element elementor-element-431cc50 elementor-invisible kitify-has-entrance-animation elementor-widget elementor-widget-heading\" data-id=\"431cc50\" data-element_type=\"widget\" data-settings=\"{&quot;_animation&quot;:&quot;fadeInUp&quot;}\" data-widget_type=\"heading.default\">\n\t\t\t\t<div class=\"elementor-widget-container\">\n\t\t\t<h2 class=\"elementor-heading-title elementor-size-default\">Produits<\/h2>\t\t<\/div>\n\t\t\t\t<\/div>\n\t\t\t\t<div class=\"elementor-element elementor-element-818f356 kitify-breadcrumbs-align-center elementor-widget kitify elementor-kitify-breadcrumbs\" data-id=\"818f356\" data-element_type=\"widget\" data-widget_type=\"kitify-breadcrumbs.default\">\n\t\t\t\t<div class=\"elementor-widget-container\">\n\t\t\t\n\t\t<div class=\"kitify-breadcrumbs\">\n\t\t<div class=\"kitify-breadcrumbs__content\">\n\t\t<div class=\"kitify-breadcrumbs__wrap\"><div class=\"kitify-breadcrumbs__item\"><a href=\"https:\/\/www.balliuexport.com\/fr\/\" class=\"kitify-breadcrumbs__item-link is-home\" rel=\"home\" title=\"Home\">Home<\/a><\/div>\n\t\t<\/div>\n\t\t<\/div>\n\t\t<\/div>\t\t<\/div>\n\t\t\t\t<\/div>\n\t\t\t\t<div class=\"elementor-element elementor-element-f343cda elementor-widget elementor-widget-spacer\" data-id=\"f343cda\" data-element_type=\"widget\" data-widget_type=\"spacer.default\">\n\t\t\t\t<div class=\"elementor-widget-container\">\n\t\t\t\t\t<div class=\"elementor-spacer\">\n\t\t\t<div class=\"elementor-spacer-inner\"><\/div>\n\t\t<\/div>\n\t\t\t\t<\/div>\n\t\t\t\t<\/div>\n\t\t\t\t<\/div>\n\t\t<div class=\"elementor-element elementor-element-1766903 e-flex e-con-boxed kitify-col-width-auto-no ignore-docs-style-no kitify-disable-relative-no e-root-container elementor-top-section e-con e-parent\" data-id=\"1766903\" data-element_type=\"container\">\n\t\t\t\t\t<div class=\"e-con-inner\">\n\t\t\t\t<div class=\"elementor-element elementor-element-3ca26e0 elementor-widget elementor-widget-heading\" data-id=\"3ca26e0\" data-element_type=\"widget\" data-widget_type=\"heading.default\">\n\t\t\t\t<div class=\"elementor-widget-container\">\n\t\t\t<h1 class=\"elementor-heading-title elementor-size-default\">Mobilier con\u00e7u par des professionnels pour les espaces ext\u00e9rieurs<\/h1>\t\t<\/div>\n\t\t\t\t<\/div>\n\t\t\t\t<div class=\"elementor-element elementor-element-000d418 elementor-widget elementor-widget-text-editor\" data-id=\"000d418\" data-element_type=\"widget\" data-widget_type=\"text-editor.default\">\n\t\t\t\t<div class=\"elementor-widget-container\">\n\t\t\t\t\t\t\t<p>D\u00e9couvrez notre s\u00e9lection de <span style=\"color: #006eb7;\"><strong>mobilier au design professionnel<\/strong><\/span> con\u00e7u pour les professionnels de l\u2019h\u00f4tellerie, de la restauration et des collectivit\u00e9s. Alliant esth\u00e9tique, durabilit\u00e9 et fonctionnalit\u00e9, nos produits s\u2019adaptent parfaitement \u00e0 tous types d\u2019environnements ext\u00e9rieurs : terrasses, jardins, patios ou espaces publics. <\/p><p>Nous vous aidons \u00e0 am\u00e9nager vos espaces avec des solutions sur mesure, r\u00e9sistantes aux intemp\u00e9ries et adapt\u00e9es \u00e0 un usage intensif. D\u00e9couvrez <a href=\"https:\/\/www.instagram.com\/balliuexport\/\" target=\"_blank\" rel=\"noopener\"><span style=\"color: #006eb7;\"><strong>notre gamme compl\u00e8te sur Instagram<\/strong><\/span><\/a> et transformez vos espaces ext\u00e9rieurs en espaces <span style=\"color: #006eb7;\"><strong>cosy<\/strong><\/span> et <strong><span style=\"color: #006eb7;\">\u00e9l\u00e9gants.<\/span><\/strong> <\/p>\t\t\t\t\t\t<\/div>\n\t\t\t\t<\/div>\n\t\t\t\t\t<\/div>\n\t\t\t\t<\/div>\n\t\t<div class=\"elementor-element elementor-element-fef73ae products-grid e-flex e-con-boxed kitify-col-width-auto-no ignore-docs-style-no kitify-disable-relative-no elementor-invisible e-root-container elementor-top-section kitify-has-entrance-animation e-con e-parent\" data-id=\"fef73ae\" data-element_type=\"container\" data-settings=\"{&quot;animation&quot;:&quot;kitifyShortFadeInRight&quot;}\">\n\t\t\t\t\t<div class=\"e-con-inner\">\n\t\t<div class=\"elementor-element elementor-element-86c95a7 e-con-full e-flex kitify-col-width-auto-no ignore-docs-style-no kitify-disable-relative-no elementor-invisible kitify-has-entrance-animation e-con e-child\" data-id=\"86c95a7\" data-element_type=\"container\" data-settings=\"{&quot;animation&quot;:&quot;kitifyShortFadeInUp&quot;}\">\n\t\t\t\t<div class=\"elementor-element elementor-element-1f3d60c elementor-widget kitify elementor-kitify-banner\" data-id=\"1f3d60c\" data-element_type=\"widget\" data-widget_type=\"kitify-banner.default\">\n\t\t\t\t<div class=\"elementor-widget-container\">\n\t\t\t<figure class=\"kitify-banner kitify-effect-hidden-content\"><a href=\"https:\/\/www.balliuexport.com\/categoria\/tumbonas\/\" class=\"kitify-banner__link\"><div class=\"kitify-banner__overlay\"><\/div><img decoding=\"async\" src=\"https:\/\/www.balliuexport.com\/wp-content\/uploads\/2025\/02\/balliu-etna-sunlounger-outdoor-furniture-mobiliario-terraza-jardin-01-1-768x731.jpg\" alt=\"balliu-etna-sunlounger-outdoor-furniture-mobiliario-terraza-jardin-01\" class=\"kitify-banner__img\"><figcaption class=\"kitify-banner__content\"><div class=\"kitify-banner__content-wrap\"><h5 class=\"kitify-banner__title\">Bains de soleil<\/h5><\/div><\/figcaption><\/a><\/figure>\r\n\t\t<\/div>\n\t\t\t\t<\/div>\n\t\t\t\t<\/div>\n\t\t<div class=\"elementor-element elementor-element-8dc0bc2 e-con-full e-flex kitify-col-width-auto-no ignore-docs-style-no kitify-disable-relative-no elementor-invisible kitify-has-entrance-animation e-con e-child\" data-id=\"8dc0bc2\" data-element_type=\"container\" data-settings=\"{&quot;animation&quot;:&quot;kitifyShortFadeInUp&quot;,&quot;animation_delay&quot;:400}\">\n\t\t\t\t<div class=\"elementor-element elementor-element-f7c71ac elementor-widget kitify elementor-kitify-banner\" data-id=\"f7c71ac\" data-element_type=\"widget\" data-widget_type=\"kitify-banner.default\">\n\t\t\t\t<div class=\"elementor-widget-container\">\n\t\t\t<figure class=\"kitify-banner kitify-effect-hidden-content\"><a href=\"https:\/\/www.balliuexport.com\/categoria\/tumbonas\/mini-tumbonas\/\" class=\"kitify-banner__link\"><div class=\"kitify-banner__overlay\"><\/div><img decoding=\"async\" src=\"https:\/\/www.balliuexport.com\/wp-content\/uploads\/2025\/02\/mini-tumbona-cannes-ambiente-piscina-004-1100x1100.jpg\" alt=\"mini-tumbona-cannes-ambiente-piscina-004\" class=\"kitify-banner__img\"><figcaption class=\"kitify-banner__content\"><div class=\"kitify-banner__content-wrap\"><h5 class=\"kitify-banner__title\">Chillienes<\/h5><\/div><\/figcaption><\/a><\/figure>\r\n\t\t<\/div>\n\t\t\t\t<\/div>\n\t\t\t\t<\/div>\n\t\t<div class=\"elementor-element elementor-element-32fc4a9 e-con-full e-flex kitify-col-width-auto-no ignore-docs-style-no kitify-disable-relative-no elementor-invisible kitify-has-entrance-animation e-con e-child\" data-id=\"32fc4a9\" data-element_type=\"container\" data-settings=\"{&quot;animation&quot;:&quot;kitifyShortFadeInUp&quot;,&quot;animation_delay&quot;:500}\">\n\t\t\t\t<div class=\"elementor-element elementor-element-43d4d70 elementor-widget kitify elementor-kitify-banner\" data-id=\"43d4d70\" data-element_type=\"widget\" data-widget_type=\"kitify-banner.default\">\n\t\t\t\t<div class=\"elementor-widget-container\">\n\t\t\t<figure class=\"kitify-banner kitify-effect-hidden-content\"><a href=\"https:\/\/www.balliuexport.com\/categoria\/mesas\/\" class=\"kitify-banner__link\"><div class=\"kitify-banner__overlay\"><\/div><img decoding=\"async\" src=\"https:\/\/www.balliuexport.com\/wp-content\/uploads\/2025\/02\/MES-JAM-Mesa-Java-200-Tor.-Mate-HPL-Prado-0006-scaled.webp\" alt=\"MES-JAM-Mesa Java 200 Tor. Mate HPL Prado-0006\" class=\"kitify-banner__img\"><figcaption class=\"kitify-banner__content\"><div class=\"kitify-banner__content-wrap\"><h5 class=\"kitify-banner__title\">Tables<\/h5><\/div><\/figcaption><\/a><\/figure>\r\n\t\t<\/div>\n\t\t\t\t<\/div>\n\t\t\t\t<\/div>\n\t\t<div class=\"elementor-element elementor-element-d91e8d5 e-con-full e-flex kitify-col-width-auto-no ignore-docs-style-no kitify-disable-relative-no elementor-invisible kitify-has-entrance-animation e-con e-child\" data-id=\"d91e8d5\" data-element_type=\"container\" data-settings=\"{&quot;animation&quot;:&quot;kitifyShortFadeInUp&quot;}\">\n\t\t\t\t<div class=\"elementor-element elementor-element-d088889 elementor-widget kitify elementor-kitify-banner\" data-id=\"d088889\" data-element_type=\"widget\" data-widget_type=\"kitify-banner.default\">\n\t\t\t\t<div class=\"elementor-widget-container\">\n\t\t\t<figure class=\"kitify-banner kitify-effect-hidden-content\"><a href=\"https:\/\/www.balliuexport.com\/categoria\/sillas\/\" class=\"kitify-banner__link\"><div class=\"kitify-banner__overlay\"><\/div><img decoding=\"async\" src=\"https:\/\/www.balliuexport.com\/wp-content\/uploads\/2025\/02\/silla-con-brazos-bruna-tortola-ambiente-001-857x1200.jpg\" alt=\"silla-con-brazos-bruna-tortola-ambiente-001\" class=\"kitify-banner__img\"><figcaption class=\"kitify-banner__content\"><div class=\"kitify-banner__content-wrap\"><h5 class=\"kitify-banner__title\">Chaises<\/h5><\/div><\/figcaption><\/a><\/figure>\r\n\t\t<\/div>\n\t\t\t\t<\/div>\n\t\t\t\t<\/div>\n\t\t\t\t\t<\/div>\n\t\t\t\t<\/div>\n\t\t<div class=\"elementor-element elementor-element-21bdc2f products-grid e-flex e-con-boxed kitify-col-width-auto-no ignore-docs-style-no kitify-disable-relative-no elementor-invisible e-root-container elementor-top-section kitify-has-entrance-animation e-con e-parent\" data-id=\"21bdc2f\" data-element_type=\"container\" data-settings=\"{&quot;animation&quot;:&quot;kitifyShortFadeInRight&quot;}\">\n\t\t\t\t\t<div class=\"e-con-inner\">\n\t\t<div class=\"elementor-element elementor-element-a63c081 e-con-full e-flex kitify-col-width-auto-no ignore-docs-style-no kitify-disable-relative-no elementor-invisible kitify-has-entrance-animation e-con e-child\" data-id=\"a63c081\" data-element_type=\"container\" data-settings=\"{&quot;animation&quot;:&quot;kitifyShortFadeInUp&quot;,&quot;animation_delay&quot;:400}\">\n\t\t\t\t<div class=\"elementor-element elementor-element-189bb13 elementor-widget kitify elementor-kitify-banner\" data-id=\"189bb13\" data-element_type=\"widget\" data-widget_type=\"kitify-banner.default\">\n\t\t\t\t<div class=\"elementor-widget-container\">\n\t\t\t<figure class=\"kitify-banner kitify-effect-hidden-content\"><a href=\"https:\/\/www.balliuexport.com\/categoria\/sofas2\/\" class=\"kitify-banner__link\"><div class=\"kitify-banner__overlay\"><\/div><img decoding=\"async\" src=\"https:\/\/www.balliuexport.com\/wp-content\/uploads\/2025\/02\/conjunto-sofa-olimpia-ambiente-003-1024x1536.jpg\" alt=\"conjunto-sofa-olimpia-ambiente-003\" class=\"kitify-banner__img\"><figcaption class=\"kitify-banner__content\"><div class=\"kitify-banner__content-wrap\"><h5 class=\"kitify-banner__title\">Canap\u00e9s<\/h5><\/div><\/figcaption><\/a><\/figure>\r\n\t\t<\/div>\n\t\t\t\t<\/div>\n\t\t\t\t<\/div>\n\t\t<div class=\"elementor-element elementor-element-8a1dc26 e-con-full e-flex kitify-col-width-auto-no ignore-docs-style-no kitify-disable-relative-no elementor-invisible kitify-has-entrance-animation e-con e-child\" data-id=\"8a1dc26\" data-element_type=\"container\" data-settings=\"{&quot;animation&quot;:&quot;kitifyShortFadeInUp&quot;}\">\n\t\t\t\t<div class=\"elementor-element elementor-element-62fb53e elementor-widget kitify elementor-kitify-banner\" data-id=\"62fb53e\" data-element_type=\"widget\" data-widget_type=\"kitify-banner.default\">\n\t\t\t\t<div class=\"elementor-widget-container\">\n\t\t\t<figure class=\"kitify-banner kitify-effect-hidden-content\"><a href=\"https:\/\/www.balliuexport.com\/categoria\/parasoles\/\" class=\"kitify-banner__link\"><div class=\"kitify-banner__overlay\"><\/div><img decoding=\"async\" src=\"https:\/\/www.balliuexport.com\/wp-content\/uploads\/2025\/04\/IMG_1624.jpg\" alt=\"IMG_1624\" class=\"kitify-banner__img\"><figcaption class=\"kitify-banner__content\"><div class=\"kitify-banner__content-wrap\"><h5 class=\"kitify-banner__title\">Parasols<\/h5><\/div><\/figcaption><\/a><\/figure>\r\n\t\t<\/div>\n\t\t\t\t<\/div>\n\t\t\t\t<\/div>\n\t\t<div class=\"elementor-element elementor-element-8f49fac e-con-full e-flex kitify-col-width-auto-no ignore-docs-style-no kitify-disable-relative-no elementor-invisible kitify-has-entrance-animation e-con e-child\" data-id=\"8f49fac\" data-element_type=\"container\" data-settings=\"{&quot;animation&quot;:&quot;kitifyShortFadeInUp&quot;,&quot;animation_delay&quot;:400}\">\n\t\t\t\t<div class=\"elementor-element elementor-element-757aa33 elementor-widget kitify elementor-kitify-banner\" data-id=\"757aa33\" data-element_type=\"widget\" data-widget_type=\"kitify-banner.default\">\n\t\t\t\t<div class=\"elementor-widget-container\">\n\t\t\t<figure class=\"kitify-banner kitify-effect-hidden-content\"><a href=\"\/categoria\/complementos\" class=\"kitify-banner__link\"><div class=\"kitify-banner__overlay\"><\/div><img decoding=\"async\" src=\"https:\/\/www.balliuexport.com\/wp-content\/uploads\/2025\/02\/TUM-ETT-Tumbona-Etna-Blanco-Text.-Tela-Ceniza-0097-1100x1100.jpg\" alt=\"TUM-ETT-Tumbona Etna Blanco Text. Tela Ceniza-0097\" class=\"kitify-banner__img\"><figcaption class=\"kitify-banner__content\"><div class=\"kitify-banner__content-wrap\"><h5 class=\"kitify-banner__title\">Accessoires<\/h5><\/div><\/figcaption><\/a><\/figure>\r\n\t\t<\/div>\n\t\t\t\t<\/div>\n\t\t\t\t<\/div>\n\t\t<div class=\"elementor-element elementor-element-10a3edd e-con-full e-flex kitify-col-width-auto-no ignore-docs-style-no kitify-disable-relative-no elementor-invisible kitify-has-entrance-animation e-con e-child\" data-id=\"10a3edd\" data-element_type=\"container\" data-settings=\"{&quot;animation&quot;:&quot;kitifyShortFadeInUp&quot;,&quot;animation_delay&quot;:500}\">\n\t\t\t\t<div class=\"elementor-element elementor-element-dfbf777 elementor-widget kitify elementor-kitify-banner\" data-id=\"dfbf777\" data-element_type=\"widget\" data-widget_type=\"kitify-banner.default\">\n\t\t\t\t<div class=\"elementor-widget-container\">\n\t\t\t<figure class=\"kitify-banner kitify-effect-hidden-content\"><a href=\"\/categoria\/camas-balinesas\/\" class=\"kitify-banner__link\"><div class=\"kitify-banner__overlay\"><\/div><img decoding=\"async\" src=\"https:\/\/www.balliuexport.com\/wp-content\/uploads\/2025\/02\/cama-balinesa-aura-blanco-ambiente-001-1-1100x1100.jpg\" alt=\"cama-balinesa-aura-blanco-ambiente-001\" class=\"kitify-banner__img\"><figcaption class=\"kitify-banner__content\"><div class=\"kitify-banner__content-wrap\"><h5 class=\"kitify-banner__title\">Lits balinais<\/h5><\/div><\/figcaption><\/a><\/figure>\r\n\t\t<\/div>\n\t\t\t\t<\/div>\n\t\t\t\t<\/div>\n\t\t\t\t\t<\/div>\n\t\t\t\t<\/div>\n\t\t\t\t<\/div>\n\t\t","protected":false},"excerpt":{"rendered":"<p>Produits Home Mobilier con\u00e7u par des professionnels pour les espaces ext\u00e9rieurs D\u00e9couvrez notre s\u00e9lection de mobilier au design professionnel con\u00e7u pour les professionnels de l\u2019h\u00f4tellerie, de la restauration et des collectivit\u00e9s. Alliant esth\u00e9tique, durabilit\u00e9 et fonctionnalit\u00e9, nos produits s\u2019adaptent parfaitement \u00e0 tous types d\u2019environnements ext\u00e9rieurs : terrasses, jardins, patios ou espaces publics. Nous vous aidons \u00e0 am\u00e9nager vos espaces avec\u2026<\/p>\n","protected":false},"author":1,"featured_media":0,"parent":0,"menu_order":0,"comment_status":"closed","ping_status":"closed","template":"elementor_header_footer","meta":{"_acf_changed":false,"footnotes":""},"class_list":["post-7487","page","type-page","status-publish","hentry"],"acf":[],"_links":{"self":[{"href":"https:\/\/www.balliuexport.com\/fr\/wp-json\/wp\/v2\/pages\/7487","targetHints":{"allow":["GET"]}}],"collection":[{"href":"https:\/\/www.balliuexport.com\/fr\/wp-json\/wp\/v2\/pages"}],"about":[{"href":"https:\/\/www.balliuexport.com\/fr\/wp-json\/wp\/v2\/types\/page"}],"author":[{"embeddable":true,"href":"https:\/\/www.balliuexport.com\/fr\/wp-json\/wp\/v2\/users\/1"}],"replies":[{"embeddable":true,"href":"https:\/\/www.balliuexport.com\/fr\/wp-json\/wp\/v2\/comments?post=7487"}],"version-history":[{"count":38,"href":"https:\/\/www.balliuexport.com\/fr\/wp-json\/wp\/v2\/pages\/7487\/revisions"}],"predecessor-version":[{"id":70108,"href":"https:\/\/www.balliuexport.com\/fr\/wp-json\/wp\/v2\/pages\/7487\/revisions\/70108"}],"wp:attachment":[{"href":"https:\/\/www.balliuexport.com\/fr\/wp-json\/wp\/v2\/media?parent=7487"}],"curies":[{"name":"wp","href":"https:\/\/api.w.org\/{rel}","templated":true}]}}