{"id":8981,"date":"2026-03-31T15:02:20","date_gmt":"2026-03-31T13:02:20","guid":{"rendered":"https:\/\/balliuexport.com\/avis-juridique\/"},"modified":"2026-04-01T11:46:03","modified_gmt":"2026-04-01T09:46:03","slug":"avis-juridique","status":"publish","type":"page","link":"https:\/\/www.balliuexport.com\/fr\/avis-juridique\/","title":{"rendered":"Avis juridique"},"content":{"rendered":"\t\t<div data-elementor-type=\"wp-page\" data-elementor-id=\"8981\" class=\"elementor elementor-8981 elementor-5153\" data-elementor-post-type=\"page\">\n\t\t\t\t<div class=\"elementor-element elementor-element-5f2b9ca e-flex e-con-boxed kitify-col-width-auto-no ignore-docs-style-no kitify-disable-relative-no e-root-container elementor-top-section e-con e-parent\" data-id=\"5f2b9ca\" data-element_type=\"container\" id=\"avisolegal-1\">\n\t\t\t\t\t<div class=\"e-con-inner\">\n\t\t\t\t<div class=\"elementor-element elementor-element-1c2fca5 elementor-widget elementor-widget-heading\" data-id=\"1c2fca5\" data-element_type=\"widget\" data-widget_type=\"heading.default\">\n\t\t\t\t<div class=\"elementor-widget-container\">\n\t\t\t<h2 class=\"elementor-heading-title elementor-size-default\">Avis juridique<\/h2>\t\t<\/div>\n\t\t\t\t<\/div>\n\t\t\t\t<div class=\"elementor-element elementor-element-1f5a19e elementor-widget elementor-widget-heading\" data-id=\"1f5a19e\" data-element_type=\"widget\" data-widget_type=\"heading.default\">\n\t\t\t\t<div class=\"elementor-widget-container\">\n\t\t\t<h3 class=\"elementor-heading-title elementor-size-default\">Caract\u00e9ristiques techniques<\/h3>\t\t<\/div>\n\t\t\t\t<\/div>\n\t\t\t\t<div class=\"elementor-element elementor-element-b62a4a8 elementor-widget-mobile__width-initial elementor-widget elementor-widget-text-editor\" data-id=\"b62a4a8\" data-element_type=\"widget\" data-widget_type=\"text-editor.default\">\n\t\t\t\t<div class=\"elementor-widget-container\">\n\t\t\t\t\t\t\t<p>Conform\u00e9ment \u00e0 l&rsquo;obligation d&rsquo;information pr\u00e9vue \u00e0 l&rsquo;article 10 de la loi 34\/2002 du 11 juillet relative aux services de la soci\u00e9t\u00e9 de l&rsquo;information et au commerce \u00e9lectronique, nous vous informons que le site Web et les portails Internet https:\/\/balliuexport.com\/ (ci-apr\u00e8s d\u00e9nomm\u00e9 le \u00ab site Web \u00bb) sont la propri\u00e9t\u00e9 de BALLIU EXPORT, S.A. (ci-apr\u00e8s d\u00e9nomm\u00e9e BALLIU EXPORT), dont le si\u00e8ge social est situ\u00e9 Carretera C-35, Km 936,5 &#8211; 17455 &#8211; Caldes de Malavella (G\u00e9rone), et dont le num\u00e9ro d&rsquo;identification fiscale (CIF) est : A17545385. Inscrite au registre du commerce de G\u00e9rone : T 1182, F 133, S 8, H GI 20948, I\/A 20.<\/p>\t\t\t\t\t\t<\/div>\n\t\t\t\t<\/div>\n\t\t\t\t<div class=\"elementor-element elementor-element-fc072f2 elementor-widget elementor-widget-heading\" data-id=\"fc072f2\" data-element_type=\"widget\" data-widget_type=\"heading.default\">\n\t\t\t\t<div class=\"elementor-widget-container\">\n\t\t\t<h3 class=\"elementor-heading-title elementor-size-default\">Communications<\/h3>\t\t<\/div>\n\t\t\t\t<\/div>\n\t\t\t\t<div class=\"elementor-element elementor-element-f9380dc elementor-widget elementor-widget-text-editor\" data-id=\"f9380dc\" data-element_type=\"widget\" data-widget_type=\"text-editor.default\">\n\t\t\t\t<div class=\"elementor-widget-container\">\n\t\t\t\t\t\t\t<p>T\u00e9l\u00e9phone : +34 972 397 100<br>E-mail : info@balliuexport.com<br>Le pr\u00e9sent avis juridique r\u00e9git les conditions d&rsquo;utilisation du portail Internet susmentionn\u00e9.<\/p>\t\t\t\t\t\t<\/div>\n\t\t\t\t<\/div>\n\t\t\t\t<div class=\"elementor-element elementor-element-b2ee63e elementor-widget elementor-widget-heading\" data-id=\"b2ee63e\" data-element_type=\"widget\" data-widget_type=\"heading.default\">\n\t\t\t\t<div class=\"elementor-widget-container\">\n\t\t\t<h3 class=\"elementor-heading-title elementor-size-default\">Droit applicable et juridiction<\/h3>\t\t<\/div>\n\t\t\t\t<\/div>\n\t\t\t\t<div class=\"elementor-element elementor-element-1f17ed8 elementor-widget elementor-widget-text-editor\" data-id=\"1f17ed8\" data-element_type=\"widget\" data-widget_type=\"text-editor.default\">\n\t\t\t\t<div class=\"elementor-widget-container\">\n\t\t\t\t\t\t\t<p>De mani\u00e8re g\u00e9n\u00e9rale, les relations entre BALLIU EXPORT et les utilisateurs de ses services t\u00e9l\u00e9matiques, disponibles sur le site web, sont soumises \u00e0 la l\u00e9gislation et \u00e0 la juridiction espagnoles. Les parties renoncent express\u00e9ment \u00e0 toute autre juridiction qui pourrait leur correspondre et se soumettent express\u00e9ment aux tribunaux de Santa Coloma de Farners (G\u00e9rone) pour r\u00e9soudre tout litige pouvant survenir dans l&rsquo;interpr\u00e9tation ou l&rsquo;ex\u00e9cution des pr\u00e9sentes conditions contractuelles.<br> <\/p>\t\t\t\t\t\t<\/div>\n\t\t\t\t<\/div>\n\t\t\t\t<div class=\"elementor-element elementor-element-034df52 elementor-widget elementor-widget-heading\" data-id=\"034df52\" data-element_type=\"widget\" data-widget_type=\"heading.default\">\n\t\t\t\t<div class=\"elementor-widget-container\">\n\t\t\t<h3 class=\"elementor-heading-title elementor-size-default\">Acceptation par l'utilisateur<\/h3>\t\t<\/div>\n\t\t\t\t<\/div>\n\t\t\t\t<div class=\"elementor-element elementor-element-fa48691 elementor-widget elementor-widget-text-editor\" data-id=\"fa48691\" data-element_type=\"widget\" data-widget_type=\"text-editor.default\">\n\t\t\t\t<div class=\"elementor-widget-container\">\n\t\t\t\t\t\t\t<p>Le pr\u00e9sent avis juridique r\u00e9git l&rsquo;acc\u00e8s et l&rsquo;utilisation du site web que BALLIU EXPORT met \u00e0 la disposition des utilisateurs d&rsquo;Internet. Est consid\u00e9r\u00e9e comme utilisateur toute personne qui acc\u00e8de, navigue, utilise ou participe aux services et activit\u00e9s du site web. L&rsquo;utilisateur est inform\u00e9 et accepte que l&rsquo;acc\u00e8s \u00e0 ce site n&rsquo;implique en aucun cas le d\u00e9but d&rsquo;une relation commerciale avec BALLIU EXPORT. L&rsquo;acc\u00e8s et la navigation de l&rsquo;utilisateur sur le site web impliquent l&rsquo;acceptation de l&rsquo;ensemble des pr\u00e9sentes conditions d&rsquo;utilisation. En cas de d\u00e9saccord avec les conditions, l&rsquo;utilisateur doit s&rsquo;abstenir d&rsquo;utiliser le site.    <\/p>\t\t\t\t\t\t<\/div>\n\t\t\t\t<\/div>\n\t\t\t\t<div class=\"elementor-element elementor-element-e03dc69 elementor-widget elementor-widget-heading\" data-id=\"e03dc69\" data-element_type=\"widget\" data-widget_type=\"heading.default\">\n\t\t\t\t<div class=\"elementor-widget-container\">\n\t\t\t<h3 class=\"elementor-heading-title elementor-size-default\">Acc\u00e8s au site web<\/h3>\t\t<\/div>\n\t\t\t\t<\/div>\n\t\t\t\t<div class=\"elementor-element elementor-element-5c9359a elementor-widget elementor-widget-text-editor\" data-id=\"5c9359a\" data-element_type=\"widget\" data-widget_type=\"text-editor.default\">\n\t\t\t\t<div class=\"elementor-widget-container\">\n\t\t\t\t\t\t\t<p>L&rsquo;acc\u00e8s au site web par les utilisateurs est gratuit. Certains services peuvent faire l&rsquo;objet d&rsquo;un contrat pr\u00e9alable. S&rsquo;il est n\u00e9cessaire que l&rsquo;utilisateur fournisse des donn\u00e9es personnelles pour acc\u00e9der \u00e0 l&rsquo;un des services, la collecte et le traitement des donn\u00e9es seront effectu\u00e9s conform\u00e9ment \u00e0 la l\u00e9gislation en vigueur, en particulier au RGPD. Pour plus d&rsquo;informations, veuillez consulter notre <a href=\"https:\/\/balliuexport.com\/fr\/politique-de-confidentialit\u00e9\/\"><span style=\"color: #006eb7;\">politique de confidentialit\u00e9<\/span><\/a>:    <\/p>\t\t\t\t\t\t<\/div>\n\t\t\t\t<\/div>\n\t\t\t\t<div class=\"elementor-element elementor-element-094696f elementor-widget elementor-widget-heading\" data-id=\"094696f\" data-element_type=\"widget\" data-widget_type=\"heading.default\">\n\t\t\t\t<div class=\"elementor-widget-container\">\n\t\t\t<h3 class=\"elementor-heading-title elementor-size-default\">Contenu et utilisation<\/h3>\t\t<\/div>\n\t\t\t\t<\/div>\n\t\t\t\t<div class=\"elementor-element elementor-element-5486318 elementor-widget elementor-widget-text-editor\" data-id=\"5486318\" data-element_type=\"widget\" data-widget_type=\"text-editor.default\">\n\t\t\t\t<div class=\"elementor-widget-container\">\n\t\t\t\t\t\t\t<p>La visite du site web par l&rsquo;utilisateur doit se faire de mani\u00e8re responsable et conform\u00e9ment \u00e0 la l\u00e9gislation en vigueur, \u00e0 la bonne foi, au pr\u00e9sent avis juridique et au respect des droits de propri\u00e9t\u00e9 intellectuelle et industrielle appartenant \u00e0 BALLIU EXPORT ou \u00e0 toute autre personne physique ou morale. Il est strictement interdit d&rsquo;utiliser les contenus du site web \u00e0 des fins illicites ou susceptibles de l&rsquo;\u00eatre, ainsi que de r\u00e9aliser des actions qui causent ou pourraient causer des dommages ou des alt\u00e9rations de quelque nature que ce soit au site web ou \u00e0 ses contenus sans l&rsquo;accord de BALLIU EXPORT.<br>Le propri\u00e9taire du site web ne s&rsquo;identifie pas aux opinions exprim\u00e9es par ses collaborateurs. L&rsquo;entreprise se r\u00e9serve le droit d&rsquo;apporter les modifications qu&rsquo;elle juge opportunes \u00e0 son site web sans avis pr\u00e9alable, pouvant changer, supprimer ou ajouter aussi bien les contenus et les services fournis \u00e0 travers celui-ci que la mani\u00e8re dont ils sont pr\u00e9sent\u00e9s ou situ\u00e9s sur ses serveurs. Il est strictement interdit d&rsquo;utiliser les contenus du site web \u00e0 des fins illicites, ainsi que de r\u00e9aliser toute action qui cause ou peut causer des dommages ou des alt\u00e9rations de toute nature, non consentis par BALLIU EXPORT, au site web ou \u00e0 ses contenus.   <\/p>\t\t\t\t\t\t<\/div>\n\t\t\t\t<\/div>\n\t\t\t\t<div class=\"elementor-element elementor-element-a9fa698 elementor-widget elementor-widget-heading\" data-id=\"a9fa698\" data-element_type=\"widget\" data-widget_type=\"heading.default\">\n\t\t\t\t<div class=\"elementor-widget-container\">\n\t\t\t<h3 class=\"elementor-heading-title elementor-size-default\">Propri\u00e9t\u00e9 intellectuelle et industrielle<\/h3>\t\t<\/div>\n\t\t\t\t<\/div>\n\t\t\t\t<div class=\"elementor-element elementor-element-7246d75 elementor-widget elementor-widget-text-editor\" data-id=\"7246d75\" data-element_type=\"widget\" data-widget_type=\"text-editor.default\">\n\t\t\t\t<div class=\"elementor-widget-container\">\n\t\t\t\t\t\t\t<p>Les droits de propri\u00e9t\u00e9 intellectuelle du contenu des pages web, leur conception graphique et les codes sont la propri\u00e9t\u00e9 de BALLIU EXPORT et, par cons\u00e9quent, leur reproduction, distribution, communication publique, transformation ou toute autre activit\u00e9 r\u00e9alis\u00e9e avec les contenus du site web est interdite, m\u00eame si les sources sont cit\u00e9es, sauf avec le consentement pr\u00e9alable, expr\u00e8s et \u00e9crit de BALLIU EXPORT.<\/p><p>Tous les noms commerciaux, marques ou signes distinctifs de toute nature contenus dans les pages web de l&rsquo;entreprise sont la propri\u00e9t\u00e9 de leurs titulaires et sont prot\u00e9g\u00e9s par la loi. BALLIU EXPORT ne conc\u00e8de aucune licence ou autorisation d&rsquo;utilisation de quelque nature que ce soit sur ses droits de propri\u00e9t\u00e9 intellectuelle et industrielle ou sur tout autre bien ou droit li\u00e9 au site web, et en aucun cas l&rsquo;acc\u00e8s et la navigation des utilisateurs n&rsquo;impliquent une renonciation, une transmission, une licence ou une cession totale ou partielle de ces droits de la part de BALLIU EXPORT. <\/p><p>Toute utilisation de ces contenus non pr\u00e9alablement autoris\u00e9e par BALLIU EXPORT sera consid\u00e9r\u00e9e comme une violation grave des droits de propri\u00e9t\u00e9 intellectuelle ou industrielle et engagera la responsabilit\u00e9 de son auteur conform\u00e9ment \u00e0 la loi. BALLIU EXPORT se r\u00e9serve le droit d&rsquo;intenter \u00e0 l&rsquo;encontre de l&rsquo;utilisateur les actions judiciaires et extrajudiciaires qui s&rsquo;imposent. <\/p>\t\t\t\t\t\t<\/div>\n\t\t\t\t<\/div>\n\t\t\t\t<div class=\"elementor-element elementor-element-507c579 elementor-widget elementor-widget-heading\" data-id=\"507c579\" data-element_type=\"widget\" data-widget_type=\"heading.default\">\n\t\t\t\t<div class=\"elementor-widget-container\">\n\t\t\t<h3 class=\"elementor-heading-title elementor-size-default\">Responsabilit\u00e9 et garanties<\/h3>\t\t<\/div>\n\t\t\t\t<\/div>\n\t\t\t\t<div class=\"elementor-element elementor-element-f35de90 elementor-widget elementor-widget-text-editor\" data-id=\"f35de90\" data-element_type=\"widget\" data-widget_type=\"text-editor.default\">\n\t\t\t\t<div class=\"elementor-widget-container\">\n\t\t\t\t\t\t\t<p>BALLIU EXPORT d\u00e9clare avoir adopt\u00e9 les mesures n\u00e9cessaires qui, dans la mesure de ses possibilit\u00e9s et de l&rsquo;\u00e9tat de la technologie, permettent le bon fonctionnement de son site web, ainsi que l&rsquo;absence de virus et de composants nuisibles. Toutefois, BALLIU EXPORT ne peut \u00eatre tenu responsable des situations suivantes, qui sont \u00e9num\u00e9r\u00e9es \u00e0 titre d&rsquo;exemple, mais sans s&rsquo;y limiter : <\/p><p>&#8211; L&rsquo;absence de virus et\/ou d&rsquo;autres composants nuisibles.<br>&#8211; Les dommages caus\u00e9s par toute personne qui viole les syst\u00e8mes de s\u00e9curit\u00e9 de BALLIU EXPORT.<br>&#8211; L&rsquo;utilisation que les utilisateurs peuvent faire des contenus inclus dans le site web. Par cons\u00e9quent, BALLIU EXPORT ne garantit pas que l&rsquo;utilisation que les utilisateurs peuvent faire des contenus \u00e9ventuellement inclus dans le site web soit conforme au pr\u00e9sent avis juridique, ni que l&rsquo;utilisation du site web soit effectu\u00e9e avec diligence. <br>&#8211; L&rsquo;utilisation du site web par des mineurs ou l&rsquo;envoi de leurs donn\u00e9es personnelles sans l&rsquo;autorisation de leurs tuteurs, ces derniers \u00e9tant responsables de l&rsquo;utilisation qu&rsquo;ils font d&rsquo;Internet. Les contenus auxquels l&rsquo;utilisateur peut acc\u00e9der par le biais de liens non autoris\u00e9s ou introduits par des utilisateurs par le biais de commentaires ou d&rsquo;outils similaires.<br>&#8211; L&rsquo;introduction de donn\u00e9es erron\u00e9es par l&rsquo;utilisateur ou un tiers. <\/p><p>BALLIU EXPORT peut suspendre temporairement et sans pr\u00e9avis l&rsquo;acc\u00e8s au site web pour des op\u00e9rations de maintenance, de r\u00e9paration, de mise \u00e0 jour ou d&rsquo;am\u00e9lioration. Toutefois, lorsque les circonstances le permettent, BALLIU EXPORT informera l&rsquo;utilisateur, suffisamment \u00e0 l&rsquo;avance, de la date pr\u00e9vue pour la suspension des contenus. De m\u00eame, conform\u00e9ment aux articles 11 et 16 de la loi 34\/2002, du 11 juillet, sur les services de la soci\u00e9t\u00e9 de l&rsquo;information et le commerce \u00e9lectronique (LSSICE), BALLIU EXPORT s&rsquo;engage \u00e0 \u00e9liminer ou, le cas \u00e9ch\u00e9ant, \u00e0 bloquer les contenus qui pourraient affecter ou \u00eatre contraires \u00e0 la l\u00e9gislation en vigueur, aux droits des tiers ou \u00e0 la morale et \u00e0 l&rsquo;ordre public.   <\/p>\t\t\t\t\t\t<\/div>\n\t\t\t\t<\/div>\n\t\t\t\t<div class=\"elementor-element elementor-element-5bc21e8 elementor-widget elementor-widget-heading\" data-id=\"5bc21e8\" data-element_type=\"widget\" data-widget_type=\"heading.default\">\n\t\t\t\t<div class=\"elementor-widget-container\">\n\t\t\t<h3 class=\"elementor-heading-title elementor-size-default\">Cookies<\/h3>\t\t<\/div>\n\t\t\t\t<\/div>\n\t\t\t\t<div class=\"elementor-element elementor-element-b0223a7 elementor-widget elementor-widget-text-editor\" data-id=\"b0223a7\" data-element_type=\"widget\" data-widget_type=\"text-editor.default\">\n\t\t\t\t<div class=\"elementor-widget-container\">\n\t\t\t\t\t\t\t<p>BALLIU EXPORT utilise des cookies pour optimiser et personnaliser votre navigation sur le site. Les cookies sont des fichiers d&rsquo;information physiques qui sont stock\u00e9s dans le terminal de l&rsquo;utilisateur. Les informations collect\u00e9es par le biais des cookies sont utilis\u00e9es pour faciliter la navigation de l&rsquo;utilisateur sur le portail et pour optimiser l&rsquo;exp\u00e9rience de navigation. Les donn\u00e9es collect\u00e9es par le biais des cookies peuvent \u00eatre partag\u00e9es avec les cr\u00e9ateurs de ces derniers, mais en aucun cas les informations obtenues par ces derniers ne seront associ\u00e9es \u00e0 des donn\u00e9es personnelles ou \u00e0 des donn\u00e9es permettant d&rsquo;identifier l&rsquo;utilisateur.<br>Toutefois, si l&rsquo;utilisateur ne souhaite pas que des cookies soient install\u00e9s sur son disque dur, il peut configurer son navigateur de mani\u00e8re \u00e0 emp\u00eacher l&rsquo;installation de ces fichiers. Pour plus d&rsquo;informations, veuillez consulter notre <a href=\"https:\/\/balliuexport.com\/fr\/politique-en-matiere-de-cookies\/\"><span style=\"color: #006eb7;\">Politique en mati\u00e8re de cookies<\/span><\/a>:    <\/p>\t\t\t\t\t\t<\/div>\n\t\t\t\t<\/div>\n\t\t\t\t<div class=\"elementor-element elementor-element-af74186 elementor-widget elementor-widget-heading\" data-id=\"af74186\" data-element_type=\"widget\" data-widget_type=\"heading.default\">\n\t\t\t\t<div class=\"elementor-widget-container\">\n\t\t\t<h3 class=\"elementor-heading-title elementor-size-default\">Liens<\/h3>\t\t<\/div>\n\t\t\t\t<\/div>\n\t\t\t\t<div class=\"elementor-element elementor-element-988eb07 elementor-widget elementor-widget-text-editor\" data-id=\"988eb07\" data-element_type=\"widget\" data-widget_type=\"text-editor.default\">\n\t\t\t\t<div class=\"elementor-widget-container\">\n\t\t\t\t\t\t\t<p>La pr\u00e9sence de liens sur le site de BALLIU EXPORT vers d&rsquo;autres sites Internet n&rsquo;a qu&rsquo;un but informatif et n&rsquo;implique en aucun cas une suggestion, une invitation ou une recommandation de ces derniers. BALLIU EXPORT n&rsquo;assume aucune responsabilit\u00e9 quant au contenu d&rsquo;un lien appartenant \u00e0 un site Internet externe et n&rsquo;en garantit pas la fiabilit\u00e9, l&rsquo;exactitude, l&rsquo;\u00e9tendue, la v\u00e9racit\u00e9, la validit\u00e9 et la disponibilit\u00e9 technique. <br><br>Dans le cas o\u00f9 des liens vers le site web de BALLIU EXPORT sont \u00e9tablis sur d&rsquo;autres sites web, il ne faut pas comprendre que BALLIU EXPORT a autoris\u00e9 le lien ou le contenu du site web contenant le lien, ni qu&rsquo;un contenu inappropri\u00e9, diffamatoire, ill\u00e9gal, obsc\u00e8ne ou illicite peut \u00eatre inclus sur le site li\u00e9, ou tout autre contenu qui est contraire \u00e0 la l\u00e9gislation en vigueur.<\/p><p>BALLIU EXPORT se r\u00e9serve le droit de contacter le propri\u00e9taire du site web sur lequel le lien est \u00e9tabli s&rsquo;il consid\u00e8re que le r\u00e8glement a \u00e9t\u00e9 enfreint, ainsi que d&rsquo;entreprendre les actions judiciaires et extrajudiciaires correspondantes.<\/p>\t\t\t\t\t\t<\/div>\n\t\t\t\t<\/div>\n\t\t\t\t<div class=\"elementor-element elementor-element-af51f91 elementor-widget elementor-widget-heading\" data-id=\"af51f91\" data-element_type=\"widget\" data-widget_type=\"heading.default\">\n\t\t\t\t<div class=\"elementor-widget-container\">\n\t\t\t<h3 class=\"elementor-heading-title elementor-size-default\">Modification des conditions<\/h3>\t\t<\/div>\n\t\t\t\t<\/div>\n\t\t\t\t<div class=\"elementor-element elementor-element-a8673f2 elementor-widget elementor-widget-text-editor\" data-id=\"a8673f2\" data-element_type=\"widget\" data-widget_type=\"text-editor.default\">\n\t\t\t\t<div class=\"elementor-widget-container\">\n\t\t\t\t\t\t\t<p>BALLIU EXPORT se r\u00e9serve express\u00e9ment le droit de modifier unilat\u00e9ralement, totalement ou partiellement, sans pr\u00e9avis, le pr\u00e9sent avis juridique. L&rsquo;utilisateur reconna\u00eet et accepte qu&rsquo;il est de sa responsabilit\u00e9 de le consulter p\u00e9riodiquement. <\/p>\t\t\t\t\t\t<\/div>\n\t\t\t\t<\/div>\n\t\t\t\t\t<\/div>\n\t\t\t\t<\/div>\n\t\t\t\t<\/div>\n\t\t","protected":false},"excerpt":{"rendered":"<p>Avis juridique Caract\u00e9ristiques techniques Conform\u00e9ment \u00e0 l&rsquo;obligation d&rsquo;information pr\u00e9vue \u00e0 l&rsquo;article 10 de la loi 34\/2002 du 11 juillet relative aux services de la soci\u00e9t\u00e9 de l&rsquo;information et au commerce \u00e9lectronique, nous vous informons que le site Web et les portails Internet https:\/\/balliuexport.com\/ (ci-apr\u00e8s d\u00e9nomm\u00e9 le \u00ab site Web \u00bb) sont la propri\u00e9t\u00e9 de BALLIU EXPORT, S.A. (ci-apr\u00e8s d\u00e9nomm\u00e9e BALLIU\u2026<\/p>\n","protected":false},"author":1259,"featured_media":0,"parent":0,"menu_order":0,"comment_status":"closed","ping_status":"closed","template":"elementor_header_footer","meta":{"_acf_changed":false,"footnotes":""},"class_list":["post-8981","page","type-page","status-publish","hentry"],"acf":[],"_links":{"self":[{"href":"https:\/\/www.balliuexport.com\/fr\/wp-json\/wp\/v2\/pages\/8981","targetHints":{"allow":["GET"]}}],"collection":[{"href":"https:\/\/www.balliuexport.com\/fr\/wp-json\/wp\/v2\/pages"}],"about":[{"href":"https:\/\/www.balliuexport.com\/fr\/wp-json\/wp\/v2\/types\/page"}],"author":[{"embeddable":true,"href":"https:\/\/www.balliuexport.com\/fr\/wp-json\/wp\/v2\/users\/1259"}],"replies":[{"embeddable":true,"href":"https:\/\/www.balliuexport.com\/fr\/wp-json\/wp\/v2\/comments?post=8981"}],"version-history":[{"count":8,"href":"https:\/\/www.balliuexport.com\/fr\/wp-json\/wp\/v2\/pages\/8981\/revisions"}],"predecessor-version":[{"id":72117,"href":"https:\/\/www.balliuexport.com\/fr\/wp-json\/wp\/v2\/pages\/8981\/revisions\/72117"}],"wp:attachment":[{"href":"https:\/\/www.balliuexport.com\/fr\/wp-json\/wp\/v2\/media?parent=8981"}],"curies":[{"name":"wp","href":"https:\/\/api.w.org\/{rel}","templated":true}]}}