{"id":11671,"date":"2018-12-20T13:14:47","date_gmt":"2018-12-20T12:14:47","guid":{"rendered":"https:\/\/balliuexport.com\/producto\/eva-rg\/"},"modified":"2026-02-05T09:30:08","modified_gmt":"2026-02-05T08:30:08","slug":"transat-pour-plage-eva-rg","status":"publish","type":"product","link":"https:\/\/www.balliuexport.com\/fr\/produit\/transat-pour-plage-eva-rg\/","title":{"rendered":"Bain de soleil Eva RG"},"content":{"rendered":"<p><iframe style=\"width: 1000px; height: 440px; overflow: hidden; border-radius: 8px;\" src=\"https:\/\/viewer.ienhance.co\/v\/app\/036858cd-37d5-4a85-b30b-f2c74715ebe5\" frameborder=\"0\" allowfullscreen=\"allowfullscreen\"><span data-mce-type=\"bookmark\" style=\"display: inline-block; width: 0px; overflow: hidden; line-height: 0;\" class=\"mce_SELRES_start\"><\/span> <\/iframe><\/p>\n<h2><span style=\"color: #006eb7;\">Bain de soleil Eva RG : confort, durabilit\u00e9 et design durable<\/span><\/h2>\n<p data-start=\"76\" data-end=\"360\"><span style=\"color: #7a7a7a;\">Profitez d&rsquo;un confort maximal avec notre chaise longue de plage Eva RG, con\u00e7ue pour les h\u00f4tels, les piscines et les espaces ext\u00e9rieurs. Fabriqu\u00e9 en r\u00e9sine de polypropyl\u00e8ne recyclable et dot\u00e9 d&rsquo;un renfort interne en acier, il offre une r\u00e9sistance in\u00e9gal\u00e9e m\u00eame dans les environnements les plus exigeants. <\/span><\/p>\n<h2 data-start=\"362\" data-end=\"428\"><span style=\"color: #006eb7;\">Durabilit\u00e9 et personnalisation pour tout espace<\/span><\/h2>\n<p data-start=\"430\" data-end=\"660\"><span style=\"color: #7a7a7a;\">Gr\u00e2ce \u00e0 son dossier r\u00e9glable sur <span style=\"color: #006eb7;\"><strong data-start=\"465\" data-end=\"486\">quatre positions<\/strong><\/span>, cette bain de soleil s&rsquo;adapte \u00e0 chaque moment de d\u00e9tente. De plus, son tissu personnalisable vous permet d&rsquo;int\u00e9grer votre <span style=\"color: #006eb7;\"><strong data-start=\"594\" data-end=\"614\">logo d&rsquo;entreprise<\/strong><\/span>, ajoutant une touche exclusive \u00e0 votre espace. Avec une garantie professionnelle de <span style=\"color: #006eb7;\"><strong data-start=\"694\" data-end=\"704\">5 ans<\/strong><\/span> sur le ch\u00e2ssis et la possibilit\u00e9 de prolonger sa dur\u00e9e de vie avec nos <a href=\"https:\/\/www.balliuexport.com\/fr\/catagorie\/des-pieces-de-rechange\/\"><span style=\"color: #006eb7;\"><strong data-start=\"779\" data-end=\"804\">pi\u00e8ces de rechange disponibles<\/strong><\/span><\/a>, cette bain de soleil est une option \u00e9cologique et durable.  <\/span><\/p>\n","protected":false},"excerpt":{"rendered":"<p><span style=\"font-size: 13.3333px;\">Bain de soleil, <strong>h\u00f4tels et centres sportifs<\/strong>, en r\u00e9sine polypropyl\u00e8ne recyclable et tissu PVC et polyester.<\/span><\/p>\n","protected":false},"featured_media":45625,"template":"","meta":{"_acf_changed":false},"product_brand":[],"product_cat":[666,1314,1332,963,1302,1199,1328,1307],"product_tag":[],"class_list":{"0":"post-11671","1":"product","2":"type-product","3":"status-publish","4":"has-post-thumbnail","6":"product_cat-bains-de-soleil","7":"product_cat-bains-de-soleil-de-plage","8":"product_cat-bains-de-soleil-empilable","9":"product_cat-bains-de-soleil-en-plastique-recycle","10":"product_cat-transats-hotels","11":"product_cat-bains-de-soleil-pour-piscines-commerciales","12":"product_cat-bains-de-soleil-en-resine","13":"product_cat-bains-de-soleils-de-spa","15":"first","16":"instock","17":"taxable","18":"shipping-taxable","19":"purchasable","20":"product-type-variable"},"bundled_by":[],"bundle_stock_status":"instock","bundle_stock_quantity":null,"bundle_virtual":false,"bundle_layout":"","bundle_add_to_cart_form_location":"","bundle_editable_in_cart":false,"bundle_sold_individually_context":"","bundle_item_grouping":"","bundle_min_size":"","bundle_max_size":"","bundle_price":[],"bundled_items":[],"bundle_sell_ids":[],"acf":[],"_links":{"self":[{"href":"https:\/\/www.balliuexport.com\/fr\/wp-json\/wp\/v2\/product\/11671","targetHints":{"allow":["GET"]}}],"collection":[{"href":"https:\/\/www.balliuexport.com\/fr\/wp-json\/wp\/v2\/product"}],"about":[{"href":"https:\/\/www.balliuexport.com\/fr\/wp-json\/wp\/v2\/types\/product"}],"wp:featuredmedia":[{"embeddable":true,"href":"https:\/\/www.balliuexport.com\/fr\/wp-json\/wp\/v2\/media\/45625"}],"wp:attachment":[{"href":"https:\/\/www.balliuexport.com\/fr\/wp-json\/wp\/v2\/media?parent=11671"}],"wp:term":[{"taxonomy":"product_brand","embeddable":true,"href":"https:\/\/www.balliuexport.com\/fr\/wp-json\/wp\/v2\/product_brand?post=11671"},{"taxonomy":"product_cat","embeddable":true,"href":"https:\/\/www.balliuexport.com\/fr\/wp-json\/wp\/v2\/product_cat?post=11671"},{"taxonomy":"product_tag","embeddable":true,"href":"https:\/\/www.balliuexport.com\/fr\/wp-json\/wp\/v2\/product_tag?post=11671"}],"curies":[{"name":"wp","href":"https:\/\/api.w.org\/{rel}","templated":true}]}}