{"id":11731,"date":"2018-12-20T14:45:36","date_gmt":"2018-12-20T13:45:36","guid":{"rendered":"https:\/\/balliuexport.com\/producto\/ocean-2\/"},"modified":"2026-01-26T10:40:11","modified_gmt":"2026-01-26T09:40:11","slug":"parasol-ocean-tissu-balliu","status":"publish","type":"product","link":"https:\/\/www.balliuexport.com\/fr\/produit\/parasol-ocean-tissu-balliu\/","title":{"rendered":"Parasol Ocean, tissu Balliu"},"content":{"rendered":"<div style=\"font-family: Gilroy, Arial, sans-serif; font-size: 18px; line-height: 1.9; text-align: justify; color: #808080; margin: 0;\">\n<p><span style=\"color: #808080;\"><span style=\"color: #808080;\">Profitez du confort et de l\u2019ombre avec notre parasol Ocean exclusif pour la plage, les h\u00f4tels, les loisirs et les installations sportives.<\/span><strong>. <\/strong><\/span>Con\u00e7u pour \u00eatre fonctionnel et durable, ce parasol est dot\u00e9 d\u2019un <strong style=\"color: #006eb7;\">m\u00e2t central fixe de 225 cm de haut<\/strong> en acier inoxydable robuste pour garantir sa stabilit\u00e9 et sa long\u00e9vit\u00e9. Ses <strong style=\"color: #006eb7;\">tiges en fibre de verre de 8 \u00e0 9 mm d\u2019\u00e9paisseur<\/strong> lui conf\u00e8rent souplesse et r\u00e9sistance aux intemp\u00e9ries.<\/p>\n<p>Avec un design polyvalent et sophistiqu\u00e9, il est disponible en deux diam\u00e8tres :<br \/>\n<strong style=\"color: #006eb7;\">200 cm<\/strong>, avec toutes les options de tissu Balliu.<br \/>\n<strong style=\"color: #006eb7;\">250 cm<\/strong>, exclusivement dans les versions de tissu Balliu 07\/00 (Blanc), 16\/00 (Kaki) et 50\/00 (Gris Fonc\u00e9), id\u00e9ales pour couvrir de plus grandes surfaces.<\/p>\n<p>Il est compatible uniquement avec notre <a href=\"https:\/\/www.balliuexport.com\/fr\/produit\/base-en-beton-pour-parasol\/\"><span style=\"color: #006eb7;\"><strong>base<\/strong><\/span><\/a> (non incluse), assurant une installation ferme et s\u00e9curis\u00e9e. <span style=\"color: #808080;\">Am\u00e9liorez votre exp\u00e9rience en plein air avec un parasol con\u00e7u pour allier style, fonctionnalit\u00e9 et qualit\u00e9.<\/span><\/p>\n<\/div>\n","protected":false},"excerpt":{"rendered":"<p>Parasol pour plage, h\u00f4tels et installations de loisirs et sportives. M\u00e2t fixe, tiges en fibre de verre.<\/p>\n<p>Ce mod\u00e8le ne peut \u00eatre utilis\u00e9 qu&rsquo;avec la <em><span style=\"color: #006eb7;\"><strong><a href=\"https:\/\/www.balliuexport.com\/fr\/produit\/base-en-beton-pour-parasol\/\">base<\/a><\/strong><\/span><\/em><\/p>\n<p>Disponible en tissu Balliu et acrylique.<\/p>\n","protected":false},"featured_media":11644,"template":"","meta":{"_acf_changed":false},"product_brand":[],"product_cat":[758,2254],"product_tag":[],"class_list":{"0":"post-11731","1":"product","2":"type-product","3":"status-publish","4":"has-post-thumbnail","6":"product_cat-parasols","7":"product_cat-parasols-commerciaux-pour-plages","8":"pa_diametro-200-fr","9":"pa_diametro-250-fr","11":"first","12":"instock","13":"taxable","14":"shipping-taxable","15":"purchasable","16":"product-type-variable"},"bundled_by":[],"bundle_stock_status":"instock","bundle_stock_quantity":null,"bundle_virtual":false,"bundle_layout":"","bundle_add_to_cart_form_location":"","bundle_editable_in_cart":false,"bundle_sold_individually_context":"","bundle_item_grouping":"","bundle_min_size":"","bundle_max_size":"","bundle_price":[],"bundled_items":[],"bundle_sell_ids":[],"acf":[],"_links":{"self":[{"href":"https:\/\/www.balliuexport.com\/fr\/wp-json\/wp\/v2\/product\/11731","targetHints":{"allow":["GET"]}}],"collection":[{"href":"https:\/\/www.balliuexport.com\/fr\/wp-json\/wp\/v2\/product"}],"about":[{"href":"https:\/\/www.balliuexport.com\/fr\/wp-json\/wp\/v2\/types\/product"}],"wp:featuredmedia":[{"embeddable":true,"href":"https:\/\/www.balliuexport.com\/fr\/wp-json\/wp\/v2\/media\/11644"}],"wp:attachment":[{"href":"https:\/\/www.balliuexport.com\/fr\/wp-json\/wp\/v2\/media?parent=11731"}],"wp:term":[{"taxonomy":"product_brand","embeddable":true,"href":"https:\/\/www.balliuexport.com\/fr\/wp-json\/wp\/v2\/product_brand?post=11731"},{"taxonomy":"product_cat","embeddable":true,"href":"https:\/\/www.balliuexport.com\/fr\/wp-json\/wp\/v2\/product_cat?post=11731"},{"taxonomy":"product_tag","embeddable":true,"href":"https:\/\/www.balliuexport.com\/fr\/wp-json\/wp\/v2\/product_tag?post=11731"}],"curies":[{"name":"wp","href":"https:\/\/api.w.org\/{rel}","templated":true}]}}