{"id":11744,"date":"2023-12-20T14:50:49","date_gmt":"2023-12-20T13:50:49","guid":{"rendered":"https:\/\/balliuexport.com\/?post_type=product&#038;p=11744"},"modified":"2025-11-26T10:32:57","modified_gmt":"2025-11-26T09:32:57","slug":"bain-de-soleil-en-resine-carmen-t","status":"publish","type":"product","link":"https:\/\/www.balliuexport.com\/fr\/produit\/bain-de-soleil-en-resine-carmen-t\/","title":{"rendered":"Bain de soleil Carmen T"},"content":{"rendered":"<div class=\"ewa-rteLine\">\n<h2><span style=\"color: #006eb7;\"><strong>Bain de soleil en r\u00e9sine Carmen T : design, confort et durabilit\u00e9 en parfaite harmonie<\/strong><\/span><\/h2>\n<p><span style=\"color: #7a7a7a;\">Le bain de soleil en r\u00e9sine Carmen T, con\u00e7ue avec une ing\u00e9nierie m\u00e9ticuleuse et des mat\u00e9riaux de pointe, repr\u00e9sente l\u2019aboutissement du confort et de la fonctionnalit\u00e9. Fabriqu\u00e9e en r\u00e9sine de polypropyl\u00e8ne de haute qualit\u00e9, cette pi\u00e8ce allie durabilit\u00e9 et l\u00e9g\u00e8ret\u00e9 pour offrir une exp\u00e9rience de d\u00e9tente in\u00e9gal\u00e9e. Sa conception ergonomique est compl\u00e9t\u00e9e par un <span style=\"color: #006eb7;\"><strong>dossier r\u00e9glable<\/strong><\/span>, qui offre la possibilit\u00e9 de r\u00e9gler jusqu\u2019\u00e0 cinq positions diff\u00e9rentes, assurant ainsi un repos optimal, personnalis\u00e9 selon les pr\u00e9f\u00e9rences de chacun. <\/span><\/p>\n<p><span style=\"color: #7a7a7a;\">Pour une mobilit\u00e9 ais\u00e9e, le bain de soleil Carmen T est \u00e9quip\u00e9e de <span style=\"color: #006eb7;\"><strong>roulettes int\u00e9gr\u00e9es \u00e0 sa structure<\/strong><\/span>, permettant de la d\u00e9placer facilement et sans effort vers n\u2019importe quel endroit souhait\u00e9, que ce soit dans le jardin, au bord de la piscine ou sur la terrasse. Cette fonctionnalit\u00e9 innovante ajoute un niveau suppl\u00e9mentaire de confort et de praticit\u00e9 \u00e0 l\u2019exp\u00e9rience de d\u00e9tente en plein air. <\/span><\/p>\n<p><span style=\"color: #7a7a7a;\">En plus de sa fonctionnalit\u00e9 impeccable, le bain de soleil adopte une approche durable avec une structure recyclable et l\u2019inclusion de mat\u00e9riaux recycl\u00e9s dans sa construction. Cet engagement envers l\u2019\u00e9cologie souligne non seulement son caract\u00e8re responsable, mais contribue \u00e9galement positivement \u00e0 la pr\u00e9servation de l\u2019environnement, offrant une alternative consciente pour ceux qui valorisent la durabilit\u00e9 dans leurs choix de mobilier. <\/span><\/p>\n<p><span style=\"color: #7a7a7a;\">Nous vous recommandons d\u2019utiliser notre <\/span><span style=\"color: #006eb7;\"><strong><a style=\"color: #006eb7;\" href=\"https:\/\/www.balliuexport.com\/fr\/produit\/matelas-dry-feel\/\">matelas Dry Feel<\/a><\/strong><\/span> <span style=\"color: #7a7a7a;\">pour maximiser le confort et le repos. <span style=\"color: #006eb7;\"><strong>* Pour plus de couleurs, v\u00e9rifiez la disponibilit\u00e9 *<\/strong><\/span><\/span><\/p>\n<\/div>\n","protected":false},"excerpt":{"rendered":"<p><strong><span style=\"color: #006eb7;\">Prix sans TVA incluse<\/span><\/strong><\/p>\n<p>Bain de soleil inclinable pour plage, h\u00f4tels et collectivit\u00e9s avec structure en r\u00e9sine polypropyl\u00e8ne 100% <strong>recyclable<\/strong><\/p>\n","protected":false},"featured_media":52356,"template":"","meta":{"_acf_changed":false},"product_brand":[],"product_cat":[666,1314,1332,963,1302,1199,1328,2250,2711],"product_tag":[],"class_list":{"0":"post-11744","1":"product","2":"type-product","3":"status-publish","4":"has-post-thumbnail","6":"product_cat-bains-de-soleil","7":"product_cat-bains-de-soleil-de-plage","8":"product_cat-bains-de-soleil-empilable","9":"product_cat-bains-de-soleil-en-plastique-recycle","10":"product_cat-transats-hotels","11":"product_cat-bains-de-soleil-pour-piscines-commerciales","12":"product_cat-bains-de-soleil-en-resine","13":"product_cat-mobilier-de-piscine-balliu","14":"product_cat-mobilier-pour-parcs-aquatiques","16":"first","17":"instock","18":"taxable","19":"shipping-taxable","20":"purchasable","21":"product-type-simple"},"bundled_by":[],"bundle_stock_status":"instock","bundle_stock_quantity":null,"bundle_virtual":false,"bundle_layout":"","bundle_add_to_cart_form_location":"","bundle_editable_in_cart":false,"bundle_sold_individually_context":"","bundle_item_grouping":"","bundle_min_size":"","bundle_max_size":"","bundle_price":[],"bundled_items":[],"bundle_sell_ids":[],"acf":[],"_links":{"self":[{"href":"https:\/\/www.balliuexport.com\/fr\/wp-json\/wp\/v2\/product\/11744","targetHints":{"allow":["GET"]}}],"collection":[{"href":"https:\/\/www.balliuexport.com\/fr\/wp-json\/wp\/v2\/product"}],"about":[{"href":"https:\/\/www.balliuexport.com\/fr\/wp-json\/wp\/v2\/types\/product"}],"wp:featuredmedia":[{"embeddable":true,"href":"https:\/\/www.balliuexport.com\/fr\/wp-json\/wp\/v2\/media\/52356"}],"wp:attachment":[{"href":"https:\/\/www.balliuexport.com\/fr\/wp-json\/wp\/v2\/media?parent=11744"}],"wp:term":[{"taxonomy":"product_brand","embeddable":true,"href":"https:\/\/www.balliuexport.com\/fr\/wp-json\/wp\/v2\/product_brand?post=11744"},{"taxonomy":"product_cat","embeddable":true,"href":"https:\/\/www.balliuexport.com\/fr\/wp-json\/wp\/v2\/product_cat?post=11744"},{"taxonomy":"product_tag","embeddable":true,"href":"https:\/\/www.balliuexport.com\/fr\/wp-json\/wp\/v2\/product_tag?post=11744"}],"curies":[{"name":"wp","href":"https:\/\/api.w.org\/{rel}","templated":true}]}}