{"id":11830,"date":"2023-12-20T15:44:14","date_gmt":"2023-12-20T14:44:14","guid":{"rendered":"https:\/\/balliuexport.com\/producto\/lola-t\/"},"modified":"2025-11-26T12:18:56","modified_gmt":"2025-11-26T11:18:56","slug":"bains-de-soleil-en-resine-lola-t","status":"publish","type":"product","link":"https:\/\/www.balliuexport.com\/fr\/produit\/bains-de-soleil-en-resine-lola-t\/","title":{"rendered":"Bain de soleil Lola T"},"content":{"rendered":"<h2><span style=\"color: #006eb7;\"><strong>D\u00e9tente, style et durabilit\u00e9 : d\u00e9couvrez le bain de soleil en r\u00e9sine Lola T.<\/strong><\/span><\/h2>\n<p><span style=\"color: #7a7a7a;\">Profitez d&rsquo;un confort maximal en ext\u00e9rieur avec notre<\/span> <strong><span style=\"color: #006eb7;\">chaise longue innovante Lola T<\/span><\/strong> <span style=\"color: #7a7a7a;\">Fabriqu\u00e9 en r\u00e9sine de polypropyl\u00e8ne de haute qualit\u00e9. Son design ergonomique est dot\u00e9 d&rsquo;un dossier r\u00e9glable en cinq positions, ce qui vous permet de trouver la position id\u00e9ale pour vous reposer.<br \/>\n<\/span><span style=\"color: #7a7a7a;\">Pour plus de confort et de praticit\u00e9, nous avons int\u00e9gr\u00e9 des roues au ch\u00e2ssis de la chaise longue, ce qui permet de la transporter et de la d\u00e9placer facilement dans n&rsquo;importe quel espace ext\u00e9rieur. En outre, sa structure est con\u00e7ue selon une approche durable, \u00e9tant enti\u00e8rement recyclable et contribuant ainsi \u00e0 la pr\u00e9servation de l&rsquo;environnement.<\/span><\/p>\n<p><span style=\"color: #7a7a7a;\">Engag\u00e9e dans l&rsquo;\u00e9codurabilit\u00e9, cette chaise longue est non seulement une option confortable et fonctionnelle, mais elle contient \u00e9galement des mat\u00e9riaux recycl\u00e9s, r\u00e9affirmant ainsi notre engagement en faveur de la r\u00e9duction des d\u00e9chets et de l&rsquo;utilisation responsable des ressources naturelles. D\u00e9couvrez nos mod\u00e8les de bains de soleil en r\u00e9sine pour tout espace ext\u00e9rieur.<\/span><br \/>\n<span style=\"color: #7a7a7a;\">Il est recommand\u00e9 d&rsquo;utiliser le<\/span><span style=\"color: #006eb7;\"><strong><a style=\"color: #006eb7;\" href=\"https:\/\/www.balliuexport.com\/fr\/produit\/matelas-dry-feel\/\"> matelas Dry Feel<\/a><\/strong><\/span> <span style=\"color: #7a7a7a;\">pour maximiser le confort et le repos.<span style=\"color: #006eb7;\"><strong> * Pour plus de couleurs, v\u00e9rifiez la disponibilit\u00e9 *<\/strong><\/span><\/span><\/p>\n","protected":false},"excerpt":{"rendered":"<p>&nbsp;<\/p>\n<p>&nbsp;<\/p>\n","protected":false},"featured_media":54640,"template":"","meta":{"_acf_changed":false},"product_brand":[],"product_cat":[666,1314,1332,963,1302,1199,1328,1307],"product_tag":[],"class_list":{"0":"post-11830","1":"product","2":"type-product","3":"status-publish","4":"has-post-thumbnail","6":"product_cat-bains-de-soleil","7":"product_cat-bains-de-soleil-de-plage","8":"product_cat-bains-de-soleil-empilable","9":"product_cat-bains-de-soleil-en-plastique-recycle","10":"product_cat-transats-hotels","11":"product_cat-bains-de-soleil-pour-piscines-commerciales","12":"product_cat-bains-de-soleil-en-resine","13":"product_cat-bains-de-soleils-de-spa","15":"first","16":"instock","17":"taxable","18":"shipping-taxable","19":"purchasable","20":"product-type-simple"},"bundled_by":[],"bundle_stock_status":"instock","bundle_stock_quantity":null,"bundle_virtual":false,"bundle_layout":"","bundle_add_to_cart_form_location":"","bundle_editable_in_cart":false,"bundle_sold_individually_context":"","bundle_item_grouping":"","bundle_min_size":"","bundle_max_size":"","bundle_price":[],"bundled_items":[],"bundle_sell_ids":[],"acf":[],"_links":{"self":[{"href":"https:\/\/www.balliuexport.com\/fr\/wp-json\/wp\/v2\/product\/11830","targetHints":{"allow":["GET"]}}],"collection":[{"href":"https:\/\/www.balliuexport.com\/fr\/wp-json\/wp\/v2\/product"}],"about":[{"href":"https:\/\/www.balliuexport.com\/fr\/wp-json\/wp\/v2\/types\/product"}],"wp:featuredmedia":[{"embeddable":true,"href":"https:\/\/www.balliuexport.com\/fr\/wp-json\/wp\/v2\/media\/54640"}],"wp:attachment":[{"href":"https:\/\/www.balliuexport.com\/fr\/wp-json\/wp\/v2\/media?parent=11830"}],"wp:term":[{"taxonomy":"product_brand","embeddable":true,"href":"https:\/\/www.balliuexport.com\/fr\/wp-json\/wp\/v2\/product_brand?post=11830"},{"taxonomy":"product_cat","embeddable":true,"href":"https:\/\/www.balliuexport.com\/fr\/wp-json\/wp\/v2\/product_cat?post=11830"},{"taxonomy":"product_tag","embeddable":true,"href":"https:\/\/www.balliuexport.com\/fr\/wp-json\/wp\/v2\/product_tag?post=11830"}],"curies":[{"name":"wp","href":"https:\/\/api.w.org\/{rel}","templated":true}]}}