{"id":12811,"date":"2023-12-21T11:36:49","date_gmt":"2023-12-21T10:36:49","guid":{"rendered":"https:\/\/balliuexport.com\/producto\/roma\/"},"modified":"2025-12-02T15:32:10","modified_gmt":"2025-12-02T14:32:10","slug":"parasol-roma","status":"publish","type":"product","link":"https:\/\/www.balliuexport.com\/fr\/produit\/parasol-roma\/","title":{"rendered":"Parasol Roma"},"content":{"rendered":"<p>Parasol avec m\u00e2t lat\u00e9ral et housse 300&#215;300 cm avec sortie vent.<\/p>\n<p>Notre parasol est con\u00e7u pour offrir une protection optimale contre le soleil et le vent, id\u00e9al pour les terrasses des restaurants, h\u00f4tels et caf\u00e9s. Ce mod\u00e8le dispose d&rsquo;une housse de 300&#215;300 cm \u00e9quip\u00e9e d&rsquo;un syst\u00e8me de sortie de vent qui assure une grande stabilit\u00e9 m\u00eame par temps venteux.<\/p>\n<p><strong><span style=\"color: #006eb7;\"><span style=\"color: #000000;\">Croix rotative \u00e0 360 degr\u00e9s<\/span><\/span><\/strong> : La base de ce parasol est compos\u00e9e de 4 pieds en aluminium qui forment une plateforme transversale rotative qui permet d&rsquo;ajuster la position du parasol dans n&rsquo;importe quelle direction, facilitant ainsi l&rsquo;obtention de l&rsquo;ombre souhait\u00e9e tout au long de la journ\u00e9e.<\/p>\n<p><span style=\"color: #000000;\"><span style=\"color: #006eb7;\"><strong>Socle recommand\u00e9 :<\/strong><\/span><\/span> Pour assurer une stabilit\u00e9 maximale \u00e0 votre parasol Roma, nous vous recommandons d&rsquo;utiliser les <a href=\"https:\/\/www.balliuexport.com\/producto\/base-roma\/\"><span style=\"color: #006eb7;\"><strong>dalles<\/strong><\/span><\/a> con\u00e7ues pour \u00eatre fix\u00e9es \u00e0 la base du parasol afin d&rsquo;assurer une stabilit\u00e9 maximale.<\/p>\n<p><strong><span style=\"color: #006eb7;\"><span style=\"color: #000000;\">Syst\u00e8me de lib\u00e9ration du vent<\/span><\/span><\/strong> : notre parasol est \u00e9quip\u00e9 d&rsquo;un syst\u00e8me avanc\u00e9 de lib\u00e9ration du vent, con\u00e7u pour maintenir la structure stable et s\u00fbre pendant les rafales de vent, emp\u00eachant tout mouvement inattendu.<\/p>\n<p><strong><span style=\"color: #006eb7;\"><span style=\"color: #000000;\">M\u00e2t en aluminium robuste<\/span><\/span><\/strong>: le m\u00e2t du parasol, avec des dimensions de 65&#215;80 mm et une \u00e9paisseur de paroi de 2,5 mm, est fabriqu\u00e9 en aluminium de haute qualit\u00e9, assurant une excellente durabilit\u00e9 et r\u00e9sistance \u00e0 la corrosion.<\/p>\n<p><strong><span style=\"color: #006eb7;\"><span style=\"color: #000000;\">Nervures robustes en aluminium <\/span><\/span><\/strong>: Le parasol contient 8 nervures en aluminium, chacune mesurant 14&#215;28 mm et une \u00e9paisseur de paroi de 1,2 mm, offrant une structure ferme et stable pour soutenir la couverture.<\/p>\n<p>N&rsquo;inclut pas la base<\/p>\n","protected":false},"excerpt":{"rendered":"<div><strong><span style=\"color: #006eb7;\">Prix sans TVA inclus<\/span><\/strong><\/div>\n<div class=\"ewa-rteLine\">\n<div class=\"ewa-rteLine\">N&rsquo;inclut pas la base .<\/div>\n<\/div>\n","protected":false},"featured_media":12779,"template":"","meta":{"_acf_changed":false},"product_brand":[],"product_cat":[758,2272,3636,2258,1347],"product_tag":[],"class_list":{"0":"post-12811","1":"product","2":"type-product","3":"status-publish","4":"has-post-thumbnail","6":"product_cat-parasols","7":"product_cat-meubles-exterieur-hotels","8":"product_cat-parasols-pour-jardin-et-terrasse","9":"product_cat-parasols-commerciaux-pour-restaurants","10":"product_cat-parasols-professionnels-en-aluminium","12":"first","13":"instock","14":"taxable","15":"shipping-taxable","16":"purchasable","17":"product-type-variable"},"bundled_by":[],"bundle_stock_status":"instock","bundle_stock_quantity":null,"bundle_virtual":false,"bundle_layout":"","bundle_add_to_cart_form_location":"","bundle_editable_in_cart":false,"bundle_sold_individually_context":"","bundle_item_grouping":"","bundle_min_size":"","bundle_max_size":"","bundle_price":[],"bundled_items":[],"bundle_sell_ids":[],"acf":[],"_links":{"self":[{"href":"https:\/\/www.balliuexport.com\/fr\/wp-json\/wp\/v2\/product\/12811","targetHints":{"allow":["GET"]}}],"collection":[{"href":"https:\/\/www.balliuexport.com\/fr\/wp-json\/wp\/v2\/product"}],"about":[{"href":"https:\/\/www.balliuexport.com\/fr\/wp-json\/wp\/v2\/types\/product"}],"wp:featuredmedia":[{"embeddable":true,"href":"https:\/\/www.balliuexport.com\/fr\/wp-json\/wp\/v2\/media\/12779"}],"wp:attachment":[{"href":"https:\/\/www.balliuexport.com\/fr\/wp-json\/wp\/v2\/media?parent=12811"}],"wp:term":[{"taxonomy":"product_brand","embeddable":true,"href":"https:\/\/www.balliuexport.com\/fr\/wp-json\/wp\/v2\/product_brand?post=12811"},{"taxonomy":"product_cat","embeddable":true,"href":"https:\/\/www.balliuexport.com\/fr\/wp-json\/wp\/v2\/product_cat?post=12811"},{"taxonomy":"product_tag","embeddable":true,"href":"https:\/\/www.balliuexport.com\/fr\/wp-json\/wp\/v2\/product_tag?post=12811"}],"curies":[{"name":"wp","href":"https:\/\/api.w.org\/{rel}","templated":true}]}}