{"id":12848,"date":"2023-12-21T10:19:20","date_gmt":"2023-12-21T09:19:20","guid":{"rendered":"https:\/\/balliuexport.com\/producto\/tissu-et-cordelette-pour-la-bain-de-soleil-en-resine\/"},"modified":"2025-12-03T14:08:50","modified_gmt":"2025-12-03T13:08:50","slug":"tissu-de-remplacement-pour-bain-de-soleil","status":"publish","type":"product","link":"https:\/\/www.balliuexport.com\/fr\/produit\/tissu-de-remplacement-pour-bain-de-soleil\/","title":{"rendered":"Tissu et cordon de remplacement pour bain de soleil en r\u00e9sine"},"content":{"rendered":"<h2><strong><span style=\"color: #006eb7;\">Remplacement du tissu Balliu pour chaise longue<\/span><\/strong><\/h2>\n<p><span style=\"color: #7a7a7a;\">Pi\u00e8ce de rechange en tissu Balliu + cordon disponible pour les bains de soleil<\/span> <span style=\"color: #006eb7;\"><strong><a style=\"color: #006eb7;\" href=\"https:\/\/www.balliuexport.com\/fr\/produit\/transat-pour-plage-eva-rg\/\" target=\"_blank\" rel=\"noopener\">Eva Rg<\/a>, <a style=\"color: #006eb7;\" href=\"https:\/\/www.balliuexport.com\/producto\/eva-pro-tumbona\/\" target=\"_blank\" rel=\"noopener\">Eva Pro<\/a>, <a href=\"https:\/\/www.balliuexport.com\/producto\/lola-tumbona\/\" target=\"_blank\" rel=\"noopener\">Lola <\/a>et <a href=\"https:\/\/www.balliuexport.com\/fr\/produit\/bain-de-soleil-en-resine-carmen\/\" target=\"_blank\" rel=\"noopener\">Carmen<\/a>.<\/strong><\/span><\/p>\n<p><span style=\"color: #7a7a7a;\">Tissu respirant construit avec une double trame et une double cha\u00eene, de haute densit\u00e9 et aux propri\u00e9t\u00e9s techniques. Id\u00e9al pour une utilisation professionnelle en ext\u00e9rieur. Sans mat\u00e9riaux toxiques ni m\u00e9taux lourds.<\/span><\/p>\n<p><span style=\"color: #7a7a7a;\">Compatible uniquement avec les mod\u00e8les originaux de Balliu.<\/span><\/p>\n<ul>\n<li><span style=\"color: #7a7a7a;\">Les tissus des chaises longues Balliu sont sp\u00e9cialement con\u00e7us pour r\u00e9sister \u00e0 une utilisation prolong\u00e9e et pr\u00e9senter une grande r\u00e9sistance \u00e0 l&rsquo;usure. Pour conserver un aspect propre et soign\u00e9 des chaises longues, il est recommand\u00e9 d&rsquo;\u00e9liminer p\u00e9riodiquement la salet\u00e9, l&rsquo;huile solaire et tout produit solide qui pourrait s&rsquo;\u00eatre fix\u00e9 sur le tissu. Tenez compte des facteurs suivants :<\/span><\/li>\n<li><span style=\"color: #7a7a7a;\">Le nettoyage r\u00e9gulier de la chaise longue doit \u00eatre effectu\u00e9 \u00e0 l&rsquo;aide d&rsquo;un syst\u00e8me d&rsquo;eau \u00e0 haute pression.<\/span><\/li>\n<li><span style=\"color: #7a7a7a;\">En cas de pr\u00e9sence de salet\u00e9, il convient de la nettoyer d\u00e8s que possible avec une brosse douce, en pulv\u00e9risant une solution compos\u00e9e de d\u00e9tergent doux dissous dans de l&rsquo;eau sur le tissu. Rincez abondamment apr\u00e8s le nettoyage.<\/span><br \/>\n<span style=\"color: #7a7a7a;\">N&rsquo;utilisez pas d&rsquo;eau de Javel ni aucun type de solvant.<\/span><\/li>\n<\/ul>\n","protected":false},"excerpt":{"rendered":"<p><strong><span style=\"color: #006eb7;\">Prix sans TVA inclus<\/span><\/strong><\/p>\n<p>V\u00eatement de remplacement + cordon en tissu Balliu pour toutes les chaises longues Eva Rg, Eva Pro, Lola et Carmen.<\/p>\n","protected":false},"featured_media":59158,"template":"","meta":{"_acf_changed":false},"product_brand":[],"product_cat":[830,3563],"product_tag":[],"class_list":{"0":"post-12848","1":"product","2":"type-product","3":"status-publish","4":"has-post-thumbnail","6":"product_cat-des-pieces-de-rechange","7":"product_cat-tissus-de-rechange-pour-transats","9":"first","10":"instock","11":"taxable","12":"shipping-taxable","13":"purchasable","14":"product-type-variable"},"bundled_by":[],"bundle_stock_status":"instock","bundle_stock_quantity":null,"bundle_virtual":false,"bundle_layout":"","bundle_add_to_cart_form_location":"","bundle_editable_in_cart":false,"bundle_sold_individually_context":"","bundle_item_grouping":"","bundle_min_size":"","bundle_max_size":"","bundle_price":[],"bundled_items":[],"bundle_sell_ids":[],"acf":[],"_links":{"self":[{"href":"https:\/\/www.balliuexport.com\/fr\/wp-json\/wp\/v2\/product\/12848","targetHints":{"allow":["GET"]}}],"collection":[{"href":"https:\/\/www.balliuexport.com\/fr\/wp-json\/wp\/v2\/product"}],"about":[{"href":"https:\/\/www.balliuexport.com\/fr\/wp-json\/wp\/v2\/types\/product"}],"wp:featuredmedia":[{"embeddable":true,"href":"https:\/\/www.balliuexport.com\/fr\/wp-json\/wp\/v2\/media\/59158"}],"wp:attachment":[{"href":"https:\/\/www.balliuexport.com\/fr\/wp-json\/wp\/v2\/media?parent=12848"}],"wp:term":[{"taxonomy":"product_brand","embeddable":true,"href":"https:\/\/www.balliuexport.com\/fr\/wp-json\/wp\/v2\/product_brand?post=12848"},{"taxonomy":"product_cat","embeddable":true,"href":"https:\/\/www.balliuexport.com\/fr\/wp-json\/wp\/v2\/product_cat?post=12848"},{"taxonomy":"product_tag","embeddable":true,"href":"https:\/\/www.balliuexport.com\/fr\/wp-json\/wp\/v2\/product_tag?post=12848"}],"curies":[{"name":"wp","href":"https:\/\/api.w.org\/{rel}","templated":true}]}}