{"id":12906,"date":"2023-12-21T11:42:42","date_gmt":"2023-12-21T10:42:42","guid":{"rendered":"https:\/\/balliuexport.com\/producto\/marina-s\/"},"modified":"2025-11-26T12:27:58","modified_gmt":"2025-11-26T11:27:58","slug":"mini-chaise-longue-empilable-marina","status":"publish","type":"product","link":"https:\/\/www.balliuexport.com\/fr\/produit\/mini-chaise-longue-empilable-marina\/","title":{"rendered":"Chilliene Marina"},"content":{"rendered":"<h2 data-start=\"0\" data-end=\"92\"><span style=\"color: #006eb7;\"><strong data-start=\"4\" data-end=\"90\">Mini chaise longue empilable : design compact, r\u00e9sistance sup\u00e9rieure et entretien facile<\/strong><\/span><\/h2>\n<p data-start=\"94\" data-end=\"493\"><span style=\"color: #7a7a7a;\">La mini chaise longue empilable Marina allie <span style=\"color: #006eb7;\"><strong data-start=\"131\" data-end=\"173\">durabilit\u00e9, s\u00e9curit\u00e9 et fonctionnalit\u00e9<\/strong><\/span>, ce qui en fait le choix id\u00e9al pour les <span style=\"color: #006eb7;\"><strong data-start=\"214\" data-end=\"292\">piscines, les terrasses d&rsquo;h\u00f4tel, les spas et les espaces ext\u00e9rieurs<\/strong><\/span> \u00e0 fort trafic. Son ch\u00e2ssis en aluminium tremp\u00e9, ainsi que sa quincaillerie en acier inoxydable et ses accessoires en poly\u00e9thyl\u00e8ne, garantissent une r\u00e9sistance exceptionnelle aux intemp\u00e9ries et \u00e0 une utilisation intensive. Con\u00e7u avec des extr\u00e9mit\u00e9s arrondies, il privil\u00e9gie la s\u00e9curit\u00e9 en minimisant les risques d&rsquo;accidents. Son<span style=\"color: #006eb7;\"><strong data-start=\"595\" data-end=\"628\"> tissu facilement rempla\u00e7able facilite<\/strong><\/span> l&rsquo;entretien et prolonge sa dur\u00e9e de vie utile, offrant une solution pratique et \u00e9conomique pour les entreprises \u00e0 la recherche d&rsquo;efficacit\u00e9 et de qualit\u00e9. <\/span><\/p>\n<p data-start=\"774\" data-end=\"998\" data-is-last-node=\"\" data-is-only-node=\"\"><span style=\"color: #7a7a7a;\">Gr\u00e2ce \u00e0 son <span style=\"color: #006eb7;\"><strong data-start=\"787\" data-end=\"815\">empilabilit\u00e9<\/strong><\/span>, il optimise l&rsquo;espace de rangement sans compromettre le style ou le confort. Une option robuste, \u00e9l\u00e9gante et fonctionnelle pour ceux qui recherchent un mobilier d&rsquo;ext\u00e9rieur fiable et sophistiqu\u00e9. Vous pouvez \u00e9galement compl\u00e9ter votre mini transat avec nos <a href=\"https:\/\/www.balliuexport.com\/fr\/catagorie\/tables-fr\/tables-dappoint\/\"><span style=\"color: #006eb7;\"><strong>tables d&rsquo;appoint<\/strong><\/span><\/a>. <\/span><\/p>\n","protected":false},"excerpt":{"rendered":"<p><strong><span style=\"color: #006eb7;\">Prix sans TVA inclus<\/span><\/strong><\/p>\n","protected":false},"featured_media":52512,"template":"","meta":{"_acf_changed":false},"product_brand":[],"product_cat":[666,669,1332,1343,1302,1199,1307,2707],"product_tag":[],"class_list":{"0":"post-12906","1":"product","2":"type-product","3":"status-publish","4":"has-post-thumbnail","6":"product_cat-bains-de-soleil","7":"product_cat-bains-de-soleil-compacts","8":"product_cat-bains-de-soleil-empilable","9":"product_cat-bains-de-soleil-en-aluminium","10":"product_cat-transats-hotels","11":"product_cat-bains-de-soleil-pour-piscines-commerciales","12":"product_cat-bains-de-soleils-de-spa","13":"product_cat-mobilier-dexterieur-pour-bateaux-de-croisiere","15":"first","16":"instock","17":"taxable","18":"shipping-taxable","19":"purchasable","20":"product-type-variable"},"bundled_by":[],"bundle_stock_status":"instock","bundle_stock_quantity":null,"bundle_virtual":false,"bundle_layout":"","bundle_add_to_cart_form_location":"","bundle_editable_in_cart":false,"bundle_sold_individually_context":"","bundle_item_grouping":"","bundle_min_size":"","bundle_max_size":"","bundle_price":[],"bundled_items":[],"bundle_sell_ids":[],"acf":[],"_links":{"self":[{"href":"https:\/\/www.balliuexport.com\/fr\/wp-json\/wp\/v2\/product\/12906","targetHints":{"allow":["GET"]}}],"collection":[{"href":"https:\/\/www.balliuexport.com\/fr\/wp-json\/wp\/v2\/product"}],"about":[{"href":"https:\/\/www.balliuexport.com\/fr\/wp-json\/wp\/v2\/types\/product"}],"wp:featuredmedia":[{"embeddable":true,"href":"https:\/\/www.balliuexport.com\/fr\/wp-json\/wp\/v2\/media\/52512"}],"wp:attachment":[{"href":"https:\/\/www.balliuexport.com\/fr\/wp-json\/wp\/v2\/media?parent=12906"}],"wp:term":[{"taxonomy":"product_brand","embeddable":true,"href":"https:\/\/www.balliuexport.com\/fr\/wp-json\/wp\/v2\/product_brand?post=12906"},{"taxonomy":"product_cat","embeddable":true,"href":"https:\/\/www.balliuexport.com\/fr\/wp-json\/wp\/v2\/product_cat?post=12906"},{"taxonomy":"product_tag","embeddable":true,"href":"https:\/\/www.balliuexport.com\/fr\/wp-json\/wp\/v2\/product_tag?post=12906"}],"curies":[{"name":"wp","href":"https:\/\/api.w.org\/{rel}","templated":true}]}}