{"id":12928,"date":"2023-12-21T11:55:48","date_gmt":"2023-12-21T10:55:48","guid":{"rendered":"https:\/\/balliuexport.com\/producto\/eva-pro-bcn\/"},"modified":"2025-11-28T14:39:40","modified_gmt":"2025-11-28T13:39:40","slug":"mini-table-eva-pro-bcn","status":"publish","type":"product","link":"https:\/\/www.balliuexport.com\/fr\/produit\/mini-table-eva-pro-bcn\/","title":{"rendered":"Mini table Eva Pro BCN"},"content":{"rendered":"<p><span style=\"color: #000000;\"><span style=\"color: #7a7a7a;\">La mini table Eva Pro BCN est une table d&rsquo;appoint empilable, id\u00e9ale pour accompagner le<\/span><strong> <a href=\"https:\/\/www.balliuexport.com\/fr\/produit\/baindesoleil-eva-pro-t-mario-eskenazi\/\"><span style=\"color: #006eb7;\">bain de soleil Eva Pro T \u00e9dition Mario Eskenazi<\/span><\/a><span style=\"color: #7a7a7a;\">.<\/span><\/strong> <span style=\"color: #7a7a7a;\">Fabriqu\u00e9 en r\u00e9sine de polypropyl\u00e8ne recycl\u00e9, il se distingue par son engagement envers la durabilit\u00e9 et son design, parfait pour les plages et les piscines, publiques et priv\u00e9es. Sa construction r\u00e9sistante aux intemp\u00e9ries assure la durabilit\u00e9, tandis que sa conception empilable facilite le stockage et le transport. Avec une touche moderne et \u00e9l\u00e9gante, cette table est le compl\u00e9ment parfait \u00e0 tout espace ext\u00e9rieur, alliant style et fonctionnalit\u00e9.  <\/span><\/span><\/p>\n","protected":false},"excerpt":{"rendered":"<p><span style=\"color: #006eb7;\"><strong>Prix sans TVA inclus<\/strong><\/span><\/p>\n<p>Mesa auxiliar apilable de polipropileno reciclable.<\/p>\n","protected":false},"featured_media":70521,"template":"","meta":{"_acf_changed":false},"product_brand":[],"product_cat":[2711,3077,3253],"product_tag":[],"class_list":{"0":"post-12928","1":"product","2":"type-product","3":"status-publish","4":"has-post-thumbnail","6":"product_cat-mobilier-pour-parcs-aquatiques","7":"product_cat-tables-dappoint","8":"product_cat-tables-en-resine","10":"first","11":"instock","12":"taxable","13":"shipping-taxable","14":"purchasable","15":"product-type-variable"},"bundled_by":[],"bundle_stock_status":"instock","bundle_stock_quantity":null,"bundle_virtual":false,"bundle_layout":"","bundle_add_to_cart_form_location":"","bundle_editable_in_cart":false,"bundle_sold_individually_context":"","bundle_item_grouping":"","bundle_min_size":"","bundle_max_size":"","bundle_price":[],"bundled_items":[],"bundle_sell_ids":[],"acf":[],"_links":{"self":[{"href":"https:\/\/www.balliuexport.com\/fr\/wp-json\/wp\/v2\/product\/12928","targetHints":{"allow":["GET"]}}],"collection":[{"href":"https:\/\/www.balliuexport.com\/fr\/wp-json\/wp\/v2\/product"}],"about":[{"href":"https:\/\/www.balliuexport.com\/fr\/wp-json\/wp\/v2\/types\/product"}],"wp:featuredmedia":[{"embeddable":true,"href":"https:\/\/www.balliuexport.com\/fr\/wp-json\/wp\/v2\/media\/70521"}],"wp:attachment":[{"href":"https:\/\/www.balliuexport.com\/fr\/wp-json\/wp\/v2\/media?parent=12928"}],"wp:term":[{"taxonomy":"product_brand","embeddable":true,"href":"https:\/\/www.balliuexport.com\/fr\/wp-json\/wp\/v2\/product_brand?post=12928"},{"taxonomy":"product_cat","embeddable":true,"href":"https:\/\/www.balliuexport.com\/fr\/wp-json\/wp\/v2\/product_cat?post=12928"},{"taxonomy":"product_tag","embeddable":true,"href":"https:\/\/www.balliuexport.com\/fr\/wp-json\/wp\/v2\/product_tag?post=12928"}],"curies":[{"name":"wp","href":"https:\/\/api.w.org\/{rel}","templated":true}]}}