{"id":12998,"date":"2023-12-21T12:24:04","date_gmt":"2023-12-21T11:24:04","guid":{"rendered":"https:\/\/balliuexport.com\/producto\/altea\/"},"modified":"2025-11-28T14:29:47","modified_gmt":"2025-11-28T13:29:47","slug":"table-en-aluminium-altea","status":"publish","type":"product","link":"https:\/\/www.balliuexport.com\/fr\/produit\/table-en-aluminium-altea\/","title":{"rendered":"Table Altea"},"content":{"rendered":"<h2 data-start=\"201\" data-end=\"253\"><span style=\"color: #006eb7;\"><strong data-start=\"201\" data-end=\"253\">Altea : un design fonctionnel qui optimise chaque recoin<\/strong><\/span><\/h2>\n<p class=\"\" data-start=\"255\" data-end=\"552\"><span style=\"color: #7a7a7a;\">La table Altea allie simplicit\u00e9 et pr\u00e9cision technique dans une pi\u00e8ce con\u00e7ue pour les espaces o\u00f9 la polyvalence est essentielle. Sa structure en aluminium tremp\u00e9 et sa base en polypropyl\u00e8ne, renforc\u00e9e par des boulons et des \u00e9crous en acier inoxydable, offrent une grande r\u00e9sistance et une grande durabilit\u00e9. <span style=\"color: #006eb7;\"><strong>grande r\u00e9sistance<\/strong><\/span> poids \u00e9quilibr\u00e9 et maniabilit\u00e9. La<span style=\"color: #006eb7;\"><strong> plateau pliant<\/strong><\/span> en HPL offre une surface<span style=\"color: #006eb7;\"> <strong>surface robuste<\/strong><\/span> y <span style=\"color: #006eb7;\"><strong>surface durable<\/strong><\/span>Il est capable de r\u00e9sister \u00e0 une utilisation continue en ext\u00e9rieur sans perdre en stabilit\u00e9 ou en esth\u00e9tique. Les v\u00e9rins de r\u00e9glage des pieds permettent de la mettre \u00e0 niveau avec pr\u00e9cision sur n&rsquo;importe quelle surface, am\u00e9liorant ainsi le confort d&rsquo;utilisation. Compacte, empilable et con\u00e7ue pour faciliter la gestion de l&rsquo;espace, la table Altea est une solution intelligente pour les terrasses. <span style=\"color: #006eb7;\"><strong data-start=\"903\" data-end=\"991\">Altea est une solution intelligente pour les terrasses, les caf\u00e9t\u00e9rias et les espaces multifonctionnels.<\/strong><\/span> \u00e0 la recherche d&rsquo;un design pratique sans sacrifier la durabilit\u00e9.    <\/span><\/p>\n","protected":false},"excerpt":{"rendered":"<p><strong><span style=\"color: #006eb7;\">Prix sans TVA inclus<\/span><\/strong><\/p>\n<p>&nbsp;<\/p>\n","protected":false},"featured_media":12964,"template":"","meta":{"_acf_changed":false},"product_brand":[],"product_cat":[2707,766],"product_tag":[],"class_list":{"0":"post-12998","1":"product","2":"type-product","3":"status-publish","4":"has-post-thumbnail","6":"product_cat-mobilier-dexterieur-pour-bateaux-de-croisiere","7":"product_cat-tables-pour-exterieur","9":"first","10":"instock","11":"taxable","12":"shipping-taxable","13":"purchasable","14":"product-type-variable"},"bundled_by":[],"bundle_stock_status":"instock","bundle_stock_quantity":null,"bundle_virtual":false,"bundle_layout":"","bundle_add_to_cart_form_location":"","bundle_editable_in_cart":false,"bundle_sold_individually_context":"","bundle_item_grouping":"","bundle_min_size":"","bundle_max_size":"","bundle_price":[],"bundled_items":[],"bundle_sell_ids":[],"acf":[],"_links":{"self":[{"href":"https:\/\/www.balliuexport.com\/fr\/wp-json\/wp\/v2\/product\/12998","targetHints":{"allow":["GET"]}}],"collection":[{"href":"https:\/\/www.balliuexport.com\/fr\/wp-json\/wp\/v2\/product"}],"about":[{"href":"https:\/\/www.balliuexport.com\/fr\/wp-json\/wp\/v2\/types\/product"}],"wp:featuredmedia":[{"embeddable":true,"href":"https:\/\/www.balliuexport.com\/fr\/wp-json\/wp\/v2\/media\/12964"}],"wp:attachment":[{"href":"https:\/\/www.balliuexport.com\/fr\/wp-json\/wp\/v2\/media?parent=12998"}],"wp:term":[{"taxonomy":"product_brand","embeddable":true,"href":"https:\/\/www.balliuexport.com\/fr\/wp-json\/wp\/v2\/product_brand?post=12998"},{"taxonomy":"product_cat","embeddable":true,"href":"https:\/\/www.balliuexport.com\/fr\/wp-json\/wp\/v2\/product_cat?post=12998"},{"taxonomy":"product_tag","embeddable":true,"href":"https:\/\/www.balliuexport.com\/fr\/wp-json\/wp\/v2\/product_tag?post=12998"}],"curies":[{"name":"wp","href":"https:\/\/api.w.org\/{rel}","templated":true}]}}