{"id":13052,"date":"2023-12-21T12:35:23","date_gmt":"2023-12-21T11:35:23","guid":{"rendered":"https:\/\/balliuexport.com\/producto\/java\/"},"modified":"2026-02-18T12:28:30","modified_gmt":"2026-02-18T11:28:30","slug":"table-en-aluminium-java","status":"publish","type":"product","link":"https:\/\/www.balliuexport.com\/fr\/produit\/table-en-aluminium-java\/","title":{"rendered":"Table Java"},"content":{"rendered":"<div class=\"ewa-rteLine\">Table extensible avec structure en tube d&rsquo;aluminium tremp\u00e9.<\/div>\n<div class=\"ewa-rteLine\">Panneau HPL.<\/div>\n<div class=\"ewa-rteLine\">Couverture de peinture en poudre formul\u00e9e avec des r\u00e9sines polyester qui pr\u00e9sente une excellente r\u00e9sistance aux intemp\u00e9ries et une solidit\u00e9 maximale \u00e0 la lumi\u00e8re.<\/div>\n","protected":false},"excerpt":{"rendered":"<p><strong><span style=\"color: #006eb7;\">Prix sans TVA inclus<\/span><\/strong><\/p>\n","protected":false},"featured_media":70481,"template":"","meta":{"_acf_changed":false},"product_brand":[],"product_cat":[766,2230,3502],"product_tag":[],"class_list":{"0":"post-13052","1":"product","2":"type-product","3":"status-publish","4":"has-post-thumbnail","6":"product_cat-tables-pour-exterieur","7":"product_cat-tables-a-manger-dexterieur","8":"product_cat-tables-exterieur-extensibles","9":"pa_largoxancho-140-180-x-90-fr","10":"pa_largoxancho-200-260-x-100","12":"first","13":"instock","14":"taxable","15":"shipping-taxable","16":"purchasable","17":"product-type-variable"},"bundled_by":["70144"],"bundle_stock_status":"instock","bundle_stock_quantity":null,"bundle_virtual":false,"bundle_layout":"","bundle_add_to_cart_form_location":"","bundle_editable_in_cart":false,"bundle_sold_individually_context":"","bundle_item_grouping":"","bundle_min_size":"","bundle_max_size":"","bundle_price":[],"bundled_items":[],"bundle_sell_ids":[],"acf":[],"_links":{"self":[{"href":"https:\/\/www.balliuexport.com\/fr\/wp-json\/wp\/v2\/product\/13052","targetHints":{"allow":["GET"]}}],"collection":[{"href":"https:\/\/www.balliuexport.com\/fr\/wp-json\/wp\/v2\/product"}],"about":[{"href":"https:\/\/www.balliuexport.com\/fr\/wp-json\/wp\/v2\/types\/product"}],"wp:featuredmedia":[{"embeddable":true,"href":"https:\/\/www.balliuexport.com\/fr\/wp-json\/wp\/v2\/media\/70481"}],"wp:attachment":[{"href":"https:\/\/www.balliuexport.com\/fr\/wp-json\/wp\/v2\/media?parent=13052"}],"wp:term":[{"taxonomy":"product_brand","embeddable":true,"href":"https:\/\/www.balliuexport.com\/fr\/wp-json\/wp\/v2\/product_brand?post=13052"},{"taxonomy":"product_cat","embeddable":true,"href":"https:\/\/www.balliuexport.com\/fr\/wp-json\/wp\/v2\/product_cat?post=13052"},{"taxonomy":"product_tag","embeddable":true,"href":"https:\/\/www.balliuexport.com\/fr\/wp-json\/wp\/v2\/product_tag?post=13052"}],"curies":[{"name":"wp","href":"https:\/\/api.w.org\/{rel}","templated":true}]}}