{"id":13075,"date":"2023-12-21T12:40:36","date_gmt":"2023-12-21T11:40:36","guid":{"rendered":"https:\/\/balliuexport.com\/producto\/vera-l\/"},"modified":"2026-02-18T12:34:27","modified_gmt":"2026-02-18T11:34:27","slug":"fauteuil-en-resine-vera-l","status":"publish","type":"product","link":"https:\/\/www.balliuexport.com\/fr\/produit\/fauteuil-en-resine-vera-l\/","title":{"rendered":"Fauteuil Vera L"},"content":{"rendered":"<div class=\"ewa-rteLine\">Fauteuil pour h\u00f4tels, terrasses, zones publiques et usage priv\u00e9, fabriqu\u00e9 avec de la r\u00e9sine de polypropyl\u00e8ne, inject\u00e9 avec du gaz et renforc\u00e9 avec de la fibre de verre.<\/div>\n<div class=\"ewa-rteLine\">Formulation sp\u00e9ciale avec protection UV pour \u00e9viter l&rsquo;usure au fil du temps.<\/div>\n<div>Utilisation ext\u00e9rieure et int\u00e9rieure.<\/div>\n<div><\/div>\n","protected":false},"excerpt":{"rendered":"<p><strong><span style=\"color: #006eb7;\">Prix sans TVA inclus<\/span><\/strong><\/p>\n<p>&nbsp;<\/p>\n<p>&nbsp;<\/p>\n","protected":false},"featured_media":13063,"template":"","meta":{"_acf_changed":false},"product_brand":[],"product_cat":[777,2824,2250],"product_tag":[],"class_list":{"0":"post-13075","1":"product","2":"type-product","3":"status-publish","4":"has-post-thumbnail","6":"product_cat-chaises","7":"product_cat-chaises-en-resine","8":"product_cat-mobilier-de-piscine-balliu","10":"first","11":"instock","12":"taxable","13":"shipping-taxable","14":"purchasable","15":"product-type-variable"},"bundled_by":[],"bundle_stock_status":"instock","bundle_stock_quantity":null,"bundle_virtual":false,"bundle_layout":"","bundle_add_to_cart_form_location":"","bundle_editable_in_cart":false,"bundle_sold_individually_context":"","bundle_item_grouping":"","bundle_min_size":"","bundle_max_size":"","bundle_price":[],"bundled_items":[],"bundle_sell_ids":[],"acf":[],"_links":{"self":[{"href":"https:\/\/www.balliuexport.com\/fr\/wp-json\/wp\/v2\/product\/13075","targetHints":{"allow":["GET"]}}],"collection":[{"href":"https:\/\/www.balliuexport.com\/fr\/wp-json\/wp\/v2\/product"}],"about":[{"href":"https:\/\/www.balliuexport.com\/fr\/wp-json\/wp\/v2\/types\/product"}],"wp:featuredmedia":[{"embeddable":true,"href":"https:\/\/www.balliuexport.com\/fr\/wp-json\/wp\/v2\/media\/13063"}],"wp:attachment":[{"href":"https:\/\/www.balliuexport.com\/fr\/wp-json\/wp\/v2\/media?parent=13075"}],"wp:term":[{"taxonomy":"product_brand","embeddable":true,"href":"https:\/\/www.balliuexport.com\/fr\/wp-json\/wp\/v2\/product_brand?post=13075"},{"taxonomy":"product_cat","embeddable":true,"href":"https:\/\/www.balliuexport.com\/fr\/wp-json\/wp\/v2\/product_cat?post=13075"},{"taxonomy":"product_tag","embeddable":true,"href":"https:\/\/www.balliuexport.com\/fr\/wp-json\/wp\/v2\/product_tag?post=13075"}],"curies":[{"name":"wp","href":"https:\/\/api.w.org\/{rel}","templated":true}]}}