{"id":14250,"date":"2020-02-04T11:06:09","date_gmt":"2020-02-04T10:06:09","guid":{"rendered":"https:\/\/balliuexport.com\/?post_type=product&#038;p=14250"},"modified":"2026-01-06T13:56:03","modified_gmt":"2026-01-06T12:56:03","slug":"canape-olimpia","status":"publish","type":"product","link":"https:\/\/www.balliuexport.com\/fr\/produit\/canape-olimpia\/","title":{"rendered":"Canap\u00e9 Olimpia"},"content":{"rendered":"<p><iframe style=\"width: 1000px; height: 440px; overflow: hidden; border-radius: 8px;\" src=\"https:\/\/viewer.ienhance.co\/v\/app\/ec09586c-762a-48a3-8461-dc75695d4a7a\" frameborder=\"0\" allowfullscreen=\"allowfullscreen\"> <\/iframe><\/p>\n<h2 data-start=\"239\" data-end=\"295\"><span style=\"color: #006eb7;\"><strong data-start=\"239\" data-end=\"295\">Olimpia: une \u00e9l\u00e9gance solide pour un ext\u00e9rieur styl\u00e9<\/strong><\/span><\/h2>\n<p class=\"\" data-start=\"297\" data-end=\"619\"><span style=\"color: #7a7a7a;\">Avec un design intemporel et des lignes \u00e9pur\u00e9es, le canap\u00e9 simple Olimpia apporte une pr\u00e9sence \u00e9l\u00e9gante et discr\u00e8te \u00e0 tout environnement ext\u00e9rieur. Sa structure en aluminium tremp\u00e9, associ\u00e9e \u00e0 une quincaillerie en acier inoxydable, assure une r\u00e9sistance exceptionnelle \u00e0 une utilisation intensive et aux conditions climatiques les plus exigeantes. Con\u00e7u pour offrir <span style=\"color: #006eb7;\"><strong>fermet\u00e9, stabilit\u00e9<\/strong><\/span> et<span style=\"color: #006eb7;\"><strong> confort durable<\/strong><\/span>, il est \u00e9quip\u00e9 de coussins en mousse<span style=\"color: #006eb7;\"><strong> DryFeel<\/strong><\/span>, sp\u00e9cialement formul\u00e9s pour une utilisation en ext\u00e9rieur. Ce mat\u00e9riau \u00e0 s\u00e9chage rapide permet une utilisation en ext\u00e9rieur sans avoir besoin de protection suppl\u00e9mentaire, garantissant une exp\u00e9rience de sommeil optimale \u00e0 tout moment. \u00c9galement disponible en versions <span style=\"color: #006eb7;\"><strong>deux<\/strong><\/span> et <span style=\"color: #006eb7;\"><strong>trois<\/strong><\/span> places, Olimpia s&rsquo;adapte facilement \u00e0 diff\u00e9rentes configurations, des espaces lounge aux terrasses d&rsquo;h\u00f4tel ou aux espaces de d\u00e9tente dans les projets contract. <\/span><\/p>\n<p class=\"\" data-start=\"1138\" data-end=\"1237\"><span style=\"color: #006eb7;\"><strong data-start=\"1138\" data-end=\"1237\">Olimpia allie fonctionnalit\u00e9, design et durabilit\u00e9 dans un canap\u00e9 con\u00e7u pour durer et se d\u00e9marquer.<\/strong><\/span><\/p>\n","protected":false},"excerpt":{"rendered":"<p>Canap\u00e9 individuel en aluminium et tissu polyester.<\/p>\n","protected":false},"featured_media":67469,"template":"","meta":{"_acf_changed":false},"product_brand":[],"product_cat":[1053,2250,2262],"product_tag":[],"class_list":{"0":"post-14250","1":"product","2":"type-product","3":"status-publish","4":"has-post-thumbnail","6":"product_cat-canapes-pour-exterieur","7":"product_cat-mobilier-de-piscine-balliu","8":"product_cat-mobilier-de-patio-moderne","10":"first","11":"instock","12":"taxable","13":"shipping-taxable","14":"purchasable","15":"product-type-variable"},"bundled_by":["6634","6634"],"bundle_stock_status":"instock","bundle_stock_quantity":null,"bundle_virtual":false,"bundle_layout":"","bundle_add_to_cart_form_location":"","bundle_editable_in_cart":false,"bundle_sold_individually_context":"","bundle_item_grouping":"","bundle_min_size":"","bundle_max_size":"","bundle_price":[],"bundled_items":[],"bundle_sell_ids":[],"acf":[],"_links":{"self":[{"href":"https:\/\/www.balliuexport.com\/fr\/wp-json\/wp\/v2\/product\/14250","targetHints":{"allow":["GET"]}}],"collection":[{"href":"https:\/\/www.balliuexport.com\/fr\/wp-json\/wp\/v2\/product"}],"about":[{"href":"https:\/\/www.balliuexport.com\/fr\/wp-json\/wp\/v2\/types\/product"}],"wp:featuredmedia":[{"embeddable":true,"href":"https:\/\/www.balliuexport.com\/fr\/wp-json\/wp\/v2\/media\/67469"}],"wp:attachment":[{"href":"https:\/\/www.balliuexport.com\/fr\/wp-json\/wp\/v2\/media?parent=14250"}],"wp:term":[{"taxonomy":"product_brand","embeddable":true,"href":"https:\/\/www.balliuexport.com\/fr\/wp-json\/wp\/v2\/product_brand?post=14250"},{"taxonomy":"product_cat","embeddable":true,"href":"https:\/\/www.balliuexport.com\/fr\/wp-json\/wp\/v2\/product_cat?post=14250"},{"taxonomy":"product_tag","embeddable":true,"href":"https:\/\/www.balliuexport.com\/fr\/wp-json\/wp\/v2\/product_tag?post=14250"}],"curies":[{"name":"wp","href":"https:\/\/api.w.org\/{rel}","templated":true}]}}