{"id":15855,"date":"2024-01-30T15:42:46","date_gmt":"2024-01-30T14:42:46","guid":{"rendered":"https:\/\/balliuexport.com\/?post_type=product&#038;p=15855"},"modified":"2025-12-03T15:11:39","modified_gmt":"2025-12-03T14:11:39","slug":"passerelle-en-resine-pour-plage","status":"publish","type":"product","link":"https:\/\/www.balliuexport.com\/fr\/produit\/passerelle-en-resine-pour-plage\/","title":{"rendered":"Passerelle de plage"},"content":{"rendered":"<p><span style=\"color: #006eb7;\"><strong>*Il est disponible uniquement en version recycl\u00e9e, en blanc.*<\/strong><\/span><\/p>\n<h2><span style=\"color: #006eb7;\"><strong>Structure robuste et durable<\/strong><\/span><\/h2>\n<p><span style=\"color: #7a7a7a;\">La base de notre passerelle de plage est une structure en polypropyl\u00e8ne renforc\u00e9e par une charge min\u00e9rale, ce qui lui conf\u00e8re une solidit\u00e9 et une durabilit\u00e9 exceptionnelles dans le temps. Cette formulation sp\u00e9ciale lui assure non seulement une longue dur\u00e9e de vie, mais la rend \u00e9galement r\u00e9sistante aux \u00e9l\u00e9ments marins, ce qui est essentiel pour une infrastructure c\u00f4ti\u00e8re.<\/span><\/p>\n<h2><span style=\"color: #006eb7;\"><strong>Traitement anti-UV pour une plus grande long\u00e9vit\u00e9<\/strong><\/span><\/h2>\n<p><span style=\"color: #7a7a7a;\">Nous savons que les conditions m\u00e9t\u00e9orologiques extr\u00eames peuvent affecter toute structure expos\u00e9e \u00e0 l\u2019ext\u00e9rieur, et les passerelles de plage ne font pas exception. C\u2019est pourquoi nous avons int\u00e9gr\u00e9 un traitement anti-UV \u00e0 notre passerelle, afin de la prot\u00e9ger des rayons solaires nocifs et de garantir qu\u2019elle conserve son int\u00e9grit\u00e9 structurelle et esth\u00e9tique au fil du temps.<\/span><\/p>\n<h2><span style=\"color: #006eb7;\"><strong>Surface antid\u00e9rapante pour une exp\u00e9rience en toute s\u00e9curit\u00e9<\/strong><\/span><\/h2>\n<p><span style=\"color: #7a7a7a;\">La s\u00e9curit\u00e9 des utilisateurs est notre priorit\u00e9 absolue. La surface antid\u00e9rapante de notre all\u00e9e de plage offre une exp\u00e9rience s\u00fbre, \u00e9liminant le risque de glissade et de chute. Contrairement aux passerelles en bois traditionnelles, il n\u2019y a pas de risque de blessures dues \u00e0 des fissures ou des \u00e9chardes, ce qui en fait un choix id\u00e9al pour les environnements de plage.<\/span><\/p>\n<h2><span style=\"color: #006eb7;\"><strong>Accessibilit\u00e9 pour tous<\/strong><\/span><\/h2>\n<p><span style=\"color: #7a7a7a;\">En tenant compte de la diversit\u00e9 des utilisateurs, nous avons con\u00e7u notre promenade sur la plage pour qu\u2019elle soit accessible aux personnes \u00e0 mobilit\u00e9 r\u00e9duite ou aux utilisateurs de fauteuils roulants. Il facilite l\u2019acc\u00e8s \u00e0 la plage, permettant \u00e0 chacun de profiter de la beaut\u00e9 de la mer sans barri\u00e8re physique.<\/span><\/p>\n<h2><span style=\"color: #006eb7;\"><strong>Engagement environnemental : Mat\u00e9riaux recycl\u00e9s<\/strong><\/span><\/h2>\n<p><span style=\"color: #7a7a7a;\">Nous contribuons \u00e0 la protection de l\u2019environnement en incorporant des mat\u00e9riaux recycl\u00e9s dans la fabrication de notre promenade de plage. Ce choix r\u00e9duit non seulement la d\u00e9pendance aux ressources naturelles, mais contribue \u00e9galement \u00e0 minimiser l\u2019empreinte carbone, faisant de notre passerelle une option \u00e9cologique.<\/span><\/p>\n<h2><span style=\"color: #006eb7;\"><strong>Prix \u200b\u200bcomp\u00e9titif pour une solution compl\u00e8te<\/strong><\/span><\/h2>\n<p><span style=\"color: #7a7a7a;\">Le prix indiqu\u00e9 correspond \u00e0 1 m\u00e8tre lin\u00e9aire et comprend 4 pi\u00e8ces de 25 x 120 x 5 cm chacune. Nous offrons une solution compl\u00e8te et abordable pour vos besoins en mati\u00e8re d\u2019acc\u00e8s \u00e0 la plage. En choisissant notre passerelle de plage, vous investissez dans la qualit\u00e9, la durabilit\u00e9 et la s\u00e9curit\u00e9.<\/span><\/p>\n<h2><span style=\"color: #006eb7;\"><strong>D\u00e9couvrez l\u2019avenir de l\u2019acc\u00e8s \u00e0 la plage<\/strong><\/span><\/h2>\n<p><span style=\"color: #7a7a7a;\">En bref, notre passerelle de plage en polypropyl\u00e8ne renforc\u00e9 repr\u00e9sente l\u2019\u00e9volution de l\u2019acc\u00e8s \u00e0 la plage. De sa construction robuste \u00e0 son engagement en faveur de la s\u00e9curit\u00e9, de l\u2019accessibilit\u00e9 et de la durabilit\u00e9 environnementale, nous ouvrons la voie \u00e0 un avenir o\u00f9 tout le monde pourra profiter de la plage sans restriction. D\u00e9couvrez l\u2019innovation en mati\u00e8re d\u2019acc\u00e8s \u00e0 la plage et faites de votre exp\u00e9rience c\u00f4ti\u00e8re une exp\u00e9rience in\u00e9gal\u00e9e gr\u00e2ce \u00e0 notre passerelle de plage ultramoderne.<\/span><\/p>\n<p>.<\/p>\n","protected":false},"excerpt":{"rendered":"<p><span style=\"color: #006eb7;\"><strong>Prix sans TVA incluse<\/strong><\/span><\/p>\n<p>Promenade de plage, installations professionnelles et sportives, r\u00e9alis\u00e9e avec des r\u00e9sines de polypropyl\u00e8ne.<\/p>\n","protected":false},"featured_media":15314,"template":"","meta":{"_acf_changed":false},"product_brand":[],"product_cat":[838],"product_tag":[],"class_list":{"0":"post-15855","1":"product","2":"type-product","3":"status-publish","4":"has-post-thumbnail","6":"product_cat-accessoires-pour-mobilier-exterieur","8":"first","9":"instock","10":"taxable","11":"shipping-taxable","12":"purchasable","13":"product-type-variable"},"bundled_by":[],"bundle_stock_status":"instock","bundle_stock_quantity":null,"bundle_virtual":false,"bundle_layout":"","bundle_add_to_cart_form_location":"","bundle_editable_in_cart":false,"bundle_sold_individually_context":"","bundle_item_grouping":"","bundle_min_size":"","bundle_max_size":"","bundle_price":[],"bundled_items":[],"bundle_sell_ids":[],"acf":[],"_links":{"self":[{"href":"https:\/\/www.balliuexport.com\/fr\/wp-json\/wp\/v2\/product\/15855","targetHints":{"allow":["GET"]}}],"collection":[{"href":"https:\/\/www.balliuexport.com\/fr\/wp-json\/wp\/v2\/product"}],"about":[{"href":"https:\/\/www.balliuexport.com\/fr\/wp-json\/wp\/v2\/types\/product"}],"wp:featuredmedia":[{"embeddable":true,"href":"https:\/\/www.balliuexport.com\/fr\/wp-json\/wp\/v2\/media\/15314"}],"wp:attachment":[{"href":"https:\/\/www.balliuexport.com\/fr\/wp-json\/wp\/v2\/media?parent=15855"}],"wp:term":[{"taxonomy":"product_brand","embeddable":true,"href":"https:\/\/www.balliuexport.com\/fr\/wp-json\/wp\/v2\/product_brand?post=15855"},{"taxonomy":"product_cat","embeddable":true,"href":"https:\/\/www.balliuexport.com\/fr\/wp-json\/wp\/v2\/product_cat?post=15855"},{"taxonomy":"product_tag","embeddable":true,"href":"https:\/\/www.balliuexport.com\/fr\/wp-json\/wp\/v2\/product_tag?post=15855"}],"curies":[{"name":"wp","href":"https:\/\/api.w.org\/{rel}","templated":true}]}}