{"id":17544,"date":"2024-03-26T10:25:34","date_gmt":"2024-03-26T09:25:34","guid":{"rendered":"https:\/\/balliuexport.com\/producto\/weguard\/"},"modified":"2025-12-03T15:23:26","modified_gmt":"2025-12-03T14:23:26","slug":"coffre-fort-weguard-pour-transat","status":"publish","type":"product","link":"https:\/\/www.balliuexport.com\/fr\/produit\/coffre-fort-weguard-pour-transat\/","title":{"rendered":"Weguard"},"content":{"rendered":"<h2><span style=\"color: #006eb7;\"><strong>Weguard : D\u00e9couvrez notre chaise longue s\u00e9curis\u00e9e<\/strong><\/span><\/h2>\n<p><span style=\"color: #7a7a7a;\">Am\u00e9liorez votre exp\u00e9rience de bronzage avec Weguard, le coffre-fort innovant int\u00e9gr\u00e9 \u00e0 la chaise longue. Ne vous souciez plus de la s\u00e9curit\u00e9 de vos objets de valeur lorsque vous vous baignez dans la piscine ou \u00e0 la plage. Notre casier vous permet d\u2019avoir l\u2019esprit tranquille en vous offrant une solution de stockage s\u00e9curis\u00e9e \u00e0 port\u00e9e de main.<\/span><\/p>\n<h3><span style=\"color: #006eb7;\"><strong>Chaise longue d\u2019ext\u00e9rieur avec \u00e9l\u00e9ments de s\u00e9curit\u00e9<\/strong><\/span><\/h3>\n<p><span style=\"color: #7a7a7a;\">Avec Weguard, vous pouvez vous d\u00e9tendre en sachant que vos biens sont en s\u00e9curit\u00e9 dans le coffre-fort discr\u00e8tement int\u00e9gr\u00e9 \u00e0 la chaise longue. Vous n\u2019aurez plus \u00e0 laisser vos objets de valeur sans surveillance ou \u00e0 craindre le vol lorsque vous profiterez de la plage ou de la piscine gr\u00e2ce \u00e0 cette chaise longue avec coffre-fort int\u00e9gr\u00e9.<\/span><\/p>\n<h3><span style=\"color: #006eb7;\"><strong>Chaise longue d\u2019h\u00f4tel commerciale avec coffre-fort<\/strong><\/span><\/h3>\n<p><span style=\"color: #7a7a7a;\">Notre chaise longue pour h\u00f4tel commercial avec coffre-fort offre la tranquillit\u00e9 d\u2019esprit en fournissant une solution de stockage s\u00e9curis\u00e9e directement int\u00e9gr\u00e9e \u00e0 la chaise longue. Am\u00e9liorez le confort et la s\u00e9curit\u00e9 des installations ext\u00e9rieures de votre h\u00f4tel gr\u00e2ce \u00e0 nos chaises longues de premi\u00e8re qualit\u00e9 avec coffre-fort int\u00e9gr\u00e9, garantissant \u00e0 vos clients un s\u00e9jour m\u00e9morable et sans souci.<\/span><\/p>\n<h3><span style=\"color: #006eb7;\"><strong>Chaise longue de piscine avec coffre-fort<\/strong><\/span><\/h3>\n<p><span style=\"color: #7a7a7a;\">D\u00e9couvrez le confort et la s\u00e9curit\u00e9 de notre chaise longue avec casier. . Am\u00e9liorez votre exp\u00e9rience au bord de la piscine ou de la plage avec notre chaise longue s\u00e9curis\u00e9e.<\/span><\/p>\n<h3><span style=\"color: #006eb7;\"><strong>Chaise longue de plage avec coffre-fort int\u00e9gr\u00e9<\/strong><\/span><\/h3>\n<p><span style=\"color: #7a7a7a;\">Ne vous souciez plus de la s\u00e9curit\u00e9 de vos biens pendant que vous profitez du soleil. Notre coffre-fort \u00e0 encastrer vous apporte la tranquillit\u00e9 d\u2019esprit, en vous offrant une solution de stockage s\u00e9curis\u00e9e l\u00e0 o\u00f9 vous en avez besoin. Que vous preniez le soleil ou que vous vous rafra\u00eechissiez dans l\u2019oc\u00e9an, notre chaise longue de plage avec coffre-fort int\u00e9gr\u00e9 assure la protection de vos objets de valeur, vous permettant ainsi de vous immerger pleinement dans votre exp\u00e9rience de la plage en toute tranquillit\u00e9.<\/span><\/p>\n","protected":false},"excerpt":{"rendered":"<p><strong><span style=\"color: #006eb7;\">Prix sans TVA inclus<\/span><\/strong><\/p>\n<p>&nbsp;<\/p>\n","protected":false},"featured_media":17483,"template":"","meta":{"_acf_changed":false},"product_brand":[],"product_cat":[838],"product_tag":[],"class_list":{"0":"post-17544","1":"product","2":"type-product","3":"status-publish","4":"has-post-thumbnail","6":"product_cat-accessoires-pour-mobilier-exterieur","8":"first","9":"instock","10":"taxable","11":"shipping-taxable","12":"purchasable","13":"product-type-variable"},"bundled_by":[],"bundle_stock_status":"instock","bundle_stock_quantity":null,"bundle_virtual":false,"bundle_layout":"","bundle_add_to_cart_form_location":"","bundle_editable_in_cart":false,"bundle_sold_individually_context":"","bundle_item_grouping":"","bundle_min_size":"","bundle_max_size":"","bundle_price":[],"bundled_items":[],"bundle_sell_ids":[],"acf":[],"_links":{"self":[{"href":"https:\/\/www.balliuexport.com\/fr\/wp-json\/wp\/v2\/product\/17544","targetHints":{"allow":["GET"]}}],"collection":[{"href":"https:\/\/www.balliuexport.com\/fr\/wp-json\/wp\/v2\/product"}],"about":[{"href":"https:\/\/www.balliuexport.com\/fr\/wp-json\/wp\/v2\/types\/product"}],"wp:featuredmedia":[{"embeddable":true,"href":"https:\/\/www.balliuexport.com\/fr\/wp-json\/wp\/v2\/media\/17483"}],"wp:attachment":[{"href":"https:\/\/www.balliuexport.com\/fr\/wp-json\/wp\/v2\/media?parent=17544"}],"wp:term":[{"taxonomy":"product_brand","embeddable":true,"href":"https:\/\/www.balliuexport.com\/fr\/wp-json\/wp\/v2\/product_brand?post=17544"},{"taxonomy":"product_cat","embeddable":true,"href":"https:\/\/www.balliuexport.com\/fr\/wp-json\/wp\/v2\/product_cat?post=17544"},{"taxonomy":"product_tag","embeddable":true,"href":"https:\/\/www.balliuexport.com\/fr\/wp-json\/wp\/v2\/product_tag?post=17544"}],"curies":[{"name":"wp","href":"https:\/\/api.w.org\/{rel}","templated":true}]}}