{"id":206,"date":"2020-01-24T09:58:49","date_gmt":"2020-01-24T08:58:49","guid":{"rendered":"https:\/\/balliuexport.com\/producto\/cannes\/"},"modified":"2026-02-05T12:38:55","modified_gmt":"2026-02-05T11:38:55","slug":"transat-empilable-marina","status":"publish","type":"product","link":"https:\/\/www.balliuexport.com\/fr\/produit\/transat-empilable-marina\/","title":{"rendered":"Bain de soleil marina"},"content":{"rendered":"<p><iframe style=\"width: 1000px; height: 440px; overflow: hidden; border-radius: 8px;\" src=\"https:\/\/viewer.ienhance.co\/v\/app\/2bddbbdf-0d3a-4cf8-89bb-85bc8b609b77\" frameborder=\"0\" allowfullscreen=\"allowfullscreen\"><span data-mce-type=\"bookmark\" style=\"display: inline-block; width: 0px; overflow: hidden; line-height: 0;\" class=\"mce_SELRES_start\"><\/span> <\/iframe><\/p>\n<h2><span style=\"color: #006eb7;\"><strong>Marina : le bain de soleil empilable qui allie design, r\u00e9sistance et confort<\/strong><\/span><\/h2>\n<p data-start=\"139\" data-end=\"468\"><span style=\"color: #7a7a7a;\">Le bain de soleil Marina fait partie de notre gamme exclusive de <span style=\"color: #006eb7;\"><a style=\"color: #006eb7;\" href=\"https:\/\/www.balliuexport.com\/fr\/catagorie\/bains-de-soleil\/bains-de-soleil-empilable\/\"><strong data-start=\"202\" data-end=\"224\">bains de soleil empilables<\/strong><\/a><\/span>, con\u00e7ues pour offrir une fonctionnalit\u00e9 maximale sans compromettre le style. Sa structure en aluminium tremp\u00e9 et sa quincaillerie en acier inoxydable garantissent une r\u00e9sistance exceptionnelle \u00e0 une utilisation intensive et aux conditions ext\u00e9rieures. <\/span><\/p>\n<p data-start=\"470\" data-end=\"747\"><span style=\"color: #7a7a7a;\">Con\u00e7u pour s&rsquo;adapter \u00e0 chaque moment de d\u00e9tente, il est dot\u00e9 d&rsquo;un <span style=\"color: #006eb7;\"><strong data-start=\"532\" data-end=\"575\">dossier inclinable \u00e0 cinq positions <\/strong><\/span>et d&rsquo;un syst\u00e8me de s\u00e9curit\u00e9 qui emp\u00eache tout coincement accidentel. De plus, sa conception empilable permet un rangement facile, optimisant l&rsquo;espace sans complications. <\/span><\/p>\n<p data-start=\"749\" data-end=\"991\"><span style=\"color: #7a7a7a;\">Personnalisez votre tissu avec votre logo d&rsquo;entreprise et renforcez l&rsquo;identit\u00e9 de votre entreprise avec une touche exclusive. Et pour prolonger sa dur\u00e9e de vie, nous disposons de <span style=\"color: #006eb7;\"><a style=\"color: #006eb7;\" href=\"https:\/\/www.balliuexport.com\/fr\/produit\/tissu-de-remplacement-pour-transat-marina\/\"><strong data-start=\"902\" data-end=\"926\">pi\u00e8ces de rechange<\/strong><\/a><\/span> d&rsquo;origine qui garantissent que votre chaise longue Marina soit toujours comme neuve. <\/span><\/p>\n","protected":false},"excerpt":{"rendered":"<p>Bain de soleil empilable pour plage, h\u00f4tels, piscines et collectivit\u00e9s avec profil en aluminium tremp\u00e9 et tress\u00e9.<\/p>\n","protected":false},"featured_media":70360,"template":"","meta":{"_acf_changed":false},"product_brand":[],"product_cat":[666,1332,1343,1302,1199,1307],"product_tag":[],"class_list":{"0":"post-206","1":"product","2":"type-product","3":"status-publish","4":"has-post-thumbnail","6":"product_cat-bains-de-soleil","7":"product_cat-bains-de-soleil-empilable","8":"product_cat-bains-de-soleil-en-aluminium","9":"product_cat-transats-hotels","10":"product_cat-bains-de-soleil-pour-piscines-commerciales","11":"product_cat-bains-de-soleils-de-spa","13":"first","14":"instock","15":"taxable","16":"shipping-taxable","17":"purchasable","18":"product-type-variable"},"bundled_by":[],"bundle_stock_status":"instock","bundle_stock_quantity":null,"bundle_virtual":false,"bundle_layout":"","bundle_add_to_cart_form_location":"","bundle_editable_in_cart":false,"bundle_sold_individually_context":"","bundle_item_grouping":"","bundle_min_size":"","bundle_max_size":"","bundle_price":[],"bundled_items":[],"bundle_sell_ids":[],"acf":[],"_links":{"self":[{"href":"https:\/\/www.balliuexport.com\/fr\/wp-json\/wp\/v2\/product\/206","targetHints":{"allow":["GET"]}}],"collection":[{"href":"https:\/\/www.balliuexport.com\/fr\/wp-json\/wp\/v2\/product"}],"about":[{"href":"https:\/\/www.balliuexport.com\/fr\/wp-json\/wp\/v2\/types\/product"}],"wp:featuredmedia":[{"embeddable":true,"href":"https:\/\/www.balliuexport.com\/fr\/wp-json\/wp\/v2\/media\/70360"}],"wp:attachment":[{"href":"https:\/\/www.balliuexport.com\/fr\/wp-json\/wp\/v2\/media?parent=206"}],"wp:term":[{"taxonomy":"product_brand","embeddable":true,"href":"https:\/\/www.balliuexport.com\/fr\/wp-json\/wp\/v2\/product_brand?post=206"},{"taxonomy":"product_cat","embeddable":true,"href":"https:\/\/www.balliuexport.com\/fr\/wp-json\/wp\/v2\/product_cat?post=206"},{"taxonomy":"product_tag","embeddable":true,"href":"https:\/\/www.balliuexport.com\/fr\/wp-json\/wp\/v2\/product_tag?post=206"}],"curies":[{"name":"wp","href":"https:\/\/api.w.org\/{rel}","templated":true}]}}