{"id":23433,"date":"2024-05-07T12:52:02","date_gmt":"2024-05-07T10:52:02","guid":{"rendered":"https:\/\/www.balliuexport.com\/producto\/bain-de-soleil-noa\/"},"modified":"2026-02-18T10:20:22","modified_gmt":"2026-02-18T09:20:22","slug":"bain-de-soleil-noa","status":"publish","type":"product","link":"https:\/\/www.balliuexport.com\/fr\/produit\/bain-de-soleil-noa\/","title":{"rendered":"Bain de soleil Noa"},"content":{"rendered":"<p><iframe style=\"width: 1000px; height: 440px; overflow: hidden; border-radius: 8px;\" src=\"https:\/\/viewer.ienhance.co\/v\/app\/a11ea24f-d853-4450-a0b9-03e4d8a812b2\" frameborder=\"0\" allowfullscreen=\"allowfullscreen\"><span data-mce-type=\"bookmark\" style=\"display: inline-block; width: 0px; overflow: hidden; line-height: 0;\" class=\"mce_SELRES_start\"><\/span><span data-mce-type=\"bookmark\" style=\"display: inline-block; width: 0px; overflow: hidden; line-height: 0;\" class=\"mce_SELRES_start\"><\/span> <\/iframe><\/p>\n<h2><span style=\"color: #006eb7;\">Bain de soleil Noa : un design \u00e9l\u00e9gant et une durabilit\u00e9 in\u00e9gal\u00e9e<\/span><\/h2>\n<p><span style=\"color: #7a7a7a;\">Le bain de soleil Noa red\u00e9finit le confort ext\u00e9rieur avec un \u00e9quilibre parfait entre esth\u00e9tique et fonctionnalit\u00e9. Sa structure fine et moderne s&rsquo;int\u00e8gre parfaitement dans n&rsquo;importe quel espace, tandis que sa fabrication en r\u00e9sine de polypropyl\u00e8ne renforc\u00e9e de fibre de verre garantit une r\u00e9sistance exceptionnelle. <\/span><\/p>\n<h2 data-start=\"493\" data-end=\"545\"><span style=\"color: #006eb7;\"><strong data-start=\"497\" data-end=\"543\">Innovation et s\u00e9curit\u00e9 dans chaque d\u00e9tail<\/strong><\/span><\/h2>\n<p data-start=\"547\" data-end=\"945\"><span style=\"color: #7a7a7a;\">Con\u00e7ue pour r\u00e9sister aux environnements les plus exigeants, la chaise longue Noa offre une durabilit\u00e9 sup\u00e9rieure sans compromettre le confort. Sa surface nervur\u00e9e renforce la structure, \u00e9vitant les d\u00e9formations et assurant une longue dur\u00e9e de vie. De plus, il int\u00e8gre un syst\u00e8me de s\u00e9curit\u00e9 qui minimise les risques de blessures lors de la manipulation, offrant une exp\u00e9rience de repos sans souci. Parfait pour les h\u00f4tels, les piscines ou les espaces r\u00e9sidentiels, cette chaise longue s&rsquo;adapte \u00e0 n&rsquo;importe quel environnement, offrant une combinaison id\u00e9ale de style, de durabilit\u00e9 et d&rsquo;ergonomie. Si vous recherchez plus d&rsquo;options pour am\u00e9liorer votre espace ext\u00e9rieur, explorez notre <a href=\"https:\/\/www.balliuexport.com\/fr\/produits\/\"><span style=\"color: #006eb7;\"><strong data-start=\"1322\" data-end=\"1349\">mobilier d&rsquo;ext\u00e9rieur<\/strong><\/span><\/a>    <\/span><\/p>\n<p data-start=\"574\" data-end=\"841\" data-is-last-node=\"\">\n","protected":false},"excerpt":{"rendered":"<p>Disponible \u00e0 partir du 17\/09\/2024 <span style=\"color: #006eb7;\"><strong>Prix sans TVA inclus<\/strong><\/span><\/p>\n","protected":false},"featured_media":70330,"template":"","meta":{"_acf_changed":false},"product_brand":[],"product_cat":[666,2222,1302,1199,1328,2272],"product_tag":[],"class_list":{"0":"post-23433","1":"product","2":"type-product","3":"status-publish","4":"has-post-thumbnail","6":"product_cat-bains-de-soleil","7":"product_cat-bains-de-soleil-haut-de-gamme","8":"product_cat-transats-hotels","9":"product_cat-bains-de-soleil-pour-piscines-commerciales","10":"product_cat-bains-de-soleil-en-resine","11":"product_cat-meubles-exterieur-hotels","13":"first","14":"instock","15":"taxable","16":"shipping-taxable","17":"purchasable","18":"product-type-variable"},"bundled_by":["70216"],"bundle_stock_status":"instock","bundle_stock_quantity":null,"bundle_virtual":false,"bundle_layout":"","bundle_add_to_cart_form_location":"","bundle_editable_in_cart":false,"bundle_sold_individually_context":"","bundle_item_grouping":"","bundle_min_size":"","bundle_max_size":"","bundle_price":[],"bundled_items":[],"bundle_sell_ids":[],"acf":[],"_links":{"self":[{"href":"https:\/\/www.balliuexport.com\/fr\/wp-json\/wp\/v2\/product\/23433","targetHints":{"allow":["GET"]}}],"collection":[{"href":"https:\/\/www.balliuexport.com\/fr\/wp-json\/wp\/v2\/product"}],"about":[{"href":"https:\/\/www.balliuexport.com\/fr\/wp-json\/wp\/v2\/types\/product"}],"wp:featuredmedia":[{"embeddable":true,"href":"https:\/\/www.balliuexport.com\/fr\/wp-json\/wp\/v2\/media\/70330"}],"wp:attachment":[{"href":"https:\/\/www.balliuexport.com\/fr\/wp-json\/wp\/v2\/media?parent=23433"}],"wp:term":[{"taxonomy":"product_brand","embeddable":true,"href":"https:\/\/www.balliuexport.com\/fr\/wp-json\/wp\/v2\/product_brand?post=23433"},{"taxonomy":"product_cat","embeddable":true,"href":"https:\/\/www.balliuexport.com\/fr\/wp-json\/wp\/v2\/product_cat?post=23433"},{"taxonomy":"product_tag","embeddable":true,"href":"https:\/\/www.balliuexport.com\/fr\/wp-json\/wp\/v2\/product_tag?post=23433"}],"curies":[{"name":"wp","href":"https:\/\/api.w.org\/{rel}","templated":true}]}}