{"id":24646,"date":"2024-06-03T12:22:07","date_gmt":"2024-06-03T10:22:07","guid":{"rendered":"https:\/\/www.balliuexport.com\/producto\/recambio-tejido-sofa-olimpia\/"},"modified":"2026-04-27T15:08:51","modified_gmt":"2026-04-27T13:08:51","slug":"remplacement-tissu-canape-olimpia","status":"publish","type":"product","link":"https:\/\/www.balliuexport.com\/fr\/produit\/remplacement-tissu-canape-olimpia\/","title":{"rendered":"Coussin de canap\u00e9 Olimpia"},"content":{"rendered":"<p><span style=\"color: #7a7a7a;\">Coussin de remplacement pour<\/span> <span style=\"color: #006eb7;\"><a style=\"color: #006eb7;\" href=\"https:\/\/www.balliuexport.com\/?s=sof%C3%A1+olimpia&amp;post_type=product\" target=\"_blank\" rel=\"noopener\"><strong>canap\u00e9 Olimpia<\/strong><\/a>. <span style=\"color: #7a7a7a;\">Le remplacement comprend du tissu<\/span> <strong>Balliu<\/strong> <span style=\"color: #7a7a7a;\">et de la mousse int\u00e9rieure<\/span> <strong>Dry Feel<\/strong>.<\/span><\/p>\n<p><span style=\"color: #7a7a7a;\">Notre tissu respirant, fabriqu\u00e9 avec un double tissage et une double cha\u00eene, se caract\u00e9rise par sa haute densit\u00e9 et ses excellentes propri\u00e9t\u00e9s techniques. Il est id\u00e9al pour une utilisation intensive en ext\u00e9rieur, notamment en milieu professionnel. Il ne contient ni mati\u00e8res toxiques ni m\u00e9taux lourds. La mousse int\u00e9rieure <span style=\"color: #006eb7;\"><strong>Dry Feel<\/strong><\/span> assure une \u00e9vacuation rapide de l&rsquo;eau, emp\u00eachant l&rsquo;accumulation d&rsquo;humidit\u00e9 et assurant un s\u00e9chage rapide et efficace. <\/span><\/p>\n<p><span style=\"color: #7a7a7a;\">Compatible uniquement avec les mod\u00e8les<\/span> <strong><span style=\"color: #006eb7;\">Balliu d&rsquo;origine<\/span><\/strong><span style=\"color: #7a7a7a;\">, le remplacement s&rsquo;adapte aux 3 versions du canap\u00e9 Olimpia.<\/span><\/p>\n<ul>\n<li><span style=\"color: #7a7a7a;\">Les tissus <\/span> <span style=\"color: #006eb7;\"><strong>Balliu<\/strong><\/span> <span style=\"color: #7a7a7a;\">sont sp\u00e9cialement con\u00e7us pour r\u00e9sister \u00e0 un usage prolong\u00e9 et ont une grande r\u00e9sistance \u00e0 l&rsquo;usure. Pour maintenir l&rsquo;aspect propre et soign\u00e9 du canap\u00e9, il est n\u00e9cessaire de le nettoyer. <\/span> <span style=\"color: #7a7a7a;\">il est recommand\u00e9 d&rsquo;\u00e9liminer p\u00e9riodiquement la salet\u00e9, l&rsquo;huile solaire et tout produit solide ayant adh\u00e9r\u00e9 au tissu. Tenez compte des facteurs suivants :<\/span><\/li>\n<li><span style=\"color: #7a7a7a;\">Un nettoyage r\u00e9gulier doit \u00eatre effectu\u00e9 \u00e0 l&rsquo;aide d&rsquo;un syst\u00e8me d&rsquo;eau sous pression.<\/span><\/li>\n<li><span style=\"color: #7a7a7a;\">En cas de pr\u00e9sence de salet\u00e9, il convient de la nettoyer d\u00e8s que possible avec une brosse douce, en pulv\u00e9risant une solution compos\u00e9e de d\u00e9tergent doux dissous dans de l&rsquo;eau sur le tissu. Rincez abondamment apr\u00e8s le nettoyage.<\/span><br \/>\n<span style=\"color: #7a7a7a;\">N&rsquo;utilisez pas d&rsquo;eau de Javel ni aucun type de solvant.<\/span><\/li>\n<\/ul>\n","protected":false},"excerpt":{"rendered":"<p><strong><span style=\"color: #006eb7;\">Prix sans TVA inclus<\/span><\/strong><\/p>\n","protected":false},"featured_media":72957,"template":"","meta":{"_acf_changed":false},"product_brand":[],"product_cat":[830,3564],"product_tag":[],"class_list":{"0":"post-24646","1":"product","2":"type-product","3":"status-publish","4":"has-post-thumbnail","6":"product_cat-des-pieces-de-rechange","7":"product_cat-tissus-de-rechange-pour-canape","9":"first","10":"instock","11":"taxable","12":"shipping-taxable","13":"purchasable","14":"product-type-variable"},"bundled_by":[],"bundle_stock_status":"instock","bundle_stock_quantity":null,"bundle_virtual":false,"bundle_layout":"","bundle_add_to_cart_form_location":"","bundle_editable_in_cart":false,"bundle_sold_individually_context":"","bundle_item_grouping":"","bundle_min_size":"","bundle_max_size":"","bundle_price":[],"bundled_items":[],"bundle_sell_ids":[],"acf":[],"_links":{"self":[{"href":"https:\/\/www.balliuexport.com\/fr\/wp-json\/wp\/v2\/product\/24646","targetHints":{"allow":["GET"]}}],"collection":[{"href":"https:\/\/www.balliuexport.com\/fr\/wp-json\/wp\/v2\/product"}],"about":[{"href":"https:\/\/www.balliuexport.com\/fr\/wp-json\/wp\/v2\/types\/product"}],"wp:featuredmedia":[{"embeddable":true,"href":"https:\/\/www.balliuexport.com\/fr\/wp-json\/wp\/v2\/media\/72957"}],"wp:attachment":[{"href":"https:\/\/www.balliuexport.com\/fr\/wp-json\/wp\/v2\/media?parent=24646"}],"wp:term":[{"taxonomy":"product_brand","embeddable":true,"href":"https:\/\/www.balliuexport.com\/fr\/wp-json\/wp\/v2\/product_brand?post=24646"},{"taxonomy":"product_cat","embeddable":true,"href":"https:\/\/www.balliuexport.com\/fr\/wp-json\/wp\/v2\/product_cat?post=24646"},{"taxonomy":"product_tag","embeddable":true,"href":"https:\/\/www.balliuexport.com\/fr\/wp-json\/wp\/v2\/product_tag?post=24646"}],"curies":[{"name":"wp","href":"https:\/\/api.w.org\/{rel}","templated":true}]}}