{"id":24953,"date":"2024-06-05T15:19:27","date_gmt":"2024-06-05T13:19:27","guid":{"rendered":"https:\/\/www.balliuexport.com\/?post_type=product&#038;p=24953"},"modified":"2025-12-02T13:20:38","modified_gmt":"2025-12-02T12:20:38","slug":"ensemble-chaises-mila","status":"publish","type":"product","link":"https:\/\/www.balliuexport.com\/fr\/produit\/ensemble-chaises-mila\/","title":{"rendered":"Pack de 2 chaises Mila"},"content":{"rendered":"<p>Profitez de ce pack de 2 chaises Mila, notre chaise empilable r\u00e9alis\u00e9e avec un profil\u00e9 en aluminium. Le rev\u00eatement est enduit d&rsquo;une r\u00e9sine de polyester formul\u00e9e pour offrir une excellente r\u00e9sistance aux intemp\u00e9ries et une solidit\u00e9 maximale \u00e0 la lumi\u00e8re. Tissu respirant construit avec double trame et double cha\u00eene. Haute r\u00e9sistance \u00e0 la d\u00e9coloration due aux rayons UV.<\/p>\n","protected":false},"excerpt":{"rendered":"<p><strong><span style=\"color: #006eb7;\">Prix sans TVA inclus<\/span><\/strong><\/p>\n","protected":false},"featured_media":10637,"template":"","meta":{"_acf_changed":false},"product_brand":[],"product_cat":[777,2226,667],"product_tag":[],"class_list":{"0":"post-24953","1":"product","2":"type-product","3":"status-publish","4":"has-post-thumbnail","6":"product_cat-chaises","7":"product_cat-chaises-dexterieur-pour-restaurants","8":"product_cat-offres-de-mobilier-dexterieur","10":"first","11":"instock","12":"sale","13":"taxable","14":"shipping-taxable","15":"purchasable","16":"product-type-bundle"},"bundled_by":[],"bundle_stock_status":"instock","bundle_stock_quantity":100,"bundle_virtual":false,"bundle_layout":"default","bundle_add_to_cart_form_location":"default","bundle_editable_in_cart":false,"bundle_sold_individually_context":"product","bundle_item_grouping":"parent","bundle_min_size":"","bundle_max_size":"","bundle_price":{"price":{"min":{"incl_tax":"188.18","excl_tax":"155.52"},"max":{"incl_tax":"188.18","excl_tax":"155.52"}},"regular_price":{"min":{"incl_tax":"212.38","excl_tax":"175.52"},"max":{"incl_tax":"212.38","excl_tax":"175.52"}}},"bundled_items":[{"bundled_item_id":100,"product_id":7278,"menu_order":0,"quantity_min":1,"quantity_max":"","quantity_default":1,"priced_individually":false,"shipped_individually":false,"override_title":false,"title":"Chaise Mila","override_description":false,"description":"Chaise Mila","optional":false,"hide_thumbnail":false,"discount":"","override_variations":false,"allowed_variations":[""],"override_default_variation_attributes":false,"default_variation_attributes":[],"single_product_visibility":"visible","cart_visibility":"visible","order_visibility":"visible","single_product_price_visibility":"visible","cart_price_visibility":"visible","order_price_visibility":"visible","stock_status":"in_stock"},{"bundled_item_id":101,"product_id":7278,"menu_order":0,"quantity_min":1,"quantity_max":"","quantity_default":1,"priced_individually":false,"shipped_individually":false,"override_title":false,"title":"Chaise Mila","override_description":false,"description":"Chaise Mila","optional":false,"hide_thumbnail":false,"discount":"","override_variations":false,"allowed_variations":[""],"override_default_variation_attributes":false,"default_variation_attributes":[],"single_product_visibility":"visible","cart_visibility":"visible","order_visibility":"visible","single_product_price_visibility":"visible","cart_price_visibility":"visible","order_price_visibility":"visible","stock_status":"in_stock"}],"bundle_sell_ids":[],"acf":[],"_links":{"self":[{"href":"https:\/\/www.balliuexport.com\/fr\/wp-json\/wp\/v2\/product\/24953","targetHints":{"allow":["GET"]}}],"collection":[{"href":"https:\/\/www.balliuexport.com\/fr\/wp-json\/wp\/v2\/product"}],"about":[{"href":"https:\/\/www.balliuexport.com\/fr\/wp-json\/wp\/v2\/types\/product"}],"wp:featuredmedia":[{"embeddable":true,"href":"https:\/\/www.balliuexport.com\/fr\/wp-json\/wp\/v2\/media\/10637"}],"wp:attachment":[{"href":"https:\/\/www.balliuexport.com\/fr\/wp-json\/wp\/v2\/media?parent=24953"}],"wp:term":[{"taxonomy":"product_brand","embeddable":true,"href":"https:\/\/www.balliuexport.com\/fr\/wp-json\/wp\/v2\/product_brand?post=24953"},{"taxonomy":"product_cat","embeddable":true,"href":"https:\/\/www.balliuexport.com\/fr\/wp-json\/wp\/v2\/product_cat?post=24953"},{"taxonomy":"product_tag","embeddable":true,"href":"https:\/\/www.balliuexport.com\/fr\/wp-json\/wp\/v2\/product_tag?post=24953"}],"curies":[{"name":"wp","href":"https:\/\/api.w.org\/{rel}","templated":true}]}}