{"id":24983,"date":"2024-06-07T09:43:09","date_gmt":"2024-06-07T07:43:09","guid":{"rendered":"https:\/\/www.balliuexport.com\/?post_type=product&#038;p=24983"},"modified":"2025-11-28T14:32:56","modified_gmt":"2025-11-28T13:32:56","slug":"table-selva","status":"publish","type":"product","link":"https:\/\/www.balliuexport.com\/fr\/produit\/table-selva\/","title":{"rendered":"Table Selva"},"content":{"rendered":"<div class=\"flex-shrink-0 flex flex-col relative items-end\">\n<div>\n<div class=\"pt-0.5 juice:pt-0\">\n<div class=\"gizmo-bot-avatar flex h-6 w-6 items-center justify-center overflow-hidden rounded-full juice:h-8 juice:w-8\">\n<div class=\"relative p-1 rounded-sm flex items-center justify-center bg-token-main-surface-primary text-token-text-primary h-8 w-8\"><span style=\"font-size: inherit;\"><span style=\"color: #7a7a7a;\">La table<\/span> <\/span><span style=\"color: #006eb7;\"><strong style=\"font-size: inherit;\">table Selva<\/strong><\/span><span style=\"font-size: inherit; color: #7a7a7a;\"> Il a \u00e9t\u00e9 m\u00e9ticuleusement con\u00e7u et fabriqu\u00e9 \u00e0 partir de r\u00e9sines de polypropyl\u00e8ne de haute qualit\u00e9, renforc\u00e9es de charge min\u00e9rale et d&rsquo;une formulation sp\u00e9ciale avec traitement anti-UV. Ce mat\u00e9riau garantit non seulement durabilit\u00e9 et r\u00e9sistance, mais prot\u00e8ge \u00e9galement la table contre les effets nocifs du soleil, garantissant que sa couleur et sa structure restent intactes pendant longtemps, m\u00eame \u00e0 l&rsquo;ext\u00e9rieur.<\/span><\/div>\n<\/div>\n<\/div>\n<\/div>\n<\/div>\n<div class=\"group\/conversation-turn relative flex w-full min-w-0 flex-col agent-turn\">\n<div class=\"flex-col gap-1 md:gap-3\">\n<div class=\"flex flex-grow flex-col max-w-full\">\n<div class=\"min-h-[20px] text-message flex flex-col items-start whitespace-pre-wrap break-words [.text-message+&amp;]:mt-5 juice:w-full juice:items-end overflow-x-auto gap-2\" dir=\"auto\" data-message-author-role=\"assistant\" data-message-id=\"473f3f40-12c8-4c6c-b301-99ccfda50096\">\n<div class=\"flex w-full flex-col gap-1 juice:empty:hidden juice:first:pt-[3px]\">\n<div class=\"markdown prose w-full break-words dark:prose-invert light\">\n<p><span style=\"color: #7a7a7a;\">Les vis de table Selva sont fabriqu\u00e9es en acier inoxydable AISI 304, connu pour son excellente r\u00e9sistance \u00e0 la corrosion, notamment en milieu marin. Cela fait de cette table un choix id\u00e9al pour les emplacements proches des c\u00f4tes, o\u00f9 l&rsquo;exposition au sel et \u00e0 l&rsquo;humidit\u00e9 peut constituer un probl\u00e8me pour d&rsquo;autres mat\u00e9riaux.<\/span><\/p>\n<p><span style=\"color: #7a7a7a;\">De plus, la table comprend une vari\u00e9t\u00e9 d&rsquo;accessoires pratiques, tels que des fiches, des fiches et des r\u00e9gulateurs, tous fabriqu\u00e9s en r\u00e9sine polypropyl\u00e8ne r\u00e9sistante aux UV. Le plateau de la table est en werzalit de 16 mm d&rsquo;\u00e9paisseur, un mat\u00e9riau robuste et durable qui offre une surface r\u00e9sistante et facile \u00e0 nettoyer.<\/span><\/p>\n<p><span style=\"color: #7a7a7a;\">L&rsquo;une des caract\u00e9ristiques marquantes de la table Selva est sa capacit\u00e9 \u00e0 \u00eatre empilable, ce qui permet de r\u00e9duire consid\u00e9rablement l&rsquo;espace de stockage. Cette fonctionnalit\u00e9 est particuli\u00e8rement utile pour les h\u00f4tels, restaurants et autres \u00e9tablissements qui ont besoin de stocker efficacement plusieurs tables. La combinaison de mat\u00e9riaux de haute qualit\u00e9 et d&rsquo;un design pratique font de la table Selva un excellent choix pour tout environnement ext\u00e9rieur.<\/span><\/p>\n<\/div>\n<\/div>\n<\/div>\n<\/div>\n<\/div>\n<\/div>\n","protected":false},"excerpt":{"rendered":"<p><strong><span style=\"color: #006eb7;\">Prix sans TVA inclus<\/span><\/strong><\/p>\n","protected":false},"featured_media":24992,"template":"","meta":{"_acf_changed":false},"product_brand":[],"product_cat":[2711,766,3253],"product_tag":[],"class_list":{"0":"post-24983","1":"product","2":"type-product","3":"status-publish","4":"has-post-thumbnail","6":"product_cat-mobilier-pour-parcs-aquatiques","7":"product_cat-tables-pour-exterieur","8":"product_cat-tables-en-resine","10":"first","11":"instock","12":"taxable","13":"shipping-taxable","14":"purchasable","15":"product-type-variable"},"bundled_by":[],"bundle_stock_status":"instock","bundle_stock_quantity":null,"bundle_virtual":false,"bundle_layout":"","bundle_add_to_cart_form_location":"","bundle_editable_in_cart":false,"bundle_sold_individually_context":"","bundle_item_grouping":"","bundle_min_size":"","bundle_max_size":"","bundle_price":[],"bundled_items":[],"bundle_sell_ids":[],"acf":[],"_links":{"self":[{"href":"https:\/\/www.balliuexport.com\/fr\/wp-json\/wp\/v2\/product\/24983","targetHints":{"allow":["GET"]}}],"collection":[{"href":"https:\/\/www.balliuexport.com\/fr\/wp-json\/wp\/v2\/product"}],"about":[{"href":"https:\/\/www.balliuexport.com\/fr\/wp-json\/wp\/v2\/types\/product"}],"wp:featuredmedia":[{"embeddable":true,"href":"https:\/\/www.balliuexport.com\/fr\/wp-json\/wp\/v2\/media\/24992"}],"wp:attachment":[{"href":"https:\/\/www.balliuexport.com\/fr\/wp-json\/wp\/v2\/media?parent=24983"}],"wp:term":[{"taxonomy":"product_brand","embeddable":true,"href":"https:\/\/www.balliuexport.com\/fr\/wp-json\/wp\/v2\/product_brand?post=24983"},{"taxonomy":"product_cat","embeddable":true,"href":"https:\/\/www.balliuexport.com\/fr\/wp-json\/wp\/v2\/product_cat?post=24983"},{"taxonomy":"product_tag","embeddable":true,"href":"https:\/\/www.balliuexport.com\/fr\/wp-json\/wp\/v2\/product_tag?post=24983"}],"curies":[{"name":"wp","href":"https:\/\/api.w.org\/{rel}","templated":true}]}}