{"id":25074,"date":"2024-06-05T16:56:48","date_gmt":"2024-06-05T14:56:48","guid":{"rendered":"https:\/\/www.balliuexport.com\/?post_type=product&#038;p=25074"},"modified":"2025-12-03T13:56:20","modified_gmt":"2025-12-03T12:56:20","slug":"pack-chaises-mila-et-table-agata","status":"publish","type":"product","link":"https:\/\/www.balliuexport.com\/fr\/produit\/pack-chaises-mila-et-table-agata\/","title":{"rendered":"Pack 2 chaises Mila + table \u00c1gata"},"content":{"rendered":"<p><span style=\"color: #006eb7;\">Pr\u00e9sentation de notre <span style=\"color: #7a7a7a;\"><strong><span style=\"color: #7a7a7a;\">pack de 2 chaises Mila + une table \u00c1gata<\/span><\/strong><\/span>, con\u00e7ues pour offrir durabilit\u00e9, style et confort \u00e0 votre espace ext\u00e9rieur.<\/span><\/p>\n<p><span style=\"color: #006eb7;\">Les <span style=\"color: #7a7a7a;\"><strong><a style=\"color: #006eb7;\" href=\"https:\/\/www.balliuexport.com\/producto\/mila\/\" target=\"_blank\" rel=\"noopener\">chaises Mila<\/a><\/strong><\/span> <span style=\"color: #7a7a7a;\">elles sont empilables et fabriqu\u00e9es avec un profil\u00e9 en aluminium de haute qualit\u00e9, offrant une structure robuste et l\u00e9g\u00e8re. Le rev\u00eatement en poudre formul\u00e9 \u00e0 base de r\u00e9sines polyester garantit une excellente r\u00e9sistance aux intemp\u00e9ries et une r\u00e9sistance maximale \u00e0 la lumi\u00e8re. Le tissu respirant \u00e0 double trame et double cha\u00eene offre une haute r\u00e9sistance \u00e0 la d\u00e9coloration due aux UV, garantissant ainsi que les chaises conservent leur aspect \u00e9clatant pendant des ann\u00e9es. De plus, les chaises sont empilables, ce qui facilite leur rangement lorsqu&rsquo;elles ne sont pas utilis\u00e9es.<\/span><\/span><\/p>\n<p><span style=\"color: #006eb7;\">La <span style=\"color: #7a7a7a;\"><strong><a style=\"color: #006eb7;\" href=\"https:\/\/www.balliuexport.com\/producto\/agata\/\" target=\"_blank\" rel=\"noopener\">table Agate<\/a><\/strong><\/span> <span style=\"color: #7a7a7a;\">ce sac est construit avec un profil\u00e9 tubulaire en aluminium tremp\u00e9 et un plateau en profil\u00e9s d&rsquo;aluminium soud\u00e9s, ainsi qu&rsquo;une base en acier qui garantit une stabilit\u00e9 et une durabilit\u00e9 exceptionnelles. Le rev\u00eatement en poudre, formul\u00e9 \u00e0 base de r\u00e9sines polyester, assure une excellente r\u00e9sistance aux intemp\u00e9ries et une tenue maximale \u00e0 la lumi\u00e8re, \u00e0 l&rsquo;instar des chaises. Ce design durable et \u00e9l\u00e9gant est id\u00e9al pour tout espace ext\u00e9rieur. <\/span><\/span><\/p>\n<p><span style=\"color: #006eb7;\"><strong>Remarque : La table n\u00e9cessite un assemblage.<\/strong><\/span><\/p>\n","protected":false},"excerpt":{"rendered":"<p><strong><span style=\"color: #006eb7;\">Prix sans TVA inclus<\/span><\/strong><\/p>\n","protected":false},"featured_media":42459,"template":"","meta":{"_acf_changed":false},"product_brand":[],"product_cat":[775,2707,667,2262],"product_tag":[],"class_list":{"0":"post-25074","1":"product","2":"type-product","3":"status-publish","4":"has-post-thumbnail","6":"product_cat-ensembles-mobilier-exterieur","7":"product_cat-mobilier-dexterieur-pour-bateaux-de-croisiere","8":"product_cat-offres-de-mobilier-dexterieur","9":"product_cat-mobilier-de-patio-moderne","11":"first","12":"instock","13":"sale","14":"taxable","15":"shipping-taxable","16":"purchasable","17":"product-type-bundle"},"bundled_by":[],"bundle_stock_status":"instock","bundle_stock_quantity":50,"bundle_virtual":false,"bundle_layout":"default","bundle_add_to_cart_form_location":"default","bundle_editable_in_cart":false,"bundle_sold_individually_context":"product","bundle_item_grouping":"parent","bundle_min_size":"","bundle_max_size":"","bundle_price":{"price":{"min":{"incl_tax":"516","excl_tax":"426.44"},"max":{"incl_tax":"516","excl_tax":"426.44"}},"regular_price":{"min":{"incl_tax":"543.14","excl_tax":"448.88"},"max":{"incl_tax":"543.14","excl_tax":"448.88"}}},"bundled_items":[{"bundled_item_id":6,"product_id":7132,"menu_order":1,"quantity_min":1,"quantity_max":1,"quantity_default":1,"priced_individually":true,"shipped_individually":false,"override_title":false,"title":"Table \u00c1gata","override_description":true,"description":"Table \u00c1gata","optional":false,"hide_thumbnail":false,"discount":"5","override_variations":false,"allowed_variations":[""],"override_default_variation_attributes":false,"default_variation_attributes":[],"single_product_visibility":"visible","cart_visibility":"visible","order_visibility":"visible","single_product_price_visibility":"visible","cart_price_visibility":"visible","order_price_visibility":"visible","stock_status":"in_stock"},{"bundled_item_id":13,"product_id":24953,"menu_order":1,"quantity_min":1,"quantity_max":1,"quantity_default":1,"priced_individually":false,"shipped_individually":false,"override_title":false,"title":"Pack de 2 chaises Mila","override_description":false,"description":"Pack de 2 chaises Mila","optional":false,"hide_thumbnail":false,"discount":"","override_variations":false,"allowed_variations":[""],"override_default_variation_attributes":false,"default_variation_attributes":[],"single_product_visibility":"visible","cart_visibility":"visible","order_visibility":"visible","single_product_price_visibility":"visible","cart_price_visibility":"visible","order_price_visibility":"visible","stock_status":"in_stock"},{"bundled_item_id":120,"product_id":7278,"menu_order":1,"quantity_min":2,"quantity_max":2,"quantity_default":2,"priced_individually":true,"shipped_individually":false,"override_title":false,"title":"Chaise Mila","override_description":true,"description":"Chaise Mila","optional":false,"hide_thumbnail":false,"discount":"5","override_variations":false,"allowed_variations":[""],"override_default_variation_attributes":false,"default_variation_attributes":[],"single_product_visibility":"visible","cart_visibility":"visible","order_visibility":"visible","single_product_price_visibility":"visible","cart_price_visibility":"visible","order_price_visibility":"visible","stock_status":"in_stock"}],"bundle_sell_ids":[],"acf":[],"_links":{"self":[{"href":"https:\/\/www.balliuexport.com\/fr\/wp-json\/wp\/v2\/product\/25074","targetHints":{"allow":["GET"]}}],"collection":[{"href":"https:\/\/www.balliuexport.com\/fr\/wp-json\/wp\/v2\/product"}],"about":[{"href":"https:\/\/www.balliuexport.com\/fr\/wp-json\/wp\/v2\/types\/product"}],"wp:featuredmedia":[{"embeddable":true,"href":"https:\/\/www.balliuexport.com\/fr\/wp-json\/wp\/v2\/media\/42459"}],"wp:attachment":[{"href":"https:\/\/www.balliuexport.com\/fr\/wp-json\/wp\/v2\/media?parent=25074"}],"wp:term":[{"taxonomy":"product_brand","embeddable":true,"href":"https:\/\/www.balliuexport.com\/fr\/wp-json\/wp\/v2\/product_brand?post=25074"},{"taxonomy":"product_cat","embeddable":true,"href":"https:\/\/www.balliuexport.com\/fr\/wp-json\/wp\/v2\/product_cat?post=25074"},{"taxonomy":"product_tag","embeddable":true,"href":"https:\/\/www.balliuexport.com\/fr\/wp-json\/wp\/v2\/product_tag?post=25074"}],"curies":[{"name":"wp","href":"https:\/\/api.w.org\/{rel}","templated":true}]}}