{"id":36317,"date":"2024-07-30T13:01:32","date_gmt":"2024-07-30T11:01:32","guid":{"rendered":"https:\/\/www.balliuexport.com\/producto\/base-roma\/"},"modified":"2025-12-02T14:52:04","modified_gmt":"2025-12-02T13:52:04","slug":"dalles-pour-pied-de-parasol-rome","status":"publish","type":"product","link":"https:\/\/www.balliuexport.com\/fr\/produit\/dalles-pour-pied-de-parasol-rome\/","title":{"rendered":"Dalles de base Roma"},"content":{"rendered":"<p>Le socle du parasol Roma est compos\u00e9 de deux types de dalles au choix, qui sont fix\u00e9es au socle du parasol afin d&rsquo;assurer une stabilit\u00e9 optimale.<br \/>\nLes deux dalles en b\u00e9ton sont peintes et sont id\u00e9ales pour les socles transversaux afin de fournir une base solide au parasol.<br \/>\nLe prix indiqu\u00e9 correspond \u00e0 1 dalle.<br \/>\nLa dalle gaufr\u00e9e p\u00e8se 25 kg et la dalle plate p\u00e8se 30 kg.<\/p>\n","protected":false},"excerpt":{"rendered":"<p><strong><span style=\"color: #006eb7;\">Prix sans TVA inclus<\/span><\/strong><\/p>\n","protected":false},"featured_media":36305,"template":"","meta":{"_acf_changed":false},"product_brand":[],"product_cat":[3508],"product_tag":[],"class_list":{"0":"post-36317","1":"product","2":"type-product","3":"status-publish","4":"has-post-thumbnail","6":"product_cat-bases-fr","8":"first","9":"instock","10":"taxable","11":"shipping-taxable","12":"purchasable","13":"product-type-variable"},"bundled_by":[],"bundle_stock_status":"instock","bundle_stock_quantity":null,"bundle_virtual":false,"bundle_layout":"","bundle_add_to_cart_form_location":"","bundle_editable_in_cart":false,"bundle_sold_individually_context":"","bundle_item_grouping":"","bundle_min_size":"","bundle_max_size":"","bundle_price":[],"bundled_items":[],"bundle_sell_ids":[],"acf":[],"_links":{"self":[{"href":"https:\/\/www.balliuexport.com\/fr\/wp-json\/wp\/v2\/product\/36317","targetHints":{"allow":["GET"]}}],"collection":[{"href":"https:\/\/www.balliuexport.com\/fr\/wp-json\/wp\/v2\/product"}],"about":[{"href":"https:\/\/www.balliuexport.com\/fr\/wp-json\/wp\/v2\/types\/product"}],"wp:featuredmedia":[{"embeddable":true,"href":"https:\/\/www.balliuexport.com\/fr\/wp-json\/wp\/v2\/media\/36305"}],"wp:attachment":[{"href":"https:\/\/www.balliuexport.com\/fr\/wp-json\/wp\/v2\/media?parent=36317"}],"wp:term":[{"taxonomy":"product_brand","embeddable":true,"href":"https:\/\/www.balliuexport.com\/fr\/wp-json\/wp\/v2\/product_brand?post=36317"},{"taxonomy":"product_cat","embeddable":true,"href":"https:\/\/www.balliuexport.com\/fr\/wp-json\/wp\/v2\/product_cat?post=36317"},{"taxonomy":"product_tag","embeddable":true,"href":"https:\/\/www.balliuexport.com\/fr\/wp-json\/wp\/v2\/product_tag?post=36317"}],"curies":[{"name":"wp","href":"https:\/\/api.w.org\/{rel}","templated":true}]}}