{"id":39636,"date":"2024-08-13T12:36:04","date_gmt":"2024-08-13T10:36:04","guid":{"rendered":"https:\/\/www.balliuexport.com\/producto\/etna-mesa-central\/"},"modified":"2026-02-12T14:03:26","modified_gmt":"2026-02-12T13:03:26","slug":"table-central-etna","status":"publish","type":"product","link":"https:\/\/www.balliuexport.com\/fr\/produit\/table-central-etna\/","title":{"rendered":"Table centrale Etna"},"content":{"rendered":"<p><iframe style=\"width: 1000px; height: 440px; overflow: hidden; border-radius: 8px;\" src=\"https:\/\/viewer.ienhance.co\/v\/app\/6ecbb51e-405c-464f-8673-b0bb1f1f8f22\" frameborder=\"0\" allowfullscreen=\"allowfullscreen\"><span data-mce-type=\"bookmark\" style=\"display: inline-block; width: 0px; overflow: hidden; line-height: 0;\" class=\"mce_SELRES_start\"><\/span><span data-mce-type=\"bookmark\" style=\"display: inline-block; width: 0px; overflow: hidden; line-height: 0;\" class=\"mce_SELRES_start\"><\/span> <\/iframe><\/p>\n<p style=\"font-size: 16px; line-height: 1.5; font-family: Gilroy,Arial,sans-serif; margin: 5px 0; text-align: justify;\"><span style=\"color: #006eb7;\"><span style=\"color: #7a7a7a;\">La<\/span> <strong>table centrale Etna<\/strong><span style=\"color: #7a7a7a;\"> red\u00e9finit la fonctionnalit\u00e9 et le style du mobilier d&rsquo;ext\u00e9rieur. Construit avec un cadre en tube d&rsquo;aluminium l\u00e9ger et durci, il allie r\u00e9sistance et durabilit\u00e9 \u00e0 un design \u00e9l\u00e9gant et moderne. Con\u00e7ue comme le compl\u00e9ment parfait de la chaise longue Etna, cette table est non seulement pratique mais ajoute \u00e9galement une touche sophistiqu\u00e9e \u00e0 tout espace ext\u00e9rieur.  <\/span><\/span><\/p>\n<p style=\"font-size: 16px; line-height: 1.5; font-family: Gilroy,Arial,sans-serif; margin: 5px 0; text-align: justify;\"><span style=\"color: #7a7a7a;\">Disponible dans une large gamme de couleurs et avec des options de panneaux HPL de haute qualit\u00e9, il s&rsquo;adapte \u00e0 diff\u00e9rents go\u00fbts et besoins, offrant une finition r\u00e9sistante aux intemp\u00e9ries et facile \u00e0 entretenir. Id\u00e9al pour les jardins, les terrasses et les piscines, c&rsquo;est le choix parfait pour profiter du plein air avec style. <\/span><\/p>\n","protected":false},"excerpt":{"rendered":"<p><strong><span style=\"color: #006eb7;\">Prix sans TVA inclus<\/span><\/strong><\/p>\n","protected":false},"featured_media":70401,"template":"","meta":{"_acf_changed":false},"product_brand":[],"product_cat":[766,3077],"product_tag":[],"class_list":{"0":"post-39636","1":"product","2":"type-product","3":"status-publish","4":"has-post-thumbnail","6":"product_cat-tables-pour-exterieur","7":"product_cat-tables-dappoint","9":"first","10":"instock","11":"taxable","12":"shipping-taxable","13":"purchasable","14":"product-type-variable"},"bundled_by":["42220","42271"],"bundle_stock_status":"instock","bundle_stock_quantity":null,"bundle_virtual":false,"bundle_layout":"","bundle_add_to_cart_form_location":"","bundle_editable_in_cart":false,"bundle_sold_individually_context":"","bundle_item_grouping":"","bundle_min_size":"","bundle_max_size":"","bundle_price":[],"bundled_items":[],"bundle_sell_ids":[],"acf":[],"_links":{"self":[{"href":"https:\/\/www.balliuexport.com\/fr\/wp-json\/wp\/v2\/product\/39636","targetHints":{"allow":["GET"]}}],"collection":[{"href":"https:\/\/www.balliuexport.com\/fr\/wp-json\/wp\/v2\/product"}],"about":[{"href":"https:\/\/www.balliuexport.com\/fr\/wp-json\/wp\/v2\/types\/product"}],"wp:featuredmedia":[{"embeddable":true,"href":"https:\/\/www.balliuexport.com\/fr\/wp-json\/wp\/v2\/media\/70401"}],"wp:attachment":[{"href":"https:\/\/www.balliuexport.com\/fr\/wp-json\/wp\/v2\/media?parent=39636"}],"wp:term":[{"taxonomy":"product_brand","embeddable":true,"href":"https:\/\/www.balliuexport.com\/fr\/wp-json\/wp\/v2\/product_brand?post=39636"},{"taxonomy":"product_cat","embeddable":true,"href":"https:\/\/www.balliuexport.com\/fr\/wp-json\/wp\/v2\/product_cat?post=39636"},{"taxonomy":"product_tag","embeddable":true,"href":"https:\/\/www.balliuexport.com\/fr\/wp-json\/wp\/v2\/product_tag?post=39636"}],"curies":[{"name":"wp","href":"https:\/\/api.w.org\/{rel}","templated":true}]}}