{"id":41482,"date":"2024-09-04T13:04:17","date_gmt":"2024-09-04T11:04:17","guid":{"rendered":"https:\/\/www.balliuexport.com\/producto\/ensemble-de-jardin-2\/"},"modified":"2025-01-21T13:01:06","modified_gmt":"2025-01-21T12:01:06","slug":"ensemble-de-jardin-2","status":"publish","type":"product","link":"https:\/\/www.balliuexport.com\/fr\/produit\/ensemble-de-jardin-2\/","title":{"rendered":"Ensemble de jardin"},"content":{"rendered":"<p><span style=\"color: #006eb7;\">L&rsquo;ensemble de patio et de jardin allie style et durabilit\u00e9, parfait pour l&rsquo;ext\u00e9rieur. Comprend une \u00e9l\u00e9gante <strong><a style=\"color: #006eb7;\" href=\"https:\/\/www.balliuexport.com\/ca\/producto\/nora-2\/\">table Nora<\/a><\/strong> de 70 cm de diam\u00e8tre, fabriqu\u00e9e avec un cadre robuste en aluminium tremp\u00e9, une base en acier et un plateau en t\u00f4le d&rsquo;aluminium, le tout recouvert d&rsquo;une peinture en poudre de r\u00e9sine polyester, offrant une r\u00e9sistance maximale aux intemp\u00e9ries et une excellente r\u00e9sistance \u00e0 la lumi\u00e8re. <\/span><\/p>\n<p><span style=\"color: #006eb7;\">L&rsquo;ensemble est accompagn\u00e9 de deux <strong><a style=\"color: #006eb7;\" href=\"https:\/\/www.balliuexport.com\/fr\/producte\/bruna\/\">chaises Bruna<\/a><\/strong>, empilables et r\u00e9alis\u00e9es en polypropyl\u00e8ne inject\u00e9 au gaz, renforc\u00e9 de fibre de verre pour une plus grande r\u00e9sistance. Sa conception comprend un traitement anti-UV, garantissant une plus grande durabilit\u00e9 et protection. <\/span><\/p>\n<p><span style=\"color: #000000;\"><span style=\"color: #006eb7;\">Cet ensemble est l&rsquo;option id\u00e9ale pour ceux qui recherchent confort, style et fonctionnalit\u00e9 sur leur terrasse ou leur jardin.<\/span><\/span><\/p>\n","protected":false},"excerpt":{"rendered":"<p>1u. table<strong><span style=\"color: #006eb7;\"><a style=\"color: #006eb7;\" href=\"https:\/\/www.balliuexport.com\/fr\/produit\/table-en-aluminium-nora\/\"> Nora<\/a><\/span><\/strong> de 70 cm + 2u. <a href=\"https:\/\/www.balliuexport.com\/fr\/produit\/bruna\/\"><strong><span style=\"color: #006eb7;\">chaises Bruna<\/span><\/strong><\/a><\/p>\n<p><span style=\"color: #006eb7;\"><strong>Prix sans TVA inclus<\/strong><\/span><\/p>\n","protected":false},"featured_media":42467,"template":"","meta":{"_acf_changed":false},"product_brand":[],"product_cat":[775,667],"product_tag":[],"class_list":{"0":"post-41482","1":"product","2":"type-product","3":"status-publish","4":"has-post-thumbnail","6":"product_cat-ensembles-mobilier-exterieur","7":"product_cat-offres-de-mobilier-dexterieur","9":"first","10":"instock","11":"sale","12":"taxable","13":"shipping-taxable","14":"purchasable","15":"product-type-bundle"},"bundled_by":[],"bundle_stock_status":"instock","bundle_stock_quantity":"","bundle_virtual":false,"bundle_layout":"default","bundle_add_to_cart_form_location":"default","bundle_editable_in_cart":false,"bundle_sold_individually_context":"product","bundle_item_grouping":"parent","bundle_min_size":"","bundle_max_size":"","bundle_price":{"price":{"min":{"incl_tax":"347.44","excl_tax":"287.14"},"max":{"incl_tax":"347.44","excl_tax":"287.14"}},"regular_price":{"min":{"incl_tax":"365.72","excl_tax":"302.25"},"max":{"incl_tax":"365.72","excl_tax":"302.25"}}},"bundled_items":[{"bundled_item_id":111,"product_id":7312,"menu_order":0,"quantity_min":2,"quantity_max":2,"quantity_default":2,"priced_individually":true,"shipped_individually":false,"override_title":false,"title":"Chaise Bruna","override_description":true,"description":"Chaise Bruna","optional":false,"hide_thumbnail":false,"discount":"5","override_variations":false,"allowed_variations":[""],"override_default_variation_attributes":false,"default_variation_attributes":[],"single_product_visibility":"visible","cart_visibility":"visible","order_visibility":"visible","single_product_price_visibility":"visible","cart_price_visibility":"visible","order_price_visibility":"visible","stock_status":"in_stock"},{"bundled_item_id":113,"product_id":7153,"menu_order":2,"quantity_min":1,"quantity_max":1,"quantity_default":1,"priced_individually":true,"shipped_individually":false,"override_title":false,"title":"Table Nora","override_description":true,"description":"Table Nora","optional":false,"hide_thumbnail":false,"discount":"5","override_variations":false,"allowed_variations":[""],"override_default_variation_attributes":false,"default_variation_attributes":[],"single_product_visibility":"visible","cart_visibility":"visible","order_visibility":"visible","single_product_price_visibility":"visible","cart_price_visibility":"visible","order_price_visibility":"visible","stock_status":"in_stock"}],"bundle_sell_ids":[],"acf":[],"_links":{"self":[{"href":"https:\/\/www.balliuexport.com\/fr\/wp-json\/wp\/v2\/product\/41482","targetHints":{"allow":["GET"]}}],"collection":[{"href":"https:\/\/www.balliuexport.com\/fr\/wp-json\/wp\/v2\/product"}],"about":[{"href":"https:\/\/www.balliuexport.com\/fr\/wp-json\/wp\/v2\/types\/product"}],"wp:featuredmedia":[{"embeddable":true,"href":"https:\/\/www.balliuexport.com\/fr\/wp-json\/wp\/v2\/media\/42467"}],"wp:attachment":[{"href":"https:\/\/www.balliuexport.com\/fr\/wp-json\/wp\/v2\/media?parent=41482"}],"wp:term":[{"taxonomy":"product_brand","embeddable":true,"href":"https:\/\/www.balliuexport.com\/fr\/wp-json\/wp\/v2\/product_brand?post=41482"},{"taxonomy":"product_cat","embeddable":true,"href":"https:\/\/www.balliuexport.com\/fr\/wp-json\/wp\/v2\/product_cat?post=41482"},{"taxonomy":"product_tag","embeddable":true,"href":"https:\/\/www.balliuexport.com\/fr\/wp-json\/wp\/v2\/product_tag?post=41482"}],"curies":[{"name":"wp","href":"https:\/\/api.w.org\/{rel}","templated":true}]}}