{"id":42220,"date":"2024-09-23T09:36:10","date_gmt":"2024-09-23T07:36:10","guid":{"rendered":"https:\/\/www.balliuexport.com\/producto\/ensemble-etna\/"},"modified":"2026-02-04T15:14:47","modified_gmt":"2026-02-04T14:14:47","slug":"ensemble-pour-exterieur-etna","status":"publish","type":"product","link":"https:\/\/www.balliuexport.com\/fr\/produit\/ensemble-pour-exterieur-etna\/","title":{"rendered":"Ensemble Etna (canap\u00e9 double)"},"content":{"rendered":"<p><span style=\"color: #006eb7;\"><span style=\"color: #7a7a7a;\">Transformez votre espace ext\u00e9rieur en une oasis de sophistication avec l&rsquo; exclusif<\/span><strong> ensemble Etna<\/strong>. <span style=\"color: #7a7a7a;\">Cet ensemble comprend une \u00e9l\u00e9gante<\/span><a style=\"color: #006eb7;\" href=\"https:\/\/www.balliuexport.com\/fr\/produit\/table-central-etna\/\"> table basse Etna<\/a><span style=\"color: #7a7a7a;\">, un spacieux<\/span><a style=\"color: #006eb7;\" href=\"https:\/\/www.balliuexport.com\/fr\/producto\/etna-3\/\"> canap\u00e9 double Etna<\/a><span style=\"color: #7a7a7a;\"> et deux accueillants<\/span> <a style=\"color: #006eb7;\" href=\"https:\/\/www.balliuexport.com\/fr\/producto\/etna-sofa-individual\/\">canap\u00e9s simples Etna<\/a>, <span style=\"color: #7a7a7a;\">tous con\u00e7us pour allier style, confort et durabilit\u00e9.<\/span><\/span><\/p>\n<p><span style=\"color: #006eb7;\"><span style=\"color: #7a7a7a;\">La<\/span><strong> table centrale Etna<\/strong><span style=\"color: #7a7a7a;\"> se distingue par sa l\u00e9g\u00e8ret\u00e9 et sa polyvalence. R\u00e9alis\u00e9e avec une structure robuste en aluminium tremp\u00e9, elle est disponible en diff\u00e9rentes couleurs et avec des plateaux en HPL qui apportent une touche moderne et raffin\u00e9e \u00e0 n&rsquo;importe quel environnement ext\u00e9rieur.<\/span><\/span><\/p>\n<p><span style=\"color: #006eb7;\"><span style=\"color: #7a7a7a;\">Les<\/span><strong> canap\u00e9s<\/strong><strong> Etna<\/strong>,<span style=\"color: #7a7a7a;\"> les canap\u00e9s doubles et simples sont con\u00e7us pour r\u00e9sister aux intemp\u00e9ries gr\u00e2ce \u00e0 leur structure robuste en aluminium et leur int\u00e9rieur en mousse haute densit\u00e9 recouvert de tissu acrylique, con\u00e7u pour offrir un confort exceptionnel. De plus, vous pouvez personnaliser les canap\u00e9s gr\u00e2ce \u00e0 une grande vari\u00e9t\u00e9 de tissus pour les adapter \u00e0 votre style unique. <\/span><\/span><\/p>\n<p><span style=\"color: #006eb7;\"><span style=\"color: #7a7a7a;\">Cet ensemble allie design contemporain et fonctionnalit\u00e9, id\u00e9al pour cr\u00e9er une atmosph\u00e8re d\u00e9tendue et sophistiqu\u00e9e sur votre terrasse, jardin ou patio. Faites du l&rsquo; <\/span> <strong>Etna ensemble<\/strong><span style=\"color: #7a7a7a;\"> le c\u0153ur de vos rassemblements en plein air et profitez de chaque instant avec style !<\/span><\/span><\/p>\n<p>&nbsp;<\/p>\n","protected":false},"excerpt":{"rendered":"<p>Transformez votre espace ext\u00e9rieur en une oasis de sophistication avec l&rsquo; exclusif ensemble Etna. Cet ensemble comprend une \u00e9l\u00e9gante table basse Etna, un spacieux canap\u00e9 double Etna et deux accueillants canap\u00e9s simples Etna, tous con\u00e7us pour allier style, confort et durabilit\u00e9. La table centrale Etna se distingue par sa l\u00e9g\u00e8ret\u00e9 et sa polyvalence. R\u00e9alis\u00e9e avec une structure robuste en aluminium\u2026<\/p>\n","protected":false},"featured_media":68973,"template":"","meta":{"_acf_changed":false},"product_brand":[],"product_cat":[775,667],"product_tag":[],"class_list":{"0":"post-42220","1":"product","2":"type-product","3":"status-publish","4":"has-post-thumbnail","6":"product_cat-ensembles-mobilier-exterieur","7":"product_cat-offres-de-mobilier-dexterieur","9":"first","10":"instock","11":"sale","12":"taxable","13":"shipping-taxable","14":"purchasable","15":"product-type-bundle"},"bundled_by":[],"bundle_stock_status":"instock","bundle_stock_quantity":"","bundle_virtual":false,"bundle_layout":"default","bundle_add_to_cart_form_location":"default","bundle_editable_in_cart":false,"bundle_sold_individually_context":"product","bundle_item_grouping":"parent","bundle_min_size":"","bundle_max_size":"","bundle_price":{"price":{"min":{"incl_tax":"2724.48","excl_tax":"2251.63"},"max":{"incl_tax":"","excl_tax":""}},"regular_price":{"min":{"incl_tax":"2867.87","excl_tax":"2370.14"},"max":{"incl_tax":"","excl_tax":""}}},"bundled_items":[{"bundled_item_id":26,"product_id":39636,"menu_order":0,"quantity_min":1,"quantity_max":"","quantity_default":1,"priced_individually":true,"shipped_individually":false,"override_title":false,"title":"Table centrale Etna","override_description":true,"description":"Table centrale Etna","optional":false,"hide_thumbnail":false,"discount":"5","override_variations":false,"allowed_variations":[""],"override_default_variation_attributes":false,"default_variation_attributes":[],"single_product_visibility":"visible","cart_visibility":"visible","order_visibility":"visible","single_product_price_visibility":"visible","cart_price_visibility":"visible","order_price_visibility":"visible","stock_status":"in_stock"},{"bundled_item_id":27,"product_id":6618,"menu_order":1,"quantity_min":2,"quantity_max":2,"quantity_default":2,"priced_individually":true,"shipped_individually":false,"override_title":false,"title":"Canap\u00e9 Etna","override_description":true,"description":"Canap\u00e9 Etna","optional":false,"hide_thumbnail":false,"discount":"5","override_variations":true,"allowed_variations":[41330,41331,41332,41333,41334,41335,41324,41325,41326,41327,41328,41329,50044,50045,50046,50047,50048,50049],"override_default_variation_attributes":false,"default_variation_attributes":[],"single_product_visibility":"visible","cart_visibility":"visible","order_visibility":"visible","single_product_price_visibility":"visible","cart_price_visibility":"visible","order_price_visibility":"visible","stock_status":"in_stock"},{"bundled_item_id":173,"product_id":6618,"menu_order":3,"quantity_min":1,"quantity_max":1,"quantity_default":1,"priced_individually":true,"shipped_individually":false,"override_title":false,"title":"Canap\u00e9 Etna","override_description":true,"description":"Canap\u00e9 Etna","optional":false,"hide_thumbnail":false,"discount":"5","override_variations":true,"allowed_variations":[66785,66782,66779,66776,66773,66770,66809,66806,66803,66800,66797,66794,66761,66758,66755,66752,66749,66746],"override_default_variation_attributes":false,"default_variation_attributes":[],"single_product_visibility":"visible","cart_visibility":"visible","order_visibility":"visible","single_product_price_visibility":"visible","cart_price_visibility":"visible","order_price_visibility":"visible","stock_status":"in_stock"}],"bundle_sell_ids":[],"acf":[],"_links":{"self":[{"href":"https:\/\/www.balliuexport.com\/fr\/wp-json\/wp\/v2\/product\/42220","targetHints":{"allow":["GET"]}}],"collection":[{"href":"https:\/\/www.balliuexport.com\/fr\/wp-json\/wp\/v2\/product"}],"about":[{"href":"https:\/\/www.balliuexport.com\/fr\/wp-json\/wp\/v2\/types\/product"}],"wp:featuredmedia":[{"embeddable":true,"href":"https:\/\/www.balliuexport.com\/fr\/wp-json\/wp\/v2\/media\/68973"}],"wp:attachment":[{"href":"https:\/\/www.balliuexport.com\/fr\/wp-json\/wp\/v2\/media?parent=42220"}],"wp:term":[{"taxonomy":"product_brand","embeddable":true,"href":"https:\/\/www.balliuexport.com\/fr\/wp-json\/wp\/v2\/product_brand?post=42220"},{"taxonomy":"product_cat","embeddable":true,"href":"https:\/\/www.balliuexport.com\/fr\/wp-json\/wp\/v2\/product_cat?post=42220"},{"taxonomy":"product_tag","embeddable":true,"href":"https:\/\/www.balliuexport.com\/fr\/wp-json\/wp\/v2\/product_tag?post=42220"}],"curies":[{"name":"wp","href":"https:\/\/api.w.org\/{rel}","templated":true}]}}