{"id":42271,"date":"2024-09-23T11:20:46","date_gmt":"2024-09-23T09:20:46","guid":{"rendered":"https:\/\/www.balliuexport.com\/producto\/etna-set-canape-triple\/"},"modified":"2026-02-04T15:16:43","modified_gmt":"2026-02-04T14:16:43","slug":"ensemble-pour-exterieur-canape-etna","status":"publish","type":"product","link":"https:\/\/www.balliuexport.com\/fr\/produit\/ensemble-pour-exterieur-canape-etna\/","title":{"rendered":"Etna Set (canap\u00e9 triple)"},"content":{"rendered":"<p><span style=\"color: #7a7a7a;\">Transformez votre espace ext\u00e9rieur en une oasis de sophistication avec l<span style=\"color: #006eb7;\"><strong>\u2018ensemble exclusif Etna.<\/strong><\/span> Cet ensemble comprend une \u00e9l\u00e9gante<span style=\"color: #006eb7;\"><a style=\"color: #006eb7;\" href=\"https:\/\/www.balliuexport.com\/fr\/produit\/table-central-etna\/\"><strong> table basse Etna<\/strong><\/a><\/span>, un spacieux <span style=\"color: #006eb7;\"><strong>canap\u00e9 triple Etna<\/strong><\/span> et deux <a style=\"color: #7a7a7a;\" href=\"https:\/\/www.balliuexport.com\/fr\/producto\/etna-sofa-individual\/\"><span style=\"color: #006eb7;\"><strong>canap\u00e9s simples Etna<\/strong><\/span><\/a> confortables, tous con\u00e7us pour offrir style, confort et durabilit\u00e9.<\/span><\/p>\n<p><span style=\"color: #006eb7;\"><span style=\"color: #7a7a7a;\">La<\/span> <strong>table centrale Etna<\/strong> <span style=\"color: #7a7a7a;\">se distingue par sa l\u00e9g\u00e8ret\u00e9 et sa polyvalence. R\u00e9alis\u00e9e avec une structure robuste en aluminium tremp\u00e9, elle est disponible en diff\u00e9rentes couleurs et avec des plateaux en HPL qui apportent une touche moderne et raffin\u00e9e \u00e0 n\u2019importe quel environnement ext\u00e9rieur.<\/span><\/span><\/p>\n<p><span style=\"color: #006eb7;\"><span style=\"color: #7a7a7a;\">Les<\/span> <strong>canap\u00e9s<\/strong> <strong>Etna<\/strong><span style=\"color: #7a7a7a;\">nos canap\u00e9s, qu\u2019ils soient simples ou doubles, sont con\u00e7us pour r\u00e9sister aux intemp\u00e9ries gr\u00e2ce \u00e0 leur structure robuste en aluminium et \u00e0 leur int\u00e9rieur en mousse haute densit\u00e9 recouvert de tissu acrylique, pour un confort exceptionnel. De plus, vous pouvez personnaliser les canap\u00e9s gr\u00e2ce \u00e0 une grande vari\u00e9t\u00e9 de tissus pour les adapter \u00e0 votre style unique. <\/span><\/span><\/p>\n<p><span style=\"color: #006eb7;\"><span style=\"color: #7a7a7a;\">Cet ensemble allie design contemporain et fonctionnalit\u00e9, id\u00e9al pour cr\u00e9er une atmosph\u00e8re d\u00e9tendue et sophistiqu\u00e9e sur votre terrasse, jardin ou patio. Faites du l\u2019 <\/span> <strong>Ensemble Etna<\/strong><span style=\"color: #7a7a7a;\">, le c\u0153ur de vos rassemblements en plein air et profitez de chaque instant avec style !<\/span><\/span><\/p>\n","protected":false},"excerpt":{"rendered":"<p>Transformez votre espace ext\u00e9rieur en une oasis de sophistication avec l\u2018ensemble exclusif Etna. Cet ensemble comprend une \u00e9l\u00e9gante table basse Etna, un spacieux canap\u00e9 triple Etna et deux canap\u00e9s simples Etna confortables, tous con\u00e7us pour offrir style, confort et durabilit\u00e9. La table centrale Etna se distingue par sa l\u00e9g\u00e8ret\u00e9 et sa polyvalence. R\u00e9alis\u00e9e avec une structure robuste en aluminium tremp\u00e9,\u2026<\/p>\n","protected":false},"featured_media":68969,"template":"","meta":{"_acf_changed":false},"product_brand":[],"product_cat":[775,667],"product_tag":[],"class_list":{"0":"post-42271","1":"product","2":"type-product","3":"status-publish","4":"has-post-thumbnail","6":"product_cat-ensembles-mobilier-exterieur","7":"product_cat-offres-de-mobilier-dexterieur","9":"first","10":"instock","11":"sale","12":"taxable","13":"shipping-taxable","14":"purchasable","15":"product-type-bundle"},"bundled_by":[],"bundle_stock_status":"instock","bundle_stock_quantity":"","bundle_virtual":false,"bundle_layout":"default","bundle_add_to_cart_form_location":"default","bundle_editable_in_cart":false,"bundle_sold_individually_context":"product","bundle_item_grouping":"parent","bundle_min_size":"","bundle_max_size":"","bundle_price":{"price":{"min":{"incl_tax":"3123.71","excl_tax":"2581.58"},"max":{"incl_tax":"","excl_tax":""}},"regular_price":{"min":{"incl_tax":"3288.11","excl_tax":"2717.45"},"max":{"incl_tax":"","excl_tax":""}}},"bundled_items":[{"bundled_item_id":66,"product_id":39636,"menu_order":0,"quantity_min":1,"quantity_max":"","quantity_default":1,"priced_individually":true,"shipped_individually":false,"override_title":false,"title":"Table centrale Etna","override_description":true,"description":"Table centrale Etna","optional":false,"hide_thumbnail":false,"discount":"5","override_variations":false,"allowed_variations":[50005],"override_default_variation_attributes":false,"default_variation_attributes":[],"single_product_visibility":"visible","cart_visibility":"visible","order_visibility":"visible","single_product_price_visibility":"visible","cart_price_visibility":"visible","order_price_visibility":"visible","stock_status":"in_stock"},{"bundled_item_id":67,"product_id":6618,"menu_order":1,"quantity_min":2,"quantity_max":2,"quantity_default":2,"priced_individually":true,"shipped_individually":false,"override_title":false,"title":"Canap\u00e9 Etna","override_description":true,"description":"Canap\u00e9 Etna","optional":false,"hide_thumbnail":false,"discount":"5","override_variations":true,"allowed_variations":[41330,41331,41332,41333,41334,41335,41324,41325,41326,41327,41328,41329,50044,50045,50046,50047,50048,50049],"override_default_variation_attributes":false,"default_variation_attributes":[],"single_product_visibility":"visible","cart_visibility":"visible","order_visibility":"visible","single_product_price_visibility":"visible","cart_price_visibility":"visible","order_price_visibility":"visible","stock_status":"in_stock"},{"bundled_item_id":169,"product_id":6618,"menu_order":3,"quantity_min":1,"quantity_max":1,"quantity_default":1,"priced_individually":true,"shipped_individually":false,"override_title":false,"title":"Canap\u00e9 Etna","override_description":true,"description":"Canap\u00e9 Etna","optional":false,"hide_thumbnail":false,"discount":"5","override_variations":true,"allowed_variations":[66857,66854,66851,66848,66845,66842,66881,66878,66875,66872,66869,66866,66833,66830,66827,66824,66821,66818],"override_default_variation_attributes":false,"default_variation_attributes":[],"single_product_visibility":"visible","cart_visibility":"visible","order_visibility":"visible","single_product_price_visibility":"visible","cart_price_visibility":"visible","order_price_visibility":"visible","stock_status":"in_stock"}],"bundle_sell_ids":[],"acf":[],"_links":{"self":[{"href":"https:\/\/www.balliuexport.com\/fr\/wp-json\/wp\/v2\/product\/42271","targetHints":{"allow":["GET"]}}],"collection":[{"href":"https:\/\/www.balliuexport.com\/fr\/wp-json\/wp\/v2\/product"}],"about":[{"href":"https:\/\/www.balliuexport.com\/fr\/wp-json\/wp\/v2\/types\/product"}],"wp:featuredmedia":[{"embeddable":true,"href":"https:\/\/www.balliuexport.com\/fr\/wp-json\/wp\/v2\/media\/68969"}],"wp:attachment":[{"href":"https:\/\/www.balliuexport.com\/fr\/wp-json\/wp\/v2\/media?parent=42271"}],"wp:term":[{"taxonomy":"product_brand","embeddable":true,"href":"https:\/\/www.balliuexport.com\/fr\/wp-json\/wp\/v2\/product_brand?post=42271"},{"taxonomy":"product_cat","embeddable":true,"href":"https:\/\/www.balliuexport.com\/fr\/wp-json\/wp\/v2\/product_cat?post=42271"},{"taxonomy":"product_tag","embeddable":true,"href":"https:\/\/www.balliuexport.com\/fr\/wp-json\/wp\/v2\/product_tag?post=42271"}],"curies":[{"name":"wp","href":"https:\/\/api.w.org\/{rel}","templated":true}]}}