{"id":43030,"date":"2024-10-24T11:50:06","date_gmt":"2024-10-24T09:50:06","guid":{"rendered":"https:\/\/www.balliuexport.com\/producto\/matelas-dry-feel\/"},"modified":"2025-12-03T15:02:34","modified_gmt":"2025-12-03T14:02:34","slug":"matelas-pour-transat","status":"publish","type":"product","link":"https:\/\/www.balliuexport.com\/fr\/produit\/matelas-pour-transat\/","title":{"rendered":"Matelas Dry Feel"},"content":{"rendered":"<p style=\"font-family: Gilroy, Arial, sans-serif; font-size: 17.5px; line-height: 1.5; margin: 5px 0; text-align: justify;\"><span style=\"color: #006eb7;\"><span style=\"color: #7a7a7a;\">Optimisez votre d\u00e9tente en plein air avec notre matelas Dry Feel, con\u00e7u pour porter le confort de vos chaises longues au niveau sup\u00e9rieur. Disponible en tissu <\/span> <strong>Balliu <\/strong><span style=\"color: #7a7a7a;\">de haute qualit\u00e9 <\/span><span style=\"color: #7a7a7a;\">garantit une durabilit\u00e9 \u00e0 long terme et un confort exceptionnel.<\/span><\/span><\/p>\n<p style=\"font-family: Gilroy, Arial, sans-serif; font-size: 17.5px; line-height: 1.5; margin: 5px 0; text-align: justify;\"><span style=\"color: #006eb7;\"><span style=\"color: #7a7a7a;\">Le<\/span> <strong>rembourrage Dry Feel haute densit\u00e9<\/strong> <span style=\"color: #7a7a7a;\">Il s&rsquo;adapte parfaitement \u00e0 votre corps gr\u00e2ce au tissu Balliu, qui offre un soutien ferme et une sensation de douceur id\u00e9ale pour des heures de d\u00e9tente. Gr\u00e2ce \u00e0 son syst\u00e8me de crochets facile \u00e0 utiliser, le tapis est solidement fix\u00e9, pour une installation rapide et sans tracas. <\/span><\/span><\/p>\n<p style=\"font-family: Gilroy, Arial, sans-serif; font-size: 17.5px; line-height: 1.5; margin: 5px 0; text-align: justify;\"><span style=\"color: #006eb7;\"><span style=\"color: #7a7a7a;\">Un accessoire essentiel qui am\u00e9liore non seulement le confort mais aussi le style de vos espaces ext\u00e9rieurs, en cr\u00e9ant une atmosph\u00e8re de d\u00e9tente in\u00e9gal\u00e9e pour les<\/span> <strong>h\u00f4tels, les jardins, les terrasses<\/strong> <span style=\"color: #7a7a7a;\">ou tout autre espace destin\u00e9 \u00e0 la d\u00e9tente en plein air.<\/span> <\/span><\/p>\n<p>&nbsp;<\/p>\n","protected":false},"excerpt":{"rendered":"<p>Optimisez votre d\u00e9tente en plein air avec notre matelas Dry Feel, con\u00e7u pour porter le confort de vos chaises longues au niveau sup\u00e9rieur. Disponible en tissu Balliu de haute qualit\u00e9 garantit une durabilit\u00e9 \u00e0 long terme et un confort exceptionnel. Le rembourrage Dry Feel haute densit\u00e9 Il s&rsquo;adapte parfaitement \u00e0 votre corps gr\u00e2ce au tissu Balliu, qui offre un soutien\u2026<\/p>\n","protected":false},"featured_media":15758,"template":"","meta":{"_acf_changed":false},"product_brand":[],"product_cat":[838],"product_tag":[],"class_list":{"0":"post-43030","1":"product","2":"type-product","3":"status-publish","4":"has-post-thumbnail","6":"product_cat-accessoires-pour-mobilier-exterieur","8":"first","9":"instock","10":"taxable","11":"shipping-taxable","12":"purchasable","13":"product-type-variable"},"bundled_by":[],"bundle_stock_status":"instock","bundle_stock_quantity":null,"bundle_virtual":false,"bundle_layout":"","bundle_add_to_cart_form_location":"","bundle_editable_in_cart":false,"bundle_sold_individually_context":"","bundle_item_grouping":"","bundle_min_size":"","bundle_max_size":"","bundle_price":[],"bundled_items":[],"bundle_sell_ids":[],"acf":[],"_links":{"self":[{"href":"https:\/\/www.balliuexport.com\/fr\/wp-json\/wp\/v2\/product\/43030","targetHints":{"allow":["GET"]}}],"collection":[{"href":"https:\/\/www.balliuexport.com\/fr\/wp-json\/wp\/v2\/product"}],"about":[{"href":"https:\/\/www.balliuexport.com\/fr\/wp-json\/wp\/v2\/types\/product"}],"wp:featuredmedia":[{"embeddable":true,"href":"https:\/\/www.balliuexport.com\/fr\/wp-json\/wp\/v2\/media\/15758"}],"wp:attachment":[{"href":"https:\/\/www.balliuexport.com\/fr\/wp-json\/wp\/v2\/media?parent=43030"}],"wp:term":[{"taxonomy":"product_brand","embeddable":true,"href":"https:\/\/www.balliuexport.com\/fr\/wp-json\/wp\/v2\/product_brand?post=43030"},{"taxonomy":"product_cat","embeddable":true,"href":"https:\/\/www.balliuexport.com\/fr\/wp-json\/wp\/v2\/product_cat?post=43030"},{"taxonomy":"product_tag","embeddable":true,"href":"https:\/\/www.balliuexport.com\/fr\/wp-json\/wp\/v2\/product_tag?post=43030"}],"curies":[{"name":"wp","href":"https:\/\/api.w.org\/{rel}","templated":true}]}}