{"id":43637,"date":"2024-11-04T12:39:20","date_gmt":"2024-11-04T11:39:20","guid":{"rendered":"https:\/\/www.balliuexport.com\/producto\/chaise-haute-etna\/"},"modified":"2025-11-26T11:18:20","modified_gmt":"2025-11-26T10:18:20","slug":"chaise-haute-etna","status":"publish","type":"product","link":"https:\/\/www.balliuexport.com\/fr\/produit\/chaise-haute-etna\/","title":{"rendered":"Chaise haute Etna"},"content":{"rendered":"<p style=\"font-family: Gilroy, Arial, sans-serif; font-size: 17.5px; line-height: 1.5; margin: 5px 0; text-align: justify;\"><span style=\"color: #006eb7;\"><span style=\"color: #7a7a7a;\">La <\/span><strong>chaise haute Etna<\/strong><span style=\"color: #7a7a7a;\"> est bien plus qu&rsquo;un simple meuble, c&rsquo;est la combinaison parfaite d&rsquo;un<\/span><strong> style sophistiqu\u00e9<\/strong> <span style=\"color: #7a7a7a;\">et <\/span><strong>d&rsquo;une solidit\u00e9 \u00e0 toute \u00e9preuve<\/strong><span style=\"color: #7a7a7a;\">. Avec sa structure en aluminium tremp\u00e9 et sa quincaillerie en acier inoxydable, elle est con\u00e7ue pour r\u00e9sister aux rigueurs de l&rsquo;ext\u00e9rieur sans perdre son \u00e9l\u00e9gance.<\/span><\/span><\/p>\n<p style=\"font-family: Gilroy, Arial, sans-serif; font-size: 17.5px; line-height: 1.5; margin: 5px 0; text-align: justify;\"><span style=\"color: #006eb7;\"><span style=\"color: #7a7a7a;\">Le dossier haut offre non seulement un soutien optimal, mais ajoute \u00e9galement un air de<\/span> <strong>distinction et de confort.<\/strong><span style=\"color: #7a7a7a;\">, ce qui en fait un choix id\u00e9al pour les environnements recherchant une touche de modernit\u00e9 et de classe. Sa conception empilable le rend facile \u00e0 ranger, ce qui le rend parfait pour les espaces dynamiques et en constante \u00e9volution. <\/span><\/span><\/p>\n<p style=\"font-family: Gilroy, Arial, sans-serif; font-size: 17.5px; line-height: 1.5; margin: 5px 0; text-align: justify;\"><span style=\"color: #006eb7;\"><span style=\"color: #7a7a7a;\">Le<\/span><strong> tissu rempla\u00e7able<\/strong><span style=\"color: #7a7a7a;\"> offre une option d&rsquo;entretien facile pour qu&rsquo;il reste comme neuf, et vous pouvez le rendre encore plus unique en le<\/span> <strong>personnalisant avec votre logo<\/strong><span style=\"color: #7a7a7a;\">, ajoutant une touche distinctive qui refl\u00e8te l&rsquo;identit\u00e9 de votre marque ou de votre \u00e9tablissement.<\/span><\/span><\/p>\n<p style=\"font-family: Gilroy, Arial, sans-serif; font-size: 17.5px; line-height: 1.5; margin: 5px 0; text-align: justify;\"><span style=\"color: #006eb7;\"><span style=\"color: #7a7a7a;\">Con\u00e7ue pour r\u00e9sister aux conditions ext\u00e9rieures tout en conservant sa fonctionnalit\u00e9 et son esth\u00e9tique, la chaise haute Etna est le choix id\u00e9al pour les<\/span> <strong>h\u00f4tels, les restaurants, les terrasses<\/strong><span style=\"color: #7a7a7a;\"> ou tout autre espace qui doit allier confort, durabilit\u00e9 et design contemporain.<\/span><\/span><\/p>\n","protected":false},"excerpt":{"rendered":"<p>La chaise haute Etna est bien plus qu&rsquo;un simple meuble, c&rsquo;est la combinaison parfaite d&rsquo;un style sophistiqu\u00e9 et d&rsquo;une solidit\u00e9 \u00e0 toute \u00e9preuve. Avec sa structure en aluminium tremp\u00e9 et sa quincaillerie en acier inoxydable, elle est con\u00e7ue pour r\u00e9sister aux rigueurs de l&rsquo;ext\u00e9rieur sans perdre son \u00e9l\u00e9gance. Le dossier haut offre non seulement un soutien optimal, mais ajoute \u00e9galement\u2026<\/p>\n","protected":false},"featured_media":47342,"template":"","meta":{"_acf_changed":false},"product_brand":[],"product_cat":[777,2226],"product_tag":[],"class_list":{"0":"post-43637","1":"product","2":"type-product","3":"status-publish","4":"has-post-thumbnail","6":"product_cat-chaises","7":"product_cat-chaises-dexterieur-pour-restaurants","9":"first","10":"instock","11":"taxable","12":"shipping-taxable","13":"purchasable","14":"product-type-variable"},"bundled_by":[],"bundle_stock_status":"instock","bundle_stock_quantity":null,"bundle_virtual":false,"bundle_layout":"","bundle_add_to_cart_form_location":"","bundle_editable_in_cart":false,"bundle_sold_individually_context":"","bundle_item_grouping":"","bundle_min_size":"","bundle_max_size":"","bundle_price":[],"bundled_items":[],"bundle_sell_ids":[],"acf":[],"_links":{"self":[{"href":"https:\/\/www.balliuexport.com\/fr\/wp-json\/wp\/v2\/product\/43637","targetHints":{"allow":["GET"]}}],"collection":[{"href":"https:\/\/www.balliuexport.com\/fr\/wp-json\/wp\/v2\/product"}],"about":[{"href":"https:\/\/www.balliuexport.com\/fr\/wp-json\/wp\/v2\/types\/product"}],"wp:featuredmedia":[{"embeddable":true,"href":"https:\/\/www.balliuexport.com\/fr\/wp-json\/wp\/v2\/media\/47342"}],"wp:attachment":[{"href":"https:\/\/www.balliuexport.com\/fr\/wp-json\/wp\/v2\/media?parent=43637"}],"wp:term":[{"taxonomy":"product_brand","embeddable":true,"href":"https:\/\/www.balliuexport.com\/fr\/wp-json\/wp\/v2\/product_brand?post=43637"},{"taxonomy":"product_cat","embeddable":true,"href":"https:\/\/www.balliuexport.com\/fr\/wp-json\/wp\/v2\/product_cat?post=43637"},{"taxonomy":"product_tag","embeddable":true,"href":"https:\/\/www.balliuexport.com\/fr\/wp-json\/wp\/v2\/product_tag?post=43637"}],"curies":[{"name":"wp","href":"https:\/\/api.w.org\/{rel}","templated":true}]}}