{"id":45248,"date":"2024-11-07T11:27:21","date_gmt":"2024-11-07T10:27:21","guid":{"rendered":"https:\/\/www.balliuexport.com\/producto\/pare-soleil-pamela-sans-jupe\/"},"modified":"2026-01-26T10:46:56","modified_gmt":"2026-01-26T09:46:56","slug":"parasol-pamela-tissu-balliu","status":"publish","type":"product","link":"https:\/\/www.balliuexport.com\/fr\/produit\/parasol-pamela-tissu-balliu\/","title":{"rendered":"Parasol Pamela tissu Balliu"},"content":{"rendered":"<p><iframe style=\"width: 1000px; height: 440px; overflow: hidden; border-radius: 8px;\" src=\"https:\/\/viewer.ienhance.co\/v\/app\/cbc6b015-b538-4dd3-89a6-e1495a178af3\" frameborder=\"0\" allowfullscreen=\"allowfullscreen\"><span data-mce-type=\"bookmark\" style=\"display: inline-block; width: 0px; overflow: hidden; line-height: 0;\" class=\"mce_SELRES_start\"><\/span><span data-mce-type=\"bookmark\" style=\"display: inline-block; width: 0px; overflow: hidden; line-height: 0;\" class=\"mce_SELRES_start\"><\/span> <\/iframe><\/p>\n<div style=\"font-family: Gilroy, Arial, sans-serif; font-size: 17.5px; line-height: 1.5; color: #00000; margin: 0; padding: 0;\">\n<p style=\"margin: 5px 0;\"><span style=\"color: #7a7a7a;\">Le parasol Pamela est con\u00e7u pour offrir<\/span> <strong><span style=\"color: #006eb7;\">une r\u00e9sistance maximale<\/span><\/strong> <span style=\"color: #7a7a7a;\">et r\u00e9pondre aux normes les plus exigeantes pour un usage professionnel et priv\u00e9. Il est disponible en version avec ou sans jupe.<\/span><br \/>\n<span style=\"color: #7a7a7a;\">Id\u00e9al pour les h\u00f4tels, les jardins et les espaces communs, ce parasol allie<\/span> <strong><span style=\"color: #006eb7;\">durabilit\u00e9, fonctionnalit\u00e9 et style,<\/span><\/strong> <span style=\"color: #7a7a7a;\">ce qui en fait le choix parfait pour les environnements ext\u00e9rieurs qui n\u00e9cessitent protection et \u00e9l\u00e9gance.<\/span><\/p>\n<p style=\"margin: 5px 0;\"><span style=\"color: #7a7a7a;\">Sa structure robuste comprend un ch\u00e2ssis en acier inoxydable et un m\u00e2t central r\u00e9glable en hauteur, ce qui permet de s&rsquo;adapter facilement \u00e0 diff\u00e9rents besoins. De plus, les 8 tiges en fibre de verre de 9 mm d&rsquo;\u00e9paisseur offrent flexibilit\u00e9 et r\u00e9sistance m\u00eame dans des conditions m\u00e9t\u00e9orologiques difficiles. Pour plus de s\u00e9curit\u00e9, il int\u00e8gre une valve d&rsquo;\u00e9chappement qui lib\u00e8re l&rsquo;air accumul\u00e9 et prot\u00e8ge le parasol des rafales de vent inattendues. <\/span><\/p>\n<p style=\"margin: 5px 0;\"><span style=\"color: #7a7a7a;\">Disponible en<\/span><span style=\"color: #006eb7;\"><strong> tissu Balliu<\/strong><\/span><span style=\"color: #006eb7;\">,<\/span> <span style=\"color: #7a7a7a;\">offrant des options adapt\u00e9es \u00e0 diff\u00e9rentes pr\u00e9f\u00e9rences esth\u00e9tiques et fonctionnelles. Ce mod\u00e8le comprend deux types d&#8217;embouts pour s&rsquo;adapter \u00e0 diff\u00e9rents environnements : <\/span><\/p>\n<ul style=\"margin: 5px 20px; padding: 0;\">\n<li style=\"margin: 3px 0;\"><strong><span style=\"color: #006eb7;\">Pointe plat :<\/span><\/strong> <span style=\"color: #7a7a7a;\">Con\u00e7u pour une utilisation sur la plage uniquement, non compatible avec la base.<\/span><\/li>\n<li style=\"margin: 3px 0;\"><strong><span style=\"color: #006eb7;\">Pointe conique <\/span><\/strong>: <span style=\"color: #7a7a7a;\">Con\u00e7ue pour \u00eatre utilis\u00e9e exclusivement avec la<\/span> <strong><a style=\"color: #006eb7; text-decoration: underline;\" href=\"https:\/\/www.balliuexport.com\/fr\/produit\/base-en-beton-pour-parasol\/\">base Balliu,<\/a><\/strong><span style=\"color: #7a7a7a;\"> id\u00e9ale pour les terrasses, les jardins et les zones pav\u00e9es.<\/span><\/li>\n<\/ul>\n<p style=\"margin: 5px 0;\"><span style=\"color: #7a7a7a;\">Le parasol Pamela allie fiabilit\u00e9, design professionnel et polyvalence, garantissant des performances exceptionnelles dans n&rsquo;importe quel environnement ext\u00e9rieur.<\/span><\/p>\n<\/div>\n","protected":false},"excerpt":{"rendered":"<p>Le parasol Pamela est con\u00e7u pour offrir une r\u00e9sistance maximale et r\u00e9pondre aux normes les plus exigeantes pour un usage professionnel et priv\u00e9. Il est disponible en version avec ou sans jupe. Id\u00e9al pour les h\u00f4tels, les jardins et les espaces communs, ce parasol allie durabilit\u00e9, fonctionnalit\u00e9 et style, ce qui en fait le choix parfait pour les environnements ext\u00e9rieurs\u2026<\/p>\n","protected":false},"featured_media":11644,"template":"","meta":{"_acf_changed":false},"product_brand":[],"product_cat":[758,2254,2258],"product_tag":[],"class_list":{"0":"post-45248","1":"product","2":"type-product","3":"status-publish","4":"has-post-thumbnail","6":"product_cat-parasols","7":"product_cat-parasols-commerciaux-pour-plages","8":"product_cat-parasols-commerciaux-pour-restaurants","10":"first","11":"instock","12":"taxable","13":"shipping-taxable","14":"purchasable","15":"product-type-variable"},"bundled_by":[],"bundle_stock_status":"instock","bundle_stock_quantity":null,"bundle_virtual":false,"bundle_layout":"","bundle_add_to_cart_form_location":"","bundle_editable_in_cart":false,"bundle_sold_individually_context":"","bundle_item_grouping":"","bundle_min_size":"","bundle_max_size":"","bundle_price":[],"bundled_items":[],"bundle_sell_ids":[],"acf":[],"_links":{"self":[{"href":"https:\/\/www.balliuexport.com\/fr\/wp-json\/wp\/v2\/product\/45248","targetHints":{"allow":["GET"]}}],"collection":[{"href":"https:\/\/www.balliuexport.com\/fr\/wp-json\/wp\/v2\/product"}],"about":[{"href":"https:\/\/www.balliuexport.com\/fr\/wp-json\/wp\/v2\/types\/product"}],"wp:featuredmedia":[{"embeddable":true,"href":"https:\/\/www.balliuexport.com\/fr\/wp-json\/wp\/v2\/media\/11644"}],"wp:attachment":[{"href":"https:\/\/www.balliuexport.com\/fr\/wp-json\/wp\/v2\/media?parent=45248"}],"wp:term":[{"taxonomy":"product_brand","embeddable":true,"href":"https:\/\/www.balliuexport.com\/fr\/wp-json\/wp\/v2\/product_brand?post=45248"},{"taxonomy":"product_cat","embeddable":true,"href":"https:\/\/www.balliuexport.com\/fr\/wp-json\/wp\/v2\/product_cat?post=45248"},{"taxonomy":"product_tag","embeddable":true,"href":"https:\/\/www.balliuexport.com\/fr\/wp-json\/wp\/v2\/product_tag?post=45248"}],"curies":[{"name":"wp","href":"https:\/\/api.w.org\/{rel}","templated":true}]}}