{"id":55034,"date":"2025-03-20T09:34:55","date_gmt":"2025-03-20T08:34:55","guid":{"rendered":"https:\/\/www.balliuexport.com\/producto\/tabouret-etna-en-aluminium\/"},"modified":"2025-11-26T10:50:45","modified_gmt":"2025-11-26T09:50:45","slug":"tabouret-etna-en-aluminium","status":"publish","type":"product","link":"https:\/\/www.balliuexport.com\/fr\/produit\/tabouret-etna-en-aluminium\/","title":{"rendered":"Tabouret Etna"},"content":{"rendered":"<h2 data-start=\"0\" data-end=\"59\"><span style=\"color: #006eb7;\"><strong data-start=\"4\" data-end=\"57\">Tabouret Etna : conception l\u00e9g\u00e8re, r\u00e9sistance extr\u00eame<\/strong><\/span><\/h2>\n<p class=\"\" data-start=\"61\" data-end=\"311\"><span style=\"color: #7a7a7a;\">Le tabouret en aluminium Etna est synonyme de durabilit\u00e9 et de style pour tout espace ext\u00e9rieur. Sa structure en aluminium tremp\u00e9 et sa quincaillerie en acier inoxydable AISI 304 le rendent r\u00e9sistant \u00e0 la corrosion, m\u00eame dans les zones c\u00f4ti\u00e8res. Pour plus de stabilit\u00e9 et de durabilit\u00e9, la chaise longue est \u00e9quip\u00e9e de bouchons et de goujons en r\u00e9sine de polypropyl\u00e8ne prot\u00e9g\u00e9s contre les UV, garantissant une r\u00e9sistance optimale. Son si\u00e8ge en <span style=\"color: #006eb7;\"><br \/>\n<strong data-start=\"327\" data-end=\"358\">tissu technique respirant<\/strong><br \/>\n<\/span> offre un confort maximal, en plus d&rsquo;\u00eatre antimicrobien, r\u00e9sistant aux UV et <span style=\"color: #006eb7;\"><br \/>\n<span style=\"color: #7a7a7a;\">ignifuge<\/span><br \/>\n<\/span>, garantissant fra\u00eecheur, hygi\u00e8ne et s\u00e9curit\u00e9 \u00e0 chaque utilisation. <\/span><\/p>\n<p class=\"\" data-start=\"526\" data-end=\"741\"><span style=\"color: #7a7a7a;\">Fini avec une <span style=\"color: #006eb7;\"><br \/>\n<strong data-start=\"544\" data-end=\"578\">peinture polyester QUALICOAT<\/strong><br \/>\n<\/span> et des d\u00e9tails en polypropyl\u00e8ne r\u00e9sistant aux UV, le tabouret Etna est la combinaison parfaite de <span style=\"color: #006eb7;\"><br \/>\n<strong data-start=\"692\" data-end=\"740\">l\u00e9g\u00e8ret\u00e9, de fonctionnalit\u00e9 et de design sophistiqu\u00e9<\/strong><br \/>\n<\/span>. Innovation, design et fonctionnalit\u00e9 dans un seul produit, con\u00e7u pour ceux qui recherchent une qualit\u00e9 sans compromis en mati\u00e8re de mobilier d&rsquo;ext\u00e9rieur. <\/span><\/p>\n","protected":false},"excerpt":{"rendered":"<p>Tabouret Etna : conception l\u00e9g\u00e8re, r\u00e9sistance extr\u00eame Le tabouret en aluminium Etna est synonyme de durabilit\u00e9 et de style pour tout espace ext\u00e9rieur. Sa structure en aluminium tremp\u00e9 et sa quincaillerie en acier inoxydable AISI 304 le rendent r\u00e9sistant \u00e0 la corrosion, m\u00eame dans les zones c\u00f4ti\u00e8res. Pour plus de stabilit\u00e9 et de durabilit\u00e9, la chaise longue est \u00e9quip\u00e9e de\u2026<\/p>\n","protected":false},"featured_media":55796,"template":"","meta":{"_acf_changed":false},"product_brand":[],"product_cat":[777,2272],"product_tag":[],"class_list":{"0":"post-55034","1":"product","2":"type-product","3":"status-publish","4":"has-post-thumbnail","6":"product_cat-chaises","7":"product_cat-meubles-exterieur-hotels","9":"first","10":"instock","11":"taxable","12":"shipping-taxable","13":"purchasable","14":"product-type-variable"},"bundled_by":[],"bundle_stock_status":"instock","bundle_stock_quantity":null,"bundle_virtual":false,"bundle_layout":"","bundle_add_to_cart_form_location":"","bundle_editable_in_cart":false,"bundle_sold_individually_context":"","bundle_item_grouping":"","bundle_min_size":"","bundle_max_size":"","bundle_price":[],"bundled_items":[],"bundle_sell_ids":[],"acf":[],"_links":{"self":[{"href":"https:\/\/www.balliuexport.com\/fr\/wp-json\/wp\/v2\/product\/55034","targetHints":{"allow":["GET"]}}],"collection":[{"href":"https:\/\/www.balliuexport.com\/fr\/wp-json\/wp\/v2\/product"}],"about":[{"href":"https:\/\/www.balliuexport.com\/fr\/wp-json\/wp\/v2\/types\/product"}],"wp:featuredmedia":[{"embeddable":true,"href":"https:\/\/www.balliuexport.com\/fr\/wp-json\/wp\/v2\/media\/55796"}],"wp:attachment":[{"href":"https:\/\/www.balliuexport.com\/fr\/wp-json\/wp\/v2\/media?parent=55034"}],"wp:term":[{"taxonomy":"product_brand","embeddable":true,"href":"https:\/\/www.balliuexport.com\/fr\/wp-json\/wp\/v2\/product_brand?post=55034"},{"taxonomy":"product_cat","embeddable":true,"href":"https:\/\/www.balliuexport.com\/fr\/wp-json\/wp\/v2\/product_cat?post=55034"},{"taxonomy":"product_tag","embeddable":true,"href":"https:\/\/www.balliuexport.com\/fr\/wp-json\/wp\/v2\/product_tag?post=55034"}],"curies":[{"name":"wp","href":"https:\/\/api.w.org\/{rel}","templated":true}]}}