{"id":55383,"date":"2025-03-27T12:19:15","date_gmt":"2025-03-27T11:19:15","guid":{"rendered":"https:\/\/www.balliuexport.com\/producto\/tissu-acrylique-parasol-ocean\/"},"modified":"2026-01-26T10:36:30","modified_gmt":"2026-01-26T09:36:30","slug":"tissu-acrylique-parasol-ocean","status":"publish","type":"product","link":"https:\/\/www.balliuexport.com\/fr\/produit\/tissu-acrylique-parasol-ocean\/","title":{"rendered":"Parasol Ocean en tissu acrylique"},"content":{"rendered":"<p><span style=\"color: #808080;\">Profitez du confort et de l&rsquo;ombre avec notre parasol exclusif Ocean pour les plages, les h\u00f4tels et les installations de loisirs et de sport<strong>. <\/strong><\/span><span style=\"color: #7a7a7a;\">Con\u00e7u pour la fonctionnalit\u00e9 et la durabilit\u00e9, ce parasol est dot\u00e9 d&rsquo;un<\/span> <strong style=\"color: #006eb7;\">m\u00e2t central fixe de 225 cm de haut.<\/strong><span style=\"color: #7a7a7a;\">, fabriqu\u00e9 en acier inoxydable durable qui assure stabilit\u00e9 et longue dur\u00e9e de vie. Leur <\/span> <strong style=\"color: #006eb7;\">8 tiges en fibre de verre de 9 mm d&rsquo;\u00e9paisseur <\/strong><span style=\"color: #7a7a7a;\">offrent flexibilit\u00e9 et r\u00e9sistance aux conditions m\u00e9t\u00e9orologiques d\u00e9favorables. Parfait pour tout espace ext\u00e9rieur, c&rsquo;est une option fiable et durable pour tout environnement.<\/span><\/p>\n<p><span style=\"color: #7a7a7a;\">Il est compatible uniquement avec notre<\/span> <a href=\"https:\/\/www.balliuexport.com\/fr\/produit\/base-en-beton-pour-parasol\/\"><span style=\"color: #006eb7;\"><strong>base<\/strong><\/span><\/a> <span style=\"color: #7a7a7a;\">(non incluse), assurant une installation ferme et s\u00e9curis\u00e9e.<\/span><span style=\"color: #808080;\"> Am\u00e9liorez votre exp\u00e9rience en plein air avec un parasol con\u00e7u pour allier style, fonctionnalit\u00e9 et qualit\u00e9.<\/span><\/p>\n","protected":false},"excerpt":{"rendered":"<p>Profitez du confort et de l&rsquo;ombre avec notre parasol exclusif Ocean pour les plages, les h\u00f4tels et les installations de loisirs et de sport. Con\u00e7u pour la fonctionnalit\u00e9 et la durabilit\u00e9, ce parasol est dot\u00e9 d&rsquo;un m\u00e2t central fixe de 225 cm de haut., fabriqu\u00e9 en acier inoxydable durable qui assure stabilit\u00e9 et longue dur\u00e9e de vie. Leur 8 tiges\u2026<\/p>\n","protected":false},"featured_media":55264,"template":"","meta":{"_acf_changed":false},"product_brand":[],"product_cat":[758,2254],"product_tag":[],"class_list":{"0":"post-55383","1":"product","2":"type-product","3":"status-publish","4":"has-post-thumbnail","6":"product_cat-parasols","7":"product_cat-parasols-commerciaux-pour-plages","8":"pa_diametro-200-fr","9":"pa_diametro-250-fr","11":"first","12":"instock","13":"taxable","14":"shipping-taxable","15":"purchasable","16":"product-type-variable"},"bundled_by":[],"bundle_stock_status":"instock","bundle_stock_quantity":null,"bundle_virtual":false,"bundle_layout":"","bundle_add_to_cart_form_location":"","bundle_editable_in_cart":false,"bundle_sold_individually_context":"","bundle_item_grouping":"","bundle_min_size":"","bundle_max_size":"","bundle_price":[],"bundled_items":[],"bundle_sell_ids":[],"acf":[],"_links":{"self":[{"href":"https:\/\/www.balliuexport.com\/fr\/wp-json\/wp\/v2\/product\/55383","targetHints":{"allow":["GET"]}}],"collection":[{"href":"https:\/\/www.balliuexport.com\/fr\/wp-json\/wp\/v2\/product"}],"about":[{"href":"https:\/\/www.balliuexport.com\/fr\/wp-json\/wp\/v2\/types\/product"}],"wp:featuredmedia":[{"embeddable":true,"href":"https:\/\/www.balliuexport.com\/fr\/wp-json\/wp\/v2\/media\/55264"}],"wp:attachment":[{"href":"https:\/\/www.balliuexport.com\/fr\/wp-json\/wp\/v2\/media?parent=55383"}],"wp:term":[{"taxonomy":"product_brand","embeddable":true,"href":"https:\/\/www.balliuexport.com\/fr\/wp-json\/wp\/v2\/product_brand?post=55383"},{"taxonomy":"product_cat","embeddable":true,"href":"https:\/\/www.balliuexport.com\/fr\/wp-json\/wp\/v2\/product_cat?post=55383"},{"taxonomy":"product_tag","embeddable":true,"href":"https:\/\/www.balliuexport.com\/fr\/wp-json\/wp\/v2\/product_tag?post=55383"}],"curies":[{"name":"wp","href":"https:\/\/api.w.org\/{rel}","templated":true}]}}