{"id":55809,"date":"2025-03-28T11:03:48","date_gmt":"2025-03-28T10:03:48","guid":{"rendered":"https:\/\/www.balliuexport.com\/producto\/chaise-bimba\/"},"modified":"2026-01-26T09:49:32","modified_gmt":"2026-01-26T08:49:32","slug":"chaise-bimba","status":"publish","type":"product","link":"https:\/\/www.balliuexport.com\/fr\/produit\/chaise-bimba\/","title":{"rendered":"Chaise Bimba"},"content":{"rendered":"<p><iframe style=\"width: 1000px; height: 440px; overflow: hidden; border-radius: 8px;\" src=\"https:\/\/viewer.ienhance.co\/v\/app\/e3075ffc-a729-4f22-9825-64eeeef3675d\" frameborder=\"0\" allowfullscreen=\"allowfullscreen\"><span data-mce-type=\"bookmark\" style=\"display: inline-block; width: 0px; overflow: hidden; line-height: 0;\" class=\"mce_SELRES_start\"><\/span> <\/iframe><\/p>\n<article class=\"w-full text-token-text-primary\" dir=\"auto\" data-testid=\"conversation-turn-4\" data-scroll-anchor=\"true\">\n<div class=\"text-base my-auto mx-auto py-5 px-6\">\n<div class=\"mx-auto flex flex-1 text-base gap-4 md:gap-5 lg:gap-6 md:max-w-3xl lg:max-w-[40rem] xl:max-w-[48rem] group\/turn-messages focus-visible:outline-none\" tabindex=\"-1\">\n<div class=\"group\/conversation-turn relative flex w-full min-w-0 flex-col agent-turn @xs\/thread:px-0 @sm\/thread:px-1.5 @md\/thread:px-4\">\n<div class=\"relative flex-col gap-1 md:gap-3\">\n<div class=\"flex max-w-full flex-col flex-grow\">\n<div class=\"min-h-8 text-message relative flex w-full flex-col items-end gap-2 whitespace-normal break-words text-start [.text-message+&amp;]:mt-5\" dir=\"auto\" data-message-author-role=\"assistant\" data-message-id=\"16078cf8-b6aa-4a71-beb9-9ba4576c97ac\" data-message-model-slug=\"gpt-4o\">\n<div class=\"flex w-full flex-col gap-1 empty:hidden first:pt-[3px]\">\n<div class=\"markdown prose w-full break-words dark:prose-invert light\">\n<h2 data-start=\"0\" data-end=\"51\"><span style=\"color: #006eb7;\"><strong data-start=\"0\" data-end=\"49\">Chaise Bimba \u2013 Classique, durable et fonctionnelle<\/strong><\/span><\/h2>\n<p class=\"\" data-start=\"53\" data-end=\"314\"><span style=\"color: #7a7a7a;\">La chaise Bimba combine un design classique avec une grande r\u00e9sistance et un grand confort, id\u00e9ale pour tout espace ext\u00e9rieur. Fabriqu\u00e9 en r\u00e9sine de polypropyl\u00e8ne renforc\u00e9e de fibre de verre, il r\u00e9siste \u00e0 l&rsquo;usage quotidien et aux intemp\u00e9ries sans perdre son aspect. Son ergonomie est soulign\u00e9e par les larges accoudoirs, qui offrent un plus grand confort. De plus, sa <span style=\"color: #006eb7;\"><strong>conception empilable<\/strong><\/span> permet d&rsquo;\u00e9conomiser de l&rsquo;espace et facilite le stockage. L\u00e9ger mais stable, il est facile \u00e0 d\u00e9placer sans compromettre sa fermet\u00e9. <span style=\"color: #006eb7;\"><strong>Polyvalent et \u00e9l\u00e9gant<\/strong><\/span>, le Bimba est parfait pour les terrasses, les jardins, les caf\u00e9s et les h\u00f4tels \u00e0 la recherche de meubles durables et fonctionnels. <\/span><\/p>\n<\/div>\n<\/div>\n<\/div>\n<\/div>\n<div class=\"flex justify-start\">\n<div class=\"-me-1 -ms-2.5 flex select-none items-center p-1 touch:-me-2 touch:-ms-3.5 -mt-1 duration-[1.5s] focus-within:transition-none hover:transition-none pointer-events-none [mask-image:linear-gradient(to_right,black_33%,transparent_66%)] [mask-position:100%_0%] [mask-size:300%_100%] motion-safe:transition-[mask-position] group-hover\/turn-messages:pointer-events-auto group-hover\/turn-messages:[mask-position:0_0] group-focus-within\/turn-messages:pointer-events-auto group-focus-within\/turn-messages:[mask-position:0_0] has-[[data-state=open]]:pointer-events-auto has-[[data-state=open]]:[mask-position:0_0]\"><\/div>\n<\/div>\n<div class=\"mt-3 w-full empty:hidden\">\n<div class=\"text-center\"><\/div>\n<\/div>\n<\/div>\n<div class=\"absolute\">\n<div class=\"flex items-center justify-center\"><\/div>\n<\/div>\n<\/div>\n<\/div>\n<\/div>\n<\/article>\n<div class=\"pointer-events-none h-px w-px\" aria-hidden=\"true\" data-edge=\"true\"><\/div>\n","protected":false},"excerpt":{"rendered":"<p>Chaise Bimba \u2013 Classique, durable et fonctionnelle La chaise Bimba combine un design classique avec une grande r\u00e9sistance et un grand confort, id\u00e9ale pour tout espace ext\u00e9rieur. Fabriqu\u00e9 en r\u00e9sine de polypropyl\u00e8ne renforc\u00e9e de fibre de verre, il r\u00e9siste \u00e0 l&rsquo;usage quotidien et aux intemp\u00e9ries sans perdre son aspect. Son ergonomie est soulign\u00e9e par les larges accoudoirs, qui offrent un\u2026<\/p>\n","protected":false},"featured_media":49861,"template":"","meta":{"_acf_changed":false},"product_brand":[],"product_cat":[777,2226,2824],"product_tag":[],"class_list":{"0":"post-55809","1":"product","2":"type-product","3":"status-publish","4":"has-post-thumbnail","6":"product_cat-chaises","7":"product_cat-chaises-dexterieur-pour-restaurants","8":"product_cat-chaises-en-resine","10":"first","11":"instock","12":"taxable","13":"shipping-taxable","14":"purchasable","15":"product-type-variable"},"bundled_by":[],"bundle_stock_status":"instock","bundle_stock_quantity":null,"bundle_virtual":false,"bundle_layout":"","bundle_add_to_cart_form_location":"","bundle_editable_in_cart":false,"bundle_sold_individually_context":"","bundle_item_grouping":"","bundle_min_size":"","bundle_max_size":"","bundle_price":[],"bundled_items":[],"bundle_sell_ids":[],"acf":[],"_links":{"self":[{"href":"https:\/\/www.balliuexport.com\/fr\/wp-json\/wp\/v2\/product\/55809","targetHints":{"allow":["GET"]}}],"collection":[{"href":"https:\/\/www.balliuexport.com\/fr\/wp-json\/wp\/v2\/product"}],"about":[{"href":"https:\/\/www.balliuexport.com\/fr\/wp-json\/wp\/v2\/types\/product"}],"wp:featuredmedia":[{"embeddable":true,"href":"https:\/\/www.balliuexport.com\/fr\/wp-json\/wp\/v2\/media\/49861"}],"wp:attachment":[{"href":"https:\/\/www.balliuexport.com\/fr\/wp-json\/wp\/v2\/media?parent=55809"}],"wp:term":[{"taxonomy":"product_brand","embeddable":true,"href":"https:\/\/www.balliuexport.com\/fr\/wp-json\/wp\/v2\/product_brand?post=55809"},{"taxonomy":"product_cat","embeddable":true,"href":"https:\/\/www.balliuexport.com\/fr\/wp-json\/wp\/v2\/product_cat?post=55809"},{"taxonomy":"product_tag","embeddable":true,"href":"https:\/\/www.balliuexport.com\/fr\/wp-json\/wp\/v2\/product_tag?post=55809"}],"curies":[{"name":"wp","href":"https:\/\/api.w.org\/{rel}","templated":true}]}}