{"id":56092,"date":"2025-03-31T11:12:04","date_gmt":"2025-03-31T09:12:04","guid":{"rendered":"https:\/\/www.balliuexport.com\/producto\/table-dappoint-en-resine-noa\/"},"modified":"2026-02-09T14:58:46","modified_gmt":"2026-02-09T13:58:46","slug":"table-dappoint-en-resine-noa","status":"publish","type":"product","link":"https:\/\/www.balliuexport.com\/fr\/produit\/table-dappoint-en-resine-noa\/","title":{"rendered":"Table d&rsquo;appoint Noa"},"content":{"rendered":"<p><iframe style=\"width: 1000px; height: 440px; overflow: hidden; border-radius: 8px;\" src=\"https:\/\/viewer.ienhance.co\/v\/app\/350bdb1f-be3a-4db6-b31d-fd5d71573dea\" frameborder=\"0\" allowfullscreen=\"allowfullscreen\"><span data-mce-type=\"bookmark\" style=\"display: inline-block; width: 0px; overflow: hidden; line-height: 0;\" class=\"mce_SELRES_start\"><\/span><span data-mce-type=\"bookmark\" style=\"display: inline-block; width: 0px; overflow: hidden; line-height: 0;\" class=\"mce_SELRES_start\"><\/span><span data-mce-type=\"bookmark\" style=\"display: inline-block; width: 0px; overflow: hidden; line-height: 0;\" class=\"mce_SELRES_start\"><\/span> <\/iframe><\/p>\n<h2 data-start=\"0\" data-end=\"64\"><span style=\"color: #006eb7;\"><strong data-start=\"0\" data-end=\"62\">Table d&rsquo;appoint Noa \u2013 \u00c9l\u00e9gance, durabilit\u00e9 et fonctionnalit\u00e9<\/strong><\/span><\/h2>\n<p class=\"\" data-start=\"66\" data-end=\"366\"><span style=\"color: #7a7a7a;\">La table d&rsquo;appoint Noa allie un design moderne \u00e0 des mat\u00e9riaux de haute qualit\u00e9 pour offrir une pi\u00e8ce <span style=\"color: #006eb7;\"><strong>durable et sophistiqu\u00e9e<\/strong><\/span>. Sa structure en aluminium tremp\u00e9, renforc\u00e9e par des ferrures en acier inoxydable, garantit une r\u00e9sistance exceptionnelle \u00e0 l&rsquo;usage quotidien et aux conditions ext\u00e9rieures. Le double renfort \u00e0 sa base assure non seulement la stabilit\u00e9, mais lui conf\u00e8re \u00e9galement un caract\u00e8re distinctif et \u00e9l\u00e9gant. Ses lignes minimalistes en font une pi\u00e8ce polyvalente, capable de s&rsquo;int\u00e9grer dans n&rsquo;importe quel environnement avec une touche d&rsquo;originalit\u00e9.   <\/span><\/p>\n<p class=\"\" data-start=\"619\" data-end=\"830\"><span style=\"color: #7a7a7a;\">De plus, sa <strong><span style=\"color: #006eb7;\">conception empilable<\/span><\/strong> le rend facile \u00e0 ranger sans sacrifier le style. Parfaite seule ou associ\u00e9e \u00e0 le <span style=\"color: #006eb7;\"><a style=\"color: #006eb7;\" href=\"https:\/\/www.balliuexport.com\/fr\/producto\/baindesoleilresin-noa\/\"><strong>bain de soleil Noa<\/strong><\/a><\/span>, cette table d&rsquo;appoint sublime n&rsquo;importe quel espace gr\u00e2ce \u00e0 sa fonctionnalit\u00e9 et son esth\u00e9tique raffin\u00e9e. <\/span><\/p>\n","protected":false},"excerpt":{"rendered":"<p>Table d&rsquo;appoint Noa \u2013 \u00c9l\u00e9gance, durabilit\u00e9 et fonctionnalit\u00e9 La table d&rsquo;appoint Noa allie un design moderne \u00e0 des mat\u00e9riaux de haute qualit\u00e9 pour offrir une pi\u00e8ce durable et sophistiqu\u00e9e. Sa structure en aluminium tremp\u00e9, renforc\u00e9e par des ferrures en acier inoxydable, garantit une r\u00e9sistance exceptionnelle \u00e0 l&rsquo;usage quotidien et aux conditions ext\u00e9rieures. Le double renfort \u00e0 sa base assure non\u2026<\/p>\n","protected":false},"featured_media":70562,"template":"","meta":{"_acf_changed":false},"product_brand":[],"product_cat":[766,3077],"product_tag":[],"class_list":{"0":"post-56092","1":"product","2":"type-product","3":"status-publish","4":"has-post-thumbnail","6":"product_cat-tables-pour-exterieur","7":"product_cat-tables-dappoint","8":"pa_diametro-42-fr","10":"first","11":"instock","12":"taxable","13":"shipping-taxable","14":"purchasable","15":"product-type-variable"},"bundled_by":["70216"],"bundle_stock_status":"instock","bundle_stock_quantity":null,"bundle_virtual":false,"bundle_layout":"","bundle_add_to_cart_form_location":"","bundle_editable_in_cart":false,"bundle_sold_individually_context":"","bundle_item_grouping":"","bundle_min_size":"","bundle_max_size":"","bundle_price":[],"bundled_items":[],"bundle_sell_ids":[],"acf":[],"_links":{"self":[{"href":"https:\/\/www.balliuexport.com\/fr\/wp-json\/wp\/v2\/product\/56092","targetHints":{"allow":["GET"]}}],"collection":[{"href":"https:\/\/www.balliuexport.com\/fr\/wp-json\/wp\/v2\/product"}],"about":[{"href":"https:\/\/www.balliuexport.com\/fr\/wp-json\/wp\/v2\/types\/product"}],"wp:featuredmedia":[{"embeddable":true,"href":"https:\/\/www.balliuexport.com\/fr\/wp-json\/wp\/v2\/media\/70562"}],"wp:attachment":[{"href":"https:\/\/www.balliuexport.com\/fr\/wp-json\/wp\/v2\/media?parent=56092"}],"wp:term":[{"taxonomy":"product_brand","embeddable":true,"href":"https:\/\/www.balliuexport.com\/fr\/wp-json\/wp\/v2\/product_brand?post=56092"},{"taxonomy":"product_cat","embeddable":true,"href":"https:\/\/www.balliuexport.com\/fr\/wp-json\/wp\/v2\/product_cat?post=56092"},{"taxonomy":"product_tag","embeddable":true,"href":"https:\/\/www.balliuexport.com\/fr\/wp-json\/wp\/v2\/product_tag?post=56092"}],"curies":[{"name":"wp","href":"https:\/\/api.w.org\/{rel}","templated":true}]}}